{"id":44791,"date":"2017-12-11T09:33:53","date_gmt":"2017-12-11T09:33:53","guid":{"rendered":"https:\/\/www.footballcoin.io\/?page_id=44791"},"modified":"2019-09-10T10:39:01","modified_gmt":"2019-09-10T10:39:01","slug":"game-rules","status":"publish","type":"page","link":"https:\/\/www.footballcoin.io\/ro\/game-rules\/","title":{"rendered":"Regulile jocului"},"content":{"rendered":"<p><strong>Aceasta este o descriere a regulilor FootballCoin, explicand mecanica de functionare a jocului. Regulile au fost create pentru a lua in calcul cele mai multe evenimente intalnite in cadrul unui meci de fotbal.<\/strong><\/p>\n<h4>Loturile de jucatori<\/h4>\n<p>Loturile vor fi alcatuite din formula de start compusa din cei 11 jucatori, 1 Antrenor Secund (Assistant Manager) si 4 jucatori de rezerva. Alte restrictii pot fi specificate in regulile competitiei.<br \/>\nPosturile din teren sunt limitate la urmatoarele: Portar (GK), Fundas (DF), Mijlocas (MF) si Atacant (FW). FootballCoin ia hotarerea in mod exclusiv asupra postului ocupat, iar fiecare jucator are dreptul sa ocupe un singur post dintre cele patru mentionate anterior.<\/p>\n<p>Loturile adversarului\/adversarilor vor fi vizibile imediat dupa inceperea primei partide din cadrul respectivei competitii. Fiecare competitie mentioneaza o data dupa care nu mai pot fi adaugate, schimbate sau anulate inscrieri in cadrul concursului.<\/p>\n<p>Rezultatele si castigatorii competitiei vor fi hotarate pe baza numarului total de puncte obtinut de catre fiecare participant. Totalul este compus din punctajul celor 11 jucatori din formula de start, 50% din punctele obtinute de catre fiecare dintre cei patru jucatori de rezerva in timpul competitiei, plus punctele obtinute de catre Antrenorul Secund (in concordanta cu rankul sau).<\/p>\n<p>Daca un meci din cadrul unei competitii este reprogramat in afara perioadei de desfasurare initial stabilite, jucatorii din acele meciuri nu vor acumula puncte.<\/p>\n<h4>Alte reguli privind punctarea<\/h4>\n<p>Parametrul \u201cMinutes played\u201d (Minute jucate) adauga 0.05 puncte pentru fiecare minut jucat.<br \/>\nParametrul \u201cClean Sheet\u201d (Meci terminat fara primirea unui gol) este adaugat numai atunci cand jucatorii unei echipe termina partida fara sa fi primit gol din partea echipei adverse.<\/p>\n<p>Acest parametru este adaugat doar in cazul in care jucatorul evolueaza pentru cel putin 45 de minute. Prin urmare bonusul pentru \u201cClean sheet\u201d este oferit in situatia in care echipa jucatorului termina partida fara sa primeasca gol, iar jucatorul evolueaza cel putin 45 de minute din acel meci.<\/p>\n<p>Parametrul \u201cGoals Conceded\u201d (Goluri primite) ia in calcul toate tipurile de gol primite de portar in cadrul meciului (goluri simple, gol marcat prin lovitura de cap, autogol). Fiecare gol primit determina un handicap de -3 puncte pentru portar. In plus, primirea unui gol ii va face pe Fundasi sa primeasca un handicap de -1 punct, iar pe Mijlocasi sa fie depunctati cu -0.5 puncte.<\/p>\n<h4>Timp regulamentar si prelungiri<\/h4>\n<p>Golurile, suturile si celelalte statistici din cadrul unei serii de lovituri de departajare (penalty) nu vor fi adaugate la calcularea scorului unui jucator. Doar statisticile din cadrul timpului regulamentar sau a prelungirilor (prelungirea celor 90 de minute regulamentare sau reprize de prelungiri pentru determinarea castigatorului) vor conta in calcularea scorului final al jucatorului.<\/p>\n<h4>Schimbarea postului din teren in timpul meciului<\/h4>\n<p>In cazul in care un fotbalist este schimbat pe o alta pozitie in timpul meciului, acesta va pastra pozitia (postul din teren) cu care este inregistrat in FootballCoin. Jucatorul va acumula puncte pe baza pozitiei notate pe cardul FootballCoin.<\/p>\n<p>Daca, spre exemplu, Dani Alves este notat drept Fundas, dar in timpul unui meci al lui Juventus el ocupa pozitia de Mijlocas, acesta va continua sa acumuleze puncte in FootballCoin drept Fundas. Utilizatorii care l-au ales pe Dani Alves in cadrul echipei lor vor continua sa il vada notat pe postul de Fundas (DF). Aceasta decizie este menita sa inlature confuzii in momentul in care un jucator ocupa multiple posturi in cadrul unui meci.<\/p>\n<h4>Anularea sau amanarea unui meci<\/h4>\n<p>In cazul in care un meci programat este anulat, prevenit sau amanat din oricare motiv, niciun punct nu va fi oferit (scor 0) catre jucatorii implicati in acel meci.<\/p>\n<p>\u00cen situa\u021bia \u00een care statisticile unuia sau mai multor meciuri sunt rectificate de c\u0103tre furnizorul de date, FootballCoin va introduce schimb\u0103rile \u00een 24 de ore de la finalizarea meciului. Dac\u0103 schimb\u0103rile sunt raportate dup\u0103 cele 24 de ore, rezultatele nu se mai pot schimba.<\/p>\n<p>Taxele de inscriere vor fi restituite numai in cazul in care meciul anulat\/prevenit\/amanat este singurul eveniment din cadrul camerei de joc.<\/p>\n<h4>Meciuri suspendate sau scurtate<\/h4>\n<p>Toate datele statistice generate la o alta data decat aceea in care jocul a fost incheiat nu vor fi luate in calcul. Aceasta este datorita faptului ca unele dintre competitiile organizate au durata de o singura zi.<br \/>\nDaca o partida este scurtata, insa statisticile sunt incluse in acea zi de catre Sportradar, acele statistici vor fi luate in considerare catre punctarea jocului.<\/p>\n<h4>Data limita pentru alegerea lotului<\/h4>\n<p>Inscrierile in cadrul unei competitii vor fi restrictionate cu 15 minute inainte de inceperea primei partide din cadrul acelei competitii. Puteti modifica lotul de jucatori de cate ori doriti pana la data limita. Odata ce au inceput partidele toti jucatorii alesi de catre echipele participante vor fi inregistrati si nu vor mai putea fi operate modificari.<\/p>\n<h4>Alegerea componentei in momentul incheierii perioadei de inregistrare<\/h4>\n<p>Daca un utilizator incepe alegerea componentei echipei sale inainte de incheierea inregistrarilor (data limita), fara ca si fi salvat alegerea la timp, un mesaj de eroare il va informa. Nicio taxa de inscriere nu va fi perceputa din partea acelui utilizator.<\/p>\n<h4>Intreruperi in cadrul alegerii componentei<\/h4>\n<p>Daca alegerea lotului este intrerupta de o eroare de sistem, iar sistemul redevine functional abia dupa termenul limita de inscriere, am delimitat intre doua scenarii in cadrul regulilor:<\/p>\n<p>Daca utilizatorul a reusit sa salveze intreaga componenta a echipei inainte de intrerupere, acea componenta va fi luata in considerare drept alegerea lui finala.<br \/>\nDaca utilizatorul nu a reusit sa salveze componenta completa a echipei inainte de intrerupere, se va considera ca inscrierea nu a fost completata si nu va fi perceputa nicio taxa.<\/p>\n<h4>In cazul unui scor de egalitate<\/h4>\n<p>In cazul unui scor egal (doi sau mai multi utilizatori au exact acelasi scor), un parametru suplimentar va fi luat in considerare pentru determinarea invingatorului: \u201cLine-up submission time\u201d (Ora la care a fost completata inscrierea). Utilizatorul care a completat si salvat primul componenta echipei va fi declat invingator. Aceasta regula este valabila si in cazul unei egalitati la 0 puncte sau a unui scor negativ.<\/p>\n","protected":false},"excerpt":{"rendered":"<p>Aceasta este o descriere a regulilor FootballCoin, explicand mecanica de functionare a jocului. Regulile au fost create pentru a lua in calcul cele mai multe evenimente intalnite in cadrul unui meci de fotbal. Loturile de jucatori Loturile vor fi alcatuite din formula de start compusa din cei 11 jucatori, 1 Antrenor Secund (Assistant Manager) si [&hellip;]<\/p>\n","protected":false},"author":15,"featured_media":0,"parent":0,"menu_order":0,"comment_status":"closed","ping_status":"closed","template":"","meta":{"footnotes":""},"class_list":["post-44791","page","type-page","status-publish","hentry"],"yoast_head":"<!-- This site is optimized with the Yoast SEO plugin v27.2 - https:\/\/yoast.com\/product\/yoast-seo-wordpress\/ -->\n<title>Regulile jocului - FootballCoin Romania<\/title>\n<meta name=\"description\" content=\"FootballCoin este un joc de tipul manager de fotbal,cu reguli clare. Evenimentele nu pot fi schimbate sau editate odata ce apar.\" \/>\n<meta name=\"robots\" content=\"index, follow, max-snippet:-1, max-image-preview:large, max-video-preview:-1\" \/>\n<link rel=\"canonical\" href=\"https:\/\/www.footballcoin.io\/ro\/game-rules\/\" \/>\n<meta property=\"og:locale\" content=\"ro_RO\" \/>\n<meta property=\"og:type\" content=\"article\" \/>\n<meta property=\"og:title\" content=\"Regulile jocului - FootballCoin Romania\" \/>\n<meta property=\"og:description\" content=\"FootballCoin este un joc de tipul manager de fotbal,cu reguli clare. Evenimentele nu pot fi schimbate sau editate odata ce apar.\" \/>\n<meta property=\"og:url\" content=\"https:\/\/www.footballcoin.io\/ro\/game-rules\/\" \/>\n<meta property=\"og:site_name\" content=\"FootballCoin Romania\" \/>\n<meta property=\"article:publisher\" content=\"https:\/\/www.facebook.com\/xfcfootballcoin\" \/>\n<meta property=\"article:modified_time\" content=\"2019-09-10T10:39:01+00:00\" \/>\n<meta property=\"og:image\" content=\"https:\/\/cdn.footballcoin.io\/wp-content\/uploads\/sites\/13\/2021\/06\/Banner_Share_Euro-2.png\" \/>\n\t<meta property=\"og:image:width\" content=\"1200\" \/>\n\t<meta property=\"og:image:height\" content=\"628\" \/>\n\t<meta property=\"og:image:type\" content=\"image\/png\" \/>\n<meta name=\"twitter:card\" content=\"summary_large_image\" \/>\n<meta name=\"twitter:label1\" content=\"Timp estimat pentru citire\" \/>\n\t<meta name=\"twitter:data1\" content=\"5 minutes\" \/>\n<script type=\"application\/ld+json\" class=\"yoast-schema-graph\">{\"@context\":\"https:\/\/schema.org\",\"@graph\":[{\"@type\":\"WebPage\",\"@id\":\"https:\/\/www.footballcoin.io\/ro\/game-rules\/\",\"url\":\"https:\/\/www.footballcoin.io\/ro\/game-rules\/\",\"name\":\"Regulile jocului - FootballCoin Romania\",\"isPartOf\":{\"@id\":\"https:\/\/www.footballcoin.io\/ro\/#website\"},\"datePublished\":\"2017-12-11T09:33:53+00:00\",\"dateModified\":\"2019-09-10T10:39:01+00:00\",\"description\":\"FootballCoin este un joc de tipul manager de fotbal,cu reguli clare. Evenimentele nu pot fi schimbate sau editate odata ce apar.\",\"breadcrumb\":{\"@id\":\"https:\/\/www.footballcoin.io\/ro\/game-rules\/#breadcrumb\"},\"inLanguage\":\"ro-RO\",\"potentialAction\":[{\"@type\":\"ReadAction\",\"target\":[\"https:\/\/www.footballcoin.io\/ro\/game-rules\/\"]}]},{\"@type\":\"BreadcrumbList\",\"@id\":\"https:\/\/www.footballcoin.io\/ro\/game-rules\/#breadcrumb\",\"itemListElement\":[{\"@type\":\"ListItem\",\"position\":1,\"name\":\"Home\",\"item\":\"https:\/\/www.footballcoin.io\/ro\/\"},{\"@type\":\"ListItem\",\"position\":2,\"name\":\"Regulile jocului\"}]},{\"@type\":\"WebSite\",\"@id\":\"https:\/\/www.footballcoin.io\/ro\/#website\",\"url\":\"https:\/\/www.footballcoin.io\/ro\/\",\"name\":\"FootballCoin Romania\",\"description\":\"Traieste intensitatea jocului - Joaca Gratuit!\",\"publisher\":{\"@id\":\"https:\/\/www.footballcoin.io\/ro\/#organization\"},\"potentialAction\":[{\"@type\":\"SearchAction\",\"target\":{\"@type\":\"EntryPoint\",\"urlTemplate\":\"https:\/\/www.footballcoin.io\/ro\/?s={search_term_string}\"},\"query-input\":{\"@type\":\"PropertyValueSpecification\",\"valueRequired\":true,\"valueName\":\"search_term_string\"}}],\"inLanguage\":\"ro-RO\"},{\"@type\":\"Organization\",\"@id\":\"https:\/\/www.footballcoin.io\/ro\/#organization\",\"name\":\"FootballCoin Romania\",\"url\":\"https:\/\/www.footballcoin.io\/ro\/\",\"logo\":{\"@type\":\"ImageObject\",\"inLanguage\":\"ro-RO\",\"@id\":\"https:\/\/www.footballcoin.io\/ro\/#\/schema\/logo\/image\/\",\"url\":\"https:\/\/cdn.footballcoin.io\/wp-content\/uploads\/sites\/13\/2022\/11\/xfc-horizontal-black.png\",\"contentUrl\":\"https:\/\/cdn.footballcoin.io\/wp-content\/uploads\/sites\/13\/2022\/11\/xfc-horizontal-black.png\",\"width\":200,\"height\":34,\"caption\":\"FootballCoin Romania\"},\"image\":{\"@id\":\"https:\/\/www.footballcoin.io\/ro\/#\/schema\/logo\/image\/\"},\"sameAs\":[\"https:\/\/www.facebook.com\/xfcfootballcoin\"]}]}<\/script>\n<!-- \/ Yoast SEO plugin. -->","yoast_head_json":{"title":"Regulile jocului - FootballCoin Romania","description":"FootballCoin este un joc de tipul manager de fotbal,cu reguli clare. Evenimentele nu pot fi schimbate sau editate odata ce apar.","robots":{"index":"index","follow":"follow","max-snippet":"max-snippet:-1","max-image-preview":"max-image-preview:large","max-video-preview":"max-video-preview:-1"},"canonical":"https:\/\/www.footballcoin.io\/ro\/game-rules\/","og_locale":"ro_RO","og_type":"article","og_title":"Regulile jocului - FootballCoin Romania","og_description":"FootballCoin este un joc de tipul manager de fotbal,cu reguli clare. Evenimentele nu pot fi schimbate sau editate odata ce apar.","og_url":"https:\/\/www.footballcoin.io\/ro\/game-rules\/","og_site_name":"FootballCoin Romania","article_publisher":"https:\/\/www.facebook.com\/xfcfootballcoin","article_modified_time":"2019-09-10T10:39:01+00:00","og_image":[{"width":1200,"height":628,"url":"https:\/\/cdn.footballcoin.io\/wp-content\/uploads\/sites\/13\/2021\/06\/Banner_Share_Euro-2.png","type":"image\/png"}],"twitter_card":"summary_large_image","twitter_misc":{"Timp estimat pentru citire":"5 minutes"},"schema":{"@context":"https:\/\/schema.org","@graph":[{"@type":"WebPage","@id":"https:\/\/www.footballcoin.io\/ro\/game-rules\/","url":"https:\/\/www.footballcoin.io\/ro\/game-rules\/","name":"Regulile jocului - FootballCoin Romania","isPartOf":{"@id":"https:\/\/www.footballcoin.io\/ro\/#website"},"datePublished":"2017-12-11T09:33:53+00:00","dateModified":"2019-09-10T10:39:01+00:00","description":"FootballCoin este un joc de tipul manager de fotbal,cu reguli clare. Evenimentele nu pot fi schimbate sau editate odata ce apar.","breadcrumb":{"@id":"https:\/\/www.footballcoin.io\/ro\/game-rules\/#breadcrumb"},"inLanguage":"ro-RO","potentialAction":[{"@type":"ReadAction","target":["https:\/\/www.footballcoin.io\/ro\/game-rules\/"]}]},{"@type":"BreadcrumbList","@id":"https:\/\/www.footballcoin.io\/ro\/game-rules\/#breadcrumb","itemListElement":[{"@type":"ListItem","position":1,"name":"Home","item":"https:\/\/www.footballcoin.io\/ro\/"},{"@type":"ListItem","position":2,"name":"Regulile jocului"}]},{"@type":"WebSite","@id":"https:\/\/www.footballcoin.io\/ro\/#website","url":"https:\/\/www.footballcoin.io\/ro\/","name":"FootballCoin Romania","description":"Traieste intensitatea jocului - Joaca Gratuit!","publisher":{"@id":"https:\/\/www.footballcoin.io\/ro\/#organization"},"potentialAction":[{"@type":"SearchAction","target":{"@type":"EntryPoint","urlTemplate":"https:\/\/www.footballcoin.io\/ro\/?s={search_term_string}"},"query-input":{"@type":"PropertyValueSpecification","valueRequired":true,"valueName":"search_term_string"}}],"inLanguage":"ro-RO"},{"@type":"Organization","@id":"https:\/\/www.footballcoin.io\/ro\/#organization","name":"FootballCoin Romania","url":"https:\/\/www.footballcoin.io\/ro\/","logo":{"@type":"ImageObject","inLanguage":"ro-RO","@id":"https:\/\/www.footballcoin.io\/ro\/#\/schema\/logo\/image\/","url":"https:\/\/cdn.footballcoin.io\/wp-content\/uploads\/sites\/13\/2022\/11\/xfc-horizontal-black.png","contentUrl":"https:\/\/cdn.footballcoin.io\/wp-content\/uploads\/sites\/13\/2022\/11\/xfc-horizontal-black.png","width":200,"height":34,"caption":"FootballCoin Romania"},"image":{"@id":"https:\/\/www.footballcoin.io\/ro\/#\/schema\/logo\/image\/"},"sameAs":["https:\/\/www.facebook.com\/xfcfootballcoin"]}]}},"_links":{"self":[{"href":"https:\/\/www.footballcoin.io\/ro\/wp-json\/wp\/v2\/pages\/44791","targetHints":{"allow":["GET"]}}],"collection":[{"href":"https:\/\/www.footballcoin.io\/ro\/wp-json\/wp\/v2\/pages"}],"about":[{"href":"https:\/\/www.footballcoin.io\/ro\/wp-json\/wp\/v2\/types\/page"}],"author":[{"embeddable":true,"href":"https:\/\/www.footballcoin.io\/ro\/wp-json\/wp\/v2\/users\/15"}],"replies":[{"embeddable":true,"href":"https:\/\/www.footballcoin.io\/ro\/wp-json\/wp\/v2\/comments?post=44791"}],"version-history":[{"count":3,"href":"https:\/\/www.footballcoin.io\/ro\/wp-json\/wp\/v2\/pages\/44791\/revisions"}],"predecessor-version":[{"id":77404,"href":"https:\/\/www.footballcoin.io\/ro\/wp-json\/wp\/v2\/pages\/44791\/revisions\/77404"}],"wp:attachment":[{"href":"https:\/\/www.footballcoin.io\/ro\/wp-json\/wp\/v2\/media?parent=44791"}],"curies":[{"name":"wp","href":"https:\/\/api.w.org\/{rel}","templated":true}]}}