{"id":75797,"date":"2017-12-13T13:04:35","date_gmt":"2017-12-13T13:04:35","guid":{"rendered":"https:\/\/www.footballcoin.io\/?page_id=75797"},"modified":"2019-09-16T13:00:00","modified_gmt":"2019-09-16T13:00:00","slug":"scoring-system","status":"publish","type":"page","link":"https:\/\/www.footballcoin.io\/pt\/scoring-system\/","title":{"rendered":"Sistema de pontua\u00e7\u00e3o"},"content":{"rendered":"<p><strong>O sistema de pontua\u00e7\u00e3o padr\u00e3o do FootballCoin compreende uma base de refer\u00eancia bem-respeitada de pares de estat\u00edstica \/ ponto-valor projetados para promover o equil\u00edbrio nas v\u00e1rias posi\u00e7\u00f5es dos jogadores.<\/strong><\/p>\n<h3>PONTUA\u00c7\u00c3O DOS JOGADORES<\/h3>\n<div class=\"tab\">\n  <button class=\"tablinks easy-link-new\" id=\"defaultOpen\">EASY<\/button><br \/>\n  <button class=\"tablinks pro-link-new\">PRO<\/button>\n<\/div>\n<div id=\"EASY\" class=\"tabcontent\">\n<table id=\"table_1\" class=\"responsive display nowrap data-t wpDataTable dataTable no-footer\" style=\"height: 750px\" role=\"grid\" width=\"345\" data-described-by=\"table_1_desc\" aria-describedby=\"table_1_info\">\n<tbody>\n<tr>\n<th>Player ( EASY )<\/th>\n<th>GK<\/th>\n<th>DEF<\/th>\n<th>MID<\/th>\n<th>ATT<\/th>\n<\/tr>\n<tr class=\"odd\" role=\"row\">\n<td class=\" column-statistics\">Substitu\u00eddo &#8211; Em<\/td>\n<td class=\" column-goalkeeper\">2.00<\/td>\n<td class=\" column-defender\">2.00<\/td>\n<td class=\" column-middlefield\">2.00<\/td>\n<td class=\" column-forward\">2.00<\/td>\n<\/tr>\n<tr class=\"even\" role=\"row\">\n<td class=\" column-statistics\">Substitu\u00eddo &#8211; Fora<\/td>\n<td class=\" column-goalkeeper\">-1.00<\/td>\n<td class=\" column-defender\">-1.00<\/td>\n<td class=\" column-middlefield\">-1.00<\/td>\n<td class=\" column-forward\">-1.00<\/td>\n<\/tr>\n<tr class=\"odd\" role=\"row\">\n<td class=\" column-statistics\">Golos marcados<\/td>\n<td class=\" column-goalkeeper\">15.00<\/td>\n<td class=\" column-defender\">12.00<\/td>\n<td class=\" column-middlefield\">10.00<\/td>\n<td class=\" column-forward\">8.00<\/td>\n<\/tr>\n<tr class=\"even\" role=\"row\">\n<td class=\" column-statistics\">Assist\u00eancias<\/td>\n<td class=\" column-goalkeeper\">8.00<\/td>\n<td class=\" column-defender\">6.00<\/td>\n<td class=\" column-middlefield\">4.00<\/td>\n<td class=\" column-forward\">5.00<\/td>\n<\/tr>\n<tr class=\"odd\" role=\"row\">\n<td class=\" column-statistics\">Golos contra<\/td>\n<td class=\" column-goalkeeper\">-7.00<\/td>\n<td class=\" column-defender\">-8.00<\/td>\n<td class=\" column-middlefield\">-9.00<\/td>\n<td class=\" column-forward\">-10.00<\/td>\n<\/tr>\n<tr class=\"even\" role=\"row\">\n<td class=\" column-statistics\">Cart\u00f5es Amarelos<\/td>\n<td class=\" column-goalkeeper\">-2.00<\/td>\n<td class=\" column-defender\">-2.00<\/td>\n<td class=\" column-middlefield\">-2.00<\/td>\n<td class=\" column-forward\">-2.00<\/td>\n<\/tr>\n<tr class=\"odd\" role=\"row\">\n<td class=\" column-statistics\">Cart\u00f5es Amarelos-Vermelhos<\/td>\n<td class=\" column-goalkeeper\">-3.00<\/td>\n<td class=\" column-defender\">-3.00<\/td>\n<td class=\" column-middlefield\">-3.00<\/td>\n<td class=\" column-forward\">-3.00<\/td>\n<\/tr>\n<tr class=\"even\" role=\"row\">\n<td class=\" column-statistics\">Cart\u00f5es Vermelhos<\/td>\n<td class=\" column-goalkeeper\">-6.00<\/td>\n<td class=\" column-defender\">-6.00<\/td>\n<td class=\" column-middlefield\">-6.00<\/td>\n<td class=\" column-forward\">-6.00<\/td>\n<\/tr>\n<tr class=\"odd\" role=\"row\">\n<td class=\" column-statistics\">Golos sofridos<\/td>\n<td class=\" column-goalkeeper\">-3.00<\/td>\n<td class=\" column-defender\">-1.00<\/td>\n<td class=\" column-middlefield\">-0.50<\/td>\n<td class=\" column-forward\">0.00<\/td>\n<\/tr>\n<tr class=\"even\" role=\"row\">\n<td class=\" column-statistics\">Remates Salva<\/td>\n<td class=\" column-goalkeeper\">3.00<\/td>\n<td class=\" column-defender\">0.00<\/td>\n<td class=\" column-middlefield\">0.00<\/td>\n<td class=\" column-forward\">0.00<\/td>\n<\/tr>\n<tr class=\"odd\" role=\"row\">\n<td class=\" column-statistics\">Foras de jogo<\/td>\n<td class=\" column-goalkeeper\">0.00<\/td>\n<td class=\" column-defender\">-2.00<\/td>\n<td class=\" column-middlefield\">-1.00<\/td>\n<td class=\" column-forward\">-0.50<\/td>\n<\/tr>\n<tr class=\"even\" role=\"row\">\n<td class=\" column-statistics\">Remates \u00e0 Baliza<\/td>\n<td class=\" column-goalkeeper\">8.00<\/td>\n<td class=\" column-defender\">4.00<\/td>\n<td class=\" column-middlefield\">3.00<\/td>\n<td class=\" column-forward\">2.00<\/td>\n<\/tr>\n<tr class=\"odd\" role=\"row\">\n<td class=\" column-statistics\">Remates Fora<\/td>\n<td class=\" column-goalkeeper\">4.00<\/td>\n<td class=\" column-defender\">2.00<\/td>\n<td class=\" column-middlefield\">1.00<\/td>\n<td class=\" column-forward\">0.50<\/td>\n<\/tr>\n<tr class=\"even\" role=\"row\">\n<td class=\" column-statistics\">Remates Bloqueados<\/td>\n<td class=\" column-goalkeeper\">0.00<\/td>\n<td class=\" column-defender\">2.00<\/td>\n<td class=\" column-middlefield\">1.50<\/td>\n<td class=\" column-forward\">1.00<\/td>\n<\/tr>\n<tr class=\"odd\" role=\"row\">\n<td class=\" column-statistics\">P\u00eanalti contra<\/td>\n<td class=\" column-goalkeeper\">1.00<\/td>\n<td class=\" column-defender\">0.00<\/td>\n<td class=\" column-middlefield\">0.00<\/td>\n<td class=\" column-forward\">0.00<\/td>\n<\/tr>\n<tr class=\"even\" role=\"row\">\n<td class=\" column-statistics\">P\u00eanalti salva<\/td>\n<td class=\" column-goalkeeper\">7.00<\/td>\n<td class=\" column-defender\">30.00<\/td>\n<td class=\" column-middlefield\">40.00<\/td>\n<td class=\" column-forward\">50.00<\/td>\n<\/tr>\n<tr class=\"odd\" role=\"row\">\n<td class=\" column-statistics\">Minutos Jogados<\/td>\n<td class=\" column-goalkeeper\">0.05<\/td>\n<td class=\" column-defender\">0.05<\/td>\n<td class=\" column-middlefield\">0.05<\/td>\n<td class=\" column-forward\">0.05<\/td>\n<\/tr>\n<tr class=\"even\" role=\"row\">\n<td class=\" column-statistics\">Golos De Cabe\u00e7a<\/td>\n<td class=\" column-goalkeeper\">1.00<\/td>\n<td class=\" column-defender\">1.00<\/td>\n<td class=\" column-middlefield\">1.00<\/td>\n<td class=\" column-forward\">1.00<\/td>\n<\/tr>\n<tr class=\"odd\" role=\"row\">\n<td class=\" column-statistics\">Golos De P\u00eanalti<\/td>\n<td class=\" column-goalkeeper\">-1.00<\/td>\n<td class=\" column-defender\">-1.00<\/td>\n<td class=\" column-middlefield\">-1.00<\/td>\n<td class=\" column-forward\">-1.00<\/td>\n<\/tr>\n<tr class=\"even\" role=\"row\">\n<td class=\" column-statistics\">Cantos<\/td>\n<td class=\" column-goalkeeper\">0.00<\/td>\n<td class=\" column-defender\">1.00<\/td>\n<td class=\" column-middlefield\">1.00<\/td>\n<td class=\" column-forward\">1.00<\/td>\n<\/tr>\n<tr class=\"odd\" role=\"row\">\n<td class=\" column-statistics\">Titular<\/td>\n<td class=\" column-goalkeeper\">5.00<\/td>\n<td class=\" column-defender\">5.00<\/td>\n<td class=\" column-middlefield\">5.00<\/td>\n<td class=\" column-forward\">5.00<\/td>\n<\/tr>\n<tr class=\"even\" role=\"row\">\n<td class=\" column-statistics\">Jogos Sem Sofrir Golos<\/td>\n<td class=\" column-goalkeeper\">7.00<\/td>\n<td class=\" column-defender\">3.00<\/td>\n<td class=\" column-middlefield\">1.00<\/td>\n<td class=\" column-forward\">0.00<\/td>\n<\/tr>\n<tr class=\"odd\" role=\"row\">\n<td class=\" column-statistics\">P\u00eanalti Cometido<\/td>\n<td class=\" column-goalkeeper\">-3.00<\/td>\n<td class=\" column-defender\">-3.00<\/td>\n<td class=\" column-middlefield\">-4.00<\/td>\n<td class=\" column-forward\">-5.00<\/td>\n<\/tr>\n<\/tbody>\n<\/table>\n<\/div>\n<div id=\"PRO\" class=\"tabcontent\">\n<table id=\"table_1\" class=\"responsive display nowrap data-t wpDataTable dataTable no-footer\" style=\"height: 981px\" role=\"grid\" width=\"345\" data-described-by=\"table_1_desc\" aria-describedby=\"table_1_info\">\n<tbody>\n<tr>\n<th>Player ( PRO )<\/th>\n<th>GK<\/th>\n<th>DEF<\/th>\n<th>MID<\/th>\n<th>ATT<\/th>\n<\/tr>\n<tr class=\"odd\" role=\"row\">\n<td class=\" column-statistics\">Substitu\u00eddo &#8211; Em<\/td>\n<td class=\" column-goalkeeper\">2.00<\/td>\n<td class=\" column-defender\">2.00<\/td>\n<td class=\" column-middlefield\">2.00<\/td>\n<td class=\" column-forward\">2.00<\/td>\n<\/tr>\n<tr class=\"even\" role=\"row\">\n<td class=\" column-statistics\">Substitu\u00eddo &#8211; Fora<\/td>\n<td class=\" column-goalkeeper\">-1.00<\/td>\n<td class=\" column-defender\">-1.00<\/td>\n<td class=\" column-middlefield\">-1.00<\/td>\n<td class=\" column-forward\">-1.00<\/td>\n<\/tr>\n<tr class=\"odd\" role=\"row\">\n<td class=\" column-statistics\">Golos Marcados<\/td>\n<td class=\" column-goalkeeper\">15.00<\/td>\n<td class=\" column-defender\">12.00<\/td>\n<td class=\" column-middlefield\">10.00<\/td>\n<td class=\" column-forward\">8.00<\/td>\n<\/tr>\n<tr class=\"even\" role=\"row\">\n<td class=\" column-statistics\">Assist\u00eancias<\/td>\n<td class=\" column-goalkeeper\">8.00<\/td>\n<td class=\" column-defender\">6.00<\/td>\n<td class=\" column-middlefield\">4.00<\/td>\n<td class=\" column-forward\">5.00<\/td>\n<\/tr>\n<tr class=\"odd\" role=\"row\">\n<td class=\" column-statistics\">Golos Contra<\/td>\n<td class=\" column-goalkeeper\">-7.00<\/td>\n<td class=\" column-defender\">-8.00<\/td>\n<td class=\" column-middlefield\">-9.00<\/td>\n<td class=\" column-forward\">-10.00<\/td>\n<\/tr>\n<tr class=\"even\" role=\"row\">\n<td class=\" column-statistics\">Cart\u00f5es Amarelos<\/td>\n<td class=\" column-goalkeeper\">-2.00<\/td>\n<td class=\" column-defender\">-2.00<\/td>\n<td class=\" column-middlefield\">-2.00<\/td>\n<td class=\" column-forward\">-2.00<\/td>\n<\/tr>\n<tr class=\"odd\" role=\"row\">\n<td class=\" column-statistics\">Cart\u00f5es Amarelos-Vermelhos<\/td>\n<td class=\" column-goalkeeper\">-3.00<\/td>\n<td class=\" column-defender\">-3.00<\/td>\n<td class=\" column-middlefield\">-3.00<\/td>\n<td class=\" column-forward\">-3.00<\/td>\n<\/tr>\n<tr class=\"even\" role=\"row\">\n<td class=\" column-statistics\">Cart\u00f5es Vermelhos<\/td>\n<td class=\" column-goalkeeper\">-6.00<\/td>\n<td class=\" column-defender\">-6.00<\/td>\n<td class=\" column-middlefield\">-6.00<\/td>\n<td class=\" column-forward\">-6.00<\/td>\n<\/tr>\n<tr class=\"odd\" role=\"row\">\n<td class=\" column-statistics\">Intercep\u00e7\u00f5es<\/td>\n<td class=\" column-goalkeeper\">0.00<\/td>\n<td class=\" column-defender\">2.00<\/td>\n<td class=\" column-middlefield\">2.00<\/td>\n<td class=\" column-forward\">1.00<\/td>\n<\/tr>\n<tr class=\"even\" role=\"row\">\n<td class=\" column-statistics\">Chances Criadas<\/td>\n<td class=\" column-goalkeeper\">5.00<\/td>\n<td class=\" column-defender\">3.00<\/td>\n<td class=\" column-middlefield\">2.00<\/td>\n<td class=\" column-forward\">1.00<\/td>\n<\/tr>\n<tr class=\"odd\" role=\"row\">\n<td class=\" column-statistics\">Cruzamentos Completos<\/td>\n<td class=\" column-goalkeeper\">0.00<\/td>\n<td class=\" column-defender\">2.00<\/td>\n<td class=\" column-middlefield\">1.00<\/td>\n<td class=\" column-forward\">2.00<\/td>\n<\/tr>\n<tr class=\"even\" role=\"row\">\n<td class=\" column-statistics\">Golos Sofridos<\/td>\n<td class=\" column-goalkeeper\">-3.00<\/td>\n<td class=\" column-defender\">-1.00<\/td>\n<td class=\" column-middlefield\">-0.50<\/td>\n<td class=\" column-forward\">0.00<\/td>\n<\/tr>\n<tr class=\"odd\" role=\"row\">\n<td class=\" column-statistics\">Remates Salva<\/td>\n<td class=\" column-goalkeeper\">3.00<\/td>\n<td class=\" column-defender\">0.00<\/td>\n<td class=\" column-middlefield\">0.00<\/td>\n<td class=\" column-forward\">0.00<\/td>\n<\/tr>\n<tr class=\"even\" role=\"row\">\n<td class=\" column-statistics\">Falta Cometida<\/td>\n<td class=\" column-goalkeeper\">-0.50<\/td>\n<td class=\" column-defender\">-0.50<\/td>\n<td class=\" column-middlefield\">-0.50<\/td>\n<td class=\" column-forward\">-0.50<\/td>\n<\/tr>\n<tr class=\"odd\" role=\"row\">\n<td class=\" column-statistics\">Falta Contra<\/td>\n<td class=\" column-goalkeeper\">0.50<\/td>\n<td class=\" column-defender\">0.50<\/td>\n<td class=\" column-middlefield\">0.50<\/td>\n<td class=\" column-forward\">0.50<\/td>\n<\/tr>\n<tr class=\"even\" role=\"row\">\n<td class=\" column-statistics\">Foras De Jogo<\/td>\n<td class=\" column-goalkeeper\">0.00<\/td>\n<td class=\" column-defender\">-2.00<\/td>\n<td class=\" column-middlefield\">-1.0<\/td>\n<td class=\" column-forward\">-0.50<\/td>\n<\/tr>\n<tr class=\"odd\" role=\"row\">\n<td class=\" column-statistics\">Remates \u00e0 Baliza<\/td>\n<td class=\" column-goalkeeper\">8.00<\/td>\n<td class=\" column-defender\">4.00<\/td>\n<td class=\" column-middlefield\">3.00<\/td>\n<td class=\" column-forward\">2.00<\/td>\n<\/tr>\n<tr class=\"even\" role=\"row\">\n<td class=\" column-statistics\">Remates Fora<\/td>\n<td class=\" column-goalkeeper\">4.00<\/td>\n<td class=\" column-defender\">2.00<\/td>\n<td class=\" column-middlefield\">1.00<\/td>\n<td class=\" column-forward\">0.50<\/td>\n<\/tr>\n<tr class=\"odd\" role=\"row\">\n<td class=\" column-statistics\">Remates Bloqueados<\/td>\n<td class=\" column-goalkeeper\">0.00<\/td>\n<td class=\" column-defender\">2.00<\/td>\n<td class=\" column-middlefield\">1.50<\/td>\n<td class=\" column-forward\">1.00<\/td>\n<\/tr>\n<tr class=\"even\" role=\"row\">\n<td class=\" column-statistics\">P\u00eanalti Contra<\/td>\n<td class=\" column-goalkeeper\">1.00<\/td>\n<td class=\" column-defender\">0.00<\/td>\n<td class=\" column-middlefield\">0.00<\/td>\n<td class=\" column-forward\">0.00<\/td>\n<\/tr>\n<tr class=\"odd\" role=\"row\">\n<td class=\" column-statistics\">P\u00eanalti Salva<\/td>\n<td class=\" column-goalkeeper\">7.00<\/td>\n<td class=\" column-defender\">30.00<\/td>\n<td class=\" column-middlefield\">40.00<\/td>\n<td class=\" column-forward\">50.00<\/td>\n<\/tr>\n<tr class=\"even\" role=\"row\">\n<td class=\" column-statistics\">Minutos Jogados<\/td>\n<td class=\" column-goalkeeper\">0.05<\/td>\n<td class=\" column-defender\">0.05<\/td>\n<td class=\" column-middlefield\">0.05<\/td>\n<td class=\" column-forward\">0.05<\/td>\n<\/tr>\n<tr class=\"odd\" role=\"row\">\n<td class=\" column-statistics\">Golo De Cabe\u00e7a<\/td>\n<td class=\" column-goalkeeper\">1.00<\/td>\n<td class=\" column-defender\">1.00<\/td>\n<td class=\" column-middlefield\">1.00<\/td>\n<td class=\" column-forward\">1.00<\/td>\n<\/tr>\n<tr class=\"even\" role=\"row\">\n<td class=\" column-statistics\">Golos De P\u00eanalti<\/td>\n<td class=\" column-goalkeeper\">-1.00<\/td>\n<td class=\" column-defender\">-1.00<\/td>\n<td class=\" column-middlefield\">-1.00<\/td>\n<td class=\" column-forward\">-1.00<\/td>\n<\/tr>\n<tr class=\"odd\" role=\"row\">\n<td class=\" column-statistics\">Blocos Defensivos<\/td>\n<td class=\" column-goalkeeper\">1.00<\/td>\n<td class=\" column-defender\">1.00<\/td>\n<td class=\" column-middlefield\">1.50<\/td>\n<td class=\" column-forward\">2.00<\/td>\n<\/tr>\n<tr class=\"even\" role=\"row\">\n<td class=\" column-statistics\">Desfile<\/td>\n<td class=\" column-goalkeeper\">2.00<\/td>\n<td class=\" column-defender\">0.00<\/td>\n<td class=\" column-middlefield\">0.00<\/td>\n<td class=\" column-forward\">0.00<\/td>\n<\/tr>\n<tr class=\"odd\" role=\"row\">\n<td class=\" column-statistics\">Perda De Posse<\/td>\n<td class=\" column-goalkeeper\">0.00<\/td>\n<td class=\" column-defender\">0.00<\/td>\n<td class=\" column-middlefield\">0.00<\/td>\n<td class=\" column-forward\">0.00<\/td>\n<\/tr>\n<tr class=\"even\" role=\"row\">\n<td class=\" column-statistics\">Dribles<\/td>\n<td class=\" column-goalkeeper\">3.00<\/td>\n<td class=\" column-defender\">2.00<\/td>\n<td class=\" column-middlefield\">1.50<\/td>\n<td class=\" column-forward\">1.50<\/td>\n<\/tr>\n<tr class=\"odd\" role=\"row\">\n<td class=\" column-statistics\">Cantos<\/td>\n<td class=\" column-goalkeeper\">0.00<\/td>\n<td class=\" column-defender\">1.00<\/td>\n<td class=\" column-middlefield\">1.00<\/td>\n<td class=\" column-forward\">1.00<\/td>\n<\/tr>\n<tr class=\"even\" role=\"row\">\n<td class=\" column-statistics\">Passes Completos<\/td>\n<td class=\" column-goalkeeper\">0.20<\/td>\n<td class=\" column-defender\">0.20<\/td>\n<td class=\" column-middlefield\">0.20<\/td>\n<td class=\" column-forward\">0.20<\/td>\n<\/tr>\n<tr class=\"odd\" role=\"row\">\n<td class=\" column-statistics\">Passes Errados<\/td>\n<td class=\" column-goalkeeper\">-0.10<\/td>\n<td class=\" column-defender\">-0.10<\/td>\n<td class=\" column-middlefield\">-0.10<\/td>\n<td class=\" column-forward\">-0.10<\/td>\n<\/tr>\n<tr class=\"even\" role=\"row\">\n<td class=\" column-statistics\">Longos Passes Completos<\/td>\n<td class=\" column-goalkeeper\">0.30<\/td>\n<td class=\" column-defender\">0.30<\/td>\n<td class=\" column-middlefield\">0.30<\/td>\n<td class=\" column-forward\">0.30<\/td>\n<\/tr>\n<tr class=\"odd\" role=\"row\">\n<td class=\" column-statistics\">Longos Passes Errados<\/td>\n<td class=\" column-goalkeeper\">-0.10<\/td>\n<td class=\" column-defender\">-0.10<\/td>\n<td class=\" column-middlefield\">-0.10<\/td>\n<td class=\" column-forward\">-0.10<\/td>\n<\/tr>\n<tr class=\"even\" role=\"row\">\n<td class=\" column-statistics\">Cortes<\/td>\n<td class=\" column-goalkeeper\">1.00<\/td>\n<td class=\" column-defender\">1.00<\/td>\n<td class=\" column-middlefield\">1.00<\/td>\n<td class=\" column-forward\">1.00<\/td>\n<\/tr>\n<tr class=\"odd\" role=\"row\">\n<td class=\" column-statistics\">Salva Da Linha De Golo<\/td>\n<td class=\" column-goalkeeper\">1.00<\/td>\n<td class=\" column-defender\">1.00<\/td>\n<td class=\" column-middlefield\">1.00<\/td>\n<td class=\" column-forward\">1.00<\/td>\n<\/tr>\n<tr class=\"even\" role=\"row\">\n<td class=\" column-statistics\">Titular<\/td>\n<td class=\" column-goalkeeper\">5.00<\/td>\n<td class=\" column-defender\">5.00<\/td>\n<td class=\" column-middlefield\">5.00<\/td>\n<td class=\" column-forward\">5.00<\/td>\n<\/tr>\n<tr class=\"odd\" role=\"row\">\n<td class=\" column-statistics\">Jogo Sem Sofrir Golo<\/td>\n<td class=\" column-goalkeeper\">7.00<\/td>\n<td class=\" column-defender\">3.00<\/td>\n<td class=\" column-middlefield\">1.00<\/td>\n<td class=\" column-forward\">0.00<\/td>\n<\/tr>\n<tr class=\"even\" role=\"row\">\n<td class=\" column-statistics\">P\u00eanalti Cometido<\/td>\n<td class=\" column-goalkeeper\">-3.00<\/td>\n<td class=\" column-defender\">-3.00<\/td>\n<td class=\" column-middlefield\">-4.00<\/td>\n<td class=\" column-forward\">-5.00<\/td>\n<\/tr>\n<\/tbody>\n<\/table>\n<\/div>\n<h3>PONTUA\u00c7\u00c3O DAS RESERVAS<\/h3>\n<p>Os jogadores de reserva contribuir\u00e3o com 50% de seu n\u00famero total de pontos para a pontua\u00e7\u00e3o geral da equipe.<\/p>\n<h3>PONTUA\u00c7\u00c3O DO T\u00c9CNICO ASSISTENTE<\/h3>\n<p>(5 estrelas &#8211; rank) : 15 pontos<\/p>\n<p>(4 estrelas &#8211; rank) : 10 pontos<\/p>\n<p>(3 estrelas &#8211; rank) : 6 pontos<\/p>\n<p>(2 estrelas &#8211; rank) : 3 pontos<\/p>\n<p>document.getElementById(&#8220;defaultOpen&#8221;).click();<br \/>\nfunction openTable(evt, tableName) {<br \/>\n  var i, tabcontent, tablinks;<br \/>\n  tabcontent = document.getElementsByClassName(&#8220;tabcontent&#8221;);<br \/>\n  for (i = 0; i &lt; tabcontent.length; i++) {<br \/>\n    tabcontent[i].style.display = &quot;none&quot;;<br \/>\n  }<br \/>\n  tablinks = document.getElementsByClassName(&quot;tablinks&quot;);<br \/>\n  for (i = 0; i &lt; tablinks.length; i++) {<br \/>\n    tablinks[i].className = tablinks[i].className.replace(&quot; active&quot;, &quot;&quot;);<br \/>\n  }<br \/>\n  document.getElementById(tableName).style.display = &quot;block&quot;;<br \/>\n  evt.currentTarget.className += &quot; active&quot;;<br \/>\n}<\/p>\n","protected":false},"excerpt":{"rendered":"<p>O sistema de pontua\u00e7\u00e3o padr\u00e3o do FootballCoin compreende uma base de refer\u00eancia bem-respeitada de pares de estat\u00edstica \/ ponto-valor projetados para promover o equil\u00edbrio nas v\u00e1rias posi\u00e7\u00f5es dos jogadores. PONTUA\u00c7\u00c3O DOS JOGADORES EASY PRO Player ( EASY ) GK DEF MID ATT Substitu\u00eddo &#8211; Em 2.00 2.00 2.00 2.00 Substitu\u00eddo &#8211; Fora -1.00 -1.00 -1.00 [&hellip;]<\/p>\n","protected":false},"author":19,"featured_media":0,"parent":0,"menu_order":0,"comment_status":"closed","ping_status":"closed","template":"","meta":{"footnotes":""},"class_list":["post-75797","page","type-page","status-publish","hentry"],"yoast_head":"<!-- This site is optimized with the Yoast SEO plugin v27.2 - https:\/\/yoast.com\/product\/yoast-seo-wordpress\/ -->\n<title>Sistema de pontua\u00e7\u00e3o - FootballCoin Portugal<\/title>\n<meta name=\"robots\" content=\"index, follow, max-snippet:-1, max-image-preview:large, max-video-preview:-1\" \/>\n<link rel=\"canonical\" href=\"https:\/\/www.footballcoin.io\/pt\/scoring-system\/\" \/>\n<meta property=\"og:locale\" content=\"pt_PT\" \/>\n<meta property=\"og:type\" content=\"article\" \/>\n<meta property=\"og:title\" content=\"Sistema de pontua\u00e7\u00e3o - FootballCoin Portugal\" \/>\n<meta property=\"og:description\" content=\"O sistema de pontua\u00e7\u00e3o padr\u00e3o do FootballCoin compreende uma base de refer\u00eancia bem-respeitada de pares de estat\u00edstica \/ ponto-valor projetados para promover o equil\u00edbrio nas v\u00e1rias posi\u00e7\u00f5es dos jogadores. PONTUA\u00c7\u00c3O DOS JOGADORES EASY PRO Player ( EASY ) GK DEF MID ATT Substitu\u00eddo &#8211; Em 2.00 2.00 2.00 2.00 Substitu\u00eddo &#8211; Fora -1.00 -1.00 -1.00 [&hellip;]\" \/>\n<meta property=\"og:url\" content=\"https:\/\/www.footballcoin.io\/pt\/scoring-system\/\" \/>\n<meta property=\"og:site_name\" content=\"FootballCoin Portugal\" \/>\n<meta property=\"article:modified_time\" content=\"2019-09-16T13:00:00+00:00\" \/>\n<meta property=\"og:image\" content=\"https:\/\/cdn.footballcoin.io\/wp-content\/uploads\/sites\/17\/2021\/06\/Banner_Share_Euro-2.png\" \/>\n\t<meta property=\"og:image:width\" content=\"1200\" \/>\n\t<meta property=\"og:image:height\" content=\"628\" \/>\n\t<meta property=\"og:image:type\" content=\"image\/png\" \/>\n<meta name=\"twitter:card\" content=\"summary_large_image\" \/>\n<meta name=\"twitter:label1\" content=\"Tempo estimado de leitura\" \/>\n\t<meta name=\"twitter:data1\" content=\"2 minutes\" \/>\n<script type=\"application\/ld+json\" class=\"yoast-schema-graph\">{\"@context\":\"https:\/\/schema.org\",\"@graph\":[{\"@type\":\"WebPage\",\"@id\":\"https:\/\/www.footballcoin.io\/pt\/scoring-system\/\",\"url\":\"https:\/\/www.footballcoin.io\/pt\/scoring-system\/\",\"name\":\"Sistema de pontua\u00e7\u00e3o - FootballCoin Portugal\",\"isPartOf\":{\"@id\":\"https:\/\/www.footballcoin.io\/pt\/#website\"},\"datePublished\":\"2017-12-13T13:04:35+00:00\",\"dateModified\":\"2019-09-16T13:00:00+00:00\",\"breadcrumb\":{\"@id\":\"https:\/\/www.footballcoin.io\/pt\/scoring-system\/#breadcrumb\"},\"inLanguage\":\"pt-PT\",\"potentialAction\":[{\"@type\":\"ReadAction\",\"target\":[\"https:\/\/www.footballcoin.io\/pt\/scoring-system\/\"]}]},{\"@type\":\"BreadcrumbList\",\"@id\":\"https:\/\/www.footballcoin.io\/pt\/scoring-system\/#breadcrumb\",\"itemListElement\":[{\"@type\":\"ListItem\",\"position\":1,\"name\":\"Home\",\"item\":\"https:\/\/www.footballcoin.io\/pt\/\"},{\"@type\":\"ListItem\",\"position\":2,\"name\":\"Sistema de pontua\u00e7\u00e3o\"}]},{\"@type\":\"WebSite\",\"@id\":\"https:\/\/www.footballcoin.io\/pt\/#website\",\"url\":\"https:\/\/www.footballcoin.io\/pt\/\",\"name\":\"FootballCoin Portugal\",\"description\":\"GR\u00c1TIS PARA JOGAR - GR\u00c1TIS PARA TE JUNTAR\",\"potentialAction\":[{\"@type\":\"SearchAction\",\"target\":{\"@type\":\"EntryPoint\",\"urlTemplate\":\"https:\/\/www.footballcoin.io\/pt\/?s={search_term_string}\"},\"query-input\":{\"@type\":\"PropertyValueSpecification\",\"valueRequired\":true,\"valueName\":\"search_term_string\"}}],\"inLanguage\":\"pt-PT\"}]}<\/script>\n<!-- \/ Yoast SEO plugin. -->","yoast_head_json":{"title":"Sistema de pontua\u00e7\u00e3o - FootballCoin Portugal","robots":{"index":"index","follow":"follow","max-snippet":"max-snippet:-1","max-image-preview":"max-image-preview:large","max-video-preview":"max-video-preview:-1"},"canonical":"https:\/\/www.footballcoin.io\/pt\/scoring-system\/","og_locale":"pt_PT","og_type":"article","og_title":"Sistema de pontua\u00e7\u00e3o - FootballCoin Portugal","og_description":"O sistema de pontua\u00e7\u00e3o padr\u00e3o do FootballCoin compreende uma base de refer\u00eancia bem-respeitada de pares de estat\u00edstica \/ ponto-valor projetados para promover o equil\u00edbrio nas v\u00e1rias posi\u00e7\u00f5es dos jogadores. PONTUA\u00c7\u00c3O DOS JOGADORES EASY PRO Player ( EASY ) GK DEF MID ATT Substitu\u00eddo &#8211; Em 2.00 2.00 2.00 2.00 Substitu\u00eddo &#8211; Fora -1.00 -1.00 -1.00 [&hellip;]","og_url":"https:\/\/www.footballcoin.io\/pt\/scoring-system\/","og_site_name":"FootballCoin Portugal","article_modified_time":"2019-09-16T13:00:00+00:00","og_image":[{"width":1200,"height":628,"url":"https:\/\/cdn.footballcoin.io\/wp-content\/uploads\/sites\/17\/2021\/06\/Banner_Share_Euro-2.png","type":"image\/png"}],"twitter_card":"summary_large_image","twitter_misc":{"Tempo estimado de leitura":"2 minutes"},"schema":{"@context":"https:\/\/schema.org","@graph":[{"@type":"WebPage","@id":"https:\/\/www.footballcoin.io\/pt\/scoring-system\/","url":"https:\/\/www.footballcoin.io\/pt\/scoring-system\/","name":"Sistema de pontua\u00e7\u00e3o - FootballCoin Portugal","isPartOf":{"@id":"https:\/\/www.footballcoin.io\/pt\/#website"},"datePublished":"2017-12-13T13:04:35+00:00","dateModified":"2019-09-16T13:00:00+00:00","breadcrumb":{"@id":"https:\/\/www.footballcoin.io\/pt\/scoring-system\/#breadcrumb"},"inLanguage":"pt-PT","potentialAction":[{"@type":"ReadAction","target":["https:\/\/www.footballcoin.io\/pt\/scoring-system\/"]}]},{"@type":"BreadcrumbList","@id":"https:\/\/www.footballcoin.io\/pt\/scoring-system\/#breadcrumb","itemListElement":[{"@type":"ListItem","position":1,"name":"Home","item":"https:\/\/www.footballcoin.io\/pt\/"},{"@type":"ListItem","position":2,"name":"Sistema de pontua\u00e7\u00e3o"}]},{"@type":"WebSite","@id":"https:\/\/www.footballcoin.io\/pt\/#website","url":"https:\/\/www.footballcoin.io\/pt\/","name":"FootballCoin Portugal","description":"GR\u00c1TIS PARA JOGAR - GR\u00c1TIS PARA TE JUNTAR","potentialAction":[{"@type":"SearchAction","target":{"@type":"EntryPoint","urlTemplate":"https:\/\/www.footballcoin.io\/pt\/?s={search_term_string}"},"query-input":{"@type":"PropertyValueSpecification","valueRequired":true,"valueName":"search_term_string"}}],"inLanguage":"pt-PT"}]}},"_links":{"self":[{"href":"https:\/\/www.footballcoin.io\/pt\/wp-json\/wp\/v2\/pages\/75797","targetHints":{"allow":["GET"]}}],"collection":[{"href":"https:\/\/www.footballcoin.io\/pt\/wp-json\/wp\/v2\/pages"}],"about":[{"href":"https:\/\/www.footballcoin.io\/pt\/wp-json\/wp\/v2\/types\/page"}],"author":[{"embeddable":true,"href":"https:\/\/www.footballcoin.io\/pt\/wp-json\/wp\/v2\/users\/19"}],"replies":[{"embeddable":true,"href":"https:\/\/www.footballcoin.io\/pt\/wp-json\/wp\/v2\/comments?post=75797"}],"version-history":[{"count":21,"href":"https:\/\/www.footballcoin.io\/pt\/wp-json\/wp\/v2\/pages\/75797\/revisions"}],"predecessor-version":[{"id":76726,"href":"https:\/\/www.footballcoin.io\/pt\/wp-json\/wp\/v2\/pages\/75797\/revisions\/76726"}],"wp:attachment":[{"href":"https:\/\/www.footballcoin.io\/pt\/wp-json\/wp\/v2\/media?parent=75797"}],"curies":[{"name":"wp","href":"https:\/\/api.w.org\/{rel}","templated":true}]}}