{"id":44915,"date":"2017-12-11T12:40:56","date_gmt":"2017-12-11T12:40:56","guid":{"rendered":"https:\/\/www.footballcoin.io\/?page_id=44915"},"modified":"2019-10-01T11:58:09","modified_gmt":"2019-10-01T11:58:09","slug":"cartoes-tecnico-assistente-distribuicao","status":"publish","type":"page","link":"https:\/\/www.footballcoin.io\/pt\/cartoes-tecnico-assistente-distribuicao\/","title":{"rendered":"Cart\u00f5es de t\u00e9cnico assistente distribui\u00e7\u00e3o"},"content":{"rendered":"<p><img loading=\"lazy\" decoding=\"async\" class=\"aligncenter size-full wp-image-44917\" src=\"https:\/\/cdn.footballcoin.io\/wp-content\/uploads\/2017\/12\/buffon-AM-1-205x300.png\" alt=\"\" width=\"205\" height=\"300\" \/><\/p>\n<p><strong>Na economia do FootballCoin os assistentes dos t\u00e9cnicos s\u00e3o escolhidos de um dos seguintes: <\/strong><\/p>\n<ul>\n<li>antigos jogadores de futebol que se aposentaram do futebol;<\/li>\n<li>jogadores que se mudaram para uma liga que n\u00e3o \u00e9 no jogo FootballCoin;<\/li>\n<li>jogadores de futebol que ainda est\u00e3o ativos, com mais de 35 anos e que tem um ranking de um m\u00ednimo de 3 ***;<\/li>\n<\/ul>\n<p>Existem dois principais tipos de cart\u00f5es do assistente de gerente, baseado nesses classifica\u00e7\u00f5es:<\/p>\n<h3>Os cart\u00f5es do t\u00e9cnico assistente gratuitas<\/h3>\n<p>Estes s\u00e3o cart\u00f5es gerados para jogadores de futebol com classifica\u00e7\u00e3o abaixo de: 1 * ou 2 **. Estes cart\u00f5es s\u00e3o gratuitos, em quantidade limitada e gerados como moedas digitais no BitCoin-blockchain tecnologia.<\/p>\n<p>Os cart\u00f5es gr\u00e1tuitas de T\u00e9cnico Assistente(jogadores) podem ser usados \u200b\u200bpor qualquer usu\u00e1rio numa quantidade ilimitada de equipes e competi\u00e7\u00f5es.<\/p>\n<p>No FootballCoin, aproximadamente 75% de todos os cart\u00f5es de jogadores apresentadas no base de dados do jogo s\u00e3o gratuitas.<\/p>\n<h3>Os cart\u00f5es de t\u00e9cnico assistente (jogadores) com um valor destacado<\/h3>\n<p>Os cart\u00f5es de assistente\u00a0t\u00e9cnico valorados s\u00e3o os cart\u00f5es gerados de jogadores de futebol com um maior classifica\u00e7\u00e3o no jogo:: 3 ***; 4 **** e 5 *****.<\/p>\n<p>Esses cart\u00f5es t\u00eam um valor de mercado expresso em XFCCOIN e podem ser comprados por qualquer usu\u00e1rio, em servi\u00e7os de exchange, num valor XFCCOIN determinado pela oferta e demanda.<\/p>\n<p>Os cart\u00f5es AT (jogadores) com o valor destacado s\u00e3o moedas digitais emitidos na teconlogia Bitcoin-blockchain numa quantidade limitada. Eles podem ser usados \u200b\u200bno jogo por qualquer usu\u00e1rio que os tenha comprado e possui eles em sua carteira digital.<br \/>\nPara come\u00e7ar, as posi\u00e7\u00f5es de T\u00e9cnico Assistente no jogo FootballCoin ser\u00e3o preenchidas por jogadores de futebol com idade superior a 35 anos. Os cart\u00f5es podem ser usados \u200b\u200bcom um duplo papel dentro da equipe:<\/p>\n<ul>\n<li>Aquele de jogador de futebol, jogando em sua posi\u00e7\u00e3o regular e registrado na liga em que ele est\u00e1 jogando na realidade;<\/li>\n<li>T\u00e9cnico Assistente em qualquer equipe\/liga\/competi\u00e7\u00e3o.<\/li>\n<\/ul>\n<p>[redbox]A POSI\u00c7\u00c3O DO TECNICO ASSISTENTE VER\u00c1 O JOGADOR MANTENER O SEU RANKING![\/redbox]<\/p>\n<p>A posi\u00e7\u00e3o Assistente existe no FootballCoin por uma s\u00e9rie de raz\u00f5es. Primeiro, isso ir\u00e1 adicionar um elemento adicional que pode ser usado pelos gerentes na cria\u00e7\u00e3o da estrat\u00e9gia de sua equipe, vendo como o gerente assistente pode trazer os pontos da equipe do banco.<\/p>\n<p>Mais importante ainda, a cria\u00e7\u00e3o do cargo de T\u00e9cnico Assistente ajudar\u00e1 os jogadores do FootballCoin obter o melhor de seu investimento inicial, uma vez que eles poder\u00e3o usar um jogador mesmo depois aposentadoria. Tamb\u00e9m ajudar\u00e1 a criar um equil\u00edbrio entre a compra de jovens e jogadores mais antigos.<\/p>\n","protected":false},"excerpt":{"rendered":"<p>Na economia do FootballCoin os assistentes dos t\u00e9cnicos s\u00e3o escolhidos de um dos seguintes: antigos jogadores de futebol que se aposentaram do futebol; jogadores que se mudaram para uma liga que n\u00e3o \u00e9 no jogo FootballCoin; jogadores de futebol que ainda est\u00e3o ativos, com mais de 35 anos e que tem um ranking de um [&hellip;]<\/p>\n","protected":false},"author":19,"featured_media":0,"parent":0,"menu_order":0,"comment_status":"closed","ping_status":"closed","template":"","meta":{"footnotes":""},"class_list":["post-44915","page","type-page","status-publish","hentry"],"yoast_head":"<!-- This site is optimized with the Yoast SEO plugin v27.2 - https:\/\/yoast.com\/product\/yoast-seo-wordpress\/ -->\n<title>Cart\u00f5es de t\u00e9cnico assistente distribui\u00e7\u00e3o - FootballCoin Portugal<\/title>\n<meta name=\"description\" content=\"Na economia do FootballCoin os assistentes dos t\u00e9cnicos s\u00e3o escolhidos de um dos seguintes. Os cart\u00f5es do t\u00e9cnico assistente gratuitas.\" \/>\n<meta name=\"robots\" content=\"index, follow, max-snippet:-1, max-image-preview:large, max-video-preview:-1\" \/>\n<link rel=\"canonical\" href=\"https:\/\/www.footballcoin.io\/pt\/cartoes-tecnico-assistente-distribuicao\/\" \/>\n<meta property=\"og:locale\" content=\"pt_PT\" \/>\n<meta property=\"og:type\" content=\"article\" \/>\n<meta property=\"og:title\" content=\"Cart\u00f5es de t\u00e9cnico assistente distribui\u00e7\u00e3o - FootballCoin Portugal\" \/>\n<meta property=\"og:description\" content=\"Na economia do FootballCoin os assistentes dos t\u00e9cnicos s\u00e3o escolhidos de um dos seguintes. Os cart\u00f5es do t\u00e9cnico assistente gratuitas.\" \/>\n<meta property=\"og:url\" content=\"https:\/\/www.footballcoin.io\/pt\/cartoes-tecnico-assistente-distribuicao\/\" \/>\n<meta property=\"og:site_name\" content=\"FootballCoin Portugal\" \/>\n<meta property=\"article:modified_time\" content=\"2019-10-01T11:58:09+00:00\" \/>\n<meta property=\"og:image\" content=\"https:\/\/cdn.footballcoin.io\/wp-content\/uploads\/2017\/12\/buffon-AM-1-205x300.png\" \/>\n<meta name=\"twitter:card\" content=\"summary_large_image\" \/>\n<meta name=\"twitter:label1\" content=\"Tempo estimado de leitura\" \/>\n\t<meta name=\"twitter:data1\" content=\"2 minutes\" \/>\n<script type=\"application\/ld+json\" class=\"yoast-schema-graph\">{\"@context\":\"https:\/\/schema.org\",\"@graph\":[{\"@type\":\"WebPage\",\"@id\":\"https:\/\/www.footballcoin.io\/pt\/cartoes-tecnico-assistente-distribuicao\/\",\"url\":\"https:\/\/www.footballcoin.io\/pt\/cartoes-tecnico-assistente-distribuicao\/\",\"name\":\"Cart\u00f5es de t\u00e9cnico assistente distribui\u00e7\u00e3o - FootballCoin Portugal\",\"isPartOf\":{\"@id\":\"https:\/\/www.footballcoin.io\/pt\/#website\"},\"primaryImageOfPage\":{\"@id\":\"https:\/\/www.footballcoin.io\/pt\/cartoes-tecnico-assistente-distribuicao\/#primaryimage\"},\"image\":{\"@id\":\"https:\/\/www.footballcoin.io\/pt\/cartoes-tecnico-assistente-distribuicao\/#primaryimage\"},\"thumbnailUrl\":\"https:\/\/cdn.footballcoin.io\/wp-content\/uploads\/2017\/12\/buffon-AM-1-205x300.png\",\"datePublished\":\"2017-12-11T12:40:56+00:00\",\"dateModified\":\"2019-10-01T11:58:09+00:00\",\"description\":\"Na economia do FootballCoin os assistentes dos t\u00e9cnicos s\u00e3o escolhidos de um dos seguintes. Os cart\u00f5es do t\u00e9cnico assistente gratuitas.\",\"breadcrumb\":{\"@id\":\"https:\/\/www.footballcoin.io\/pt\/cartoes-tecnico-assistente-distribuicao\/#breadcrumb\"},\"inLanguage\":\"pt-PT\",\"potentialAction\":[{\"@type\":\"ReadAction\",\"target\":[\"https:\/\/www.footballcoin.io\/pt\/cartoes-tecnico-assistente-distribuicao\/\"]}]},{\"@type\":\"ImageObject\",\"inLanguage\":\"pt-PT\",\"@id\":\"https:\/\/www.footballcoin.io\/pt\/cartoes-tecnico-assistente-distribuicao\/#primaryimage\",\"url\":\"https:\/\/cdn.footballcoin.io\/wp-content\/uploads\/2017\/12\/buffon-AM-1-205x300.png\",\"contentUrl\":\"https:\/\/cdn.footballcoin.io\/wp-content\/uploads\/2017\/12\/buffon-AM-1-205x300.png\"},{\"@type\":\"BreadcrumbList\",\"@id\":\"https:\/\/www.footballcoin.io\/pt\/cartoes-tecnico-assistente-distribuicao\/#breadcrumb\",\"itemListElement\":[{\"@type\":\"ListItem\",\"position\":1,\"name\":\"Home\",\"item\":\"https:\/\/www.footballcoin.io\/pt\/\"},{\"@type\":\"ListItem\",\"position\":2,\"name\":\"Cart\u00f5es de t\u00e9cnico assistente distribui\u00e7\u00e3o\"}]},{\"@type\":\"WebSite\",\"@id\":\"https:\/\/www.footballcoin.io\/pt\/#website\",\"url\":\"https:\/\/www.footballcoin.io\/pt\/\",\"name\":\"FootballCoin Portugal\",\"description\":\"GR\u00c1TIS PARA JOGAR - GR\u00c1TIS PARA TE JUNTAR\",\"potentialAction\":[{\"@type\":\"SearchAction\",\"target\":{\"@type\":\"EntryPoint\",\"urlTemplate\":\"https:\/\/www.footballcoin.io\/pt\/?s={search_term_string}\"},\"query-input\":{\"@type\":\"PropertyValueSpecification\",\"valueRequired\":true,\"valueName\":\"search_term_string\"}}],\"inLanguage\":\"pt-PT\"}]}<\/script>\n<!-- \/ Yoast SEO plugin. -->","yoast_head_json":{"title":"Cart\u00f5es de t\u00e9cnico assistente distribui\u00e7\u00e3o - FootballCoin Portugal","description":"Na economia do FootballCoin os assistentes dos t\u00e9cnicos s\u00e3o escolhidos de um dos seguintes. Os cart\u00f5es do t\u00e9cnico assistente gratuitas.","robots":{"index":"index","follow":"follow","max-snippet":"max-snippet:-1","max-image-preview":"max-image-preview:large","max-video-preview":"max-video-preview:-1"},"canonical":"https:\/\/www.footballcoin.io\/pt\/cartoes-tecnico-assistente-distribuicao\/","og_locale":"pt_PT","og_type":"article","og_title":"Cart\u00f5es de t\u00e9cnico assistente distribui\u00e7\u00e3o - FootballCoin Portugal","og_description":"Na economia do FootballCoin os assistentes dos t\u00e9cnicos s\u00e3o escolhidos de um dos seguintes. Os cart\u00f5es do t\u00e9cnico assistente gratuitas.","og_url":"https:\/\/www.footballcoin.io\/pt\/cartoes-tecnico-assistente-distribuicao\/","og_site_name":"FootballCoin Portugal","article_modified_time":"2019-10-01T11:58:09+00:00","og_image":[{"url":"https:\/\/cdn.footballcoin.io\/wp-content\/uploads\/2017\/12\/buffon-AM-1-205x300.png","type":"","width":"","height":""}],"twitter_card":"summary_large_image","twitter_misc":{"Tempo estimado de leitura":"2 minutes"},"schema":{"@context":"https:\/\/schema.org","@graph":[{"@type":"WebPage","@id":"https:\/\/www.footballcoin.io\/pt\/cartoes-tecnico-assistente-distribuicao\/","url":"https:\/\/www.footballcoin.io\/pt\/cartoes-tecnico-assistente-distribuicao\/","name":"Cart\u00f5es de t\u00e9cnico assistente distribui\u00e7\u00e3o - FootballCoin Portugal","isPartOf":{"@id":"https:\/\/www.footballcoin.io\/pt\/#website"},"primaryImageOfPage":{"@id":"https:\/\/www.footballcoin.io\/pt\/cartoes-tecnico-assistente-distribuicao\/#primaryimage"},"image":{"@id":"https:\/\/www.footballcoin.io\/pt\/cartoes-tecnico-assistente-distribuicao\/#primaryimage"},"thumbnailUrl":"https:\/\/cdn.footballcoin.io\/wp-content\/uploads\/2017\/12\/buffon-AM-1-205x300.png","datePublished":"2017-12-11T12:40:56+00:00","dateModified":"2019-10-01T11:58:09+00:00","description":"Na economia do FootballCoin os assistentes dos t\u00e9cnicos s\u00e3o escolhidos de um dos seguintes. Os cart\u00f5es do t\u00e9cnico assistente gratuitas.","breadcrumb":{"@id":"https:\/\/www.footballcoin.io\/pt\/cartoes-tecnico-assistente-distribuicao\/#breadcrumb"},"inLanguage":"pt-PT","potentialAction":[{"@type":"ReadAction","target":["https:\/\/www.footballcoin.io\/pt\/cartoes-tecnico-assistente-distribuicao\/"]}]},{"@type":"ImageObject","inLanguage":"pt-PT","@id":"https:\/\/www.footballcoin.io\/pt\/cartoes-tecnico-assistente-distribuicao\/#primaryimage","url":"https:\/\/cdn.footballcoin.io\/wp-content\/uploads\/2017\/12\/buffon-AM-1-205x300.png","contentUrl":"https:\/\/cdn.footballcoin.io\/wp-content\/uploads\/2017\/12\/buffon-AM-1-205x300.png"},{"@type":"BreadcrumbList","@id":"https:\/\/www.footballcoin.io\/pt\/cartoes-tecnico-assistente-distribuicao\/#breadcrumb","itemListElement":[{"@type":"ListItem","position":1,"name":"Home","item":"https:\/\/www.footballcoin.io\/pt\/"},{"@type":"ListItem","position":2,"name":"Cart\u00f5es de t\u00e9cnico assistente distribui\u00e7\u00e3o"}]},{"@type":"WebSite","@id":"https:\/\/www.footballcoin.io\/pt\/#website","url":"https:\/\/www.footballcoin.io\/pt\/","name":"FootballCoin Portugal","description":"GR\u00c1TIS PARA JOGAR - GR\u00c1TIS PARA TE JUNTAR","potentialAction":[{"@type":"SearchAction","target":{"@type":"EntryPoint","urlTemplate":"https:\/\/www.footballcoin.io\/pt\/?s={search_term_string}"},"query-input":{"@type":"PropertyValueSpecification","valueRequired":true,"valueName":"search_term_string"}}],"inLanguage":"pt-PT"}]}},"_links":{"self":[{"href":"https:\/\/www.footballcoin.io\/pt\/wp-json\/wp\/v2\/pages\/44915","targetHints":{"allow":["GET"]}}],"collection":[{"href":"https:\/\/www.footballcoin.io\/pt\/wp-json\/wp\/v2\/pages"}],"about":[{"href":"https:\/\/www.footballcoin.io\/pt\/wp-json\/wp\/v2\/types\/page"}],"author":[{"embeddable":true,"href":"https:\/\/www.footballcoin.io\/pt\/wp-json\/wp\/v2\/users\/19"}],"replies":[{"embeddable":true,"href":"https:\/\/www.footballcoin.io\/pt\/wp-json\/wp\/v2\/comments?post=44915"}],"version-history":[{"count":3,"href":"https:\/\/www.footballcoin.io\/pt\/wp-json\/wp\/v2\/pages\/44915\/revisions"}],"predecessor-version":[{"id":76761,"href":"https:\/\/www.footballcoin.io\/pt\/wp-json\/wp\/v2\/pages\/44915\/revisions\/76761"}],"wp:attachment":[{"href":"https:\/\/www.footballcoin.io\/pt\/wp-json\/wp\/v2\/media?parent=44915"}],"curies":[{"name":"wp","href":"https:\/\/api.w.org\/{rel}","templated":true}]}}