{"id":44879,"date":"2017-12-11T11:55:47","date_gmt":"2017-12-11T11:55:47","guid":{"rendered":"https:\/\/www.footballcoin.io\/?page_id=44879"},"modified":"2017-12-18T17:26:07","modified_gmt":"2017-12-18T17:26:07","slug":"stadium-cards-distribution","status":"publish","type":"page","link":"https:\/\/www.footballcoin.io\/pt\/stadium-cards-distribution\/","title":{"rendered":"Cart\u00f5es de est\u00e1dio distribui\u00e7\u00e3o"},"content":{"rendered":"<p style=\"text-align: center\"><img loading=\"lazy\" decoding=\"async\" class=\"aligncenter size-full wp-image-44881\" src=\"https:\/\/cdn.footballcoin.io\/wp-content\/uploads\/2017\/12\/stadium__d549fd-205x300.png\" alt=\"\" width=\"205\" height=\"300\" \/><\/p>\n<p style=\"text-align: center\"><strong>Nos titulares de cart\u00f5es de est\u00e1dio no FootballCoin, os desempenham o papel de Gerentes de Competi\u00e7\u00e3o e podem organizar suas pr\u00f3prias competi\u00e7\u00f5es de acordo com a classifica\u00e7\u00e3o do est\u00e1dio que possuem.<\/strong><\/p>\n<p>Existem dois principais tipos de cart\u00f5es de est\u00e1dios, com base na sistema de classifica\u00e7\u00e3o do est\u00e1dios:<\/p>\n<h4>Cart\u00f5es de est\u00e1dio gratuitos<\/h4>\n<p>Estes s\u00e3o cart\u00f5es gerados para est\u00e1dios de classifica\u00e7\u00e3o mais baixa: 1 * e 2 **. Estes cart\u00f5es s\u00e3o gratuitos, em fornecimento ilimitado e n\u00e3o s\u00e3o gerados por moedas digitais na Bitcoin-blockhain tecnologia.<\/p>\n<p><strong>Os cart\u00f5es de est\u00e1dios gratuitos podem ser usados \u200b\u200bpor qualquer usu\u00e1rio para organizar uma quantidade ilimitada de competi\u00e7\u00f5es na seguinte maneira:<\/strong><\/p>\n<h3>Est\u00e1dio classificado 1*<\/h3>\n<p>Capacidade 20.000 assentos. Estes est\u00e1dios podem organizar concursos H2H(cabe\u00e7a a cabe\u00e7a) de 2 usu\u00e1rios registrados neste concurso;<\/p>\n<h3>Est\u00e1dio classificado 2**<\/h3>\n<p>Capacidade entre 20.000 e 30.000 assentos. Estes est\u00e1dios podem organizar o C2C (Cabe\u00e7a-a-Cabe\u00e7a), competi\u00e7\u00f5es ou torneios dobro.<\/p>\n<p>O n\u00famero m\u00e1ximo de usu\u00e1rios que podem se inscrever para essas competi\u00e7\u00f5es \u00e9 11. <\/p>\n<p>Os cart\u00f5es do est\u00e1dio podem ser usados \u200b\u200bpara organizar competi\u00e7\u00f5es na liga em que o est\u00e1dio \u00e9 apresentou ou que liga mais as outras ligas dispon\u00edveis no jogo.<\/p>\n<h4>Cart\u00f5es de est\u00e1dio com um valor destacado<\/h4>\n<p><strong>Estes s\u00e3o cart\u00f5es gerados para est\u00e1dios de classifica\u00e7\u00e3o mais alta: 3 ***, 4 **** e 5 *****.<\/strong><\/p>\n<p>Esses cart\u00f5es t\u00eam um valor de mercado expresso em XFC COIN e podem ser comprados por qualquer usu\u00e1rio, nos servi\u00e7os de exchange, com um valor XFC determinado pela oferta e demanda.<\/p>\n<p>Os cart\u00f5es do est\u00e1dio com um valor destacado s\u00e3o moedas digitais emitidas na tecnologia Bitcoin-blockchain. Est\u00e3o dispon\u00edveis num fornecimento limitado. S\u00f3 podem ser usados \u200b\u200bno jogo pelos usu\u00e1rios que tenham os comprou e os possui em sua carteira digital.<\/p>\n<p>A regra para usar os cart\u00f5es dos est\u00e1dios \u00e9 um est\u00e1dio\/uma competi\u00e7\u00e3o. Isso significa que se voc\u00ea deseja usar o mesmo est\u00e1dio (por exemplo, Santiago Bernabeu) em mais competi\u00e7\u00f5es ao mesmo tempo, voc\u00ea ter\u00e1 que comprar mais cart\u00f5es desse est\u00e1dio. O n\u00famero de competi\u00e7\u00f5es que voc\u00ea pode organizar simultaneamente, depender\u00e1 do n\u00famero de cart\u00f5es de est\u00e1dio que voc\u00ea possui.<\/p>\n<p>[redbox]A CLASSIFICA\u00c7\u00c3O DE EST\u00c1DIO \u00c9 DETERMINADO COM BASE NA CAPACIDADE REAL DE ASSENTO DOS EST\u00c1DIOS.[\/redbox]<\/p>\n<p>Os propriet\u00e1rios de cart\u00f5es de est\u00e1dio com um valor destacado podem organizar concursos C2C (Cabe\u00e7a-a-Cabe\u00e7a) competi\u00e7\u00f5es ou Torneios Double-Up, como desejarem. O n\u00famero de usu\u00e1rios que podem se inscrever para essas competi\u00e7\u00f5es ser\u00e1 determinado pelo est\u00e1dio ranking na seguinte maneira:<\/p>\n<p><strong>Est\u00e1dio classificado 3***<\/strong><\/p>\n<ul>\n<li>Capacidade de 30.001 &#8211; 45.000 assentos podem ter no m\u00e1ximo 55 usu\u00e1rios registrados na competi\u00e7\u00e3o;<\/li>\n<\/ul>\n<p><strong>Est\u00e1dio classificado 4****<\/strong><\/p>\n<ul>\n<li>Capacidade de 40.001 &#8211; 60.000 assentos podem ter um m\u00e1ximo de 110 usu\u00e1rios registrados na competi\u00e7\u00e3o;<\/li>\n<\/ul>\n<p><strong>Est\u00e1dio classificado 5*****<\/strong><\/p>\n<ul>\n<li>Capacidade &gt;60.001 assentos podem ter um n\u00famero ilimitado de usu\u00e1rios registrados na competi\u00e7\u00e3o.<\/li>\n<\/ul>\n<p><strong>Os ganhos dos Gerentes de Competi\u00e7\u00e3o baseiam-se no ranking do est\u00e1dio da seguinte maneira:<\/strong><\/p>\n<p>[one_third]<br \/>\nEst\u00e1dio classificado<\/p>\n<h3>5*****<\/h3>\n<p>gera ganhos de 5% do valor total das taxas de inscri\u00e7\u00e3o pagas pelos usu\u00e1rios ap\u00f3s a ades\u00e3o a competi\u00e7\u00e3o;<br \/>\n[\/one_third]<br \/>\n[one_third]<br \/>\nEst\u00e1dio classificado<\/p>\n<h3>4****<\/h3>\n<p>gera ganhos de 4% do valor total das taxas de inscri\u00e7\u00e3o pagas pelos usu\u00e1rios ap\u00f3s a uni\u00e3o a competi\u00e7\u00e3o;<br \/>\n[\/one_third]<br \/>\n[one_third_last]<br \/>\nEst\u00e1dio classificado<\/p>\n<h3>3***<\/h3>\n<p>gera ganhos de 3% do valor total das taxas de inscri\u00e7\u00e3o pagas pelos usu\u00e1rios ap\u00f3s a ades\u00e3o a competi\u00e7\u00e3o;<br \/>\n[\/one_third_last]<\/p>\n<p><em>Por exemplo, se o gerente de competi\u00e7\u00e3o possui um est\u00e1dio classificado com 5 estrelas, organiza uma concorr\u00eancia onde a taxa de inscri\u00e7\u00e3o \u00e9 de 100 XFC COIN e 1.000 usu\u00e1rios se inscrevem para a competi\u00e7\u00e3o, o valor acumulado dos ganhos das taxas de registro ser\u00e1 de 100 x 1.000 = 100.000 XFCCOIN. Fora disso, 5% = 5.000 XFC COIN ser\u00e3o atribu\u00eddos ao gerente de competi\u00e7\u00e3o.<\/em><\/p>\n<p><strong>O n\u00famero total de cart\u00f5es (tokens) emitidos para cada um dos est\u00e1dios de futebol \u00e9 determinado na Economia de FootballCoin da seguinte maneira:<\/strong><\/p>\n<p>[one_third]<br \/>\nEst\u00e1dio classificado 3***<\/p>\n<h3>500<\/h3>\n<p>cart\u00f5es emitidos no total;<br \/>\n[\/one_third]<br \/>\n[one_third]<br \/>\nEst\u00e1dio classificado 4****<\/p>\n<h3>300<\/h3>\n<p>cart\u00f5es emitidos no total;<br \/>\n[\/one_third]<br \/>\n[one_third_last]<br \/>\nEst\u00e1dio classificado 5*****<\/p>\n<h3>150<\/h3>\n<p>cart\u00f5es emitidos no total;<br \/>\n[\/one_third_last]<\/p>\n<p><strong>A distribui\u00e7\u00e3o dos cart\u00f5es do est\u00e1dio ser\u00e1 feita das seguintes formas (do n\u00famero total de cart\u00f5es emitidos para cada est\u00e1dio):<\/strong><\/p>\n<p>[one_third]<\/p>\n<h3>20<\/h3>\n<p>reservado para investidores iniciais;<br \/>\n[\/one_third]<br \/>\n[one_third]<\/p>\n<h3>5%<\/h3>\n<p>reservado para parceiros;<br \/>\n[\/one_third]<br \/>\n[one_third_last]<\/p>\n<h3>75%<\/h3>\n<p>colocar em venda progressivamente nos per\u00edodos de transfer\u00eancia regulares.<br \/>\n[\/one_third_last]<\/p>\n<p><strong>O n\u00famero total de cart\u00f5es de est\u00e1dios colocados \u00e0 venda em cada janela de transfer\u00eancia estar\u00e1 em estrita conformidade com o ranking do est\u00e1dio e com o n\u00famero total de usu\u00e1rios apresentados no jogo, da seguinte maneira:<\/strong><\/p>\n<p>[one_third]<\/p>\n<h5>3*** classifica\u00e7\u00e3o<\/h5>\n<p>\u2013 um m\u00e1ximo de 2,5% do n\u00famero total de usu\u00e1rios;<br \/>\n[\/one_third]<br \/>\n[one_third]<\/p>\n<h5>4**** classifica\u00e7\u00e3o<\/h5>\n<p>\u2013 um m\u00e1ximo de 1% do n\u00famero total de usu\u00e1rios;<br \/>\n[\/one_third]<br \/>\n[one_third_last]<\/p>\n<h5>5***** classifica\u00e7\u00e3o<\/h5>\n<p>\u2013 um m\u00e1ximo de 0,5% do n\u00famero total de usu\u00e1rios;<br \/>\n[\/one_third_last]<\/p>\n<p><em>Por exemplo, se para o est\u00e1dio classificado em 5*****, foram emitidos 150 cart\u00f5es emitidos, ser\u00e3o distribu\u00eddos progressivamente at\u00e9 que o n\u00famero de usu\u00e1rios do jogo tenha atingido 30.000. Quando o n\u00famero dos usu\u00e1rios do jogo superaram 30.000, ent\u00e3o o cart\u00e3o ficar\u00e1 mais raro do que a margem inicial de 0,5%.<\/em><\/p>\n<p>Os ganhos atrav\u00e9s da venda de cart\u00f5es estaduais ser\u00e3o utilizados da seguinte maneira:<\/p>\n<p>[one_third]<\/p>\n<h5>50%<\/h5>\n<p>usado no desenvolvimento do jogo;<br \/>\n[\/one_third]<br \/>\n[one_third]<\/p>\n<h5>25%<\/h5>\n<p>para promo\u00e7\u00e3o e marketing;<br \/>\n[\/one_third]<br \/>\n[one_third_last]<\/p>\n<h5>25%<\/h5>\n<p>para pr\u00eamios e b\u00f4nus garantidos pelo jogo.<br \/>\n[\/one_third_last]<\/p>\n","protected":false},"excerpt":{"rendered":"<p>Nos titulares de cart\u00f5es de est\u00e1dio no FootballCoin, os desempenham o papel de Gerentes de Competi\u00e7\u00e3o e podem organizar suas pr\u00f3prias competi\u00e7\u00f5es de acordo com a classifica\u00e7\u00e3o do est\u00e1dio que possuem. Existem dois principais tipos de cart\u00f5es de est\u00e1dios, com base na sistema de classifica\u00e7\u00e3o do est\u00e1dios: Cart\u00f5es de est\u00e1dio gratuitos Estes s\u00e3o cart\u00f5es gerados [&hellip;]<\/p>\n","protected":false},"author":19,"featured_media":0,"parent":0,"menu_order":0,"comment_status":"closed","ping_status":"closed","template":"","meta":{"footnotes":""},"class_list":["post-44879","page","type-page","status-publish","hentry"],"yoast_head":"<!-- This site is optimized with the Yoast SEO plugin v27.2 - https:\/\/yoast.com\/product\/yoast-seo-wordpress\/ -->\n<title>Cart\u00f5es de est\u00e1dio distribui\u00e7\u00e3o - FootballCoin Portugal<\/title>\n<meta name=\"robots\" content=\"index, follow, max-snippet:-1, max-image-preview:large, max-video-preview:-1\" \/>\n<link rel=\"canonical\" href=\"https:\/\/www.footballcoin.io\/pt\/stadium-cards-distribution\/\" \/>\n<meta property=\"og:locale\" content=\"pt_PT\" \/>\n<meta property=\"og:type\" content=\"article\" \/>\n<meta property=\"og:title\" content=\"Cart\u00f5es de est\u00e1dio distribui\u00e7\u00e3o - FootballCoin Portugal\" \/>\n<meta property=\"og:description\" content=\"Nos titulares de cart\u00f5es de est\u00e1dio no FootballCoin, os desempenham o papel de Gerentes de Competi\u00e7\u00e3o e podem organizar suas pr\u00f3prias competi\u00e7\u00f5es de acordo com a classifica\u00e7\u00e3o do est\u00e1dio que possuem. Existem dois principais tipos de cart\u00f5es de est\u00e1dios, com base na sistema de classifica\u00e7\u00e3o do est\u00e1dios: Cart\u00f5es de est\u00e1dio gratuitos Estes s\u00e3o cart\u00f5es gerados [&hellip;]\" \/>\n<meta property=\"og:url\" content=\"https:\/\/www.footballcoin.io\/pt\/stadium-cards-distribution\/\" \/>\n<meta property=\"og:site_name\" content=\"FootballCoin Portugal\" \/>\n<meta property=\"article:modified_time\" content=\"2017-12-18T17:26:07+00:00\" \/>\n<meta property=\"og:image\" content=\"https:\/\/cdn.footballcoin.io\/wp-content\/uploads\/2017\/12\/stadium__d549fd-205x300.png\" \/>\n<meta name=\"twitter:card\" content=\"summary_large_image\" \/>\n<meta name=\"twitter:label1\" content=\"Tempo estimado de leitura\" \/>\n\t<meta name=\"twitter:data1\" content=\"5 minutes\" \/>\n<script type=\"application\/ld+json\" class=\"yoast-schema-graph\">{\"@context\":\"https:\/\/schema.org\",\"@graph\":[{\"@type\":\"WebPage\",\"@id\":\"https:\/\/www.footballcoin.io\/pt\/stadium-cards-distribution\/\",\"url\":\"https:\/\/www.footballcoin.io\/pt\/stadium-cards-distribution\/\",\"name\":\"Cart\u00f5es de est\u00e1dio distribui\u00e7\u00e3o - FootballCoin Portugal\",\"isPartOf\":{\"@id\":\"https:\/\/www.footballcoin.io\/pt\/#website\"},\"primaryImageOfPage\":{\"@id\":\"https:\/\/www.footballcoin.io\/pt\/stadium-cards-distribution\/#primaryimage\"},\"image\":{\"@id\":\"https:\/\/www.footballcoin.io\/pt\/stadium-cards-distribution\/#primaryimage\"},\"thumbnailUrl\":\"https:\/\/cdn.footballcoin.io\/wp-content\/uploads\/2017\/12\/stadium__d549fd-205x300.png\",\"datePublished\":\"2017-12-11T11:55:47+00:00\",\"dateModified\":\"2017-12-18T17:26:07+00:00\",\"breadcrumb\":{\"@id\":\"https:\/\/www.footballcoin.io\/pt\/stadium-cards-distribution\/#breadcrumb\"},\"inLanguage\":\"pt-PT\",\"potentialAction\":[{\"@type\":\"ReadAction\",\"target\":[\"https:\/\/www.footballcoin.io\/pt\/stadium-cards-distribution\/\"]}]},{\"@type\":\"ImageObject\",\"inLanguage\":\"pt-PT\",\"@id\":\"https:\/\/www.footballcoin.io\/pt\/stadium-cards-distribution\/#primaryimage\",\"url\":\"https:\/\/cdn.footballcoin.io\/wp-content\/uploads\/2017\/12\/stadium__d549fd-205x300.png\",\"contentUrl\":\"https:\/\/cdn.footballcoin.io\/wp-content\/uploads\/2017\/12\/stadium__d549fd-205x300.png\"},{\"@type\":\"BreadcrumbList\",\"@id\":\"https:\/\/www.footballcoin.io\/pt\/stadium-cards-distribution\/#breadcrumb\",\"itemListElement\":[{\"@type\":\"ListItem\",\"position\":1,\"name\":\"Home\",\"item\":\"https:\/\/www.footballcoin.io\/pt\/\"},{\"@type\":\"ListItem\",\"position\":2,\"name\":\"Cart\u00f5es de est\u00e1dio distribui\u00e7\u00e3o\"}]},{\"@type\":\"WebSite\",\"@id\":\"https:\/\/www.footballcoin.io\/pt\/#website\",\"url\":\"https:\/\/www.footballcoin.io\/pt\/\",\"name\":\"FootballCoin Portugal\",\"description\":\"GR\u00c1TIS PARA JOGAR - GR\u00c1TIS PARA TE JUNTAR\",\"potentialAction\":[{\"@type\":\"SearchAction\",\"target\":{\"@type\":\"EntryPoint\",\"urlTemplate\":\"https:\/\/www.footballcoin.io\/pt\/?s={search_term_string}\"},\"query-input\":{\"@type\":\"PropertyValueSpecification\",\"valueRequired\":true,\"valueName\":\"search_term_string\"}}],\"inLanguage\":\"pt-PT\"}]}<\/script>\n<!-- \/ Yoast SEO plugin. -->","yoast_head_json":{"title":"Cart\u00f5es de est\u00e1dio distribui\u00e7\u00e3o - FootballCoin Portugal","robots":{"index":"index","follow":"follow","max-snippet":"max-snippet:-1","max-image-preview":"max-image-preview:large","max-video-preview":"max-video-preview:-1"},"canonical":"https:\/\/www.footballcoin.io\/pt\/stadium-cards-distribution\/","og_locale":"pt_PT","og_type":"article","og_title":"Cart\u00f5es de est\u00e1dio distribui\u00e7\u00e3o - FootballCoin Portugal","og_description":"Nos titulares de cart\u00f5es de est\u00e1dio no FootballCoin, os desempenham o papel de Gerentes de Competi\u00e7\u00e3o e podem organizar suas pr\u00f3prias competi\u00e7\u00f5es de acordo com a classifica\u00e7\u00e3o do est\u00e1dio que possuem. Existem dois principais tipos de cart\u00f5es de est\u00e1dios, com base na sistema de classifica\u00e7\u00e3o do est\u00e1dios: Cart\u00f5es de est\u00e1dio gratuitos Estes s\u00e3o cart\u00f5es gerados [&hellip;]","og_url":"https:\/\/www.footballcoin.io\/pt\/stadium-cards-distribution\/","og_site_name":"FootballCoin Portugal","article_modified_time":"2017-12-18T17:26:07+00:00","og_image":[{"url":"https:\/\/cdn.footballcoin.io\/wp-content\/uploads\/2017\/12\/stadium__d549fd-205x300.png","type":"","width":"","height":""}],"twitter_card":"summary_large_image","twitter_misc":{"Tempo estimado de leitura":"5 minutes"},"schema":{"@context":"https:\/\/schema.org","@graph":[{"@type":"WebPage","@id":"https:\/\/www.footballcoin.io\/pt\/stadium-cards-distribution\/","url":"https:\/\/www.footballcoin.io\/pt\/stadium-cards-distribution\/","name":"Cart\u00f5es de est\u00e1dio distribui\u00e7\u00e3o - FootballCoin Portugal","isPartOf":{"@id":"https:\/\/www.footballcoin.io\/pt\/#website"},"primaryImageOfPage":{"@id":"https:\/\/www.footballcoin.io\/pt\/stadium-cards-distribution\/#primaryimage"},"image":{"@id":"https:\/\/www.footballcoin.io\/pt\/stadium-cards-distribution\/#primaryimage"},"thumbnailUrl":"https:\/\/cdn.footballcoin.io\/wp-content\/uploads\/2017\/12\/stadium__d549fd-205x300.png","datePublished":"2017-12-11T11:55:47+00:00","dateModified":"2017-12-18T17:26:07+00:00","breadcrumb":{"@id":"https:\/\/www.footballcoin.io\/pt\/stadium-cards-distribution\/#breadcrumb"},"inLanguage":"pt-PT","potentialAction":[{"@type":"ReadAction","target":["https:\/\/www.footballcoin.io\/pt\/stadium-cards-distribution\/"]}]},{"@type":"ImageObject","inLanguage":"pt-PT","@id":"https:\/\/www.footballcoin.io\/pt\/stadium-cards-distribution\/#primaryimage","url":"https:\/\/cdn.footballcoin.io\/wp-content\/uploads\/2017\/12\/stadium__d549fd-205x300.png","contentUrl":"https:\/\/cdn.footballcoin.io\/wp-content\/uploads\/2017\/12\/stadium__d549fd-205x300.png"},{"@type":"BreadcrumbList","@id":"https:\/\/www.footballcoin.io\/pt\/stadium-cards-distribution\/#breadcrumb","itemListElement":[{"@type":"ListItem","position":1,"name":"Home","item":"https:\/\/www.footballcoin.io\/pt\/"},{"@type":"ListItem","position":2,"name":"Cart\u00f5es de est\u00e1dio distribui\u00e7\u00e3o"}]},{"@type":"WebSite","@id":"https:\/\/www.footballcoin.io\/pt\/#website","url":"https:\/\/www.footballcoin.io\/pt\/","name":"FootballCoin Portugal","description":"GR\u00c1TIS PARA JOGAR - GR\u00c1TIS PARA TE JUNTAR","potentialAction":[{"@type":"SearchAction","target":{"@type":"EntryPoint","urlTemplate":"https:\/\/www.footballcoin.io\/pt\/?s={search_term_string}"},"query-input":{"@type":"PropertyValueSpecification","valueRequired":true,"valueName":"search_term_string"}}],"inLanguage":"pt-PT"}]}},"_links":{"self":[{"href":"https:\/\/www.footballcoin.io\/pt\/wp-json\/wp\/v2\/pages\/44879","targetHints":{"allow":["GET"]}}],"collection":[{"href":"https:\/\/www.footballcoin.io\/pt\/wp-json\/wp\/v2\/pages"}],"about":[{"href":"https:\/\/www.footballcoin.io\/pt\/wp-json\/wp\/v2\/types\/page"}],"author":[{"embeddable":true,"href":"https:\/\/www.footballcoin.io\/pt\/wp-json\/wp\/v2\/users\/19"}],"replies":[{"embeddable":true,"href":"https:\/\/www.footballcoin.io\/pt\/wp-json\/wp\/v2\/comments?post=44879"}],"version-history":[{"count":2,"href":"https:\/\/www.footballcoin.io\/pt\/wp-json\/wp\/v2\/pages\/44879\/revisions"}],"predecessor-version":[{"id":75857,"href":"https:\/\/www.footballcoin.io\/pt\/wp-json\/wp\/v2\/pages\/44879\/revisions\/75857"}],"wp:attachment":[{"href":"https:\/\/www.footballcoin.io\/pt\/wp-json\/wp\/v2\/media?parent=44879"}],"curies":[{"name":"wp","href":"https:\/\/api.w.org\/{rel}","templated":true}]}}