{"id":44859,"date":"2017-12-11T11:35:47","date_gmt":"2017-12-11T11:35:47","guid":{"rendered":"https:\/\/www.footballcoin.io\/?page_id=44859"},"modified":"2021-04-20T12:12:44","modified_gmt":"2021-04-20T12:12:44","slug":"player-cards-distribution","status":"publish","type":"page","link":"https:\/\/www.footballcoin.io\/pt\/player-cards-distribution\/","title":{"rendered":"Cart\u00f5es de jogadores distribui\u00e7\u00e3o"},"content":{"rendered":"<p><img loading=\"lazy\" decoding=\"async\" class=\"aligncenter size-full wp-image-44861\" src=\"https:\/\/cdn.footballcoin.io\/wp-content\/uploads\/2017\/12\/messi_hwn2th-205x300.png\" alt=\"\" width=\"205\" height=\"300\" \/><\/p>\n<p style=\"text-align: center;\"><strong>Na Economia de FootballCoin, existem dois principais tipos de cart\u00f5es para jogadores, com base nas classifica\u00e7\u00f5es dos jogadores.<\/strong><\/p>\n<p><strong>Cart\u00f5es de jogadores de futebol gratuitos<\/strong><\/p>\n<p>Estes s\u00e3o cart\u00f5es gerados para jogadores de futebol com uma classifica\u00e7\u00e3o mais baixa:<strong>1*<\/strong> e <strong>2**<\/strong>.<br \/>\nEsses cart\u00f5es s\u00e3o gratuitos, ilimitados e n\u00e3o s\u00e3o gerados como tokens digitais na tecnologia Bitcoin-blockchain.<\/p>\n<p><strong>Os cart\u00f5es de jogadores gratuitos podem ser usados \u200b\u200bpor qualquer usu\u00e1rio, num n\u00famero ilimitado de equipes e competi\u00e7\u00f5es.<\/strong><\/p>\n<p><strong>No jogo FootballCoin, aproximadamente 75% de todas as cart\u00f5es do jogador s\u00e3o gratuitas.<\/strong><\/p>\n<h4><strong>Cart\u00f5es de jogadores de futebol com um valor destacado<\/strong><\/h4>\n<p>Estes s\u00e3o cart\u00f5es gerados para os jogadores mais bem classificados de <strong>3***<\/strong>, <strong>4****<\/strong> e <strong>5*****<\/strong>.<\/p>\n<p>Esses cart\u00f5es t\u00eam um valor expresso em XFC COIN e podem ser comprados por qualquer usu\u00e1rio, no mercado, no valor XFC determinado pela oferta e demanda.<\/p>\n<p>Os cart\u00f5es de jogadores com um valor destacado s\u00e3o tokens digitais emitidos em quantidade limitada no Bitcoin-blockchain. Esses cart\u00f5es s\u00f3 podem ser usados \u200b\u200bno jogo pelos usu\u00e1rios que os compraram e possu\u00ed-los em sua carteira digital.<\/p>\n<p>Esses usu\u00e1rios podem ter o seguinte nas fun\u00e7\u00f5es do jogo:<\/p>\n<h4><strong>Gerente Profissional<\/strong><\/h4>\n<p>(Quando as cart\u00f5es do jogador s\u00e3o usadas para criar a lista para a equipe usada no jogo);<\/p>\n<p><strong>Agente<\/strong><\/p>\n<p>(Quando as cart\u00f5es do jogador s\u00e3o mantidas na carteira digital e podem ser vendidas por um pre\u00e7o mais alto em o futuro);<\/p>\n<p><strong>Ambos os pap\u00e9is simultaneamente..<\/strong><\/p>\n<p>A regra para usar as cart\u00f5es do jogador \u00e9 uma competi\u00e7\u00e3o de um jogador \/ uma equipe. Isso significa que se voc\u00ea deseja usar o mesmo jogador (por exemplo, Cristiano Ronaldo) em mais equipes ou competi\u00e7\u00f5es simultaneamente, voc\u00ea precisar\u00e1 comprar mais cartas deste jogador. A quantidade de cartas que voc\u00ea pr\u00f3prio para um jogador representar\u00e1 a quantidade de equipes em que voc\u00ea poder\u00e1 dispor nesse jogador.<\/p>\n<p>[redbox]<br \/>\nNO JOGO FOOTBALLCOIN APENAS, APROXIMADAMENTE, 25% DO N\u00daMERO TOTAL DE CART\u00d5ES S\u00c3O CART\u00d5ES DE JOGADOR COM VALOR EM DESTAQUE.<\/p>\n<p>[\/redbox]<\/p>\n<ul>\n<li>Sobre rankings de jogadores de futebol<\/li>\n<li>O ranking do jogador na Economia de FootballCoin \u00e9 baseado em um algoritmo complexo que leva a conta o seguinte:<\/li>\n<li>O valor de mercado real do jogador (conforme listado pelo Transfermarkt);<\/li>\n<li>A notoriedade nacional e internacional do dito jogador;<\/li>\n<li>O n\u00famero de conquistas e trof\u00e9us acumulados em sua carreira;<\/li>\n<li>A idade do jogador.<\/li>\n<\/ul>\n<p>O ranking dos jogadores de futebol pode ser atualizado no tempo com base no aumento do valor de mercado, nas conquistas do futebol ou no aumento da notoriedade. Por exemplo, se voc\u00ea comprar um jogador com uma classifica\u00e7\u00e3o de 3 *** e esse jogador de futebol goza de uma per\u00edodo de \u00f3timas performances em campo, levando a um aumento no valor de mercado e notoriedade, seu ranking ser\u00e1 atualizado no per\u00edodo de transfer\u00eancia. Esse jogador pode at\u00e9 ser ent\u00e3o classificado como um jogador de 4 **** ou 5 *****. Desta forma, o valor do seu investimento pode tamb\u00e9m aumentam proporcionalmente ao aumento do valor do jogador.<\/p>\n<p><strong>O ranking de um futebolista nunca pode ser rebaixado no jogo!<\/strong><\/p>\n<p>Se um jogador atingiu um certo ranking no jogo, isso nunca ser\u00e1 rebaixado, independentemente de uma diminui\u00e7\u00e3o na forma de jogador ou valor de mercado. Ele sempre manter\u00e1 a maior ranking que ele realizou. Por exemplo, Cristiano Ronaldo no momento tem o mais alto no ranking de 5 *****. Mesmo que sua forma e seu valor de mercado fossem de repente diminui, ele sempre manter\u00e1 o ranking que ele ganhou.<\/p>\n<p>Os futebolistas que se aposentam do futebol profissional ou trocam ligas (na medida em que s\u00e3o transferidos para uma Liga n\u00e3o apresentada no jogo FootballCoin) se tornar\u00e1 Assistentes de Gerentes no jogo!<\/p>\n<p>Como Assistentes de Gerente, eles manter\u00e3o o ranking mais alto que ganharam como jogador.<\/p>\n<p>O valor inicial dos cart\u00f5es dos jogadores \u00e9 determinado na economia de FootballCoin com base num algoritmo que leva em considera\u00e7\u00e3o o seguinte:<\/p>\n<ul>\n<li>Classifica\u00e7\u00e3o do jogador de futebol;<\/li>\n<li>O valor de mercado do jogador de futebol(conforme listado pelo Transfermarkt);<\/li>\n<li>Notoriedade do jogador;<\/li>\n<li>Idade do jogador;<\/li>\n<li>O n\u00famero inicial de cart\u00f5es emitidos para o referido jogador de futebol.<\/li>\n<\/ul>\n<p>Tendo em conta o fato de que a distribui\u00e7\u00e3o de cart\u00f5es de jogador vai aumentar com o tempo, nos per\u00edodos de transfer\u00eancia regulares, cart\u00f5es de jogador juvenil ser\u00e3o emitidos em um n\u00famero maior do que aqueles para jogadores mais velhos.<\/p>\n<p>O n\u00famero total de cart\u00f5es(moedas) emitidos para cada jogador variar\u00e1 entre 250 a 1000 cart\u00f5es por um jogador de futebol.<\/p>\n<p><strong>A distribui\u00e7\u00e3o do n\u00famero total de cart\u00f5es emitidos para cada jogador de futebol ser\u00e1 dividido da seguinte maneira:<br \/>\n<\/strong><\/p>\n<h4>20%<\/h4>\n<p>reservado para os primeiros investidores;<\/p>\n<h4><strong>5%<\/strong><\/h4>\n<p>reservado para parceiros;<\/p>\n<h4><strong>5%<\/strong><\/h4>\n<p>reservado para pr\u00eamios no jogo e na comunidade;<\/p>\n<h4><strong>70%<\/strong><\/h4>\n<p>progressivamente colocados \u00e0 venda nos per\u00edodos de transfer\u00eancia.<\/p>\n<p><strong>O n\u00famero de cart\u00f5es de jogadores colocado \u00e0 venda em cada per\u00edodo de transfer\u00eancia ser\u00e1 determinado rigorosamente pelo ranking do jogador e pelo n\u00famero de usu\u00e1rios do jogo, no caminho seguinte:<br \/>\n<\/strong><\/p>\n<p>Classifica\u00e7\u00e3o de 5***** m\u00e1ximo<\/p>\n<h4>5%<\/h4>\n<p>Do n\u00famero total de usu\u00e1rios;<\/p>\n<p>Classifica\u00e7\u00e3o de 4****<\/p>\n<h4>10%<\/h4>\n<p>Do n\u00famero total de usu\u00e1rios;<\/p>\n<p>Classifica\u00e7\u00e3o de 3***<\/p>\n<h4>20%<\/h4>\n<p>Do n\u00famero total de usu\u00e1rios;<\/p>\n<p><small>Por exemplo, se para um jogador classificado em 5 *****, foram 2.500 cart\u00f5es emitidos, ser\u00e3o distribu\u00eddos progressivamente at\u00e9 que o n\u00famero de usu\u00e1rios do jogo chegue a 100.000. Quando o n\u00famero de usu\u00e1rios de jogos superaram 100.000 o cart\u00e3o ficar\u00e1 mais raro do que o valor inicial de 2,5%.<\/small><\/p>\n<p>Os valores obtidos atrav\u00e9s da venda de cart\u00f5es de jogadores ser\u00e3o utilizados das seguintes maneiras:<\/p>\n<h4><strong>50%<\/strong><\/h4>\n<p>Usado no desenvolvimento do jogo;<\/p>\n<h4><strong>25%<\/strong><\/h4>\n<p>Para promo\u00e7\u00e3o e comercializa\u00e7\u00e3o;<\/p>\n<h4><strong>25%<\/strong><\/h4>\n<p>Para pr\u00eamios e b\u00f4nus garantidos pelo jogo.<\/p>\n<p>[redbox]SE O DESEMPENHO DO JOGADOR SE DIMINUINDO CONSIDERATIVAMENTE E OS SEUS VALORES, OS CART\u00d5ES N\u00c3O DESTINADOS V\u00c3O SER QUEIMADOS (DESCARTADOS)![\/redbox]<\/p>\n","protected":false},"excerpt":{"rendered":"<p>Na Economia de FootballCoin, existem dois principais tipos de cart\u00f5es para jogadores, com base nas classifica\u00e7\u00f5es dos jogadores. Cart\u00f5es de jogadores de futebol gratuitos Estes s\u00e3o cart\u00f5es gerados para jogadores de futebol com uma classifica\u00e7\u00e3o mais baixa:1* e 2**. Esses cart\u00f5es s\u00e3o gratuitos, ilimitados e n\u00e3o s\u00e3o gerados como tokens digitais na tecnologia Bitcoin-blockchain. Os [&hellip;]<\/p>\n","protected":false},"author":19,"featured_media":0,"parent":0,"menu_order":0,"comment_status":"closed","ping_status":"closed","template":"","meta":{"footnotes":""},"class_list":["post-44859","page","type-page","status-publish","hentry"],"yoast_head":"<!-- This site is optimized with the Yoast SEO plugin v27.2 - https:\/\/yoast.com\/product\/yoast-seo-wordpress\/ -->\n<title>Cart\u00f5es de jogadores distribui\u00e7\u00e3o - FootballCoin Portugal<\/title>\n<meta name=\"robots\" content=\"index, follow, max-snippet:-1, max-image-preview:large, max-video-preview:-1\" \/>\n<link rel=\"canonical\" href=\"https:\/\/www.footballcoin.io\/pt\/player-cards-distribution\/\" \/>\n<meta property=\"og:locale\" content=\"pt_PT\" \/>\n<meta property=\"og:type\" content=\"article\" \/>\n<meta property=\"og:title\" content=\"Cart\u00f5es de jogadores distribui\u00e7\u00e3o - FootballCoin Portugal\" \/>\n<meta property=\"og:description\" content=\"Na Economia de FootballCoin, existem dois principais tipos de cart\u00f5es para jogadores, com base nas classifica\u00e7\u00f5es dos jogadores. Cart\u00f5es de jogadores de futebol gratuitos Estes s\u00e3o cart\u00f5es gerados para jogadores de futebol com uma classifica\u00e7\u00e3o mais baixa:1* e 2**. Esses cart\u00f5es s\u00e3o gratuitos, ilimitados e n\u00e3o s\u00e3o gerados como tokens digitais na tecnologia Bitcoin-blockchain. Os [&hellip;]\" \/>\n<meta property=\"og:url\" content=\"https:\/\/www.footballcoin.io\/pt\/player-cards-distribution\/\" \/>\n<meta property=\"og:site_name\" content=\"FootballCoin Portugal\" \/>\n<meta property=\"article:modified_time\" content=\"2021-04-20T12:12:44+00:00\" \/>\n<meta property=\"og:image\" content=\"https:\/\/cdn.footballcoin.io\/wp-content\/uploads\/2017\/12\/messi_hwn2th-205x300.png\" \/>\n<meta name=\"twitter:card\" content=\"summary_large_image\" \/>\n<meta name=\"twitter:label1\" content=\"Tempo estimado de leitura\" \/>\n\t<meta name=\"twitter:data1\" content=\"5 minutes\" \/>\n<script type=\"application\/ld+json\" class=\"yoast-schema-graph\">{\"@context\":\"https:\/\/schema.org\",\"@graph\":[{\"@type\":\"WebPage\",\"@id\":\"https:\/\/www.footballcoin.io\/pt\/player-cards-distribution\/\",\"url\":\"https:\/\/www.footballcoin.io\/pt\/player-cards-distribution\/\",\"name\":\"Cart\u00f5es de jogadores distribui\u00e7\u00e3o - FootballCoin Portugal\",\"isPartOf\":{\"@id\":\"https:\/\/www.footballcoin.io\/pt\/#website\"},\"primaryImageOfPage\":{\"@id\":\"https:\/\/www.footballcoin.io\/pt\/player-cards-distribution\/#primaryimage\"},\"image\":{\"@id\":\"https:\/\/www.footballcoin.io\/pt\/player-cards-distribution\/#primaryimage\"},\"thumbnailUrl\":\"https:\/\/cdn.footballcoin.io\/wp-content\/uploads\/2017\/12\/messi_hwn2th-205x300.png\",\"datePublished\":\"2017-12-11T11:35:47+00:00\",\"dateModified\":\"2021-04-20T12:12:44+00:00\",\"breadcrumb\":{\"@id\":\"https:\/\/www.footballcoin.io\/pt\/player-cards-distribution\/#breadcrumb\"},\"inLanguage\":\"pt-PT\",\"potentialAction\":[{\"@type\":\"ReadAction\",\"target\":[\"https:\/\/www.footballcoin.io\/pt\/player-cards-distribution\/\"]}]},{\"@type\":\"ImageObject\",\"inLanguage\":\"pt-PT\",\"@id\":\"https:\/\/www.footballcoin.io\/pt\/player-cards-distribution\/#primaryimage\",\"url\":\"https:\/\/cdn.footballcoin.io\/wp-content\/uploads\/2017\/12\/messi_hwn2th-205x300.png\",\"contentUrl\":\"https:\/\/cdn.footballcoin.io\/wp-content\/uploads\/2017\/12\/messi_hwn2th-205x300.png\"},{\"@type\":\"BreadcrumbList\",\"@id\":\"https:\/\/www.footballcoin.io\/pt\/player-cards-distribution\/#breadcrumb\",\"itemListElement\":[{\"@type\":\"ListItem\",\"position\":1,\"name\":\"Home\",\"item\":\"https:\/\/www.footballcoin.io\/pt\/\"},{\"@type\":\"ListItem\",\"position\":2,\"name\":\"Cart\u00f5es de jogadores distribui\u00e7\u00e3o\"}]},{\"@type\":\"WebSite\",\"@id\":\"https:\/\/www.footballcoin.io\/pt\/#website\",\"url\":\"https:\/\/www.footballcoin.io\/pt\/\",\"name\":\"FootballCoin Portugal\",\"description\":\"GR\u00c1TIS PARA JOGAR - GR\u00c1TIS PARA TE JUNTAR\",\"potentialAction\":[{\"@type\":\"SearchAction\",\"target\":{\"@type\":\"EntryPoint\",\"urlTemplate\":\"https:\/\/www.footballcoin.io\/pt\/?s={search_term_string}\"},\"query-input\":{\"@type\":\"PropertyValueSpecification\",\"valueRequired\":true,\"valueName\":\"search_term_string\"}}],\"inLanguage\":\"pt-PT\"}]}<\/script>\n<!-- \/ Yoast SEO plugin. -->","yoast_head_json":{"title":"Cart\u00f5es de jogadores distribui\u00e7\u00e3o - FootballCoin Portugal","robots":{"index":"index","follow":"follow","max-snippet":"max-snippet:-1","max-image-preview":"max-image-preview:large","max-video-preview":"max-video-preview:-1"},"canonical":"https:\/\/www.footballcoin.io\/pt\/player-cards-distribution\/","og_locale":"pt_PT","og_type":"article","og_title":"Cart\u00f5es de jogadores distribui\u00e7\u00e3o - FootballCoin Portugal","og_description":"Na Economia de FootballCoin, existem dois principais tipos de cart\u00f5es para jogadores, com base nas classifica\u00e7\u00f5es dos jogadores. Cart\u00f5es de jogadores de futebol gratuitos Estes s\u00e3o cart\u00f5es gerados para jogadores de futebol com uma classifica\u00e7\u00e3o mais baixa:1* e 2**. Esses cart\u00f5es s\u00e3o gratuitos, ilimitados e n\u00e3o s\u00e3o gerados como tokens digitais na tecnologia Bitcoin-blockchain. Os [&hellip;]","og_url":"https:\/\/www.footballcoin.io\/pt\/player-cards-distribution\/","og_site_name":"FootballCoin Portugal","article_modified_time":"2021-04-20T12:12:44+00:00","og_image":[{"url":"https:\/\/cdn.footballcoin.io\/wp-content\/uploads\/2017\/12\/messi_hwn2th-205x300.png","type":"","width":"","height":""}],"twitter_card":"summary_large_image","twitter_misc":{"Tempo estimado de leitura":"5 minutes"},"schema":{"@context":"https:\/\/schema.org","@graph":[{"@type":"WebPage","@id":"https:\/\/www.footballcoin.io\/pt\/player-cards-distribution\/","url":"https:\/\/www.footballcoin.io\/pt\/player-cards-distribution\/","name":"Cart\u00f5es de jogadores distribui\u00e7\u00e3o - FootballCoin Portugal","isPartOf":{"@id":"https:\/\/www.footballcoin.io\/pt\/#website"},"primaryImageOfPage":{"@id":"https:\/\/www.footballcoin.io\/pt\/player-cards-distribution\/#primaryimage"},"image":{"@id":"https:\/\/www.footballcoin.io\/pt\/player-cards-distribution\/#primaryimage"},"thumbnailUrl":"https:\/\/cdn.footballcoin.io\/wp-content\/uploads\/2017\/12\/messi_hwn2th-205x300.png","datePublished":"2017-12-11T11:35:47+00:00","dateModified":"2021-04-20T12:12:44+00:00","breadcrumb":{"@id":"https:\/\/www.footballcoin.io\/pt\/player-cards-distribution\/#breadcrumb"},"inLanguage":"pt-PT","potentialAction":[{"@type":"ReadAction","target":["https:\/\/www.footballcoin.io\/pt\/player-cards-distribution\/"]}]},{"@type":"ImageObject","inLanguage":"pt-PT","@id":"https:\/\/www.footballcoin.io\/pt\/player-cards-distribution\/#primaryimage","url":"https:\/\/cdn.footballcoin.io\/wp-content\/uploads\/2017\/12\/messi_hwn2th-205x300.png","contentUrl":"https:\/\/cdn.footballcoin.io\/wp-content\/uploads\/2017\/12\/messi_hwn2th-205x300.png"},{"@type":"BreadcrumbList","@id":"https:\/\/www.footballcoin.io\/pt\/player-cards-distribution\/#breadcrumb","itemListElement":[{"@type":"ListItem","position":1,"name":"Home","item":"https:\/\/www.footballcoin.io\/pt\/"},{"@type":"ListItem","position":2,"name":"Cart\u00f5es de jogadores distribui\u00e7\u00e3o"}]},{"@type":"WebSite","@id":"https:\/\/www.footballcoin.io\/pt\/#website","url":"https:\/\/www.footballcoin.io\/pt\/","name":"FootballCoin Portugal","description":"GR\u00c1TIS PARA JOGAR - GR\u00c1TIS PARA TE JUNTAR","potentialAction":[{"@type":"SearchAction","target":{"@type":"EntryPoint","urlTemplate":"https:\/\/www.footballcoin.io\/pt\/?s={search_term_string}"},"query-input":{"@type":"PropertyValueSpecification","valueRequired":true,"valueName":"search_term_string"}}],"inLanguage":"pt-PT"}]}},"_links":{"self":[{"href":"https:\/\/www.footballcoin.io\/pt\/wp-json\/wp\/v2\/pages\/44859","targetHints":{"allow":["GET"]}}],"collection":[{"href":"https:\/\/www.footballcoin.io\/pt\/wp-json\/wp\/v2\/pages"}],"about":[{"href":"https:\/\/www.footballcoin.io\/pt\/wp-json\/wp\/v2\/types\/page"}],"author":[{"embeddable":true,"href":"https:\/\/www.footballcoin.io\/pt\/wp-json\/wp\/v2\/users\/19"}],"replies":[{"embeddable":true,"href":"https:\/\/www.footballcoin.io\/pt\/wp-json\/wp\/v2\/comments?post=44859"}],"version-history":[{"count":3,"href":"https:\/\/www.footballcoin.io\/pt\/wp-json\/wp\/v2\/pages\/44859\/revisions"}],"predecessor-version":[{"id":77160,"href":"https:\/\/www.footballcoin.io\/pt\/wp-json\/wp\/v2\/pages\/44859\/revisions\/77160"}],"wp:attachment":[{"href":"https:\/\/www.footballcoin.io\/pt\/wp-json\/wp\/v2\/media?parent=44859"}],"curies":[{"name":"wp","href":"https:\/\/api.w.org\/{rel}","templated":true}]}}