{"id":44811,"date":"2017-12-11T10:16:49","date_gmt":"2017-12-11T10:16:49","guid":{"rendered":"https:\/\/www.footballcoin.io\/?page_id=44811"},"modified":"2017-12-18T14:34:05","modified_gmt":"2017-12-18T14:34:05","slug":"missionvision","status":"publish","type":"page","link":"https:\/\/www.footballcoin.io\/pt\/missionvision\/","title":{"rendered":"Miss\u00e3o&amp;Vis\u00e3o"},"content":{"rendered":"<h5><img loading=\"lazy\" decoding=\"async\" class=\"aligncenter size-full wp-image-44815\" src=\"https:\/\/cdn.footballcoin.io\/wp-content\/uploads\/2017\/12\/logo-orb.png\" alt=\"\" width=\"332\" height=\"120\" \/><\/h5>\n<h5 style=\"text-align: center\">Com dezenas de milh\u00f5es de jogadores em todo o mundo, os jogos do Fantasy Football Manager tornaram-se uma ind\u00fastria multi-bilion-dollar na economia real.<\/h5>\n<p>Os n\u00fameros mostram um interesse cada vez maior no Fantasy Sports. Estudos recentes mostram que o mundo do Fantasy Sports tem desfrutado de um aumento gigante, com n\u00fameros de renda mais que triplicando na \u00faltima d\u00e9cada. Isso naturalmente atraiu uma quantidade cont\u00ednua de novos jogadores, bem como um grande grupo de investidores. O neg\u00f3cio saud\u00e1vel que os esportes de fantasia gera s\u00f3 pode ser um trunfo na nossa jornada de aumentar a popularidade das criptografia. Isso pode ajudar a introduzir essas tecnologias e seus benef\u00edcios para um maior n\u00famero de pessoas.<\/p>\n<div class=\"bluebox\"><\/p>\n<h3>Miss\u00e3o&amp;Vis\u00e3o<\/h3>\n<p>Inovar o jogo mais popular do mundo, o futebol, usando as tecnologias oferecidas pela tecnologia multi-cadeia semelhante \u00e0 utilizada pela Bitcoin.<\/p>\n<p>Traga as vantagens da tecnologia blockchain e cryptocurrencies para o gerente de futebol e os usu\u00e1rios esportivos da Fantasy.<\/p>\n<p>Crie uma ponte entre a criptosfera e o mundo dos Fantasy Sports.<\/p>\n<p>Oferecer um grau de anonimato e total propriedade sobre os ativos do jogo.<\/p>\n<p>Para ser o projeto mais revolucion\u00e1rio de 2017 na criptosfera e contribuir com a ado\u00e7\u00e3o em massa dessas tecnologias.<\/p>\n<p><\/div>\n","protected":false},"excerpt":{"rendered":"<p>Com dezenas de milh\u00f5es de jogadores em todo o mundo, os jogos do Fantasy Football Manager tornaram-se uma ind\u00fastria multi-bilion-dollar na economia real. Os n\u00fameros mostram um interesse cada vez maior no Fantasy Sports. Estudos recentes mostram que o mundo do Fantasy Sports tem desfrutado de um aumento gigante, com n\u00fameros de renda mais que [&hellip;]<\/p>\n","protected":false},"author":19,"featured_media":0,"parent":0,"menu_order":0,"comment_status":"closed","ping_status":"closed","template":"","meta":{"footnotes":""},"class_list":["post-44811","page","type-page","status-publish","hentry"],"yoast_head":"<!-- This site is optimized with the Yoast SEO plugin v27.2 - https:\/\/yoast.com\/product\/yoast-seo-wordpress\/ -->\n<title>Miss\u00e3o&amp;Vis\u00e3o - FootballCoin Portugal<\/title>\n<meta name=\"robots\" content=\"index, follow, max-snippet:-1, max-image-preview:large, max-video-preview:-1\" \/>\n<link rel=\"canonical\" href=\"https:\/\/www.footballcoin.io\/pt\/missionvision\/\" \/>\n<meta property=\"og:locale\" content=\"pt_PT\" \/>\n<meta property=\"og:type\" content=\"article\" \/>\n<meta property=\"og:title\" content=\"Miss\u00e3o&amp;Vis\u00e3o - FootballCoin Portugal\" \/>\n<meta property=\"og:description\" content=\"Com dezenas de milh\u00f5es de jogadores em todo o mundo, os jogos do Fantasy Football Manager tornaram-se uma ind\u00fastria multi-bilion-dollar na economia real. Os n\u00fameros mostram um interesse cada vez maior no Fantasy Sports. Estudos recentes mostram que o mundo do Fantasy Sports tem desfrutado de um aumento gigante, com n\u00fameros de renda mais que [&hellip;]\" \/>\n<meta property=\"og:url\" content=\"https:\/\/www.footballcoin.io\/pt\/missionvision\/\" \/>\n<meta property=\"og:site_name\" content=\"FootballCoin Portugal\" \/>\n<meta property=\"article:modified_time\" content=\"2017-12-18T14:34:05+00:00\" \/>\n<meta property=\"og:image\" content=\"https:\/\/cdn.footballcoin.io\/wp-content\/uploads\/2017\/12\/logo-orb.png\" \/>\n<meta name=\"twitter:card\" content=\"summary_large_image\" \/>\n<meta name=\"twitter:label1\" content=\"Tempo estimado de leitura\" \/>\n\t<meta name=\"twitter:data1\" content=\"1 minute\" \/>\n<script type=\"application\/ld+json\" class=\"yoast-schema-graph\">{\"@context\":\"https:\/\/schema.org\",\"@graph\":[{\"@type\":\"WebPage\",\"@id\":\"https:\/\/www.footballcoin.io\/pt\/missionvision\/\",\"url\":\"https:\/\/www.footballcoin.io\/pt\/missionvision\/\",\"name\":\"Miss\u00e3o&amp;Vis\u00e3o - FootballCoin Portugal\",\"isPartOf\":{\"@id\":\"https:\/\/www.footballcoin.io\/pt\/#website\"},\"primaryImageOfPage\":{\"@id\":\"https:\/\/www.footballcoin.io\/pt\/missionvision\/#primaryimage\"},\"image\":{\"@id\":\"https:\/\/www.footballcoin.io\/pt\/missionvision\/#primaryimage\"},\"thumbnailUrl\":\"https:\/\/cdn.footballcoin.io\/wp-content\/uploads\/2017\/12\/logo-orb.png\",\"datePublished\":\"2017-12-11T10:16:49+00:00\",\"dateModified\":\"2017-12-18T14:34:05+00:00\",\"breadcrumb\":{\"@id\":\"https:\/\/www.footballcoin.io\/pt\/missionvision\/#breadcrumb\"},\"inLanguage\":\"pt-PT\",\"potentialAction\":[{\"@type\":\"ReadAction\",\"target\":[\"https:\/\/www.footballcoin.io\/pt\/missionvision\/\"]}]},{\"@type\":\"ImageObject\",\"inLanguage\":\"pt-PT\",\"@id\":\"https:\/\/www.footballcoin.io\/pt\/missionvision\/#primaryimage\",\"url\":\"https:\/\/cdn.footballcoin.io\/wp-content\/uploads\/2017\/12\/logo-orb.png\",\"contentUrl\":\"https:\/\/cdn.footballcoin.io\/wp-content\/uploads\/2017\/12\/logo-orb.png\"},{\"@type\":\"BreadcrumbList\",\"@id\":\"https:\/\/www.footballcoin.io\/pt\/missionvision\/#breadcrumb\",\"itemListElement\":[{\"@type\":\"ListItem\",\"position\":1,\"name\":\"Home\",\"item\":\"https:\/\/www.footballcoin.io\/pt\/\"},{\"@type\":\"ListItem\",\"position\":2,\"name\":\"Miss\u00e3o&amp;Vis\u00e3o\"}]},{\"@type\":\"WebSite\",\"@id\":\"https:\/\/www.footballcoin.io\/pt\/#website\",\"url\":\"https:\/\/www.footballcoin.io\/pt\/\",\"name\":\"FootballCoin Portugal\",\"description\":\"GR\u00c1TIS PARA JOGAR - GR\u00c1TIS PARA TE JUNTAR\",\"potentialAction\":[{\"@type\":\"SearchAction\",\"target\":{\"@type\":\"EntryPoint\",\"urlTemplate\":\"https:\/\/www.footballcoin.io\/pt\/?s={search_term_string}\"},\"query-input\":{\"@type\":\"PropertyValueSpecification\",\"valueRequired\":true,\"valueName\":\"search_term_string\"}}],\"inLanguage\":\"pt-PT\"}]}<\/script>\n<!-- \/ Yoast SEO plugin. -->","yoast_head_json":{"title":"Miss\u00e3o&amp;Vis\u00e3o - FootballCoin Portugal","robots":{"index":"index","follow":"follow","max-snippet":"max-snippet:-1","max-image-preview":"max-image-preview:large","max-video-preview":"max-video-preview:-1"},"canonical":"https:\/\/www.footballcoin.io\/pt\/missionvision\/","og_locale":"pt_PT","og_type":"article","og_title":"Miss\u00e3o&amp;Vis\u00e3o - FootballCoin Portugal","og_description":"Com dezenas de milh\u00f5es de jogadores em todo o mundo, os jogos do Fantasy Football Manager tornaram-se uma ind\u00fastria multi-bilion-dollar na economia real. Os n\u00fameros mostram um interesse cada vez maior no Fantasy Sports. Estudos recentes mostram que o mundo do Fantasy Sports tem desfrutado de um aumento gigante, com n\u00fameros de renda mais que [&hellip;]","og_url":"https:\/\/www.footballcoin.io\/pt\/missionvision\/","og_site_name":"FootballCoin Portugal","article_modified_time":"2017-12-18T14:34:05+00:00","og_image":[{"url":"https:\/\/cdn.footballcoin.io\/wp-content\/uploads\/2017\/12\/logo-orb.png","type":"","width":"","height":""}],"twitter_card":"summary_large_image","twitter_misc":{"Tempo estimado de leitura":"1 minute"},"schema":{"@context":"https:\/\/schema.org","@graph":[{"@type":"WebPage","@id":"https:\/\/www.footballcoin.io\/pt\/missionvision\/","url":"https:\/\/www.footballcoin.io\/pt\/missionvision\/","name":"Miss\u00e3o&amp;Vis\u00e3o - FootballCoin Portugal","isPartOf":{"@id":"https:\/\/www.footballcoin.io\/pt\/#website"},"primaryImageOfPage":{"@id":"https:\/\/www.footballcoin.io\/pt\/missionvision\/#primaryimage"},"image":{"@id":"https:\/\/www.footballcoin.io\/pt\/missionvision\/#primaryimage"},"thumbnailUrl":"https:\/\/cdn.footballcoin.io\/wp-content\/uploads\/2017\/12\/logo-orb.png","datePublished":"2017-12-11T10:16:49+00:00","dateModified":"2017-12-18T14:34:05+00:00","breadcrumb":{"@id":"https:\/\/www.footballcoin.io\/pt\/missionvision\/#breadcrumb"},"inLanguage":"pt-PT","potentialAction":[{"@type":"ReadAction","target":["https:\/\/www.footballcoin.io\/pt\/missionvision\/"]}]},{"@type":"ImageObject","inLanguage":"pt-PT","@id":"https:\/\/www.footballcoin.io\/pt\/missionvision\/#primaryimage","url":"https:\/\/cdn.footballcoin.io\/wp-content\/uploads\/2017\/12\/logo-orb.png","contentUrl":"https:\/\/cdn.footballcoin.io\/wp-content\/uploads\/2017\/12\/logo-orb.png"},{"@type":"BreadcrumbList","@id":"https:\/\/www.footballcoin.io\/pt\/missionvision\/#breadcrumb","itemListElement":[{"@type":"ListItem","position":1,"name":"Home","item":"https:\/\/www.footballcoin.io\/pt\/"},{"@type":"ListItem","position":2,"name":"Miss\u00e3o&amp;Vis\u00e3o"}]},{"@type":"WebSite","@id":"https:\/\/www.footballcoin.io\/pt\/#website","url":"https:\/\/www.footballcoin.io\/pt\/","name":"FootballCoin Portugal","description":"GR\u00c1TIS PARA JOGAR - GR\u00c1TIS PARA TE JUNTAR","potentialAction":[{"@type":"SearchAction","target":{"@type":"EntryPoint","urlTemplate":"https:\/\/www.footballcoin.io\/pt\/?s={search_term_string}"},"query-input":{"@type":"PropertyValueSpecification","valueRequired":true,"valueName":"search_term_string"}}],"inLanguage":"pt-PT"}]}},"_links":{"self":[{"href":"https:\/\/www.footballcoin.io\/pt\/wp-json\/wp\/v2\/pages\/44811","targetHints":{"allow":["GET"]}}],"collection":[{"href":"https:\/\/www.footballcoin.io\/pt\/wp-json\/wp\/v2\/pages"}],"about":[{"href":"https:\/\/www.footballcoin.io\/pt\/wp-json\/wp\/v2\/types\/page"}],"author":[{"embeddable":true,"href":"https:\/\/www.footballcoin.io\/pt\/wp-json\/wp\/v2\/users\/19"}],"replies":[{"embeddable":true,"href":"https:\/\/www.footballcoin.io\/pt\/wp-json\/wp\/v2\/comments?post=44811"}],"version-history":[{"count":2,"href":"https:\/\/www.footballcoin.io\/pt\/wp-json\/wp\/v2\/pages\/44811\/revisions"}],"predecessor-version":[{"id":75833,"href":"https:\/\/www.footballcoin.io\/pt\/wp-json\/wp\/v2\/pages\/44811\/revisions\/75833"}],"wp:attachment":[{"href":"https:\/\/www.footballcoin.io\/pt\/wp-json\/wp\/v2\/media?parent=44811"}],"curies":[{"name":"wp","href":"https:\/\/api.w.org\/{rel}","templated":true}]}}