{"id":44805,"date":"2017-12-11T10:11:07","date_gmt":"2017-12-11T10:11:07","guid":{"rendered":"https:\/\/www.footballcoin.io\/?page_id=44805"},"modified":"2019-07-23T09:56:34","modified_gmt":"2019-07-23T09:56:34","slug":"what-is-xfc","status":"publish","type":"page","link":"https:\/\/www.footballcoin.io\/pt\/what-is-xfc\/","title":{"rendered":"O que \u00e9 XFC?"},"content":{"rendered":"<p><img loading=\"lazy\" decoding=\"async\" class=\"aligncenter wp-image-76233 size-full\" src=\"https:\/\/cdn.footballcoin.io\/wp-content\/uploads\/sites\/17\/2018\/04\/What-is-XFC.png\" alt=\"\" width=\"1000\" height=\"720\" srcset=\"https:\/\/cdn.footballcoin.io\/wp-content\/uploads\/sites\/17\/2018\/04\/What-is-XFC.png 1000w, https:\/\/cdn.footballcoin.io\/wp-content\/uploads\/sites\/17\/2018\/04\/What-is-XFC-300x216.png 300w, https:\/\/cdn.footballcoin.io\/wp-content\/uploads\/sites\/17\/2018\/04\/What-is-XFC-768x553.png 768w\" sizes=\"auto, (max-width: 1000px) 100vw, 1000px\" \/><\/p>\n<p><strong>XFC (FootballCoin) \u00e9 um ativo digital que atua como moeda do jogo.<br \/>\n<\/strong><\/p>\n<p>XFC foi emitida com um fornecimento limitado de 1 bilh\u00e3o na plataforma de Contraparte (uma plataforma baseada em blockchain de Bitcoin). Uma emiss\u00e3o limitada de moeda oferece a premissa de uma economia de jogo saud\u00e1vel, sem infla\u00e7\u00e3o artificial.<\/p>\n<p><strong>XFC \u00e9 livremente transfer\u00edvel entre jogadores dentro e fora do jogo.<\/strong><\/p>\n<p>XFC pode ser:<\/p>\n<ul>\n<li>trocado em Bitcoin nos servi\u00e7os de c\u00e2mbio <strong><a href=\"https:\/\/coindeal.com\/?utm_source=footballcoin\">CoinDeal<\/a>, <a href=\"https:\/\/www.livecoin.net\/en\/trade\/index?currencyPair=XFC%2FBTC&amp;utm_source=footballcoin\">LiveCoin<\/a>, <a href=\"https:\/\/exrates.me\/dashboard\/?utm_source=footballcoin\">Exrates<\/a><\/strong>;<\/li>\n<li>usado no jogo para pagar a taxa de inscri\u00e7\u00e3o nos concursos;<\/li>\n<li>usado para comprar cart\u00f5es baseados em blockchain: cart\u00f5es de jogador de futebol e cart\u00f5es de est\u00e1dio;<\/li>\n<\/ul>\n<p>&nbsp;<\/p>\n<p>Visite <a href=\"https:\/\/www.xfccoin.io\/\"><strong>XFCcoin.io<\/strong><\/a> para mais detalhes.<\/p>\n","protected":false},"excerpt":{"rendered":"<p>XFC (FootballCoin) \u00e9 um ativo digital que atua como moeda do jogo. XFC foi emitida com um fornecimento limitado de 1 bilh\u00e3o na plataforma de Contraparte (uma plataforma baseada em blockchain de Bitcoin). Uma emiss\u00e3o limitada de moeda oferece a premissa de uma economia de jogo saud\u00e1vel, sem infla\u00e7\u00e3o artificial. XFC \u00e9 livremente transfer\u00edvel entre [&hellip;]<\/p>\n","protected":false},"author":19,"featured_media":0,"parent":0,"menu_order":0,"comment_status":"closed","ping_status":"closed","template":"","meta":{"footnotes":""},"class_list":["post-44805","page","type-page","status-publish","hentry"],"yoast_head":"<!-- This site is optimized with the Yoast SEO plugin v27.2 - https:\/\/yoast.com\/product\/yoast-seo-wordpress\/ -->\n<title>O que \u00e9 XFC? - FootballCoin Portugal<\/title>\n<meta name=\"robots\" content=\"index, follow, max-snippet:-1, max-image-preview:large, max-video-preview:-1\" \/>\n<link rel=\"canonical\" href=\"https:\/\/www.footballcoin.io\/pt\/what-is-xfc\/\" \/>\n<meta property=\"og:locale\" content=\"pt_PT\" \/>\n<meta property=\"og:type\" content=\"article\" \/>\n<meta property=\"og:title\" content=\"O que \u00e9 XFC? - FootballCoin Portugal\" \/>\n<meta property=\"og:description\" content=\"XFC (FootballCoin) \u00e9 um ativo digital que atua como moeda do jogo. XFC foi emitida com um fornecimento limitado de 1 bilh\u00e3o na plataforma de Contraparte (uma plataforma baseada em blockchain de Bitcoin). Uma emiss\u00e3o limitada de moeda oferece a premissa de uma economia de jogo saud\u00e1vel, sem infla\u00e7\u00e3o artificial. XFC \u00e9 livremente transfer\u00edvel entre [&hellip;]\" \/>\n<meta property=\"og:url\" content=\"https:\/\/www.footballcoin.io\/pt\/what-is-xfc\/\" \/>\n<meta property=\"og:site_name\" content=\"FootballCoin Portugal\" \/>\n<meta property=\"article:modified_time\" content=\"2019-07-23T09:56:34+00:00\" \/>\n<meta property=\"og:image\" content=\"https:\/\/cdn.footballcoin.io\/wp-content\/uploads\/sites\/17\/2018\/04\/What-is-XFC.png\" \/>\n<meta name=\"twitter:card\" content=\"summary_large_image\" \/>\n<meta name=\"twitter:label1\" content=\"Tempo estimado de leitura\" \/>\n\t<meta name=\"twitter:data1\" content=\"1 minute\" \/>\n<script type=\"application\/ld+json\" class=\"yoast-schema-graph\">{\"@context\":\"https:\/\/schema.org\",\"@graph\":[{\"@type\":\"WebPage\",\"@id\":\"https:\/\/www.footballcoin.io\/pt\/what-is-xfc\/\",\"url\":\"https:\/\/www.footballcoin.io\/pt\/what-is-xfc\/\",\"name\":\"O que \u00e9 XFC? - FootballCoin Portugal\",\"isPartOf\":{\"@id\":\"https:\/\/www.footballcoin.io\/pt\/#website\"},\"primaryImageOfPage\":{\"@id\":\"https:\/\/www.footballcoin.io\/pt\/what-is-xfc\/#primaryimage\"},\"image\":{\"@id\":\"https:\/\/www.footballcoin.io\/pt\/what-is-xfc\/#primaryimage\"},\"thumbnailUrl\":\"https:\/\/cdn.footballcoin.io\/wp-content\/uploads\/sites\/17\/2018\/04\/What-is-XFC.png\",\"datePublished\":\"2017-12-11T10:11:07+00:00\",\"dateModified\":\"2019-07-23T09:56:34+00:00\",\"breadcrumb\":{\"@id\":\"https:\/\/www.footballcoin.io\/pt\/what-is-xfc\/#breadcrumb\"},\"inLanguage\":\"pt-PT\",\"potentialAction\":[{\"@type\":\"ReadAction\",\"target\":[\"https:\/\/www.footballcoin.io\/pt\/what-is-xfc\/\"]}]},{\"@type\":\"ImageObject\",\"inLanguage\":\"pt-PT\",\"@id\":\"https:\/\/www.footballcoin.io\/pt\/what-is-xfc\/#primaryimage\",\"url\":\"https:\/\/cdn.footballcoin.io\/wp-content\/uploads\/sites\/17\/2018\/04\/What-is-XFC.png\",\"contentUrl\":\"https:\/\/cdn.footballcoin.io\/wp-content\/uploads\/sites\/17\/2018\/04\/What-is-XFC.png\"},{\"@type\":\"BreadcrumbList\",\"@id\":\"https:\/\/www.footballcoin.io\/pt\/what-is-xfc\/#breadcrumb\",\"itemListElement\":[{\"@type\":\"ListItem\",\"position\":1,\"name\":\"Home\",\"item\":\"https:\/\/www.footballcoin.io\/pt\/\"},{\"@type\":\"ListItem\",\"position\":2,\"name\":\"O que \u00e9 XFC?\"}]},{\"@type\":\"WebSite\",\"@id\":\"https:\/\/www.footballcoin.io\/pt\/#website\",\"url\":\"https:\/\/www.footballcoin.io\/pt\/\",\"name\":\"FootballCoin Portugal\",\"description\":\"GR\u00c1TIS PARA JOGAR - GR\u00c1TIS PARA TE JUNTAR\",\"potentialAction\":[{\"@type\":\"SearchAction\",\"target\":{\"@type\":\"EntryPoint\",\"urlTemplate\":\"https:\/\/www.footballcoin.io\/pt\/?s={search_term_string}\"},\"query-input\":{\"@type\":\"PropertyValueSpecification\",\"valueRequired\":true,\"valueName\":\"search_term_string\"}}],\"inLanguage\":\"pt-PT\"}]}<\/script>\n<!-- \/ Yoast SEO plugin. -->","yoast_head_json":{"title":"O que \u00e9 XFC? - FootballCoin Portugal","robots":{"index":"index","follow":"follow","max-snippet":"max-snippet:-1","max-image-preview":"max-image-preview:large","max-video-preview":"max-video-preview:-1"},"canonical":"https:\/\/www.footballcoin.io\/pt\/what-is-xfc\/","og_locale":"pt_PT","og_type":"article","og_title":"O que \u00e9 XFC? - FootballCoin Portugal","og_description":"XFC (FootballCoin) \u00e9 um ativo digital que atua como moeda do jogo. XFC foi emitida com um fornecimento limitado de 1 bilh\u00e3o na plataforma de Contraparte (uma plataforma baseada em blockchain de Bitcoin). Uma emiss\u00e3o limitada de moeda oferece a premissa de uma economia de jogo saud\u00e1vel, sem infla\u00e7\u00e3o artificial. XFC \u00e9 livremente transfer\u00edvel entre [&hellip;]","og_url":"https:\/\/www.footballcoin.io\/pt\/what-is-xfc\/","og_site_name":"FootballCoin Portugal","article_modified_time":"2019-07-23T09:56:34+00:00","og_image":[{"url":"https:\/\/cdn.footballcoin.io\/wp-content\/uploads\/sites\/17\/2018\/04\/What-is-XFC.png","type":"","width":"","height":""}],"twitter_card":"summary_large_image","twitter_misc":{"Tempo estimado de leitura":"1 minute"},"schema":{"@context":"https:\/\/schema.org","@graph":[{"@type":"WebPage","@id":"https:\/\/www.footballcoin.io\/pt\/what-is-xfc\/","url":"https:\/\/www.footballcoin.io\/pt\/what-is-xfc\/","name":"O que \u00e9 XFC? - FootballCoin Portugal","isPartOf":{"@id":"https:\/\/www.footballcoin.io\/pt\/#website"},"primaryImageOfPage":{"@id":"https:\/\/www.footballcoin.io\/pt\/what-is-xfc\/#primaryimage"},"image":{"@id":"https:\/\/www.footballcoin.io\/pt\/what-is-xfc\/#primaryimage"},"thumbnailUrl":"https:\/\/cdn.footballcoin.io\/wp-content\/uploads\/sites\/17\/2018\/04\/What-is-XFC.png","datePublished":"2017-12-11T10:11:07+00:00","dateModified":"2019-07-23T09:56:34+00:00","breadcrumb":{"@id":"https:\/\/www.footballcoin.io\/pt\/what-is-xfc\/#breadcrumb"},"inLanguage":"pt-PT","potentialAction":[{"@type":"ReadAction","target":["https:\/\/www.footballcoin.io\/pt\/what-is-xfc\/"]}]},{"@type":"ImageObject","inLanguage":"pt-PT","@id":"https:\/\/www.footballcoin.io\/pt\/what-is-xfc\/#primaryimage","url":"https:\/\/cdn.footballcoin.io\/wp-content\/uploads\/sites\/17\/2018\/04\/What-is-XFC.png","contentUrl":"https:\/\/cdn.footballcoin.io\/wp-content\/uploads\/sites\/17\/2018\/04\/What-is-XFC.png"},{"@type":"BreadcrumbList","@id":"https:\/\/www.footballcoin.io\/pt\/what-is-xfc\/#breadcrumb","itemListElement":[{"@type":"ListItem","position":1,"name":"Home","item":"https:\/\/www.footballcoin.io\/pt\/"},{"@type":"ListItem","position":2,"name":"O que \u00e9 XFC?"}]},{"@type":"WebSite","@id":"https:\/\/www.footballcoin.io\/pt\/#website","url":"https:\/\/www.footballcoin.io\/pt\/","name":"FootballCoin Portugal","description":"GR\u00c1TIS PARA JOGAR - GR\u00c1TIS PARA TE JUNTAR","potentialAction":[{"@type":"SearchAction","target":{"@type":"EntryPoint","urlTemplate":"https:\/\/www.footballcoin.io\/pt\/?s={search_term_string}"},"query-input":{"@type":"PropertyValueSpecification","valueRequired":true,"valueName":"search_term_string"}}],"inLanguage":"pt-PT"}]}},"_links":{"self":[{"href":"https:\/\/www.footballcoin.io\/pt\/wp-json\/wp\/v2\/pages\/44805","targetHints":{"allow":["GET"]}}],"collection":[{"href":"https:\/\/www.footballcoin.io\/pt\/wp-json\/wp\/v2\/pages"}],"about":[{"href":"https:\/\/www.footballcoin.io\/pt\/wp-json\/wp\/v2\/types\/page"}],"author":[{"embeddable":true,"href":"https:\/\/www.footballcoin.io\/pt\/wp-json\/wp\/v2\/users\/19"}],"replies":[{"embeddable":true,"href":"https:\/\/www.footballcoin.io\/pt\/wp-json\/wp\/v2\/comments?post=44805"}],"version-history":[{"count":4,"href":"https:\/\/www.footballcoin.io\/pt\/wp-json\/wp\/v2\/pages\/44805\/revisions"}],"predecessor-version":[{"id":76667,"href":"https:\/\/www.footballcoin.io\/pt\/wp-json\/wp\/v2\/pages\/44805\/revisions\/76667"}],"wp:attachment":[{"href":"https:\/\/www.footballcoin.io\/pt\/wp-json\/wp\/v2\/media?parent=44805"}],"curies":[{"name":"wp","href":"https:\/\/api.w.org\/{rel}","templated":true}]}}