{"id":77355,"date":"2018-02-28T09:13:03","date_gmt":"2018-02-28T09:13:03","guid":{"rendered":"https:\/\/www.footballcoin.io\/?page_id=77355"},"modified":"2018-06-20T09:25:44","modified_gmt":"2018-06-20T09:25:44","slug":"privacy-policy","status":"publish","type":"page","link":"https:\/\/www.footballcoin.io\/it\/privacy-policy\/","title":{"rendered":"Privacy Policy"},"content":{"rendered":"<h2><strong>Che informazioni raccogliamo?<\/strong><\/h2>\n<p>&nbsp;<\/p>\n<p>Raccogliamo le tue informazioni nel momento della registrazione sul nostro sito, del piazzamento di un ordine, dell&#8217;iscrizione alla nostra newsletter o nel momento del completamento di un modulo. Se ordini o ti stai registrando nel nostro sito, potr\u00e0 venirti chiesto, in quanto appropriato, di inserire il tuo: nome, indirizzo email, indirizzo di casa e il numero di telefono. Per\u00f2 puoi anche visitare il nostro sito in modo anonimo.<\/p>\n<p>&nbsp;<\/p>\n<h2><strong>Per cosa usiamo le tue informazioni?<\/strong><\/h2>\n<p>&nbsp;<\/p>\n<p>Ogni informazione che abbiamo raccolto da te pu\u00f2 essere utilizzata nei seguenti modi:<\/p>\n<p>Per personalizzare la tua esperienza(le tue informazioni ci aiutano ad avere risposte migliori alle tue esigenze)<\/p>\n<p>Per migliorare la piattaforma(cerchiamo continuamente di migliorare la piattaforma e le offerte grazie ai feedback e alle informazioni che riceviamo da te)<\/p>\n<p>Per migliorare il servizio clienti(Le tue informazioni ci aiutano a rispondere in modo pi\u00f9 efficace alle richieste del customer service e ai bisogni di supporto)<\/p>\n<p>Per processare le transazioni(le tue informazioni, pubbliche o private, non verranno vendute, scambiate, transferite, o date ad un&#8217;altra azienda per nessuna ragione senza il tuo consenso se non per motivi di spedizione di prodotti o servizi.)<\/p>\n<p>Per inviare email periodiche(l&#8217;indirizzo email che inserisci durante la registrazione, potr\u00e0 essere utilizato per inviarti informazioni o aggiornamenti e oltre a ci\u00f2 per ricevere occasionalmente novit\u00e0,aggiornamenti sulla piattaforma, info riguardanti alla piattaforma.)<\/p>\n<p>Per andare incontro alle norme o leggi di conformazione.<\/p>\n<p>&nbsp;<\/p>\n<h2>Come proteggiamo le tue informazioni?<\/h2>\n<p>&nbsp;<\/p>\n<p>Noi abbiamo installato un buon numero di misure per mantenere la sicurezza delle tue informazioni nel momento di entrata,iscrizione o accesso alle tue informazioni personali. Offriamo l&#8217;uso di un server sicuro. Tutte le informazioni sensibili che ci vengono date vengono trasmesse attraverso una tecnologia di Secure Socket Layer(SSL) e poi vengono criptate nel nostro Database e possono essere viste solo da chi ha un&#8217;autorizzazione speciale nel nostro sistema e \u00e8 richiesto che queste informazioni rimangano confidenziali.<\/p>\n<p>&nbsp;<\/p>\n<h2>Usiamo Cookies?<\/h2>\n<p>&nbsp;<\/p>\n<p>Si. I cookies sono dei piccoli file all&#8217;interno del sito o i suoi servizi che vengono trasferiti al tuo computer hard drive e lo seguono attraverso il browser del web(sempre se tu acconsenti) e danno la possibilit\u00e0 al sito o ai servizi di sistema di riconoscere il tuo browser e avere certe informazioni e ricordarle. Utilizziamo i cookies per capire e ricordare le tue preferenze per le tue visite future.<\/p>\n<p>&nbsp;<\/p>\n<h2>Divulghiamo le tue informazioni a partner esterni?<\/h2>\n<p>&nbsp;<\/p>\n<p>Non scambiamo, vendiamo o trasferiamo le informazioni che ci permetterebbero di identificarti a partner esterni.Questo non include terze parti fidate che ci aiutano nel mantenere la piattaforma operativa, che ci aiutano nel business.Ci\u00f2 avviene fino a che questi partner concordano nel tenere queste informazioni confidenziali.Possiamo anche rilasciare informazioni quando riteniamo sia appropriato per legge,o se \u00e8 contro la politica del nostro sito o per proteggere la nostra o di altri sicurezza,propriet\u00e0 o diritti. Comunque, le informazioni che non rendono l&#8217;user identificabile possono essere date ad altre parti per del marketing, pubblicit\u00e0 o altri usi.<\/p>\n<p>&nbsp;<\/p>\n<p>&nbsp;<\/p>\n<h2>Link di terze parti<\/h2>\n<p>&nbsp;<\/p>\n<p>&nbsp;<\/p>\n<p>Occasionalmente, a nostra discrezione, possiamo includere contenuti o prodotti di terze parti\u00a0 o servizi nella nostra piattaforma o sito internet. Questi siti di terzi parti hanno delle policy di privacy separate e indipendenti dalla nostra, quindi non ci prendiamo la responsabilit\u00e0 per il contenuto e le attivit\u00e0 di queste terze parti. In ogni caso cerchiamo di proteggere l&#8217;integrit\u00e0 del nostro sito dal contenuto e quindi accettiamo ogni feedback su questi siti.<\/p>\n<p>&nbsp;<\/p>\n<h2>Politica di Privacy online<\/h2>\n<p>&nbsp;<\/p>\n<p>Questa politica di privacy online si applica solo alle informazioni che sono state collezionate attraverso il nostro sito web e la nostra piattaforma, non si fa riferimento a quelle raccolte offline.<\/p>\n<p>&nbsp;<\/p>\n<h2>Il tuo consenso<\/h2>\n<p>&nbsp;<\/p>\n<p>Usando la nostra piattaforma, acconsenti alla nostra privacy policy.<\/p>\n<p>&nbsp;<\/p>\n<h2>Cambiamenti della nostra politica di privacy<\/h2>\n<p>&nbsp;<\/p>\n<p>Se decidessimo di cambiare la nostra privacy policy, posteremo questi cambiamenti in questa pagina.<\/p>\n<p>&nbsp;<\/p>\n","protected":false},"excerpt":{"rendered":"<p>Che informazioni raccogliamo? &nbsp; Raccogliamo le tue informazioni nel momento della registrazione sul nostro sito, del piazzamento di un ordine, dell&#8217;iscrizione alla nostra newsletter o nel momento del completamento di un modulo. Se ordini o ti stai registrando nel nostro sito, potr\u00e0 venirti chiesto, in quanto appropriato, di inserire il tuo: nome, indirizzo email, indirizzo [&hellip;]<\/p>\n","protected":false},"author":29,"featured_media":0,"parent":0,"menu_order":0,"comment_status":"closed","ping_status":"closed","template":"","meta":{"footnotes":""},"class_list":["post-77355","page","type-page","status-publish","hentry"],"yoast_head":"<!-- This site is optimized with the Yoast SEO plugin v27.2 - https:\/\/yoast.com\/product\/yoast-seo-wordpress\/ -->\n<title>Privacy Policy - FootballCoin Italy<\/title>\n<meta name=\"robots\" content=\"index, follow, max-snippet:-1, max-image-preview:large, max-video-preview:-1\" \/>\n<link rel=\"canonical\" href=\"https:\/\/www.footballcoin.io\/it\/privacy-policy\/\" \/>\n<meta property=\"og:locale\" content=\"it_IT\" \/>\n<meta property=\"og:type\" content=\"article\" \/>\n<meta property=\"og:title\" content=\"Privacy Policy - FootballCoin Italy\" \/>\n<meta property=\"og:description\" content=\"Che informazioni raccogliamo? &nbsp; Raccogliamo le tue informazioni nel momento della registrazione sul nostro sito, del piazzamento di un ordine, dell&#8217;iscrizione alla nostra newsletter o nel momento del completamento di un modulo. Se ordini o ti stai registrando nel nostro sito, potr\u00e0 venirti chiesto, in quanto appropriato, di inserire il tuo: nome, indirizzo email, indirizzo [&hellip;]\" \/>\n<meta property=\"og:url\" content=\"https:\/\/www.footballcoin.io\/it\/privacy-policy\/\" \/>\n<meta property=\"og:site_name\" content=\"FootballCoin Italy\" \/>\n<meta property=\"article:modified_time\" content=\"2018-06-20T09:25:44+00:00\" \/>\n<meta property=\"og:image\" content=\"https:\/\/cdn.footballcoin.io\/wp-content\/uploads\/sites\/23\/2021\/06\/Banner_Share_Euro-2.png\" \/>\n\t<meta property=\"og:image:width\" content=\"1200\" \/>\n\t<meta property=\"og:image:height\" content=\"628\" \/>\n\t<meta property=\"og:image:type\" content=\"image\/png\" \/>\n<meta name=\"twitter:card\" content=\"summary_large_image\" \/>\n<meta name=\"twitter:label1\" content=\"Tempo di lettura stimato\" \/>\n\t<meta name=\"twitter:data1\" content=\"3 minutes\" \/>\n<script type=\"application\/ld+json\" class=\"yoast-schema-graph\">{\"@context\":\"https:\/\/schema.org\",\"@graph\":[{\"@type\":\"WebPage\",\"@id\":\"https:\/\/www.footballcoin.io\/it\/privacy-policy\/\",\"url\":\"https:\/\/www.footballcoin.io\/it\/privacy-policy\/\",\"name\":\"Privacy Policy - FootballCoin Italy\",\"isPartOf\":{\"@id\":\"https:\/\/www.footballcoin.io\/it\/#website\"},\"datePublished\":\"2018-02-28T09:13:03+00:00\",\"dateModified\":\"2018-06-20T09:25:44+00:00\",\"breadcrumb\":{\"@id\":\"https:\/\/www.footballcoin.io\/it\/privacy-policy\/#breadcrumb\"},\"inLanguage\":\"it-IT\",\"potentialAction\":[{\"@type\":\"ReadAction\",\"target\":[\"https:\/\/www.footballcoin.io\/it\/privacy-policy\/\"]}]},{\"@type\":\"BreadcrumbList\",\"@id\":\"https:\/\/www.footballcoin.io\/it\/privacy-policy\/#breadcrumb\",\"itemListElement\":[{\"@type\":\"ListItem\",\"position\":1,\"name\":\"Home\",\"item\":\"https:\/\/www.footballcoin.io\/it\/\"},{\"@type\":\"ListItem\",\"position\":2,\"name\":\"Privacy Policy\"}]},{\"@type\":\"WebSite\",\"@id\":\"https:\/\/www.footballcoin.io\/it\/#website\",\"url\":\"https:\/\/www.footballcoin.io\/it\/\",\"name\":\"FootballCoin Italy\",\"description\":\"Crea squadre, colleziona giocatori e guadagna denaro reale.\",\"potentialAction\":[{\"@type\":\"SearchAction\",\"target\":{\"@type\":\"EntryPoint\",\"urlTemplate\":\"https:\/\/www.footballcoin.io\/it\/?s={search_term_string}\"},\"query-input\":{\"@type\":\"PropertyValueSpecification\",\"valueRequired\":true,\"valueName\":\"search_term_string\"}}],\"inLanguage\":\"it-IT\"}]}<\/script>\n<!-- \/ Yoast SEO plugin. -->","yoast_head_json":{"title":"Privacy Policy - FootballCoin Italy","robots":{"index":"index","follow":"follow","max-snippet":"max-snippet:-1","max-image-preview":"max-image-preview:large","max-video-preview":"max-video-preview:-1"},"canonical":"https:\/\/www.footballcoin.io\/it\/privacy-policy\/","og_locale":"it_IT","og_type":"article","og_title":"Privacy Policy - FootballCoin Italy","og_description":"Che informazioni raccogliamo? &nbsp; Raccogliamo le tue informazioni nel momento della registrazione sul nostro sito, del piazzamento di un ordine, dell&#8217;iscrizione alla nostra newsletter o nel momento del completamento di un modulo. Se ordini o ti stai registrando nel nostro sito, potr\u00e0 venirti chiesto, in quanto appropriato, di inserire il tuo: nome, indirizzo email, indirizzo [&hellip;]","og_url":"https:\/\/www.footballcoin.io\/it\/privacy-policy\/","og_site_name":"FootballCoin Italy","article_modified_time":"2018-06-20T09:25:44+00:00","og_image":[{"width":1200,"height":628,"url":"https:\/\/cdn.footballcoin.io\/wp-content\/uploads\/sites\/23\/2021\/06\/Banner_Share_Euro-2.png","type":"image\/png"}],"twitter_card":"summary_large_image","twitter_misc":{"Tempo di lettura stimato":"3 minutes"},"schema":{"@context":"https:\/\/schema.org","@graph":[{"@type":"WebPage","@id":"https:\/\/www.footballcoin.io\/it\/privacy-policy\/","url":"https:\/\/www.footballcoin.io\/it\/privacy-policy\/","name":"Privacy Policy - FootballCoin Italy","isPartOf":{"@id":"https:\/\/www.footballcoin.io\/it\/#website"},"datePublished":"2018-02-28T09:13:03+00:00","dateModified":"2018-06-20T09:25:44+00:00","breadcrumb":{"@id":"https:\/\/www.footballcoin.io\/it\/privacy-policy\/#breadcrumb"},"inLanguage":"it-IT","potentialAction":[{"@type":"ReadAction","target":["https:\/\/www.footballcoin.io\/it\/privacy-policy\/"]}]},{"@type":"BreadcrumbList","@id":"https:\/\/www.footballcoin.io\/it\/privacy-policy\/#breadcrumb","itemListElement":[{"@type":"ListItem","position":1,"name":"Home","item":"https:\/\/www.footballcoin.io\/it\/"},{"@type":"ListItem","position":2,"name":"Privacy Policy"}]},{"@type":"WebSite","@id":"https:\/\/www.footballcoin.io\/it\/#website","url":"https:\/\/www.footballcoin.io\/it\/","name":"FootballCoin Italy","description":"Crea squadre, colleziona giocatori e guadagna denaro reale.","potentialAction":[{"@type":"SearchAction","target":{"@type":"EntryPoint","urlTemplate":"https:\/\/www.footballcoin.io\/it\/?s={search_term_string}"},"query-input":{"@type":"PropertyValueSpecification","valueRequired":true,"valueName":"search_term_string"}}],"inLanguage":"it-IT"}]}},"_links":{"self":[{"href":"https:\/\/www.footballcoin.io\/it\/wp-json\/wp\/v2\/pages\/77355","targetHints":{"allow":["GET"]}}],"collection":[{"href":"https:\/\/www.footballcoin.io\/it\/wp-json\/wp\/v2\/pages"}],"about":[{"href":"https:\/\/www.footballcoin.io\/it\/wp-json\/wp\/v2\/types\/page"}],"author":[{"embeddable":true,"href":"https:\/\/www.footballcoin.io\/it\/wp-json\/wp\/v2\/users\/29"}],"replies":[{"embeddable":true,"href":"https:\/\/www.footballcoin.io\/it\/wp-json\/wp\/v2\/comments?post=77355"}],"version-history":[{"count":6,"href":"https:\/\/www.footballcoin.io\/it\/wp-json\/wp\/v2\/pages\/77355\/revisions"}],"predecessor-version":[{"id":79057,"href":"https:\/\/www.footballcoin.io\/it\/wp-json\/wp\/v2\/pages\/77355\/revisions\/79057"}],"wp:attachment":[{"href":"https:\/\/www.footballcoin.io\/it\/wp-json\/wp\/v2\/media?parent=77355"}],"curies":[{"name":"wp","href":"https:\/\/api.w.org\/{rel}","templated":true}]}}