{"id":44879,"date":"2017-12-11T11:55:47","date_gmt":"2017-12-11T11:55:47","guid":{"rendered":"https:\/\/www.footballcoin.io\/?page_id=44879"},"modified":"2018-06-20T09:06:11","modified_gmt":"2018-06-20T09:06:11","slug":"stadium-cards-distribution","status":"publish","type":"page","link":"https:\/\/www.footballcoin.io\/it\/stadium-cards-distribution\/","title":{"rendered":"Distribuzione delle carte stadio"},"content":{"rendered":"<p style=\"text-align: center\"><img loading=\"lazy\" decoding=\"async\" class=\"aligncenter size-full wp-image-44881\" src=\"https:\/\/cdn.footballcoin.io\/wp-content\/uploads\/2017\/12\/stadium__d549fd-205x300.png\" alt=\"\" width=\"205\" height=\"300\" \/><\/p>\n<p style=\"text-align: center\"><strong>Nell&#8217;economia di FootballCoin, chi possiede una carta stadio pu\u00f2 avere il ruolo di Manager della competizione e pu\u00f2 organizzare le proprie gare a seconda del grado dello stadio in loro possesso.<\/strong><\/p>\n<p>Ci sono due tipi di stadio che si basano sul sistema di assegnazione del grado:<\/p>\n<h4>Le carte stadio gratuite<\/h4>\n<p>Queste carte sono generate per gli stadi che hanno un grado di 1* o 2*. Le carte gratuite non sono emesse come gettoni nella blockchain.<\/p>\n<p><strong>Le carte di stadio gratuite possono essere utilizzate da ogni utente per organizzare un illimitato numero di gare nelle seguenti modalit\u00e0:<\/strong><\/p>\n<p><strong>Stadio di grado 1*\u00a0<\/strong><\/p>\n<ul>\n<li>capacit\u00e0&lt; 20.000 posti a sedere. In questi stadi si pu\u00f2 organizzare H2H(testa a testa). Si possono organizzare gare dove ci sono due partecipanti.<\/li>\n<\/ul>\n<p><strong>Stadio di grado 2*<\/strong><\/p>\n<ul>\n<li>capacit\u00e0 tra 20.000-30.000 posti a sedere. Puoi organizzare competizioni H2H(testa a testa), double-up e tornei.<\/li>\n<\/ul>\n<p>Il massimo numero di utenti che possono partecipare alla competizione \u00e8 11.<\/p>\n<h4>Le carte stadio con un valore associato<\/h4>\n<p><strong>Queste carte hanno un alto grado: 3*,4* e 5*<\/strong><\/p>\n<p>queste carte stadio possono essere scambiate dagli utenti(in cambio di XFC) nel mercato di gioco. Il prezzo \u00e8 determinato dall&#8217;incontro tra domanda e offerta.<\/p>\n<p>Le carte con un valore sono dei gettoni digitali e sono distribuite in un numero fisso e limitato nella blockchain. Queste carte possono essere utilizzate nel gioco solo da chi le ha nel proprio account.<\/p>\n<p>La regola per l&#8217;utilizzo di queste carte \u00e8 una per competizione. Questo significa che se tu desiderassi utilizzare lo stesso stadio(e.s Santiago Benabeu) in pi\u00f9 gare contemporaneamente ,avrai bisogno di possedere pi\u00f9 carte di quest&#8217;ultimo. Il numero di gare che puoi organizzare nello stesso tempo dipender\u00e0 dal numero di carte stadio che hai nel tuo portafoglio.<\/p>\n<p>[redbox]IL GRADO DELLO STADIO E&#8217; BASATO SU QUANTI POSTI A SEDERE HANNO NELLA REALTA&#8217;.[\/redbox]<\/p>\n<p>Chi possiede uno stadio con un valore associato pu\u00f2 organizzare H2H(Head-to-Head), Double-up o tornei, a seconda di ci\u00f2 che preferisce.<\/p>\n<p>Il numero di chi pu\u00f2 iscriversi alle gare \u00e8 determinato nella seguente maniera:<\/p>\n<p><strong>Stadio di grado 3 *<\/strong><\/p>\n<ul>\n<li>capacit\u00e0 di 30.001 \u2013 45.000 posti a sedere possono avere un massimo di 55 partecipanti alla competizione;<\/li>\n<\/ul>\n<p><strong>Stadium ranked 4 *<\/strong><\/p>\n<ul>\n<li>capacit\u00e0 di\u00a0 40.001 \u2013 60.000 possono avere al massimo 110 partecipanti alla competizione;<\/li>\n<\/ul>\n<p><strong>Stadium ranked 5 *<\/strong><\/p>\n<ul>\n<li>capacit\u00e0 di &gt; 60.001 posti a sedere possono avere un numero illimitato di partecipanti.<\/li>\n<\/ul>\n<p>&nbsp;<\/p>\n<h3><strong>Guadagni per il Manager della competizione<\/strong><\/h3>\n<p><strong>I guadagni di questo manager si basano sul grado delle carte stadio. Ci\u00f2 accade nel seguente modo:<\/strong><\/p>\n<ul>\n<li><span style=\"font-size: 30px;font-weight: bold\">5%<\/span> del prezzo totale per stadi a 5*<\/li>\n<li><span style=\"font-size: 30px;font-weight: bold\">4%<\/span>del prezzo totale per stadi a 4*<\/li>\n<li><span style=\"font-size: 30px;font-weight: bold\">3%<\/span>\u00a0del prezzo totale per stadi a 3*<\/li>\n<\/ul>\n<p><em>Per esempio, se il manager della competizione possiede uno stadio a 5* stelle e organizza una competizione dove la quota di entrata \u00e8 100 XFC e ci sono 1.000 utenti che si iscrivono a questa competizione,il valore totale di quest&#8217;ultima \u00e8 100&#215;1.000=100.000 XFC. Quindi il 5% = 5.000 XFC saranno il guadagno del manager della competizione.<\/em><\/p>\n<p><strong>Il numero totale delle carte (gettoni) generati per ogni stadio di calcio \u00e8 determinato nell&#8217;economia di FootballCoin in questo modo:<\/strong><\/p>\n<p>[one_third]<br \/>\nStadio di rango 3 *<\/p>\n<h3>500<\/h3>\n<p>carte rilasciate in totale;<br \/>\n[\/one_third]<br \/>\n[one_third]<br \/>\nStadio di rango 4 *<\/p>\n<h3>300<\/h3>\n<p>carte rilasciate in totale;<br \/>\n[\/one_third]<\/p>\n<p>queste carte giocatore possono essere scambiate dagli utenti(in cambio di XFC) nel mercato di gioco. Il prezzo \u00e8 determinato dall&#8217;incontro tra domanda e offerta.<\/p>\n<p>Le carte con un valore sono dei gettoni digitali e sono distribuite in un numero fisso e limitato nella blockchain. Queste carte possono essere utilizzate nel gioco solo da chi le ha nel proprio account.<\/p>\n<p>Stadio di rango 5*<\/p>\n<h3>150<\/h3>\n<p>carte rilasciate in totale;<br \/>\n[\/one_third_last]<\/p>\n<p><strong>La distribuzione delle carte stadio sar\u00e0 fatta in questo modo:<\/strong><br \/>\n(per il numero totale di carte rilasciate per ogni stadio)<br \/>\n[one_third]<\/p>\n<h3>20%<\/h3>\n<p>riserve per i fondatori,<br \/>\n[\/one_third]<br \/>\n[one_third]<\/p>\n<h3>5%<\/h3>\n<p>riserve per i partner,<\/p>\n<p>[\/one_third]<br \/>\n[one_third_last]<\/p>\n<p>&nbsp;<\/p>\n<h3>75%<\/h3>\n<p>da mettere in saldo progressivamente in una transfer window regolare.<br \/>\n[\/one_third_last]<\/p>\n<p><strong>Il numero totale delle carte stadio che sono state messe in saldo nella transfer window \u00e8 strettamente collegata al rango di queste ultime e al numero totale di utenti che utilizzano il gioco nel seguente modo:<\/strong><\/p>\n<p>[one_third]<\/p>\n<h5>3 * grado<\/h5>\n<p>\u2013un massimo di 2.5% del numero totale degli utenti;<br \/>\n[\/one_third]<br \/>\n[one_third]<\/p>\n<h5>4 * grado<\/h5>\n<p>\u2013 un massimo dell&#8217;1% del numero totale degli utenti;<br \/>\n[\/one_third]<br \/>\n[one_third_last]<\/p>\n<h5>5 * grado<\/h5>\n<p>\u2013 un massimo del 0.5% del numero totale degli utenti;<br \/>\n[\/one_third_last]<\/p>\n<p><em>Per esempio se per uno stadio di cinque stelle di grado ci devono essere 150 carte rilasciate prograssivamente fino a che il numero di utenti arriva a 30.000,dopo che questi ultimi sorpassano i 30.000 le carte diventeranno pi\u00f9 rare del 0.5% di margine iniziale.<\/em><\/p>\n<p>i guadagni degli stadi durante i saldi verranno utilizzati nei seguenti modi:<\/p>\n<p>[one_third]<\/p>\n<h5>50%<\/h5>\n<p>usati per migliorare il gioco<br \/>\n[\/one_third]<br \/>\n[one_third]<\/p>\n<h5>25%<\/h5>\n<p>per la promozione e il marketing;<br \/>\n[\/one_third]<br \/>\n[one_third_last]<\/p>\n<h5>25%<\/h5>\n<p>per i premi e i bonus garantiti nel gioco.<\/p>\n<p>[\/one_third_last]<\/p>\n<p>&nbsp;<\/p>\n","protected":false},"excerpt":{"rendered":"<p>Nell&#8217;economia di FootballCoin, chi possiede una carta stadio pu\u00f2 avere il ruolo di Manager della competizione e pu\u00f2 organizzare le proprie gare a seconda del grado dello stadio in loro possesso. Ci sono due tipi di stadio che si basano sul sistema di assegnazione del grado: Le carte stadio gratuite Queste carte sono generate per [&hellip;]<\/p>\n","protected":false},"author":29,"featured_media":0,"parent":0,"menu_order":0,"comment_status":"closed","ping_status":"closed","template":"","meta":{"footnotes":""},"class_list":["post-44879","page","type-page","status-publish","hentry"],"yoast_head":"<!-- This site is optimized with the Yoast SEO plugin v27.2 - https:\/\/yoast.com\/product\/yoast-seo-wordpress\/ -->\n<title>Distribuzione delle carte stadio - FootballCoin Italy<\/title>\n<meta name=\"robots\" content=\"index, follow, max-snippet:-1, max-image-preview:large, max-video-preview:-1\" \/>\n<link rel=\"canonical\" href=\"https:\/\/www.footballcoin.io\/it\/stadium-cards-distribution\/\" \/>\n<meta property=\"og:locale\" content=\"it_IT\" \/>\n<meta property=\"og:type\" content=\"article\" \/>\n<meta property=\"og:title\" content=\"Distribuzione delle carte stadio - FootballCoin Italy\" \/>\n<meta property=\"og:description\" content=\"Nell&#8217;economia di FootballCoin, chi possiede una carta stadio pu\u00f2 avere il ruolo di Manager della competizione e pu\u00f2 organizzare le proprie gare a seconda del grado dello stadio in loro possesso. Ci sono due tipi di stadio che si basano sul sistema di assegnazione del grado: Le carte stadio gratuite Queste carte sono generate per [&hellip;]\" \/>\n<meta property=\"og:url\" content=\"https:\/\/www.footballcoin.io\/it\/stadium-cards-distribution\/\" \/>\n<meta property=\"og:site_name\" content=\"FootballCoin Italy\" \/>\n<meta property=\"article:modified_time\" content=\"2018-06-20T09:06:11+00:00\" \/>\n<meta property=\"og:image\" content=\"https:\/\/cdn.footballcoin.io\/wp-content\/uploads\/2017\/12\/stadium__d549fd-205x300.png\" \/>\n<meta name=\"twitter:card\" content=\"summary_large_image\" \/>\n<meta name=\"twitter:label1\" content=\"Tempo di lettura stimato\" \/>\n\t<meta name=\"twitter:data1\" content=\"4 minutes\" \/>\n<script type=\"application\/ld+json\" class=\"yoast-schema-graph\">{\"@context\":\"https:\/\/schema.org\",\"@graph\":[{\"@type\":\"WebPage\",\"@id\":\"https:\/\/www.footballcoin.io\/it\/stadium-cards-distribution\/\",\"url\":\"https:\/\/www.footballcoin.io\/it\/stadium-cards-distribution\/\",\"name\":\"Distribuzione delle carte stadio - FootballCoin Italy\",\"isPartOf\":{\"@id\":\"https:\/\/www.footballcoin.io\/it\/#website\"},\"primaryImageOfPage\":{\"@id\":\"https:\/\/www.footballcoin.io\/it\/stadium-cards-distribution\/#primaryimage\"},\"image\":{\"@id\":\"https:\/\/www.footballcoin.io\/it\/stadium-cards-distribution\/#primaryimage\"},\"thumbnailUrl\":\"https:\/\/cdn.footballcoin.io\/wp-content\/uploads\/2017\/12\/stadium__d549fd-205x300.png\",\"datePublished\":\"2017-12-11T11:55:47+00:00\",\"dateModified\":\"2018-06-20T09:06:11+00:00\",\"breadcrumb\":{\"@id\":\"https:\/\/www.footballcoin.io\/it\/stadium-cards-distribution\/#breadcrumb\"},\"inLanguage\":\"it-IT\",\"potentialAction\":[{\"@type\":\"ReadAction\",\"target\":[\"https:\/\/www.footballcoin.io\/it\/stadium-cards-distribution\/\"]}]},{\"@type\":\"ImageObject\",\"inLanguage\":\"it-IT\",\"@id\":\"https:\/\/www.footballcoin.io\/it\/stadium-cards-distribution\/#primaryimage\",\"url\":\"https:\/\/cdn.footballcoin.io\/wp-content\/uploads\/2017\/12\/stadium__d549fd-205x300.png\",\"contentUrl\":\"https:\/\/cdn.footballcoin.io\/wp-content\/uploads\/2017\/12\/stadium__d549fd-205x300.png\"},{\"@type\":\"BreadcrumbList\",\"@id\":\"https:\/\/www.footballcoin.io\/it\/stadium-cards-distribution\/#breadcrumb\",\"itemListElement\":[{\"@type\":\"ListItem\",\"position\":1,\"name\":\"Home\",\"item\":\"https:\/\/www.footballcoin.io\/it\/\"},{\"@type\":\"ListItem\",\"position\":2,\"name\":\"Distribuzione delle carte stadio\"}]},{\"@type\":\"WebSite\",\"@id\":\"https:\/\/www.footballcoin.io\/it\/#website\",\"url\":\"https:\/\/www.footballcoin.io\/it\/\",\"name\":\"FootballCoin Italy\",\"description\":\"Crea squadre, colleziona giocatori e guadagna denaro reale.\",\"potentialAction\":[{\"@type\":\"SearchAction\",\"target\":{\"@type\":\"EntryPoint\",\"urlTemplate\":\"https:\/\/www.footballcoin.io\/it\/?s={search_term_string}\"},\"query-input\":{\"@type\":\"PropertyValueSpecification\",\"valueRequired\":true,\"valueName\":\"search_term_string\"}}],\"inLanguage\":\"it-IT\"}]}<\/script>\n<!-- \/ Yoast SEO plugin. -->","yoast_head_json":{"title":"Distribuzione delle carte stadio - FootballCoin Italy","robots":{"index":"index","follow":"follow","max-snippet":"max-snippet:-1","max-image-preview":"max-image-preview:large","max-video-preview":"max-video-preview:-1"},"canonical":"https:\/\/www.footballcoin.io\/it\/stadium-cards-distribution\/","og_locale":"it_IT","og_type":"article","og_title":"Distribuzione delle carte stadio - FootballCoin Italy","og_description":"Nell&#8217;economia di FootballCoin, chi possiede una carta stadio pu\u00f2 avere il ruolo di Manager della competizione e pu\u00f2 organizzare le proprie gare a seconda del grado dello stadio in loro possesso. Ci sono due tipi di stadio che si basano sul sistema di assegnazione del grado: Le carte stadio gratuite Queste carte sono generate per [&hellip;]","og_url":"https:\/\/www.footballcoin.io\/it\/stadium-cards-distribution\/","og_site_name":"FootballCoin Italy","article_modified_time":"2018-06-20T09:06:11+00:00","og_image":[{"url":"https:\/\/cdn.footballcoin.io\/wp-content\/uploads\/2017\/12\/stadium__d549fd-205x300.png","type":"","width":"","height":""}],"twitter_card":"summary_large_image","twitter_misc":{"Tempo di lettura stimato":"4 minutes"},"schema":{"@context":"https:\/\/schema.org","@graph":[{"@type":"WebPage","@id":"https:\/\/www.footballcoin.io\/it\/stadium-cards-distribution\/","url":"https:\/\/www.footballcoin.io\/it\/stadium-cards-distribution\/","name":"Distribuzione delle carte stadio - FootballCoin Italy","isPartOf":{"@id":"https:\/\/www.footballcoin.io\/it\/#website"},"primaryImageOfPage":{"@id":"https:\/\/www.footballcoin.io\/it\/stadium-cards-distribution\/#primaryimage"},"image":{"@id":"https:\/\/www.footballcoin.io\/it\/stadium-cards-distribution\/#primaryimage"},"thumbnailUrl":"https:\/\/cdn.footballcoin.io\/wp-content\/uploads\/2017\/12\/stadium__d549fd-205x300.png","datePublished":"2017-12-11T11:55:47+00:00","dateModified":"2018-06-20T09:06:11+00:00","breadcrumb":{"@id":"https:\/\/www.footballcoin.io\/it\/stadium-cards-distribution\/#breadcrumb"},"inLanguage":"it-IT","potentialAction":[{"@type":"ReadAction","target":["https:\/\/www.footballcoin.io\/it\/stadium-cards-distribution\/"]}]},{"@type":"ImageObject","inLanguage":"it-IT","@id":"https:\/\/www.footballcoin.io\/it\/stadium-cards-distribution\/#primaryimage","url":"https:\/\/cdn.footballcoin.io\/wp-content\/uploads\/2017\/12\/stadium__d549fd-205x300.png","contentUrl":"https:\/\/cdn.footballcoin.io\/wp-content\/uploads\/2017\/12\/stadium__d549fd-205x300.png"},{"@type":"BreadcrumbList","@id":"https:\/\/www.footballcoin.io\/it\/stadium-cards-distribution\/#breadcrumb","itemListElement":[{"@type":"ListItem","position":1,"name":"Home","item":"https:\/\/www.footballcoin.io\/it\/"},{"@type":"ListItem","position":2,"name":"Distribuzione delle carte stadio"}]},{"@type":"WebSite","@id":"https:\/\/www.footballcoin.io\/it\/#website","url":"https:\/\/www.footballcoin.io\/it\/","name":"FootballCoin Italy","description":"Crea squadre, colleziona giocatori e guadagna denaro reale.","potentialAction":[{"@type":"SearchAction","target":{"@type":"EntryPoint","urlTemplate":"https:\/\/www.footballcoin.io\/it\/?s={search_term_string}"},"query-input":{"@type":"PropertyValueSpecification","valueRequired":true,"valueName":"search_term_string"}}],"inLanguage":"it-IT"}]}},"_links":{"self":[{"href":"https:\/\/www.footballcoin.io\/it\/wp-json\/wp\/v2\/pages\/44879","targetHints":{"allow":["GET"]}}],"collection":[{"href":"https:\/\/www.footballcoin.io\/it\/wp-json\/wp\/v2\/pages"}],"about":[{"href":"https:\/\/www.footballcoin.io\/it\/wp-json\/wp\/v2\/types\/page"}],"author":[{"embeddable":true,"href":"https:\/\/www.footballcoin.io\/it\/wp-json\/wp\/v2\/users\/29"}],"replies":[{"embeddable":true,"href":"https:\/\/www.footballcoin.io\/it\/wp-json\/wp\/v2\/comments?post=44879"}],"version-history":[{"count":5,"href":"https:\/\/www.footballcoin.io\/it\/wp-json\/wp\/v2\/pages\/44879\/revisions"}],"predecessor-version":[{"id":79051,"href":"https:\/\/www.footballcoin.io\/it\/wp-json\/wp\/v2\/pages\/44879\/revisions\/79051"}],"wp:attachment":[{"href":"https:\/\/www.footballcoin.io\/it\/wp-json\/wp\/v2\/media?parent=44879"}],"curies":[{"name":"wp","href":"https:\/\/api.w.org\/{rel}","templated":true}]}}