{"id":78003,"date":"2019-07-15T12:49:24","date_gmt":"2019-07-15T12:49:24","guid":{"rendered":"https:\/\/www.footballcoin.io\/fr\/?page_id=78003"},"modified":"2019-08-17T08:51:29","modified_gmt":"2019-08-17T08:51:29","slug":"divulgation-responsable","status":"publish","type":"page","link":"https:\/\/www.footballcoin.io\/fr\/divulgation-responsable\/","title":{"rendered":"Divulgation Responsable"},"content":{"rendered":"<p><img decoding=\"async\" src=\"https:\/\/cdn.footballcoin.io\/wp-content\/uploads\/2018\/01\/Banner-Boost-1024x576.png\" alt=\"FootballCoin\" \/><\/p>\n<h2>Sur FootballCoin<\/h2>\n<p><strong>FootballCoin<\/strong> vous donne la possibilit\u00e9 de mettre en valeur vos comp\u00e9tences de manager en vous permettant de cr\u00e9er votre \u00e9quipe de football parfaite. En entrant dans le jeu, vous pourrez vous inscrire \u00e0 des comp\u00e9titions, cr\u00e9er votre \u00e9quipe et gagner des prix en fonction de vos connaissances en football.<\/p>\n<p>Parce que la plateforme fonctionne avec des informations sensibles sur nos utilisateurs, y compris leurs XFC et leurs cartes de joueurs \u00e0 collectionner, nous appr\u00e9cions tous les probl\u00e8mes de s\u00e9curit\u00e9 soulev\u00e9s et nous nous effor\u00e7ons constamment de ma\u00eetriser les derni\u00e8res menaces.<\/p>\n<p>Nous encourageons les chercheurs en s\u00e9curit\u00e9 \u00e0 identifier et \u00e0 soumettre des rapports de vuln\u00e9rabilit\u00e9 concernant tout ce qui est accept\u00e9 par FootballCoin, notamment le site web, l\u2019application et les services.<\/p>\n<h2>Port\u00e9e du Programme \/ Cibles d&rsquo;int\u00e9r\u00eat<\/h2>\n<p><strong>Objectifs dans la port\u00e9e<\/strong><\/p>\n<ul>\n<li>www.footballcoin.io<\/li>\n<li>game.footballcoin.io<\/li>\n<li>Composants du blockchain de XFC (par exemple : blockchain, node, porte-monnaie)<\/li>\n<\/ul>\n<p><strong>Objectifs hors la port\u00e9e<\/strong><\/p>\n<p>Toutes les ressources qui ne sont pas d\u00e9finies dans la port\u00e9e.<\/p>\n<p><strong>Vuln\u00e9rabilit\u00e9s hors la port\u00e9e<\/strong><\/p>\n<ul>\n<li>Vuln\u00e9rabilit\u00e9s th\u00e9oriques sans preuve de concept r\u00e9elle<\/li>\n<li>Lacunes dans la v\u00e9rification de l&rsquo;e-mail, expiration des liens de r\u00e9initialisation du mot de passe et strat\u00e9gies de complexit\u00e9 du mot de passe<\/li>\n<li>Enregistrements SPF (Sender Policy Framework) invalides ou manquants (SPF \/ DKIM \/ DMARC incomplets ou manquants)<\/li>\n<li>Redressement des clics \/ Interface Utilisateur avec un impact minimal sur la s\u00e9curit\u00e9<\/li>\n<li>\u00c9num\u00e9ration des e-mails ou mobiles (par exemple : la capacit\u00e9 d&rsquo;identifier les e-mails via la r\u00e9initialisation du mot de passe)<\/li>\n<li>Divulgation d&rsquo;informations avec un impact minimal sur la s\u00e9curit\u00e9 (par exemple : traces de pile, divulgation de chemin d&rsquo;acc\u00e8s, listes de r\u00e9pertoires, journaux, erreurs d&rsquo;application ou de serveur)<\/li>\n<li>Probl\u00e8mes connus en interne, des probl\u00e8mes en double ou des probl\u00e8mes qui ont d\u00e9j\u00e0 \u00e9t\u00e9 rendus publics<\/li>\n<li>Tab-nabbing<\/li>\n<li>Auto-XSS<\/li>\n<li>Vuln\u00e9rabilit\u00e9s exploitables uniquement sur des navigateurs ou des platesformes obsol\u00e8tes<\/li>\n<li>Vuln\u00e9rabilit\u00e9s li\u00e9es \u00e0 la saisie automatique de formulaires web<\/li>\n<li>Utilisation de biblioth\u00e8ques vuln\u00e9rables connues sans preuve de concept r\u00e9elle<\/li>\n<li>Absence de drapeaux de s\u00e9curit\u00e9 dans les cookies<\/li>\n<li>Probl\u00e8mes li\u00e9s aux suites de chiffrement SSL \/ TLS non s\u00e9curis\u00e9es ou \u00e0 la version du protocole<\/li>\n<li>Usurpation de contenu<\/li>\n<li>Probl\u00e8mes li\u00e9s au contr\u00f4le du cache<\/li>\n<li>Exposition d&rsquo;adresses IP internes ou de domaines<\/li>\n<li>En-t\u00eates de s\u00e9curit\u00e9 manquants qui ne m\u00e8nent pas \u00e0 une exploitation directe<\/li>\n<li>CSRF ayant un impact n\u00e9gligeable sur la s\u00e9curit\u00e9 (par exemple : ajouter des favoris, ajouter au panier, s&rsquo;abonner \u00e0 une fonctionnalit\u00e9 non critique)<\/li>\n<li>Probl\u00e8mes sans impact sur la s\u00e9curit\u00e9 (par exemple : impossible de charger une page web)<\/li>\n<li>Biens n&rsquo;appartenant pas \u00e0 FootballCoin<\/li>\n<li>Phishing (par exemple : Phishing dans l&rsquo;Authentification de Base HTTP), Spam ou Ing\u00e9nierie Sociale<\/li>\n<li>Vuln\u00e9rabilit\u00e9s de CORS sans Validation de Principe<\/li>\n<li>Absence de Limites Tarifaires<\/li>\n<\/ul>\n<p><strong>Actions et tests \u00e0 \u00e9viter<\/strong><\/p>\n<ul>\n<li>Test de comptes autres que ceux que vous poss\u00e9dez<\/li>\n<li>Utilisation d&rsquo;outils de test automatiques tels que les scanners de vuln\u00e9rabilit\u00e9, la force brute, etc.<\/li>\n<li>Causer ou tenter de causer une condition de D\u00e9ni de Service (DoS)<\/li>\n<li>Destruction de donn\u00e9es<\/li>\n<li>Analyses de vuln\u00e9rabilit\u00e9 automatis\u00e9es sont strictement interdites<\/li>\n<li>En aucun cas, n&rsquo;attaquez nos utilisateurs finaux et ne vous engagez pas dans le commerce d&rsquo;informations d&rsquo;identification d&rsquo;utilisateur vol\u00e9es<\/li>\n<li>Pas de phishing<\/li>\n<li>Ne pas utiliser de techniques de chantage pour demander des gains financiers<\/li>\n<\/ul>\n<h2>Comment signaler les vuln\u00e9rabilit\u00e9s de s\u00e9curit\u00e9 ?<\/h2>\n<p>Nous utilisons la m\u00e9thode d\u2019\u00e9valuation des risques <a href=\"https:\/\/www.owasp.org\/index.php\/OWASP_Risk_Rating_Methodology\">OWASP<\/a> pour d\u00e9terminer le niveau de menace du bogue pour les informations du site web et \/ ou du r\u00e9seau XFC. Vous pouvez nous envoyer un message avec votre r\u00e9sultat \u00e0 security@footballcoin.io, en tenant compte des \u00e9tapes suivantes attendues par l&rsquo;engagement :<\/p>\n<p>1. Envoyez-nous une br\u00e8ve description de la vuln\u00e9rabilit\u00e9 qui devrait contenir au moins les \u00e9l\u00e9ments suivants :<\/p>\n<ul>\n<li style=\"list-style-type: none;\">\n<ul>\n<li>Titre de la vuln\u00e9rabilit\u00e9<\/li>\n<li>La page concern\u00e9e \/ url \/ ip \/ service<\/li>\n<li>\u00c9tapes pour reproduire le probl\u00e8me<\/li>\n<li>Preuve de vuln\u00e9rabilit\u00e9<\/li>\n<li>Impact (bas\u00e9 sur la m\u00e9thodologie d\u2019\u00e9valuation des risques OWASP)<\/li>\n<li>Comment r\u00e9soudre le probl\u00e8me<\/li>\n<\/ul>\n<\/li>\n<\/ul>\n<p>2. Une fois soumis, nous vous confirmerons que nous avons re\u00e7u votre rapport avec une r\u00e9ponse non automatis\u00e9e dans un d\u00e9lai de 7 jours et fournissons un plan de r\u00e9ponse d\u00e9taill\u00e9, le cas \u00e9ch\u00e9ant. Le rapport sera v\u00e9rifi\u00e9 par des sp\u00e9cialistes tiers ind\u00e9pendants en s\u00e9curit\u00e9 de <a href=\"https:\/\/bit-sentinel.com\/\">Bit Sentinel<\/a>, un fournisseur de services de cybers\u00e9curit\u00e9 ayant pour mission de prot\u00e9ger les entreprises contre les cyber-menaces.<\/p>\n<p>3. Nous confirmons le probl\u00e8me et commen\u00e7ons \u00e0 travailler sur un patch.<\/p>\n<p>4. Nous confirmons que nous avons r\u00e9solu le probl\u00e8me et vous demandons de retester le bogue.<\/p>\n<p>5. Vous serez ajout\u00e9 au <em>Hall of Fame<\/em> et, si la vuln\u00e9rabilit\u00e9 est accept\u00e9e comme r\u00e9compense, vous serez r\u00e9compens\u00e9.<\/p>\n<p>6. La vuln\u00e9rabilit\u00e9 peut \u00eatre divulgu\u00e9e et publi\u00e9e de mani\u00e8re responsable apr\u00e8s avoir donn\u00e9 notre consentement, mais au plus t\u00f4t 60 jours calendaires apr\u00e8s l\u2019avoir inform\u00e9 de FootballCoin ; la divulgation ne doit contenir aucune information sensible concernant notre technologie ou les informations de nos clients.<\/p>\n<p>Veuillez noter que nous acceptons \u00e9galement les soumissions anonymes.<\/p>\n<h2>R\u00e9compenses<\/h2>\n<p>Toute vuln\u00e9rabilit\u00e9 signal\u00e9e et accept\u00e9e par les sp\u00e9cialistes tiers ind\u00e9pendants en s\u00e9curit\u00e9 de Bit Sentinel appara\u00eetra dans le <em>Hall of Fame<\/em> dans un d\u00e9lai maximum de 30 jours apr\u00e8s la confirmation du bogue.<\/p>\n<p>Nous pouvons offrir des r\u00e9compenses sous forme de XFC ou de cartes de joueurs \u00e0 collectionner pour les rapports comportant des vuln\u00e9rabilit\u00e9s critiques, mais ce type de r\u00e9compense n\u2019est pas garanti pour le moment.<\/p>\n<p>Nous n&rsquo;offrirons pas de r\u00e9compenses aux personnes figurant sur les listes de sanctions ou aux pays figurant sur les listes de sanctions. Toutes les cons\u00e9quences fiscales rel\u00e8vent de votre enti\u00e8re responsabilit\u00e9, en fonction de votre pays de r\u00e9sidence et de votre nationalit\u00e9. De plus, d&rsquo;autres restrictions peuvent s&rsquo;appliquer, en fonction \u00e9galement de votre l\u00e9gislation locale.<\/p>\n<h2>Hall of Fame<\/h2>\n<p>Nous souhaitons remercier tous les chercheurs en s\u00e9curit\u00e9 qui nous ont aid\u00e9s \u00e0 am\u00e9liorer la s\u00e9curit\u00e9 de notre produit. Une mention sp\u00e9ciale va \u00e0 ce qui suit :<\/p>\n<ul>\n<li><a href=\"http:\/\/www.linkedin.com\/in\/tirtha-mandal-794989b7\" target=\"_blank\" rel=\"nofollow noopener noreferrer\">Tirtha Mandal<\/a><\/li>\n<li><a href=\"https:\/\/www.linkedin.com\/in\/niteshusharma\/\" target=\"_blank\" rel=\"nofollow noopener noreferrer\">Nitesh Sharma<\/a><\/li>\n<\/ul>\n<h2>Notre Engagement<\/h2>\n<p>Si vos actions sont effectu\u00e9es de bonne foi et respectent cette politique, nous nous engageons \u00e0 :<\/p>\n<ul>\n<li>Les informations que vous partagez avec nous dans le cadre de ce processus resteront confidentielles au sein de FootballCoin et de nos fournisseurs sous-traitants directement impliqu\u00e9s dans ce processus. Il ne sera pas partag\u00e9 avec des tiers sans votre permission.<\/li>\n<li>Nous n&rsquo;engagerons aucune action en justice contre les chercheurs en s\u00e9curit\u00e9 qui tentent de d\u00e9tecter les vuln\u00e9rabilit\u00e9s de nos syst\u00e8mes qui adh\u00e8rent \u00e0 la pr\u00e9sente politique et n&rsquo;essayent pas d&rsquo;exfiltrer des informations sensibles \u00e0 des fins malveillantes.<\/li>\n<li>Si vous signalez une vuln\u00e9rabilit\u00e9 qui affecte mat\u00e9riellement nos services ou notre infrastructure, nous vous en remercierons avec une reconnaissance publique.<\/li>\n<\/ul>\n<h2>Autres Limitations<\/h2>\n<ul>\n<li>Ce n&rsquo;est pas une comp\u00e9tition, mais plut\u00f4t un programme de r\u00e9compenses exp\u00e9rimental et discr\u00e9tionnaire. Vous devez comprendre que nous pouvons annuler le programme \u00e0 tout moment et que la d\u00e9cision de payer ou non une r\u00e9compense doit \u00eatre enti\u00e8rement \u00e0 notre discr\u00e9tion.<\/li>\n<li>Vos tests ne doivent violer aucune loi, perturber ou compromettre des donn\u00e9es qui ne vous appartiennent pas.<\/li>\n<li>Pour \u00e9viter les conflits d&rsquo;int\u00e9r\u00eats potentiels, nous n&rsquo;accorderons aucune r\u00e9compense aux personnes employ\u00e9es par les soci\u00e9t\u00e9s FootballCoin qui d\u00e9veloppent du code pour les appareils couverts par ce programme.<\/li>\n<li>Le cas \u00e9ch\u00e9ant, FootballCoin coordonnera avec vous la notification publique d&rsquo;une vuln\u00e9rabilit\u00e9 valid\u00e9e. Dans la mesure du possible, nous pr\u00e9f\u00e9rerions que nos d\u00e9clarations publiques respectives soient affich\u00e9es simultan\u00e9ment.<\/li>\n<\/ul>\n","protected":false},"excerpt":{"rendered":"<p>Sur FootballCoin FootballCoin vous donne la possibilit\u00e9 de mettre en valeur vos comp\u00e9tences de manager en vous permettant de cr\u00e9er votre \u00e9quipe de football parfaite. En entrant dans le jeu, vous pourrez vous inscrire \u00e0 des comp\u00e9titions, cr\u00e9er votre \u00e9quipe et gagner des prix en fonction de vos connaissances en football. Parce que la plateforme [&hellip;]<\/p>\n","protected":false},"author":15,"featured_media":0,"parent":0,"menu_order":0,"comment_status":"closed","ping_status":"closed","template":"","meta":{"footnotes":""},"class_list":["post-78003","page","type-page","status-publish","hentry"],"yoast_head":"<!-- This site is optimized with the Yoast SEO plugin v27.2 - https:\/\/yoast.com\/product\/yoast-seo-wordpress\/ -->\n<title>Divulgation Responsable - FootballCoin France<\/title>\n<meta name=\"description\" content=\"Voici une liste des responsabilit\u00e9s et des moyens de communication entre les d\u00e9veloppeurs de FootballCoin et ceux qui contribuent \u00e0 l\u2019am\u00e9lioration du jeu.\" \/>\n<meta name=\"robots\" content=\"index, follow, max-snippet:-1, max-image-preview:large, max-video-preview:-1\" \/>\n<link rel=\"canonical\" href=\"https:\/\/www.footballcoin.io\/fr\/divulgation-responsable\/\" \/>\n<meta property=\"og:locale\" content=\"fr_FR\" \/>\n<meta property=\"og:type\" content=\"article\" \/>\n<meta property=\"og:title\" content=\"Divulgation Responsable - FootballCoin France\" \/>\n<meta property=\"og:description\" content=\"Voici une liste des responsabilit\u00e9s et des moyens de communication entre les d\u00e9veloppeurs de FootballCoin et ceux qui contribuent \u00e0 l\u2019am\u00e9lioration du jeu.\" \/>\n<meta property=\"og:url\" content=\"https:\/\/www.footballcoin.io\/fr\/divulgation-responsable\/\" \/>\n<meta property=\"og:site_name\" content=\"FootballCoin France\" \/>\n<meta property=\"article:modified_time\" content=\"2019-08-17T08:51:29+00:00\" \/>\n<meta property=\"og:image\" content=\"https:\/\/cdn.footballcoin.io\/wp-content\/uploads\/2018\/01\/Banner-Boost-1024x576.png\" \/>\n<meta name=\"twitter:card\" content=\"summary_large_image\" \/>\n<meta name=\"twitter:label1\" content=\"Dur\u00e9e de lecture estim\u00e9e\" \/>\n\t<meta name=\"twitter:data1\" content=\"7 minutes\" \/>\n<script type=\"application\/ld+json\" class=\"yoast-schema-graph\">{\"@context\":\"https:\/\/schema.org\",\"@graph\":[{\"@type\":\"WebPage\",\"@id\":\"https:\/\/www.footballcoin.io\/fr\/divulgation-responsable\/\",\"url\":\"https:\/\/www.footballcoin.io\/fr\/divulgation-responsable\/\",\"name\":\"Divulgation Responsable - FootballCoin France\",\"isPartOf\":{\"@id\":\"https:\/\/www.footballcoin.io\/fr\/#website\"},\"primaryImageOfPage\":{\"@id\":\"https:\/\/www.footballcoin.io\/fr\/divulgation-responsable\/#primaryimage\"},\"image\":{\"@id\":\"https:\/\/www.footballcoin.io\/fr\/divulgation-responsable\/#primaryimage\"},\"thumbnailUrl\":\"https:\/\/cdn.footballcoin.io\/wp-content\/uploads\/2018\/01\/Banner-Boost-1024x576.png\",\"datePublished\":\"2019-07-15T12:49:24+00:00\",\"dateModified\":\"2019-08-17T08:51:29+00:00\",\"description\":\"Voici une liste des responsabilit\u00e9s et des moyens de communication entre les d\u00e9veloppeurs de FootballCoin et ceux qui contribuent \u00e0 l\u2019am\u00e9lioration du jeu.\",\"breadcrumb\":{\"@id\":\"https:\/\/www.footballcoin.io\/fr\/divulgation-responsable\/#breadcrumb\"},\"inLanguage\":\"fr-FR\",\"potentialAction\":[{\"@type\":\"ReadAction\",\"target\":[\"https:\/\/www.footballcoin.io\/fr\/divulgation-responsable\/\"]}]},{\"@type\":\"ImageObject\",\"inLanguage\":\"fr-FR\",\"@id\":\"https:\/\/www.footballcoin.io\/fr\/divulgation-responsable\/#primaryimage\",\"url\":\"https:\/\/cdn.footballcoin.io\/wp-content\/uploads\/2018\/01\/Banner-Boost-1024x576.png\",\"contentUrl\":\"https:\/\/cdn.footballcoin.io\/wp-content\/uploads\/2018\/01\/Banner-Boost-1024x576.png\"},{\"@type\":\"BreadcrumbList\",\"@id\":\"https:\/\/www.footballcoin.io\/fr\/divulgation-responsable\/#breadcrumb\",\"itemListElement\":[{\"@type\":\"ListItem\",\"position\":1,\"name\":\"Home\",\"item\":\"https:\/\/www.footballcoin.io\/fr\/\"},{\"@type\":\"ListItem\",\"position\":2,\"name\":\"Divulgation Responsable\"}]},{\"@type\":\"WebSite\",\"@id\":\"https:\/\/www.footballcoin.io\/fr\/#website\",\"url\":\"https:\/\/www.footballcoin.io\/fr\/\",\"name\":\"FootballCoin France\",\"description\":\"Just another FootballCoin.io site\",\"potentialAction\":[{\"@type\":\"SearchAction\",\"target\":{\"@type\":\"EntryPoint\",\"urlTemplate\":\"https:\/\/www.footballcoin.io\/fr\/?s={search_term_string}\"},\"query-input\":{\"@type\":\"PropertyValueSpecification\",\"valueRequired\":true,\"valueName\":\"search_term_string\"}}],\"inLanguage\":\"fr-FR\"}]}<\/script>\n<!-- \/ Yoast SEO plugin. -->","yoast_head_json":{"title":"Divulgation Responsable - FootballCoin France","description":"Voici une liste des responsabilit\u00e9s et des moyens de communication entre les d\u00e9veloppeurs de FootballCoin et ceux qui contribuent \u00e0 l\u2019am\u00e9lioration du jeu.","robots":{"index":"index","follow":"follow","max-snippet":"max-snippet:-1","max-image-preview":"max-image-preview:large","max-video-preview":"max-video-preview:-1"},"canonical":"https:\/\/www.footballcoin.io\/fr\/divulgation-responsable\/","og_locale":"fr_FR","og_type":"article","og_title":"Divulgation Responsable - FootballCoin France","og_description":"Voici une liste des responsabilit\u00e9s et des moyens de communication entre les d\u00e9veloppeurs de FootballCoin et ceux qui contribuent \u00e0 l\u2019am\u00e9lioration du jeu.","og_url":"https:\/\/www.footballcoin.io\/fr\/divulgation-responsable\/","og_site_name":"FootballCoin France","article_modified_time":"2019-08-17T08:51:29+00:00","og_image":[{"url":"https:\/\/cdn.footballcoin.io\/wp-content\/uploads\/2018\/01\/Banner-Boost-1024x576.png","type":"","width":"","height":""}],"twitter_card":"summary_large_image","twitter_misc":{"Dur\u00e9e de lecture estim\u00e9e":"7 minutes"},"schema":{"@context":"https:\/\/schema.org","@graph":[{"@type":"WebPage","@id":"https:\/\/www.footballcoin.io\/fr\/divulgation-responsable\/","url":"https:\/\/www.footballcoin.io\/fr\/divulgation-responsable\/","name":"Divulgation Responsable - FootballCoin France","isPartOf":{"@id":"https:\/\/www.footballcoin.io\/fr\/#website"},"primaryImageOfPage":{"@id":"https:\/\/www.footballcoin.io\/fr\/divulgation-responsable\/#primaryimage"},"image":{"@id":"https:\/\/www.footballcoin.io\/fr\/divulgation-responsable\/#primaryimage"},"thumbnailUrl":"https:\/\/cdn.footballcoin.io\/wp-content\/uploads\/2018\/01\/Banner-Boost-1024x576.png","datePublished":"2019-07-15T12:49:24+00:00","dateModified":"2019-08-17T08:51:29+00:00","description":"Voici une liste des responsabilit\u00e9s et des moyens de communication entre les d\u00e9veloppeurs de FootballCoin et ceux qui contribuent \u00e0 l\u2019am\u00e9lioration du jeu.","breadcrumb":{"@id":"https:\/\/www.footballcoin.io\/fr\/divulgation-responsable\/#breadcrumb"},"inLanguage":"fr-FR","potentialAction":[{"@type":"ReadAction","target":["https:\/\/www.footballcoin.io\/fr\/divulgation-responsable\/"]}]},{"@type":"ImageObject","inLanguage":"fr-FR","@id":"https:\/\/www.footballcoin.io\/fr\/divulgation-responsable\/#primaryimage","url":"https:\/\/cdn.footballcoin.io\/wp-content\/uploads\/2018\/01\/Banner-Boost-1024x576.png","contentUrl":"https:\/\/cdn.footballcoin.io\/wp-content\/uploads\/2018\/01\/Banner-Boost-1024x576.png"},{"@type":"BreadcrumbList","@id":"https:\/\/www.footballcoin.io\/fr\/divulgation-responsable\/#breadcrumb","itemListElement":[{"@type":"ListItem","position":1,"name":"Home","item":"https:\/\/www.footballcoin.io\/fr\/"},{"@type":"ListItem","position":2,"name":"Divulgation Responsable"}]},{"@type":"WebSite","@id":"https:\/\/www.footballcoin.io\/fr\/#website","url":"https:\/\/www.footballcoin.io\/fr\/","name":"FootballCoin France","description":"Just another FootballCoin.io site","potentialAction":[{"@type":"SearchAction","target":{"@type":"EntryPoint","urlTemplate":"https:\/\/www.footballcoin.io\/fr\/?s={search_term_string}"},"query-input":{"@type":"PropertyValueSpecification","valueRequired":true,"valueName":"search_term_string"}}],"inLanguage":"fr-FR"}]}},"_links":{"self":[{"href":"https:\/\/www.footballcoin.io\/fr\/wp-json\/wp\/v2\/pages\/78003","targetHints":{"allow":["GET"]}}],"collection":[{"href":"https:\/\/www.footballcoin.io\/fr\/wp-json\/wp\/v2\/pages"}],"about":[{"href":"https:\/\/www.footballcoin.io\/fr\/wp-json\/wp\/v2\/types\/page"}],"author":[{"embeddable":true,"href":"https:\/\/www.footballcoin.io\/fr\/wp-json\/wp\/v2\/users\/15"}],"replies":[{"embeddable":true,"href":"https:\/\/www.footballcoin.io\/fr\/wp-json\/wp\/v2\/comments?post=78003"}],"version-history":[{"count":6,"href":"https:\/\/www.footballcoin.io\/fr\/wp-json\/wp\/v2\/pages\/78003\/revisions"}],"predecessor-version":[{"id":78136,"href":"https:\/\/www.footballcoin.io\/fr\/wp-json\/wp\/v2\/pages\/78003\/revisions\/78136"}],"wp:attachment":[{"href":"https:\/\/www.footballcoin.io\/fr\/wp-json\/wp\/v2\/media?parent=78003"}],"curies":[{"name":"wp","href":"https:\/\/api.w.org\/{rel}","templated":true}]}}