{"id":75797,"date":"2017-12-13T13:04:35","date_gmt":"2017-12-13T13:04:35","guid":{"rendered":"https:\/\/www.footballcoin.io\/?page_id=75797"},"modified":"2019-09-16T10:33:10","modified_gmt":"2019-09-16T10:33:10","slug":"scoring-system","status":"publish","type":"page","link":"https:\/\/www.footballcoin.io\/fr\/scoring-system\/","title":{"rendered":"Syst\u00e8me de notation"},"content":{"rendered":"<p><strong>Le syst\u00e8me de notation FootballCoin standard comprend une base de r\u00e9f\u00e9rence bien connue de statistiques \/ points de valeur con\u00e7us pour promouvoir l&rsquo;\u00e9quilibre entre les diff\u00e9rentes positions des joueurs.<\/strong><\/p>\n<h3><strong>NOTATION DES JOUEURS<\/strong><\/h3>\n<div class=\"tab\">\n  <button class=\"tablinks easy-link-new\" onclick=\"openTable(event, 'EASY')\" id=\"defaultOpen\">EASY<\/button><br \/>\n  <button class=\"tablinks pro-link-new\" onclick=\"openTable(event, 'PRO')\">PRO<\/button>\n<\/div>\n<div id=\"EASY\" class=\"tabcontent\">\n<table id=\"table_1\" class=\"responsive display nowrap data-t wpDataTable dataTable no-footer\" style=\"height: 750px;\" role=\"grid\" width=\"345\" data-described-by=\"table_1_desc\" data-wpdatatable_id=\"4\" aria-describedby=\"table_1_info\">\n<tbody>\n<tr>\n<th>Player ( EASY )<\/th>\n<th>GK<\/th>\n<th>DEF<\/th>\n<th>MID<\/th>\n<th>ATT<\/th>\n<\/tr>\n<tr class=\"odd\" role=\"row\">\n<td class=\" column-statistics\">Substitu\u00e9 &#8211; Entr\u00e9<\/td>\n<td class=\" column-goalkeeper\">2.00<\/td>\n<td class=\" column-defender\">2.00<\/td>\n<td class=\" column-middlefield\">2.00<\/td>\n<td class=\" column-forward\">2.00<\/td>\n<\/tr>\n<tr class=\"even\" role=\"row\">\n<td class=\" column-statistics\">Substitu\u00e9 &#8211; Sorti<\/td>\n<td class=\" column-goalkeeper\">-1.00<\/td>\n<td class=\" column-defender\">-1.00<\/td>\n<td class=\" column-middlefield\">-1.00<\/td>\n<td class=\" column-forward\">-1.00<\/td>\n<\/tr>\n<tr class=\"odd\" role=\"row\">\n<td class=\" column-statistics\">Buts Marqu\u00e9s<\/td>\n<td class=\" column-goalkeeper\">15.00<\/td>\n<td class=\" column-defender\">12.00<\/td>\n<td class=\" column-middlefield\">10.00<\/td>\n<td class=\" column-forward\">8.00<\/td>\n<\/tr>\n<tr class=\"even\" role=\"row\">\n<td class=\" column-statistics\">Passes De But<\/td>\n<td class=\" column-goalkeeper\">8.00<\/td>\n<td class=\" column-defender\">6.00<\/td>\n<td class=\" column-middlefield\">4.00<\/td>\n<td class=\" column-forward\">5.00<\/td>\n<\/tr>\n<tr class=\"odd\" role=\"row\">\n<td class=\" column-statistics\">Buts Propres<\/td>\n<td class=\" column-goalkeeper\">-7.00<\/td>\n<td class=\" column-defender\">-8.00<\/td>\n<td class=\" column-middlefield\">-9.00<\/td>\n<td class=\" column-forward\">-10.00<\/td>\n<\/tr>\n<tr class=\"even\" role=\"row\">\n<td class=\" column-statistics\">Cartons Jaunes<\/td>\n<td class=\" column-goalkeeper\">-2.00<\/td>\n<td class=\" column-defender\">-2.00<\/td>\n<td class=\" column-middlefield\">-2.00<\/td>\n<td class=\" column-forward\">-2.00<\/td>\n<\/tr>\n<tr class=\"odd\" role=\"row\">\n<td class=\" column-statistics\">Cartons Jaunes-Rouges<\/td>\n<td class=\" column-goalkeeper\">-3.00<\/td>\n<td class=\" column-defender\">-3.00<\/td>\n<td class=\" column-middlefield\">-3.00<\/td>\n<td class=\" column-forward\">-3.00<\/td>\n<\/tr>\n<tr class=\"even\" role=\"row\">\n<td class=\" column-statistics\">Cartons Rouges<\/td>\n<td class=\" column-goalkeeper\">-6.00<\/td>\n<td class=\" column-defender\">-6.00<\/td>\n<td class=\" column-middlefield\">-6.00<\/td>\n<td class=\" column-forward\">-6.00<\/td>\n<\/tr>\n<tr class=\"odd\" role=\"row\">\n<td class=\" column-statistics\">Buts Encaiss\u00e9s<\/td>\n<td class=\" column-goalkeeper\">-3.00<\/td>\n<td class=\" column-defender\">-1.00<\/td>\n<td class=\" column-middlefield\">-0.50<\/td>\n<td class=\" column-forward\">0.00<\/td>\n<\/tr>\n<tr class=\"even\" role=\"row\">\n<td class=\" column-statistics\">Tirs Sauv\u00e9s<\/td>\n<td class=\" column-goalkeeper\">3.00<\/td>\n<td class=\" column-defender\">0.00<\/td>\n<td class=\" column-middlefield\">0.00<\/td>\n<td class=\" column-forward\">0.00<\/td>\n<\/tr>\n<tr class=\"odd\" role=\"row\">\n<td class=\" column-statistics\">Hors-Jeux<\/td>\n<td class=\" column-goalkeeper\">0.00<\/td>\n<td class=\" column-defender\">-2.00<\/td>\n<td class=\" column-middlefield\">-1.00<\/td>\n<td class=\" column-forward\">-0.50<\/td>\n<\/tr>\n<tr class=\"even\" role=\"row\">\n<td class=\" column-statistics\">Tirs Au But<\/td>\n<td class=\" column-goalkeeper\">8.00<\/td>\n<td class=\" column-defender\">4.00<\/td>\n<td class=\" column-middlefield\">3.00<\/td>\n<td class=\" column-forward\">2.00<\/td>\n<\/tr>\n<tr class=\"odd\" role=\"row\">\n<td class=\" column-statistics\">Tirs Hors But<\/td>\n<td class=\" column-goalkeeper\">4.00<\/td>\n<td class=\" column-defender\">2.00<\/td>\n<td class=\" column-middlefield\">1.00<\/td>\n<td class=\" column-forward\">0.50<\/td>\n<\/tr>\n<tr class=\"even\" role=\"row\">\n<td class=\" column-statistics\">Tirs Bloqu\u00e9s<\/td>\n<td class=\" column-goalkeeper\">0.00<\/td>\n<td class=\" column-defender\">2.00<\/td>\n<td class=\" column-middlefield\">1.50<\/td>\n<td class=\" column-forward\">1.00<\/td>\n<\/tr>\n<tr class=\"odd\" role=\"row\">\n<td class=\" column-statistics\">Tirs Au But Encaiss\u00e9s<\/td>\n<td class=\" column-goalkeeper\">1.00<\/td>\n<td class=\" column-defender\">0.00<\/td>\n<td class=\" column-middlefield\">0.00<\/td>\n<td class=\" column-forward\">0.00<\/td>\n<\/tr>\n<tr class=\"even\" role=\"row\">\n<td class=\" column-statistics\">Tirs Au But Sauv\u00e9s<\/td>\n<td class=\" column-goalkeeper\">7.00<\/td>\n<td class=\" column-defender\">30.00<\/td>\n<td class=\" column-middlefield\">40.00<\/td>\n<td class=\" column-forward\">50.00<\/td>\n<\/tr>\n<tr class=\"odd\" role=\"row\">\n<td class=\" column-statistics\">Minutes Jou\u00e9es<\/td>\n<td class=\" column-goalkeeper\">0.05<\/td>\n<td class=\" column-defender\">0.05<\/td>\n<td class=\" column-middlefield\">0.05<\/td>\n<td class=\" column-forward\">0.05<\/td>\n<\/tr>\n<tr class=\"even\" role=\"row\">\n<td class=\" column-statistics\">Buts Par T\u00eate<\/td>\n<td class=\" column-goalkeeper\">1.00<\/td>\n<td class=\" column-defender\">1.00<\/td>\n<td class=\" column-middlefield\">1.00<\/td>\n<td class=\" column-forward\">1.00<\/td>\n<\/tr>\n<tr class=\"odd\" role=\"row\">\n<td class=\" column-statistics\">Buts Par Tirs Au But<\/td>\n<td class=\" column-goalkeeper\">-1.00<\/td>\n<td class=\" column-defender\">-1.00<\/td>\n<td class=\" column-middlefield\">-1.00<\/td>\n<td class=\" column-forward\">-1.00<\/td>\n<\/tr>\n<tr class=\"even\" role=\"row\">\n<td class=\" column-statistics\">Coups De Coin<\/td>\n<td class=\" column-goalkeeper\">0.00<\/td>\n<td class=\" column-defender\">1.00<\/td>\n<td class=\" column-middlefield\">1.00<\/td>\n<td class=\" column-forward\">1.00<\/td>\n<\/tr>\n<tr class=\"odd\" role=\"row\">\n<td class=\" column-statistics\">Premier Joueur D&rsquo;\u00c9quipe<\/td>\n<td class=\" column-goalkeeper\">5.00<\/td>\n<td class=\" column-defender\">5.00<\/td>\n<td class=\" column-middlefield\">5.00<\/td>\n<td class=\" column-forward\">5.00<\/td>\n<\/tr>\n<tr class=\"even\" role=\"row\">\n<td class=\" column-statistics\">Sans Buts Encaiss\u00e9s<\/td>\n<td class=\" column-goalkeeper\">7.00<\/td>\n<td class=\" column-defender\">3.00<\/td>\n<td class=\" column-middlefield\">1.00<\/td>\n<td class=\" column-forward\">0.00<\/td>\n<\/tr>\n<tr class=\"odd\" role=\"row\">\n<td class=\" column-statistics\">Penalty Commis<\/td>\n<td class=\" column-goalkeeper\">-3.00<\/td>\n<td class=\" column-defender\">-3.00<\/td>\n<td class=\" column-middlefield\">-4.00<\/td>\n<td class=\" column-forward\">-5.00<\/td>\n<\/tr>\n<\/tbody>\n<\/table>\n<\/div>\n<div id=\"PRO\" class=\"tabcontent\">\n<table id=\"table_1\" class=\"responsive display nowrap data-t wpDataTable dataTable no-footer\" style=\"height: 981px;\" role=\"grid\" width=\"345\" data-described-by=\"table_1_desc\" data-wpdatatable_id=\"4\" aria-describedby=\"table_1_info\">\n<tbody>\n<tr>\n<th>Player ( PRO )<\/th>\n<th>GK<\/th>\n<th>DEF<\/th>\n<th>MID<\/th>\n<th>ATT<\/th>\n<\/tr>\n<tr class=\"odd\" role=\"row\">\n<td class=\" column-statistics\">Substitu\u00e9 &#8211; Entr\u00e9<\/td>\n<td class=\" column-goalkeeper\">2.00<\/td>\n<td class=\" column-defender\">2.00<\/td>\n<td class=\" column-middlefield\">2.00<\/td>\n<td class=\" column-forward\">2.00<\/td>\n<\/tr>\n<tr class=\"even\" role=\"row\">\n<td class=\" column-statistics\">Substitu\u00e9 &#8211; Sorti<\/td>\n<td class=\" column-goalkeeper\">-1.00<\/td>\n<td class=\" column-defender\">-1.00<\/td>\n<td class=\" column-middlefield\">-1.00<\/td>\n<td class=\" column-forward\">-1.00<\/td>\n<\/tr>\n<tr class=\"odd\" role=\"row\">\n<td class=\" column-statistics\">Buts Marqu\u00e9s<\/td>\n<td class=\" column-goalkeeper\">15.00<\/td>\n<td class=\" column-defender\">12.00<\/td>\n<td class=\" column-middlefield\">10.00<\/td>\n<td class=\" column-forward\">8.00<\/td>\n<\/tr>\n<tr class=\"even\" role=\"row\">\n<td class=\" column-statistics\">Passes De But<\/td>\n<td class=\" column-goalkeeper\">8.00<\/td>\n<td class=\" column-defender\">6.00<\/td>\n<td class=\" column-middlefield\">4.00<\/td>\n<td class=\" column-forward\">5.00<\/td>\n<\/tr>\n<tr class=\"odd\" role=\"row\">\n<td class=\" column-statistics\">Buts Propres<\/td>\n<td class=\" column-goalkeeper\">-7.00<\/td>\n<td class=\" column-defender\">-8.00<\/td>\n<td class=\" column-middlefield\">-9.00<\/td>\n<td class=\" column-forward\">-10.00<\/td>\n<\/tr>\n<tr class=\"even\" role=\"row\">\n<td class=\" column-statistics\">Cartons Jaunes<\/td>\n<td class=\" column-goalkeeper\">-2.00<\/td>\n<td class=\" column-defender\">-2.00<\/td>\n<td class=\" column-middlefield\">-2.00<\/td>\n<td class=\" column-forward\">-2.00<\/td>\n<\/tr>\n<tr class=\"odd\" role=\"row\">\n<td class=\" column-statistics\">Cartons Jaunes-Rouges<\/td>\n<td class=\" column-goalkeeper\">-3.00<\/td>\n<td class=\" column-defender\">-3.00<\/td>\n<td class=\" column-middlefield\">-3.00<\/td>\n<td class=\" column-forward\">-3.00<\/td>\n<\/tr>\n<tr class=\"even\" role=\"row\">\n<td class=\" column-statistics\">Cartons Rouges<\/td>\n<td class=\" column-goalkeeper\">-6.00<\/td>\n<td class=\" column-defender\">-6.00<\/td>\n<td class=\" column-middlefield\">-6.00<\/td>\n<td class=\" column-forward\">-6.00<\/td>\n<\/tr>\n<tr class=\"odd\" role=\"row\">\n<td class=\" column-statistics\">Interceptions<\/td>\n<td class=\" column-goalkeeper\">0.00<\/td>\n<td class=\" column-defender\">2.00<\/td>\n<td class=\" column-middlefield\">2.00<\/td>\n<td class=\" column-forward\">1.00<\/td>\n<\/tr>\n<tr class=\"even\" role=\"row\">\n<td class=\" column-statistics\">Opportunit\u00e9s Cr\u00e9\u00e9es<\/td>\n<td class=\" column-goalkeeper\">5.00<\/td>\n<td class=\" column-defender\">3.00<\/td>\n<td class=\" column-middlefield\">2.00<\/td>\n<td class=\" column-forward\">1.00<\/td>\n<\/tr>\n<tr class=\"odd\" role=\"row\">\n<td class=\" column-statistics\">Croix R\u00e9ussies<\/td>\n<td class=\" column-goalkeeper\">0.00<\/td>\n<td class=\" column-defender\">2.00<\/td>\n<td class=\" column-middlefield\">1.00<\/td>\n<td class=\" column-forward\">2.00<\/td>\n<\/tr>\n<tr class=\"even\" role=\"row\">\n<td class=\" column-statistics\">Buts Encaiss\u00e9s<\/td>\n<td class=\" column-goalkeeper\">-3.00<\/td>\n<td class=\" column-defender\">-1.00<\/td>\n<td class=\" column-middlefield\">-0.50<\/td>\n<td class=\" column-forward\">0.00<\/td>\n<\/tr>\n<tr class=\"odd\" role=\"row\">\n<td class=\" column-statistics\">Tirs Affront\u00e9s Sauv\u00e9s<\/td>\n<td class=\" column-goalkeeper\">3.00<\/td>\n<td class=\" column-defender\">0.00<\/td>\n<td class=\" column-middlefield\">0.00<\/td>\n<td class=\" column-forward\">0.00<\/td>\n<\/tr>\n<tr class=\"even\" role=\"row\">\n<td class=\" column-statistics\">Fautes Commises<\/td>\n<td class=\" column-goalkeeper\">-0.50<\/td>\n<td class=\" column-defender\">-0.50<\/td>\n<td class=\" column-middlefield\">-0.50<\/td>\n<td class=\" column-forward\">-0.50<\/td>\n<\/tr>\n<tr class=\"odd\" role=\"row\">\n<td class=\" column-statistics\">A \u00c9t\u00e9 Encrass\u00e9<\/td>\n<td class=\" column-goalkeeper\">0.50<\/td>\n<td class=\" column-defender\">0.50<\/td>\n<td class=\" column-middlefield\">0.50<\/td>\n<td class=\" column-forward\">0.50<\/td>\n<\/tr>\n<tr class=\"even\" role=\"row\">\n<td class=\" column-statistics\">Hors-Jeux<\/td>\n<td class=\" column-goalkeeper\">0.00<\/td>\n<td class=\" column-defender\">-2.00<\/td>\n<td class=\" column-middlefield\">-1.00<\/td>\n<td class=\" column-forward\">-0.50<\/td>\n<\/tr>\n<tr class=\"odd\" role=\"row\">\n<td class=\" column-statistics\">Tirs Au But<\/td>\n<td class=\" column-goalkeeper\">8.00<\/td>\n<td class=\" column-defender\">4.00<\/td>\n<td class=\" column-middlefield\">3.00<\/td>\n<td class=\" column-forward\">2.00<\/td>\n<\/tr>\n<tr class=\"even\" role=\"row\">\n<td class=\" column-statistics\">Tirs Hors But<\/td>\n<td class=\" column-goalkeeper\">4.00<\/td>\n<td class=\" column-defender\">2.00<\/td>\n<td class=\" column-middlefield\">1.00<\/td>\n<td class=\" column-forward\">0.50<\/td>\n<\/tr>\n<tr class=\"odd\" role=\"row\">\n<td class=\" column-statistics\">Tirs Bloqu\u00e9s<\/td>\n<td class=\" column-goalkeeper\">0.00<\/td>\n<td class=\" column-defender\">2.00<\/td>\n<td class=\" column-middlefield\">1.50<\/td>\n<td class=\" column-forward\">1.00<\/td>\n<\/tr>\n<tr class=\"even\" role=\"row\">\n<td class=\" column-statistics\">Tirs Au But Encaiss\u00e9s<\/td>\n<td class=\" column-goalkeeper\">1.00<\/td>\n<td class=\" column-defender\">0.00<\/td>\n<td class=\" column-middlefield\">0.00<\/td>\n<td class=\" column-forward\">0.00<\/td>\n<\/tr>\n<tr class=\"odd\" role=\"row\">\n<td class=\" column-statistics\">Tirs Au But Sauv\u00e9s<\/td>\n<td class=\" column-goalkeeper\">7.00<\/td>\n<td class=\" column-defender\">30.00<\/td>\n<td class=\" column-middlefield\">40.00<\/td>\n<td class=\" column-forward\">50.00<\/td>\n<\/tr>\n<tr class=\"even\" role=\"row\">\n<td class=\" column-statistics\">Minutes Jou\u00e9es<\/td>\n<td class=\" column-goalkeeper\">0.05<\/td>\n<td class=\" column-defender\">0.05<\/td>\n<td class=\" column-middlefield\">0.05<\/td>\n<td class=\" column-forward\">0.05<\/td>\n<\/tr>\n<tr class=\"odd\" role=\"row\">\n<td class=\" column-statistics\">Buts Par T\u00eate<\/td>\n<td class=\" column-goalkeeper\">1.00<\/td>\n<td class=\" column-defender\">1.00<\/td>\n<td class=\" column-middlefield\">1.00<\/td>\n<td class=\" column-forward\">1.00<\/td>\n<\/tr>\n<tr class=\"even\" role=\"row\">\n<td class=\" column-statistics\">Buts Par Tirs Au But<\/td>\n<td class=\" column-goalkeeper\">-1.00<\/td>\n<td class=\" column-defender\">-1.00<\/td>\n<td class=\" column-middlefield\">-1.00<\/td>\n<td class=\" column-forward\">-1.00<\/td>\n<\/tr>\n<tr class=\"odd\" role=\"row\">\n<td class=\" column-statistics\">Blocages D\u00e9fensifs<\/td>\n<td class=\" column-goalkeeper\">1.00<\/td>\n<td class=\" column-defender\">1.00<\/td>\n<td class=\" column-middlefield\">1.50<\/td>\n<td class=\" column-forward\">2.00<\/td>\n<\/tr>\n<tr class=\"even\" role=\"row\">\n<td class=\" column-statistics\">Rejet Du Plongeon<\/td>\n<td class=\" column-goalkeeper\">2.00<\/td>\n<td class=\" column-defender\">0.00<\/td>\n<td class=\" column-middlefield\">0.00<\/td>\n<td class=\" column-forward\">0.00<\/td>\n<\/tr>\n<tr class=\"odd\" role=\"row\">\n<td class=\" column-statistics\">Perte De Possession<\/td>\n<td class=\" column-goalkeeper\">0.00<\/td>\n<td class=\" column-defender\">0.00<\/td>\n<td class=\" column-middlefield\">0.00<\/td>\n<td class=\" column-forward\">0.00<\/td>\n<\/tr>\n<tr class=\"even\" role=\"row\">\n<td class=\" column-statistics\">Dribbles<\/td>\n<td class=\" column-goalkeeper\">3.00<\/td>\n<td class=\" column-defender\">2.00<\/td>\n<td class=\" column-middlefield\">1.50<\/td>\n<td class=\" column-forward\">1.50<\/td>\n<\/tr>\n<tr class=\"odd\" role=\"row\">\n<td class=\" column-statistics\">Coups De Coin<\/td>\n<td class=\" column-goalkeeper\">0.00<\/td>\n<td class=\" column-defender\">1.00<\/td>\n<td class=\" column-middlefield\">1.00<\/td>\n<td class=\" column-forward\">1.00<\/td>\n<\/tr>\n<tr class=\"even\" role=\"row\">\n<td class=\" column-statistics\">Passes R\u00e9ussies<\/td>\n<td class=\" column-goalkeeper\">0.20<\/td>\n<td class=\" column-defender\">0.20<\/td>\n<td class=\" column-middlefield\">0.20<\/td>\n<td class=\" column-forward\">0.20<\/td>\n<\/tr>\n<tr class=\"odd\" role=\"row\">\n<td class=\" column-statistics\">Passes Pas R\u00e9ussies<\/td>\n<td class=\" column-goalkeeper\">-0.10<\/td>\n<td class=\" column-defender\">-0.10<\/td>\n<td class=\" column-middlefield\">-0.10<\/td>\n<td class=\" column-forward\">-0.10<\/td>\n<\/tr>\n<tr class=\"even\" role=\"row\">\n<td class=\" column-statistics\">Longues Passes R\u00e9ussies<\/td>\n<td class=\" column-goalkeeper\">0.30<\/td>\n<td class=\" column-defender\">0.30<\/td>\n<td class=\" column-middlefield\">0.30<\/td>\n<td class=\" column-forward\">0.30<\/td>\n<\/tr>\n<tr class=\"odd\" role=\"row\">\n<td class=\" column-statistics\">Longues Passes Pas R\u00e9ussies<\/td>\n<td class=\" column-goalkeeper\">-0.10<\/td>\n<td class=\" column-defender\">-0.10<\/td>\n<td class=\" column-middlefield\">-0.10<\/td>\n<td class=\" column-forward\">-0.10<\/td>\n<\/tr>\n<tr class=\"even\" role=\"row\">\n<td class=\" column-statistics\">D\u00e9possessions R\u00e9ussies<\/td>\n<td class=\" column-goalkeeper\">1.00<\/td>\n<td class=\" column-defender\">1.00<\/td>\n<td class=\" column-middlefield\">1.00<\/td>\n<td class=\" column-forward\">1.00<\/td>\n<\/tr>\n<tr class=\"odd\" role=\"row\">\n<td class=\" column-statistics\">Sauvetages De L&rsquo;Espace De La Porte<\/td>\n<td class=\" column-goalkeeper\">1.00<\/td>\n<td class=\" column-defender\">1.00<\/td>\n<td class=\" column-middlefield\">1.00<\/td>\n<td class=\" column-forward\">1.00<\/td>\n<\/tr>\n<tr class=\"even\" role=\"row\">\n<td class=\" column-statistics\">Premier Joueur D&rsquo;\u00c9quipe<\/td>\n<td class=\" column-goalkeeper\">5.00<\/td>\n<td class=\" column-defender\">5.00<\/td>\n<td class=\" column-middlefield\">5.00<\/td>\n<td class=\" column-forward\">5.00<\/td>\n<\/tr>\n<tr class=\"odd\" role=\"row\">\n<td class=\" column-statistics\">Sans Buts Encaiss\u00e9s<\/td>\n<td class=\" column-goalkeeper\">7.00<\/td>\n<td class=\" column-defender\">3.00<\/td>\n<td class=\" column-middlefield\">1.00<\/td>\n<td class=\" column-forward\">0.00<\/td>\n<\/tr>\n<tr class=\"even\" role=\"row\">\n<td class=\" column-statistics\">Penalty Commis<\/td>\n<td class=\" column-goalkeeper\">-3.00<\/td>\n<td class=\" column-defender\">-3.00<\/td>\n<td class=\" column-middlefield\">-4.00<\/td>\n<td class=\" column-forward\">-5.00<\/td>\n<\/tr>\n<\/tbody>\n<\/table>\n<\/div>\n<h3>NOTATION DES JOUEURS RESERVES<\/h3>\n<p>Les joueurs de r\u00e9serve contribueront avec 50% de leur nombre total de points \u00e0 la note globale de l&rsquo;\u00e9quipe.<\/p>\n<h3>NOTATION DES MANAGERS ADJOINTS<\/h3>\n<p>(rang de 5 \u00e9toiles) : 15 points<\/p>\n<p>(rang de 4 \u00e9toiles) : 10 points<\/p>\n<p>(rang de 3 \u00e9toiles) : 6 points<\/p>\n<p>(rang de 2 \u00e9toiles) : 3 points<\/p>\n<p><script>\ndocument.getElementById(\"defaultOpen\").click();\nfunction openTable(evt, tableName) {\n  var i, tabcontent, tablinks;\n  tabcontent = document.getElementsByClassName(\"tabcontent\");\n  for (i = 0; i < tabcontent.length; i++) {\n    tabcontent[i].style.display = \"none\";\n  }\n  tablinks = document.getElementsByClassName(\"tablinks\");\n  for (i = 0; i < tablinks.length; i++) {\n    tablinks[i].className = tablinks[i].className.replace(\" active\", \"\");\n  }\n  document.getElementById(tableName).style.display = \"block\";\n  evt.currentTarget.className += \" active\";\n}\n<\/script><\/p>\n","protected":false},"excerpt":{"rendered":"<p>Le syst\u00e8me de notation FootballCoin standard comprend une base de r\u00e9f\u00e9rence bien connue de statistiques \/ points de valeur con\u00e7us pour promouvoir l&rsquo;\u00e9quilibre entre les diff\u00e9rentes positions des joueurs. NOTATION DES JOUEURS EASY PRO Player ( EASY ) GK DEF MID ATT Substitu\u00e9 &#8211; Entr\u00e9 2.00 2.00 2.00 2.00 Substitu\u00e9 &#8211; Sorti -1.00 -1.00 -1.00 [&hellip;]<\/p>\n","protected":false},"author":15,"featured_media":0,"parent":0,"menu_order":0,"comment_status":"closed","ping_status":"closed","template":"","meta":{"footnotes":""},"class_list":["post-75797","page","type-page","status-publish","hentry"],"yoast_head":"<!-- This site is optimized with the Yoast SEO plugin v27.2 - https:\/\/yoast.com\/product\/yoast-seo-wordpress\/ -->\n<title>Comment les scores sont calcul\u00e9s dans FootballCoin<\/title>\n<meta name=\"description\" content=\"Le syst\u00e8me de notation de FootballCoin prend en compte un certain nombre de variables bas\u00e9es sur les performances r\u00e9elles des joueurs.\" \/>\n<meta name=\"robots\" content=\"index, follow, max-snippet:-1, max-image-preview:large, max-video-preview:-1\" \/>\n<link rel=\"canonical\" href=\"https:\/\/www.footballcoin.io\/fr\/scoring-system\/\" \/>\n<meta property=\"og:locale\" content=\"fr_FR\" \/>\n<meta property=\"og:type\" content=\"article\" \/>\n<meta property=\"og:title\" content=\"Comment les scores sont calcul\u00e9s dans FootballCoin\" \/>\n<meta property=\"og:description\" content=\"Le syst\u00e8me de notation de FootballCoin prend en compte un certain nombre de variables bas\u00e9es sur les performances r\u00e9elles des joueurs.\" \/>\n<meta property=\"og:url\" content=\"https:\/\/www.footballcoin.io\/fr\/scoring-system\/\" \/>\n<meta property=\"og:site_name\" content=\"FootballCoin France\" \/>\n<meta property=\"article:modified_time\" content=\"2019-09-16T10:33:10+00:00\" \/>\n<meta property=\"og:image\" content=\"https:\/\/cdn.footballcoin.io\/wp-content\/uploads\/sites\/21\/2021\/06\/Banner_Share_Euro-2.png\" \/>\n\t<meta property=\"og:image:width\" content=\"1200\" \/>\n\t<meta property=\"og:image:height\" content=\"628\" \/>\n\t<meta property=\"og:image:type\" content=\"image\/png\" \/>\n<meta name=\"twitter:card\" content=\"summary_large_image\" \/>\n<meta name=\"twitter:label1\" content=\"Dur\u00e9e de lecture estim\u00e9e\" \/>\n\t<meta name=\"twitter:data1\" content=\"2 minutes\" \/>\n<script type=\"application\/ld+json\" class=\"yoast-schema-graph\">{\"@context\":\"https:\/\/schema.org\",\"@graph\":[{\"@type\":\"WebPage\",\"@id\":\"https:\/\/www.footballcoin.io\/fr\/scoring-system\/\",\"url\":\"https:\/\/www.footballcoin.io\/fr\/scoring-system\/\",\"name\":\"Comment les scores sont calcul\u00e9s dans FootballCoin\",\"isPartOf\":{\"@id\":\"https:\/\/www.footballcoin.io\/fr\/#website\"},\"datePublished\":\"2017-12-13T13:04:35+00:00\",\"dateModified\":\"2019-09-16T10:33:10+00:00\",\"description\":\"Le syst\u00e8me de notation de FootballCoin prend en compte un certain nombre de variables bas\u00e9es sur les performances r\u00e9elles des joueurs.\",\"breadcrumb\":{\"@id\":\"https:\/\/www.footballcoin.io\/fr\/scoring-system\/#breadcrumb\"},\"inLanguage\":\"fr-FR\",\"potentialAction\":[{\"@type\":\"ReadAction\",\"target\":[\"https:\/\/www.footballcoin.io\/fr\/scoring-system\/\"]}]},{\"@type\":\"BreadcrumbList\",\"@id\":\"https:\/\/www.footballcoin.io\/fr\/scoring-system\/#breadcrumb\",\"itemListElement\":[{\"@type\":\"ListItem\",\"position\":1,\"name\":\"Home\",\"item\":\"https:\/\/www.footballcoin.io\/fr\/\"},{\"@type\":\"ListItem\",\"position\":2,\"name\":\"Syst\u00e8me de notation\"}]},{\"@type\":\"WebSite\",\"@id\":\"https:\/\/www.footballcoin.io\/fr\/#website\",\"url\":\"https:\/\/www.footballcoin.io\/fr\/\",\"name\":\"FootballCoin France\",\"description\":\"Just another FootballCoin.io site\",\"potentialAction\":[{\"@type\":\"SearchAction\",\"target\":{\"@type\":\"EntryPoint\",\"urlTemplate\":\"https:\/\/www.footballcoin.io\/fr\/?s={search_term_string}\"},\"query-input\":{\"@type\":\"PropertyValueSpecification\",\"valueRequired\":true,\"valueName\":\"search_term_string\"}}],\"inLanguage\":\"fr-FR\"}]}<\/script>\n<!-- \/ Yoast SEO plugin. -->","yoast_head_json":{"title":"Comment les scores sont calcul\u00e9s dans FootballCoin","description":"Le syst\u00e8me de notation de FootballCoin prend en compte un certain nombre de variables bas\u00e9es sur les performances r\u00e9elles des joueurs.","robots":{"index":"index","follow":"follow","max-snippet":"max-snippet:-1","max-image-preview":"max-image-preview:large","max-video-preview":"max-video-preview:-1"},"canonical":"https:\/\/www.footballcoin.io\/fr\/scoring-system\/","og_locale":"fr_FR","og_type":"article","og_title":"Comment les scores sont calcul\u00e9s dans FootballCoin","og_description":"Le syst\u00e8me de notation de FootballCoin prend en compte un certain nombre de variables bas\u00e9es sur les performances r\u00e9elles des joueurs.","og_url":"https:\/\/www.footballcoin.io\/fr\/scoring-system\/","og_site_name":"FootballCoin France","article_modified_time":"2019-09-16T10:33:10+00:00","og_image":[{"width":1200,"height":628,"url":"https:\/\/cdn.footballcoin.io\/wp-content\/uploads\/sites\/21\/2021\/06\/Banner_Share_Euro-2.png","type":"image\/png"}],"twitter_card":"summary_large_image","twitter_misc":{"Dur\u00e9e de lecture estim\u00e9e":"2 minutes"},"schema":{"@context":"https:\/\/schema.org","@graph":[{"@type":"WebPage","@id":"https:\/\/www.footballcoin.io\/fr\/scoring-system\/","url":"https:\/\/www.footballcoin.io\/fr\/scoring-system\/","name":"Comment les scores sont calcul\u00e9s dans FootballCoin","isPartOf":{"@id":"https:\/\/www.footballcoin.io\/fr\/#website"},"datePublished":"2017-12-13T13:04:35+00:00","dateModified":"2019-09-16T10:33:10+00:00","description":"Le syst\u00e8me de notation de FootballCoin prend en compte un certain nombre de variables bas\u00e9es sur les performances r\u00e9elles des joueurs.","breadcrumb":{"@id":"https:\/\/www.footballcoin.io\/fr\/scoring-system\/#breadcrumb"},"inLanguage":"fr-FR","potentialAction":[{"@type":"ReadAction","target":["https:\/\/www.footballcoin.io\/fr\/scoring-system\/"]}]},{"@type":"BreadcrumbList","@id":"https:\/\/www.footballcoin.io\/fr\/scoring-system\/#breadcrumb","itemListElement":[{"@type":"ListItem","position":1,"name":"Home","item":"https:\/\/www.footballcoin.io\/fr\/"},{"@type":"ListItem","position":2,"name":"Syst\u00e8me de notation"}]},{"@type":"WebSite","@id":"https:\/\/www.footballcoin.io\/fr\/#website","url":"https:\/\/www.footballcoin.io\/fr\/","name":"FootballCoin France","description":"Just another FootballCoin.io site","potentialAction":[{"@type":"SearchAction","target":{"@type":"EntryPoint","urlTemplate":"https:\/\/www.footballcoin.io\/fr\/?s={search_term_string}"},"query-input":{"@type":"PropertyValueSpecification","valueRequired":true,"valueName":"search_term_string"}}],"inLanguage":"fr-FR"}]}},"_links":{"self":[{"href":"https:\/\/www.footballcoin.io\/fr\/wp-json\/wp\/v2\/pages\/75797","targetHints":{"allow":["GET"]}}],"collection":[{"href":"https:\/\/www.footballcoin.io\/fr\/wp-json\/wp\/v2\/pages"}],"about":[{"href":"https:\/\/www.footballcoin.io\/fr\/wp-json\/wp\/v2\/types\/page"}],"author":[{"embeddable":true,"href":"https:\/\/www.footballcoin.io\/fr\/wp-json\/wp\/v2\/users\/15"}],"replies":[{"embeddable":true,"href":"https:\/\/www.footballcoin.io\/fr\/wp-json\/wp\/v2\/comments?post=75797"}],"version-history":[{"count":14,"href":"https:\/\/www.footballcoin.io\/fr\/wp-json\/wp\/v2\/pages\/75797\/revisions"}],"predecessor-version":[{"id":78241,"href":"https:\/\/www.footballcoin.io\/fr\/wp-json\/wp\/v2\/pages\/75797\/revisions\/78241"}],"wp:attachment":[{"href":"https:\/\/www.footballcoin.io\/fr\/wp-json\/wp\/v2\/media?parent=75797"}],"curies":[{"name":"wp","href":"https:\/\/api.w.org\/{rel}","templated":true}]}}