{"id":44879,"date":"2017-12-11T11:55:47","date_gmt":"2017-12-11T11:55:47","guid":{"rendered":"https:\/\/www.footballcoin.io\/?page_id=44879"},"modified":"2018-08-22T12:10:52","modified_gmt":"2018-08-22T12:10:52","slug":"stadium-cards-distribution","status":"publish","type":"page","link":"https:\/\/www.footballcoin.io\/fr\/stadium-cards-distribution\/","title":{"rendered":"Distribution de cartes des stades"},"content":{"rendered":"<p style=\"text-align: center\"><img loading=\"lazy\" decoding=\"async\" class=\"aligncenter size-full wp-image-44881\" src=\"https:\/\/cdn.footballcoin.io\/wp-content\/uploads\/2017\/12\/stadium__d549fd-205x300.png\" alt=\"\" width=\"205\" height=\"300\" \/><\/p>\n<p style=\"text-align: center\"><strong>Dans l&rsquo;\u00e9conomie FootballCoin, les propri\u00e9taires de cartes de stades jouent le r\u00f4le de football manager de comp\u00e9tition et peuvent organiser leurs propres comp\u00e9titions en fonction du classement du stade qu&rsquo;ils poss\u00e8dent.<\/strong><\/p>\n<p>Il existe deux types principaux de cartes de stades bas\u00e9es sur le syst\u00e8me de classement du stade :<\/p>\n<h4>Cartes de stades gratuites<\/h4>\n<p>Ce sont des cartes g\u00e9n\u00e9r\u00e9es pour les stades de rang inf\u00e9rieur: 1 * et 2 **. Ces cartes sont gratuites, en quantit\u00e9 illimit\u00e9e et ne sont pas g\u00e9n\u00e9r\u00e9es par des jetons virtuels dans la blockchain Bitcoin.<\/p>\n<p><strong>Les cartes de stade gratuites peuvent \u00eatre utilis\u00e9es par n&rsquo;importe quel utilisateur pour organiser une quantit\u00e9 illimit\u00e9e de comp\u00e9titions de la mani\u00e8re suivante :<\/strong><\/p>\n<h3>Le stade class\u00e9 1*<\/h3>\n<p>capacit\u00e9 &lt;20.000 si\u00e8ges. Ces stades peuvent organiser des comp\u00e9titions H2H (t\u00eate \u00e0 t\u00eate) de 2 utilisateurs inscrits \u00e0 cette comp\u00e9tition ;<\/p>\n<h3>Le stade class\u00e9 2**<\/h3>\n<p>capacit\u00e9 entre 20.000 et 30.000 si\u00e8ges. Ces stades peuvent organiser des comp\u00e9titions H2H (t\u00eate \u00e0 t\u00eate), des comp\u00e9titions Double-up ou des tournois.<\/p>\n<p>Le nombre maximum d&rsquo;utilisateurs qui peuvent s&rsquo;inscrire \u00e0 ces comp\u00e9titions est 11.<\/p>\n<p>Les cartes de stade peuvent \u00eatre utilis\u00e9es pour organiser des comp\u00e9titions dans la ligue dans laquelle se trouve le stade ou d&rsquo;autres ligues disponibles dans le jeu.<\/p>\n<h4>Cartes de stades payantes<\/h4>\n<p><strong>Ce sont des cartes g\u00e9n\u00e9r\u00e9es pour les stades de plus haut rang : 3 ***, 4 **** et 5 *****.<\/strong><\/p>\n<p>Ces cartes ont une valeur sur le coinmarket exprim\u00e9e dans XFCCOIN et peuvent \u00eatre achet\u00e9es par tout utilisateur, sur les services d&rsquo;\u00e9change, \u00e0 une valeur XFC d\u00e9termin\u00e9e par l&rsquo;offre et la demande.<\/p>\n<p>Les cartes de stade payantes sont les jetons virtuels \u00e9mis dans la blockchain Bitcoin. Ils sont disponibles dans une offre\u00a0limit\u00e9e. Ils ne peuvent pas \u00eatre utilis\u00e9s dans le jeu que par les utilisateurs qui les ont achet\u00e9s et les poss\u00e8dent dans leur porte-monnaie virtuel.<\/p>\n<p>La r\u00e8gle d&rsquo;utilisation des cartes de stades est une comp\u00e9tition \/ un stade. Cela signifie que si vous souhaitez utiliser le m\u00eame stade (par exemple Santiago Bernabeu) dans plus de comp\u00e9titions simultan\u00e9ment, vous devrez acheter plus de cartes de ce stade. Le nombre de comp\u00e9titions que vous pouvez organiser simultan\u00e9ment d\u00e9pend du nombre de cartes de stade que vous poss\u00e9dez.<\/p>\n<p>[redbox]LE CLASSEMENT DES STADES EST DETERMINE SUR LA BASE DE LA CAPACITE REEL DE CES STADES.[\/redbox]<\/p>\n<p>Les propri\u00e9taires de cartes de stades payantes peuvent organiser des comp\u00e9titions H2H (t\u00eate \u00e0 t\u00eate), des\u00a0comp\u00e9titions Double-Up ou des tournois, comme ils le souhaitent.<br \/>\nLe nombre d&rsquo;utilisateurs qui peuvent s&rsquo;inscrire \u00e0 ces comp\u00e9titions sera d\u00e9termin\u00e9 par le classement du stade de la mani\u00e8re suivante :<\/p>\n<p><strong>Le stade class\u00e9 3***<\/strong><\/p>\n<ul>\n<li>capacit\u00e9 de 30.001 &#8211; 45.000 si\u00e8ges et qui peuvent avoir un maximum de 55 utilisateurs inscrits dans la comp\u00e9tition ;<\/li>\n<\/ul>\n<p><strong>Le stade class\u00e9 4****<\/strong><\/p>\n<ul>\n<li>capacit\u00e9 de 40.001 &#8211; 60.000 si\u00e8ges et qui peuvent avoir un maximum de 110 utilisateurs inscrits dans la comp\u00e9tition ;<\/li>\n<\/ul>\n<p><strong>Le stade class\u00e9 5*****<\/strong><\/p>\n<ul>\n<li>capacit\u00e9 &gt; 60.001 si\u00e8ges et qui peuvent avoir un nombre illimit\u00e9 d&rsquo;utilisateurs inscrits dans la comp\u00e9tition.<\/li>\n<\/ul>\n<p><strong>Les gains des football managers sont bas\u00e9s sur le classement du stade de la mani\u00e8re suivante :<\/strong><\/p>\n<p>[one_third]<br \/>\nLe stade class\u00e9<\/p>\n<h3>5*****<\/h3>\n<p>g\u00e9n\u00e8re des gains de 5% de la valeur totale des frais d&rsquo;inscription pay\u00e9s par les utilisateurs lors de leur participation \u00e0 la comp\u00e9tition ;<br \/>\n[\/one_third]<br \/>\n[one_third]<br \/>\nLe stade class\u00e9<\/p>\n<h3>4****<\/h3>\n<p>g\u00e9n\u00e8re des gains de 4% de la valeur totale des frais d&rsquo;inscription pay\u00e9s par les utilisateurs lors de leur participation \u00e0 la comp\u00e9tition ;<br \/>\n[\/one_third]<br \/>\n[one_third_last]<br \/>\nLe stade class\u00e9<\/p>\n<h3>3***<\/h3>\n<p>g\u00e9n\u00e8re des gains de 3% de la valeur totale des frais d&rsquo;inscription pay\u00e9s par les utilisateurs lors de leur participation \u00e0 la comp\u00e9tition.<br \/>\n[\/one_third_last]<\/p>\n<p><em>Par exemple, si le responsable de la comp\u00e9tition poss\u00e8de un stade class\u00e9 de 5 *****, organise une comp\u00e9tition o\u00f9 les frais d&rsquo;inscription sont de 100 XFCCOIN et 1.000 utilisateurs s&rsquo;inscrivent \u00e0 la comp\u00e9tition, la valeur cumul\u00e9e des gains sera de 100 x 1.000 = 100.000 XFCCOIN. Sur ce 5% = 5.000 XFCCOIN sera attribu\u00e9 au responsable de la comp\u00e9tition.<\/em><\/p>\n<p><strong>Le nombre total de cartes (jetons) \u00e9mis pour chacun des stades est d\u00e9termin\u00e9 dans l&rsquo;\u00e9conomie FootballCoin de la mani\u00e8re suivante :<\/strong><\/p>\n<p>[one_third]<br \/>\nLe stade class\u00e9 3***<\/p>\n<h3>500<\/h3>\n<p>cartes \u00e9mises au total ;<br \/>\n[\/one_third]<br \/>\n[one_third]<br \/>\nLe stade class\u00e9 4****<\/p>\n<h3>300<\/h3>\n<p>cartes \u00e9mises au total ;<br \/>\n[\/one_third]<br \/>\n[one_third_last]<br \/>\nLe stade class\u00e9 5*****<\/p>\n<h3>150<\/h3>\n<p>cartes \u00e9mises au total.<br \/>\n[\/one_third_last]<\/p>\n<p><strong>La distribution des cartes de stade se fera de la mani\u00e8re suivante (sur le nombre total de cartes \u00e9mises pour chaque stade) :<\/strong><\/p>\n<p>[one_third]<\/p>\n<h3>20%<\/h3>\n<p>r\u00e9serv\u00e9 aux premiers supporteurs ;<br \/>\n[\/one_third]<br \/>\n[one_third]<\/p>\n<h3>5%<\/h3>\n<p>r\u00e9serv\u00e9 aux partenaires ;<br \/>\n[\/one_third]<br \/>\n[one_third_last]<\/p>\n<h3>75%<\/h3>\n<p>mis en vente progressivement dans les fen\u00eatres de transfert.<br \/>\n[\/one_third_last]<\/p>\n<p><strong>Le nombre total de cartes de stades mis en vente dans chaque fen\u00eatre de transfert sera strictement conforme au classement du stade et au nombre total d&rsquo;utilisateurs pr\u00e9sent\u00e9s dans le jeu, de la mani\u00e8re suivante :<\/strong><\/p>\n<p>[one_third]<\/p>\n<h5>Classement des 3***<\/h5>\n<p>\u2013 un maximum de 2,5% du nombre total d&rsquo;utilisateurs\u00a0;<br \/>\n[\/one_third]<br \/>\n[one_third]<\/p>\n<h5>Classement des 4****<\/h5>\n<p>\u2013 un maximum de 1% du nombre total d&rsquo;utilisateurs\u00a0;<br \/>\n[\/one_third]<br \/>\n[one_third_last]<\/p>\n<h5>Classement des 5*****<\/h5>\n<p>\u2013 un maximum de 0,5% du nombre total d&rsquo;utilisateurs\u00a0;<br \/>\n[\/one_third_last]<\/p>\n<p><em>Par exemple, si pour le stade class\u00e9 5 ***** il y a eu 150 cartes \u00e9mises, elles seront r\u00e9parties progressivement jusqu&rsquo;\u00e0 ce que le nombre d&rsquo;utilisateurs du jeu atteigne 30.000. Lorsque le nombre d&rsquo;utilisateurs du jeu d\u00e9passe 30.000, la carte deviendra plus rare que la marge initiale de 0.5%.<\/em><\/p>\n<p>Les gains tir\u00e9s de la vente de cartes de stade seront utilis\u00e9s de la mani\u00e8re suivante :<\/p>\n<p>[one_third]<\/p>\n<h5>50%<\/h5>\n<p>utilis\u00e9 dans le d\u00e9veloppement du jeu ;<br \/>\n[\/one_third]<br \/>\n[one_third]<\/p>\n<h5>25%<\/h5>\n<p>pour la promotion et le marketing ;<br \/>\n[\/one_third]<br \/>\n[one_third_last]<\/p>\n<h5>25%<\/h5>\n<p>pour les prix et les bonus garantis par le jeu.<br \/>\n[\/one_third_last]<\/p>\n","protected":false},"excerpt":{"rendered":"<p>Dans l&rsquo;\u00e9conomie FootballCoin, les propri\u00e9taires de cartes de stades jouent le r\u00f4le de football manager de comp\u00e9tition et peuvent organiser leurs propres comp\u00e9titions en fonction du classement du stade qu&rsquo;ils poss\u00e8dent. Il existe deux types principaux de cartes de stades bas\u00e9es sur le syst\u00e8me de classement du stade : Cartes de stades gratuites Ce sont [&hellip;]<\/p>\n","protected":false},"author":15,"featured_media":0,"parent":0,"menu_order":0,"comment_status":"closed","ping_status":"closed","template":"","meta":{"footnotes":""},"class_list":["post-44879","page","type-page","status-publish","hentry"],"yoast_head":"<!-- This site is optimized with the Yoast SEO plugin v27.2 - https:\/\/yoast.com\/product\/yoast-seo-wordpress\/ -->\n<title>Les cartes de stade de FootballCoin permettent aux utilisateurs d&#039;organiser des comp\u00e9titions<\/title>\n<meta name=\"description\" content=\"Les cartes de stade vous offrent la possibilit\u00e9 d&#039;organiser vos comp\u00e9titions et de gagner XFCCOIN, la crypto-monnaie du jeu.\" \/>\n<meta name=\"robots\" content=\"index, follow, max-snippet:-1, max-image-preview:large, max-video-preview:-1\" \/>\n<link rel=\"canonical\" href=\"https:\/\/www.footballcoin.io\/fr\/stadium-cards-distribution\/\" \/>\n<meta property=\"og:locale\" content=\"fr_FR\" \/>\n<meta property=\"og:type\" content=\"article\" \/>\n<meta property=\"og:title\" content=\"Les cartes de stade de FootballCoin permettent aux utilisateurs d&#039;organiser des comp\u00e9titions\" \/>\n<meta property=\"og:description\" content=\"Les cartes de stade vous offrent la possibilit\u00e9 d&#039;organiser vos comp\u00e9titions et de gagner XFCCOIN, la crypto-monnaie du jeu.\" \/>\n<meta property=\"og:url\" content=\"https:\/\/www.footballcoin.io\/fr\/stadium-cards-distribution\/\" \/>\n<meta property=\"og:site_name\" content=\"FootballCoin France\" \/>\n<meta property=\"article:modified_time\" content=\"2018-08-22T12:10:52+00:00\" \/>\n<meta property=\"og:image\" content=\"https:\/\/cdn.footballcoin.io\/wp-content\/uploads\/2017\/12\/stadium__d549fd-205x300.png\" \/>\n<meta name=\"twitter:card\" content=\"summary_large_image\" \/>\n<meta name=\"twitter:label1\" content=\"Dur\u00e9e de lecture estim\u00e9e\" \/>\n\t<meta name=\"twitter:data1\" content=\"5 minutes\" \/>\n<script type=\"application\/ld+json\" class=\"yoast-schema-graph\">{\"@context\":\"https:\/\/schema.org\",\"@graph\":[{\"@type\":\"WebPage\",\"@id\":\"https:\/\/www.footballcoin.io\/fr\/stadium-cards-distribution\/\",\"url\":\"https:\/\/www.footballcoin.io\/fr\/stadium-cards-distribution\/\",\"name\":\"Les cartes de stade de FootballCoin permettent aux utilisateurs d'organiser des comp\u00e9titions\",\"isPartOf\":{\"@id\":\"https:\/\/www.footballcoin.io\/fr\/#website\"},\"primaryImageOfPage\":{\"@id\":\"https:\/\/www.footballcoin.io\/fr\/stadium-cards-distribution\/#primaryimage\"},\"image\":{\"@id\":\"https:\/\/www.footballcoin.io\/fr\/stadium-cards-distribution\/#primaryimage\"},\"thumbnailUrl\":\"https:\/\/cdn.footballcoin.io\/wp-content\/uploads\/2017\/12\/stadium__d549fd-205x300.png\",\"datePublished\":\"2017-12-11T11:55:47+00:00\",\"dateModified\":\"2018-08-22T12:10:52+00:00\",\"description\":\"Les cartes de stade vous offrent la possibilit\u00e9 d'organiser vos comp\u00e9titions et de gagner XFCCOIN, la crypto-monnaie du jeu.\",\"breadcrumb\":{\"@id\":\"https:\/\/www.footballcoin.io\/fr\/stadium-cards-distribution\/#breadcrumb\"},\"inLanguage\":\"fr-FR\",\"potentialAction\":[{\"@type\":\"ReadAction\",\"target\":[\"https:\/\/www.footballcoin.io\/fr\/stadium-cards-distribution\/\"]}]},{\"@type\":\"ImageObject\",\"inLanguage\":\"fr-FR\",\"@id\":\"https:\/\/www.footballcoin.io\/fr\/stadium-cards-distribution\/#primaryimage\",\"url\":\"https:\/\/cdn.footballcoin.io\/wp-content\/uploads\/2017\/12\/stadium__d549fd-205x300.png\",\"contentUrl\":\"https:\/\/cdn.footballcoin.io\/wp-content\/uploads\/2017\/12\/stadium__d549fd-205x300.png\"},{\"@type\":\"BreadcrumbList\",\"@id\":\"https:\/\/www.footballcoin.io\/fr\/stadium-cards-distribution\/#breadcrumb\",\"itemListElement\":[{\"@type\":\"ListItem\",\"position\":1,\"name\":\"Home\",\"item\":\"https:\/\/www.footballcoin.io\/fr\/\"},{\"@type\":\"ListItem\",\"position\":2,\"name\":\"Distribution de cartes des stades\"}]},{\"@type\":\"WebSite\",\"@id\":\"https:\/\/www.footballcoin.io\/fr\/#website\",\"url\":\"https:\/\/www.footballcoin.io\/fr\/\",\"name\":\"FootballCoin France\",\"description\":\"Just another FootballCoin.io site\",\"potentialAction\":[{\"@type\":\"SearchAction\",\"target\":{\"@type\":\"EntryPoint\",\"urlTemplate\":\"https:\/\/www.footballcoin.io\/fr\/?s={search_term_string}\"},\"query-input\":{\"@type\":\"PropertyValueSpecification\",\"valueRequired\":true,\"valueName\":\"search_term_string\"}}],\"inLanguage\":\"fr-FR\"}]}<\/script>\n<!-- \/ Yoast SEO plugin. -->","yoast_head_json":{"title":"Les cartes de stade de FootballCoin permettent aux utilisateurs d'organiser des comp\u00e9titions","description":"Les cartes de stade vous offrent la possibilit\u00e9 d'organiser vos comp\u00e9titions et de gagner XFCCOIN, la crypto-monnaie du jeu.","robots":{"index":"index","follow":"follow","max-snippet":"max-snippet:-1","max-image-preview":"max-image-preview:large","max-video-preview":"max-video-preview:-1"},"canonical":"https:\/\/www.footballcoin.io\/fr\/stadium-cards-distribution\/","og_locale":"fr_FR","og_type":"article","og_title":"Les cartes de stade de FootballCoin permettent aux utilisateurs d'organiser des comp\u00e9titions","og_description":"Les cartes de stade vous offrent la possibilit\u00e9 d'organiser vos comp\u00e9titions et de gagner XFCCOIN, la crypto-monnaie du jeu.","og_url":"https:\/\/www.footballcoin.io\/fr\/stadium-cards-distribution\/","og_site_name":"FootballCoin France","article_modified_time":"2018-08-22T12:10:52+00:00","og_image":[{"url":"https:\/\/cdn.footballcoin.io\/wp-content\/uploads\/2017\/12\/stadium__d549fd-205x300.png","type":"","width":"","height":""}],"twitter_card":"summary_large_image","twitter_misc":{"Dur\u00e9e de lecture estim\u00e9e":"5 minutes"},"schema":{"@context":"https:\/\/schema.org","@graph":[{"@type":"WebPage","@id":"https:\/\/www.footballcoin.io\/fr\/stadium-cards-distribution\/","url":"https:\/\/www.footballcoin.io\/fr\/stadium-cards-distribution\/","name":"Les cartes de stade de FootballCoin permettent aux utilisateurs d'organiser des comp\u00e9titions","isPartOf":{"@id":"https:\/\/www.footballcoin.io\/fr\/#website"},"primaryImageOfPage":{"@id":"https:\/\/www.footballcoin.io\/fr\/stadium-cards-distribution\/#primaryimage"},"image":{"@id":"https:\/\/www.footballcoin.io\/fr\/stadium-cards-distribution\/#primaryimage"},"thumbnailUrl":"https:\/\/cdn.footballcoin.io\/wp-content\/uploads\/2017\/12\/stadium__d549fd-205x300.png","datePublished":"2017-12-11T11:55:47+00:00","dateModified":"2018-08-22T12:10:52+00:00","description":"Les cartes de stade vous offrent la possibilit\u00e9 d'organiser vos comp\u00e9titions et de gagner XFCCOIN, la crypto-monnaie du jeu.","breadcrumb":{"@id":"https:\/\/www.footballcoin.io\/fr\/stadium-cards-distribution\/#breadcrumb"},"inLanguage":"fr-FR","potentialAction":[{"@type":"ReadAction","target":["https:\/\/www.footballcoin.io\/fr\/stadium-cards-distribution\/"]}]},{"@type":"ImageObject","inLanguage":"fr-FR","@id":"https:\/\/www.footballcoin.io\/fr\/stadium-cards-distribution\/#primaryimage","url":"https:\/\/cdn.footballcoin.io\/wp-content\/uploads\/2017\/12\/stadium__d549fd-205x300.png","contentUrl":"https:\/\/cdn.footballcoin.io\/wp-content\/uploads\/2017\/12\/stadium__d549fd-205x300.png"},{"@type":"BreadcrumbList","@id":"https:\/\/www.footballcoin.io\/fr\/stadium-cards-distribution\/#breadcrumb","itemListElement":[{"@type":"ListItem","position":1,"name":"Home","item":"https:\/\/www.footballcoin.io\/fr\/"},{"@type":"ListItem","position":2,"name":"Distribution de cartes des stades"}]},{"@type":"WebSite","@id":"https:\/\/www.footballcoin.io\/fr\/#website","url":"https:\/\/www.footballcoin.io\/fr\/","name":"FootballCoin France","description":"Just another FootballCoin.io site","potentialAction":[{"@type":"SearchAction","target":{"@type":"EntryPoint","urlTemplate":"https:\/\/www.footballcoin.io\/fr\/?s={search_term_string}"},"query-input":{"@type":"PropertyValueSpecification","valueRequired":true,"valueName":"search_term_string"}}],"inLanguage":"fr-FR"}]}},"_links":{"self":[{"href":"https:\/\/www.footballcoin.io\/fr\/wp-json\/wp\/v2\/pages\/44879","targetHints":{"allow":["GET"]}}],"collection":[{"href":"https:\/\/www.footballcoin.io\/fr\/wp-json\/wp\/v2\/pages"}],"about":[{"href":"https:\/\/www.footballcoin.io\/fr\/wp-json\/wp\/v2\/types\/page"}],"author":[{"embeddable":true,"href":"https:\/\/www.footballcoin.io\/fr\/wp-json\/wp\/v2\/users\/15"}],"replies":[{"embeddable":true,"href":"https:\/\/www.footballcoin.io\/fr\/wp-json\/wp\/v2\/comments?post=44879"}],"version-history":[{"count":5,"href":"https:\/\/www.footballcoin.io\/fr\/wp-json\/wp\/v2\/pages\/44879\/revisions"}],"predecessor-version":[{"id":75865,"href":"https:\/\/www.footballcoin.io\/fr\/wp-json\/wp\/v2\/pages\/44879\/revisions\/75865"}],"wp:attachment":[{"href":"https:\/\/www.footballcoin.io\/fr\/wp-json\/wp\/v2\/media?parent=44879"}],"curies":[{"name":"wp","href":"https:\/\/api.w.org\/{rel}","templated":true}]}}