{"id":44845,"date":"2017-12-11T11:24:13","date_gmt":"2017-12-11T11:24:13","guid":{"rendered":"https:\/\/www.footballcoin.io\/?page_id=44845"},"modified":"2018-08-22T12:12:52","modified_gmt":"2018-08-22T12:12:52","slug":"xfc-distribution","status":"publish","type":"page","link":"https:\/\/www.footballcoin.io\/fr\/xfc-distribution\/","title":{"rendered":"Distribution du XFC"},"content":{"rendered":"<p><strong><img loading=\"lazy\" decoding=\"async\" class=\"size-thumbnail wp-image-44799 aligncenter\" src=\"https:\/\/cdn.footballcoin.io\/wp-content\/uploads\/2017\/12\/coin-distrib_cbobi7-150x150.png\" alt=\"\" width=\"150\" height=\"150\" \/><\/strong><\/p>\n<p>XFC est une monnaie digitale construite en utilisant une technologie similaire \u00e0 celle de Bitcoin, avec les m\u00eames propri\u00e9t\u00e9s mon\u00e9taires. XFC est la crypto-monnaie enregistr\u00e9e par FootballCoin, utilis\u00e9e pour les transactions dans le jeu et pour la n\u00e9gociation avec d&rsquo;autres crypto-monnaies.<\/p>\n<h2>XFC ont \u00e9t\u00e9 \u00e9mis dans un approvisionnement limit\u00e9 de 1 milliard et la monnaie fonctionne sur le FootballCoin Blockchain (Multichain).<\/h2>\n<p>Actuellement, la distribution de XFC est la suivante :<\/p>\n<ul>\n<li>600 millions de XFC distribu\u00e9s aux joueurs et aux supporteurs<\/li>\n<li>200 millions ont \u00e9t\u00e9 allou\u00e9s \u00e0 la poursuite du d\u00e9veloppement du projet, aux partenaires, aux membres de l&rsquo;\u00e9quipe, \u00e0 la publicit\u00e9, aux promotions, etc.<\/li>\n<li>Les 200 autres millions de XFC ont \u00e9t\u00e9 distribu\u00e9s aux fondateurs de FootballCoin.<\/li>\n<\/ul>\n<p><a href=\"https:\/\/www.xfccoin.io\/footballcoin-ico\/\"><strong>En savoir plus sur XFC &#8230;<\/strong><\/a><\/p>\n","protected":false},"excerpt":{"rendered":"<p>XFC est une monnaie digitale construite en utilisant une technologie similaire \u00e0 celle de Bitcoin, avec les m\u00eames propri\u00e9t\u00e9s mon\u00e9taires. XFC est la crypto-monnaie enregistr\u00e9e par FootballCoin, utilis\u00e9e pour les transactions dans le jeu et pour la n\u00e9gociation avec d&rsquo;autres crypto-monnaies. XFC ont \u00e9t\u00e9 \u00e9mis dans un approvisionnement limit\u00e9 de 1 milliard et la monnaie [&hellip;]<\/p>\n","protected":false},"author":15,"featured_media":0,"parent":0,"menu_order":0,"comment_status":"closed","ping_status":"closed","template":"","meta":{"footnotes":""},"class_list":["post-44845","page","type-page","status-publish","hentry"],"yoast_head":"<!-- This site is optimized with the Yoast SEO plugin v27.2 - https:\/\/yoast.com\/product\/yoast-seo-wordpress\/ -->\n<title>Description de la distribution de la crypto-monnaie XFCCOIN<\/title>\n<meta name=\"description\" content=\"La distribution de la crypto-monnaie XFCCOIN a \u00e9t\u00e9 soigneusement planifi\u00e9e avant sa sortie, avec les d\u00e9tails fournis au grand public.\" \/>\n<meta name=\"robots\" content=\"index, follow, max-snippet:-1, max-image-preview:large, max-video-preview:-1\" \/>\n<link rel=\"canonical\" href=\"https:\/\/www.footballcoin.io\/fr\/xfc-distribution\/\" \/>\n<meta property=\"og:locale\" content=\"fr_FR\" \/>\n<meta property=\"og:type\" content=\"article\" \/>\n<meta property=\"og:title\" content=\"Description de la distribution de la crypto-monnaie XFCCOIN\" \/>\n<meta property=\"og:description\" content=\"La distribution de la crypto-monnaie XFCCOIN a \u00e9t\u00e9 soigneusement planifi\u00e9e avant sa sortie, avec les d\u00e9tails fournis au grand public.\" \/>\n<meta property=\"og:url\" content=\"https:\/\/www.footballcoin.io\/fr\/xfc-distribution\/\" \/>\n<meta property=\"og:site_name\" content=\"FootballCoin France\" \/>\n<meta property=\"article:modified_time\" content=\"2018-08-22T12:12:52+00:00\" \/>\n<meta property=\"og:image\" content=\"https:\/\/cdn.footballcoin.io\/wp-content\/uploads\/2017\/12\/coin-distrib_cbobi7-150x150.png\" \/>\n<meta name=\"twitter:card\" content=\"summary_large_image\" \/>\n<meta name=\"twitter:label1\" content=\"Dur\u00e9e de lecture estim\u00e9e\" \/>\n\t<meta name=\"twitter:data1\" content=\"1 minute\" \/>\n<script type=\"application\/ld+json\" class=\"yoast-schema-graph\">{\"@context\":\"https:\/\/schema.org\",\"@graph\":[{\"@type\":\"WebPage\",\"@id\":\"https:\/\/www.footballcoin.io\/fr\/xfc-distribution\/\",\"url\":\"https:\/\/www.footballcoin.io\/fr\/xfc-distribution\/\",\"name\":\"Description de la distribution de la crypto-monnaie XFCCOIN\",\"isPartOf\":{\"@id\":\"https:\/\/www.footballcoin.io\/fr\/#website\"},\"primaryImageOfPage\":{\"@id\":\"https:\/\/www.footballcoin.io\/fr\/xfc-distribution\/#primaryimage\"},\"image\":{\"@id\":\"https:\/\/www.footballcoin.io\/fr\/xfc-distribution\/#primaryimage\"},\"thumbnailUrl\":\"https:\/\/cdn.footballcoin.io\/wp-content\/uploads\/2017\/12\/coin-distrib_cbobi7-150x150.png\",\"datePublished\":\"2017-12-11T11:24:13+00:00\",\"dateModified\":\"2018-08-22T12:12:52+00:00\",\"description\":\"La distribution de la crypto-monnaie XFCCOIN a \u00e9t\u00e9 soigneusement planifi\u00e9e avant sa sortie, avec les d\u00e9tails fournis au grand public.\",\"breadcrumb\":{\"@id\":\"https:\/\/www.footballcoin.io\/fr\/xfc-distribution\/#breadcrumb\"},\"inLanguage\":\"fr-FR\",\"potentialAction\":[{\"@type\":\"ReadAction\",\"target\":[\"https:\/\/www.footballcoin.io\/fr\/xfc-distribution\/\"]}]},{\"@type\":\"ImageObject\",\"inLanguage\":\"fr-FR\",\"@id\":\"https:\/\/www.footballcoin.io\/fr\/xfc-distribution\/#primaryimage\",\"url\":\"https:\/\/cdn.footballcoin.io\/wp-content\/uploads\/2017\/12\/coin-distrib_cbobi7-150x150.png\",\"contentUrl\":\"https:\/\/cdn.footballcoin.io\/wp-content\/uploads\/2017\/12\/coin-distrib_cbobi7-150x150.png\"},{\"@type\":\"BreadcrumbList\",\"@id\":\"https:\/\/www.footballcoin.io\/fr\/xfc-distribution\/#breadcrumb\",\"itemListElement\":[{\"@type\":\"ListItem\",\"position\":1,\"name\":\"Home\",\"item\":\"https:\/\/www.footballcoin.io\/fr\/\"},{\"@type\":\"ListItem\",\"position\":2,\"name\":\"Distribution du XFC\"}]},{\"@type\":\"WebSite\",\"@id\":\"https:\/\/www.footballcoin.io\/fr\/#website\",\"url\":\"https:\/\/www.footballcoin.io\/fr\/\",\"name\":\"FootballCoin France\",\"description\":\"Just another FootballCoin.io site\",\"potentialAction\":[{\"@type\":\"SearchAction\",\"target\":{\"@type\":\"EntryPoint\",\"urlTemplate\":\"https:\/\/www.footballcoin.io\/fr\/?s={search_term_string}\"},\"query-input\":{\"@type\":\"PropertyValueSpecification\",\"valueRequired\":true,\"valueName\":\"search_term_string\"}}],\"inLanguage\":\"fr-FR\"}]}<\/script>\n<!-- \/ Yoast SEO plugin. -->","yoast_head_json":{"title":"Description de la distribution de la crypto-monnaie XFCCOIN","description":"La distribution de la crypto-monnaie XFCCOIN a \u00e9t\u00e9 soigneusement planifi\u00e9e avant sa sortie, avec les d\u00e9tails fournis au grand public.","robots":{"index":"index","follow":"follow","max-snippet":"max-snippet:-1","max-image-preview":"max-image-preview:large","max-video-preview":"max-video-preview:-1"},"canonical":"https:\/\/www.footballcoin.io\/fr\/xfc-distribution\/","og_locale":"fr_FR","og_type":"article","og_title":"Description de la distribution de la crypto-monnaie XFCCOIN","og_description":"La distribution de la crypto-monnaie XFCCOIN a \u00e9t\u00e9 soigneusement planifi\u00e9e avant sa sortie, avec les d\u00e9tails fournis au grand public.","og_url":"https:\/\/www.footballcoin.io\/fr\/xfc-distribution\/","og_site_name":"FootballCoin France","article_modified_time":"2018-08-22T12:12:52+00:00","og_image":[{"url":"https:\/\/cdn.footballcoin.io\/wp-content\/uploads\/2017\/12\/coin-distrib_cbobi7-150x150.png","type":"","width":"","height":""}],"twitter_card":"summary_large_image","twitter_misc":{"Dur\u00e9e de lecture estim\u00e9e":"1 minute"},"schema":{"@context":"https:\/\/schema.org","@graph":[{"@type":"WebPage","@id":"https:\/\/www.footballcoin.io\/fr\/xfc-distribution\/","url":"https:\/\/www.footballcoin.io\/fr\/xfc-distribution\/","name":"Description de la distribution de la crypto-monnaie XFCCOIN","isPartOf":{"@id":"https:\/\/www.footballcoin.io\/fr\/#website"},"primaryImageOfPage":{"@id":"https:\/\/www.footballcoin.io\/fr\/xfc-distribution\/#primaryimage"},"image":{"@id":"https:\/\/www.footballcoin.io\/fr\/xfc-distribution\/#primaryimage"},"thumbnailUrl":"https:\/\/cdn.footballcoin.io\/wp-content\/uploads\/2017\/12\/coin-distrib_cbobi7-150x150.png","datePublished":"2017-12-11T11:24:13+00:00","dateModified":"2018-08-22T12:12:52+00:00","description":"La distribution de la crypto-monnaie XFCCOIN a \u00e9t\u00e9 soigneusement planifi\u00e9e avant sa sortie, avec les d\u00e9tails fournis au grand public.","breadcrumb":{"@id":"https:\/\/www.footballcoin.io\/fr\/xfc-distribution\/#breadcrumb"},"inLanguage":"fr-FR","potentialAction":[{"@type":"ReadAction","target":["https:\/\/www.footballcoin.io\/fr\/xfc-distribution\/"]}]},{"@type":"ImageObject","inLanguage":"fr-FR","@id":"https:\/\/www.footballcoin.io\/fr\/xfc-distribution\/#primaryimage","url":"https:\/\/cdn.footballcoin.io\/wp-content\/uploads\/2017\/12\/coin-distrib_cbobi7-150x150.png","contentUrl":"https:\/\/cdn.footballcoin.io\/wp-content\/uploads\/2017\/12\/coin-distrib_cbobi7-150x150.png"},{"@type":"BreadcrumbList","@id":"https:\/\/www.footballcoin.io\/fr\/xfc-distribution\/#breadcrumb","itemListElement":[{"@type":"ListItem","position":1,"name":"Home","item":"https:\/\/www.footballcoin.io\/fr\/"},{"@type":"ListItem","position":2,"name":"Distribution du XFC"}]},{"@type":"WebSite","@id":"https:\/\/www.footballcoin.io\/fr\/#website","url":"https:\/\/www.footballcoin.io\/fr\/","name":"FootballCoin France","description":"Just another FootballCoin.io site","potentialAction":[{"@type":"SearchAction","target":{"@type":"EntryPoint","urlTemplate":"https:\/\/www.footballcoin.io\/fr\/?s={search_term_string}"},"query-input":{"@type":"PropertyValueSpecification","valueRequired":true,"valueName":"search_term_string"}}],"inLanguage":"fr-FR"}]}},"_links":{"self":[{"href":"https:\/\/www.footballcoin.io\/fr\/wp-json\/wp\/v2\/pages\/44845","targetHints":{"allow":["GET"]}}],"collection":[{"href":"https:\/\/www.footballcoin.io\/fr\/wp-json\/wp\/v2\/pages"}],"about":[{"href":"https:\/\/www.footballcoin.io\/fr\/wp-json\/wp\/v2\/types\/page"}],"author":[{"embeddable":true,"href":"https:\/\/www.footballcoin.io\/fr\/wp-json\/wp\/v2\/users\/15"}],"replies":[{"embeddable":true,"href":"https:\/\/www.footballcoin.io\/fr\/wp-json\/wp\/v2\/comments?post=44845"}],"version-history":[{"count":5,"href":"https:\/\/www.footballcoin.io\/fr\/wp-json\/wp\/v2\/pages\/44845\/revisions"}],"predecessor-version":[{"id":75861,"href":"https:\/\/www.footballcoin.io\/fr\/wp-json\/wp\/v2\/pages\/44845\/revisions\/75861"}],"wp:attachment":[{"href":"https:\/\/www.footballcoin.io\/fr\/wp-json\/wp\/v2\/media?parent=44845"}],"curies":[{"name":"wp","href":"https:\/\/api.w.org\/{rel}","templated":true}]}}