{"id":44811,"date":"2017-12-11T10:16:49","date_gmt":"2017-12-11T10:16:49","guid":{"rendered":"https:\/\/www.footballcoin.io\/?page_id=44811"},"modified":"2018-08-22T10:00:46","modified_gmt":"2018-08-22T10:00:46","slug":"missionvision","status":"publish","type":"page","link":"https:\/\/www.footballcoin.io\/fr\/missionvision\/","title":{"rendered":"Mission &amp; Vision\u00a0"},"content":{"rendered":"<h5><img loading=\"lazy\" decoding=\"async\" class=\"aligncenter size-full wp-image-44815\" src=\"https:\/\/cdn.footballcoin.io\/wp-content\/uploads\/2017\/12\/logo-orb.png\" alt=\"\" width=\"332\" height=\"120\" \/><\/h5>\n<h5 style=\"text-align: center\">Avec des dizaines de millions de joueurs de football \u00e0 travers le monde, les jeux de type Fantasy Football Manager sont devenus une industrie \u00e0 plusieurs milliards de dollars dans l&rsquo;\u00e9conomie r\u00e9elle.<\/h5>\n<p>Les chiffres montrent un int\u00e9r\u00eat croissant pour les Fantasy Sports. Des \u00e9tudes r\u00e9centes montrent que le monde de Fantasy Sports a connu une augmentation g\u00e9ante avec des chiffres de revenus plus que triples dans la derni\u00e8re d\u00e9cennie. Cela a naturellement attir\u00e9 une quantit\u00e9 continue de nouveaux joueurs de football, ainsi qu&rsquo;un grand groupe d&rsquo;investisseurs. L&rsquo;activit\u00e9 saine g\u00e9n\u00e9r\u00e9e par les Fantasy Sports ne peut que s&rsquo;av\u00e9rer un atout dans notre qu\u00eate d&rsquo;augmentation de la popularit\u00e9 des crypto-monnaies. Cela peut aider \u00e0 introduire ces technologies et leurs avantages pour un plus grand nombre de personnes.<\/p>\n<div class=\"bluebox\"><\/p>\n<h3>MISSION &amp; VISION<\/h3>\n<p>Innover le jeu le plus populaire du monde, le football, en utilisant la technologie de type Blockchain, similaire \u00e0 celle utilis\u00e9e par Bitcoin.<\/p>\n<p>Apportez les avantages de la technologie de type Blockchain et des crypto-monnaies aux utilisateurs de Football Manager et Fantasy Sports.<\/p>\n<p>Cr\u00e9er un pont entre la crypto-sph\u00e8re et le monde des fans de football.<\/p>\n<p>Utilisez les avantages de la technologie de type Blockchain pour nos utilisateurs :<\/p>\n<ul>\n<li>Les utilisateurs ont la pleine propri\u00e9t\u00e9 des \u00e9l\u00e9ments de jeu (monnaie et cartes de collection). Les cartes peuvent \u00eatre conserv\u00e9s en dehors du jeu dans un porte-monnaie utilisant une cl\u00e9 priv\u00e9e.<\/li>\n<li>Transactions s\u00e9curis\u00e9es, rapides et transparentes avec des donn\u00e9es v\u00e9rifi\u00e9es sur le Blockchain.<\/li>\n<li>Transparence compl\u00e8te du nombre des actifs \u00e9mis. Chaque actif est \u00e9mis dans une quantit\u00e9 pr\u00e9d\u00e9termin\u00e9e limit\u00e9e.<\/li>\n<li>Les ressources du jeu peuvent \u00eatre transf\u00e9r\u00e9es d&rsquo;un utilisateur \u00e0 un autre \u00e0 l&rsquo;int\u00e9rieur ou \u00e0 l&rsquo;ext\u00e9rieur du jeu (transactions d&rsquo;\u00e9gal \u00e0 \u00e9gal).<\/li>\n<\/ul>\n<p><\/div>\n","protected":false},"excerpt":{"rendered":"<p>Avec des dizaines de millions de joueurs de football \u00e0 travers le monde, les jeux de type Fantasy Football Manager sont devenus une industrie \u00e0 plusieurs milliards de dollars dans l&rsquo;\u00e9conomie r\u00e9elle. Les chiffres montrent un int\u00e9r\u00eat croissant pour les Fantasy Sports. Des \u00e9tudes r\u00e9centes montrent que le monde de Fantasy Sports a connu une [&hellip;]<\/p>\n","protected":false},"author":15,"featured_media":0,"parent":0,"menu_order":0,"comment_status":"closed","ping_status":"closed","template":"","meta":{"footnotes":""},"class_list":["post-44811","page","type-page","status-publish","hentry"],"yoast_head":"<!-- This site is optimized with the Yoast SEO plugin v27.2 - https:\/\/yoast.com\/product\/yoast-seo-wordpress\/ -->\n<title>La vision de FootballCoin pour devenir un projet r\u00e9volutionnaire dans le monde crypto.<\/title>\n<meta name=\"description\" content=\"FootballCoin vise \u00e0 \u00eatre un r\u00e9volutionnaire dans le coimarket (cryptomarket), un projet qui fusionne le monde du sport avec celui de la crypto-monnaie.\u00a0\" \/>\n<meta name=\"robots\" content=\"index, follow, max-snippet:-1, max-image-preview:large, max-video-preview:-1\" \/>\n<link rel=\"canonical\" href=\"https:\/\/www.footballcoin.io\/fr\/missionvision\/\" \/>\n<meta property=\"og:locale\" content=\"fr_FR\" \/>\n<meta property=\"og:type\" content=\"article\" \/>\n<meta property=\"og:title\" content=\"La vision de FootballCoin pour devenir un projet r\u00e9volutionnaire dans le monde crypto.\" \/>\n<meta property=\"og:description\" content=\"FootballCoin vise \u00e0 \u00eatre un r\u00e9volutionnaire dans le coimarket (cryptomarket), un projet qui fusionne le monde du sport avec celui de la crypto-monnaie.\u00a0\" \/>\n<meta property=\"og:url\" content=\"https:\/\/www.footballcoin.io\/fr\/missionvision\/\" \/>\n<meta property=\"og:site_name\" content=\"FootballCoin France\" \/>\n<meta property=\"article:modified_time\" content=\"2018-08-22T10:00:46+00:00\" \/>\n<meta property=\"og:image\" content=\"https:\/\/cdn.footballcoin.io\/wp-content\/uploads\/2017\/12\/logo-orb.png\" \/>\n<meta name=\"twitter:card\" content=\"summary_large_image\" \/>\n<meta name=\"twitter:label1\" content=\"Dur\u00e9e de lecture estim\u00e9e\" \/>\n\t<meta name=\"twitter:data1\" content=\"2 minutes\" \/>\n<script type=\"application\/ld+json\" class=\"yoast-schema-graph\">{\"@context\":\"https:\/\/schema.org\",\"@graph\":[{\"@type\":\"WebPage\",\"@id\":\"https:\/\/www.footballcoin.io\/fr\/missionvision\/\",\"url\":\"https:\/\/www.footballcoin.io\/fr\/missionvision\/\",\"name\":\"La vision de FootballCoin pour devenir un projet r\u00e9volutionnaire dans le monde crypto.\",\"isPartOf\":{\"@id\":\"https:\/\/www.footballcoin.io\/fr\/#website\"},\"primaryImageOfPage\":{\"@id\":\"https:\/\/www.footballcoin.io\/fr\/missionvision\/#primaryimage\"},\"image\":{\"@id\":\"https:\/\/www.footballcoin.io\/fr\/missionvision\/#primaryimage\"},\"thumbnailUrl\":\"https:\/\/cdn.footballcoin.io\/wp-content\/uploads\/2017\/12\/logo-orb.png\",\"datePublished\":\"2017-12-11T10:16:49+00:00\",\"dateModified\":\"2018-08-22T10:00:46+00:00\",\"description\":\"FootballCoin vise \u00e0 \u00eatre un r\u00e9volutionnaire dans le coimarket (cryptomarket), un projet qui fusionne le monde du sport avec celui de la crypto-monnaie.\u00a0\",\"breadcrumb\":{\"@id\":\"https:\/\/www.footballcoin.io\/fr\/missionvision\/#breadcrumb\"},\"inLanguage\":\"fr-FR\",\"potentialAction\":[{\"@type\":\"ReadAction\",\"target\":[\"https:\/\/www.footballcoin.io\/fr\/missionvision\/\"]}]},{\"@type\":\"ImageObject\",\"inLanguage\":\"fr-FR\",\"@id\":\"https:\/\/www.footballcoin.io\/fr\/missionvision\/#primaryimage\",\"url\":\"https:\/\/cdn.footballcoin.io\/wp-content\/uploads\/2017\/12\/logo-orb.png\",\"contentUrl\":\"https:\/\/cdn.footballcoin.io\/wp-content\/uploads\/2017\/12\/logo-orb.png\"},{\"@type\":\"BreadcrumbList\",\"@id\":\"https:\/\/www.footballcoin.io\/fr\/missionvision\/#breadcrumb\",\"itemListElement\":[{\"@type\":\"ListItem\",\"position\":1,\"name\":\"Home\",\"item\":\"https:\/\/www.footballcoin.io\/fr\/\"},{\"@type\":\"ListItem\",\"position\":2,\"name\":\"Mission &amp; Vision\u00a0\"}]},{\"@type\":\"WebSite\",\"@id\":\"https:\/\/www.footballcoin.io\/fr\/#website\",\"url\":\"https:\/\/www.footballcoin.io\/fr\/\",\"name\":\"FootballCoin France\",\"description\":\"Just another FootballCoin.io site\",\"potentialAction\":[{\"@type\":\"SearchAction\",\"target\":{\"@type\":\"EntryPoint\",\"urlTemplate\":\"https:\/\/www.footballcoin.io\/fr\/?s={search_term_string}\"},\"query-input\":{\"@type\":\"PropertyValueSpecification\",\"valueRequired\":true,\"valueName\":\"search_term_string\"}}],\"inLanguage\":\"fr-FR\"}]}<\/script>\n<!-- \/ Yoast SEO plugin. -->","yoast_head_json":{"title":"La vision de FootballCoin pour devenir un projet r\u00e9volutionnaire dans le monde crypto.","description":"FootballCoin vise \u00e0 \u00eatre un r\u00e9volutionnaire dans le coimarket (cryptomarket), un projet qui fusionne le monde du sport avec celui de la crypto-monnaie.\u00a0","robots":{"index":"index","follow":"follow","max-snippet":"max-snippet:-1","max-image-preview":"max-image-preview:large","max-video-preview":"max-video-preview:-1"},"canonical":"https:\/\/www.footballcoin.io\/fr\/missionvision\/","og_locale":"fr_FR","og_type":"article","og_title":"La vision de FootballCoin pour devenir un projet r\u00e9volutionnaire dans le monde crypto.","og_description":"FootballCoin vise \u00e0 \u00eatre un r\u00e9volutionnaire dans le coimarket (cryptomarket), un projet qui fusionne le monde du sport avec celui de la crypto-monnaie.\u00a0","og_url":"https:\/\/www.footballcoin.io\/fr\/missionvision\/","og_site_name":"FootballCoin France","article_modified_time":"2018-08-22T10:00:46+00:00","og_image":[{"url":"https:\/\/cdn.footballcoin.io\/wp-content\/uploads\/2017\/12\/logo-orb.png","type":"","width":"","height":""}],"twitter_card":"summary_large_image","twitter_misc":{"Dur\u00e9e de lecture estim\u00e9e":"2 minutes"},"schema":{"@context":"https:\/\/schema.org","@graph":[{"@type":"WebPage","@id":"https:\/\/www.footballcoin.io\/fr\/missionvision\/","url":"https:\/\/www.footballcoin.io\/fr\/missionvision\/","name":"La vision de FootballCoin pour devenir un projet r\u00e9volutionnaire dans le monde crypto.","isPartOf":{"@id":"https:\/\/www.footballcoin.io\/fr\/#website"},"primaryImageOfPage":{"@id":"https:\/\/www.footballcoin.io\/fr\/missionvision\/#primaryimage"},"image":{"@id":"https:\/\/www.footballcoin.io\/fr\/missionvision\/#primaryimage"},"thumbnailUrl":"https:\/\/cdn.footballcoin.io\/wp-content\/uploads\/2017\/12\/logo-orb.png","datePublished":"2017-12-11T10:16:49+00:00","dateModified":"2018-08-22T10:00:46+00:00","description":"FootballCoin vise \u00e0 \u00eatre un r\u00e9volutionnaire dans le coimarket (cryptomarket), un projet qui fusionne le monde du sport avec celui de la crypto-monnaie.\u00a0","breadcrumb":{"@id":"https:\/\/www.footballcoin.io\/fr\/missionvision\/#breadcrumb"},"inLanguage":"fr-FR","potentialAction":[{"@type":"ReadAction","target":["https:\/\/www.footballcoin.io\/fr\/missionvision\/"]}]},{"@type":"ImageObject","inLanguage":"fr-FR","@id":"https:\/\/www.footballcoin.io\/fr\/missionvision\/#primaryimage","url":"https:\/\/cdn.footballcoin.io\/wp-content\/uploads\/2017\/12\/logo-orb.png","contentUrl":"https:\/\/cdn.footballcoin.io\/wp-content\/uploads\/2017\/12\/logo-orb.png"},{"@type":"BreadcrumbList","@id":"https:\/\/www.footballcoin.io\/fr\/missionvision\/#breadcrumb","itemListElement":[{"@type":"ListItem","position":1,"name":"Home","item":"https:\/\/www.footballcoin.io\/fr\/"},{"@type":"ListItem","position":2,"name":"Mission &amp; Vision\u00a0"}]},{"@type":"WebSite","@id":"https:\/\/www.footballcoin.io\/fr\/#website","url":"https:\/\/www.footballcoin.io\/fr\/","name":"FootballCoin France","description":"Just another FootballCoin.io site","potentialAction":[{"@type":"SearchAction","target":{"@type":"EntryPoint","urlTemplate":"https:\/\/www.footballcoin.io\/fr\/?s={search_term_string}"},"query-input":{"@type":"PropertyValueSpecification","valueRequired":true,"valueName":"search_term_string"}}],"inLanguage":"fr-FR"}]}},"_links":{"self":[{"href":"https:\/\/www.footballcoin.io\/fr\/wp-json\/wp\/v2\/pages\/44811","targetHints":{"allow":["GET"]}}],"collection":[{"href":"https:\/\/www.footballcoin.io\/fr\/wp-json\/wp\/v2\/pages"}],"about":[{"href":"https:\/\/www.footballcoin.io\/fr\/wp-json\/wp\/v2\/types\/page"}],"author":[{"embeddable":true,"href":"https:\/\/www.footballcoin.io\/fr\/wp-json\/wp\/v2\/users\/15"}],"replies":[{"embeddable":true,"href":"https:\/\/www.footballcoin.io\/fr\/wp-json\/wp\/v2\/comments?post=44811"}],"version-history":[{"count":4,"href":"https:\/\/www.footballcoin.io\/fr\/wp-json\/wp\/v2\/pages\/44811\/revisions"}],"predecessor-version":[{"id":75831,"href":"https:\/\/www.footballcoin.io\/fr\/wp-json\/wp\/v2\/pages\/44811\/revisions\/75831"}],"wp:attachment":[{"href":"https:\/\/www.footballcoin.io\/fr\/wp-json\/wp\/v2\/media?parent=44811"}],"curies":[{"name":"wp","href":"https:\/\/api.w.org\/{rel}","templated":true}]}}