{"id":44767,"date":"2017-12-11T08:17:35","date_gmt":"2017-12-11T08:17:35","guid":{"rendered":"https:\/\/www.footballcoin.io\/?page_id=44767"},"modified":"2018-08-22T09:46:08","modified_gmt":"2018-08-22T09:46:08","slug":"how-it-works","status":"publish","type":"page","link":"https:\/\/www.footballcoin.io\/fr\/how-it-works\/","title":{"rendered":"Comment il fonctionne"},"content":{"rendered":"<p><strong>Voici une br\u00e8ve description des \u00e9tapes n\u00e9cessaires pour vous inscrire et jouer dans les comp\u00e9titions list\u00e9es sur FootballCoin. Cela vous donnera une meilleure compr\u00e9hension de la fa\u00e7on dont le syst\u00e8me de jeu FootballCoin fonctionne.<\/strong><\/p>\n<h3><strong>Connexion<\/strong><\/h3>\n<p>Le jeu FootballCoin est con\u00e7u pour \u00eatre facile \u00e0 jouer ind\u00e9pendamment de l&rsquo;exp\u00e9rience avec le football. Il n&rsquo;y a que quelques \u00e9tapes n\u00e9cessaires pour cr\u00e9er votre propre compte sur FootballCoin. Il n&rsquo;y a pas de frais requis pour cr\u00e9er un compte et il n&rsquo;y a pas de frais d&rsquo;abonnement.<\/p>\n<p>Le jeu FootballCoin accueille les comp\u00e9titions de la journ\u00e9e, du jour et de la semaine \u00e0 travers une vari\u00e9t\u00e9 de ligues de football et de tournois professionnels. Chaque comp\u00e9tition pr\u00e9cisera les param\u00e8tres exacts (par exemple \u00ab Samedi seulement \u00bb, \u00ab Toute la journ\u00e9e \u00bb) et une date apr\u00e8s laquelle les entr\u00e9es dans le jeu ne pourraient \u00eatre ajout\u00e9es, modifi\u00e9es ou annul\u00e9es.<\/p>\n<h3>S\u00e9lection d&rsquo;une comp\u00e9tition<\/h3>\n<p>Pour s\u00e9lectionner une comp\u00e9tition, vous devez rejoindre la page dans lequel toutes les comp\u00e9titions FootballCoin sont r\u00e9pertori\u00e9es pour chaque jour. Vous avez le choix entre des comp\u00e9titions gratuites et payantes.<\/p>\n<p>A partir de l\u00e0, s\u00e9lectionnez les frais d&rsquo;inscription et le prix ou choisissez une\u00a0comp\u00e9tition d&rsquo;entra\u00eenement gratuit. Vous pouvez \u00e9galement faire le choix entre les\u00a0comp\u00e9titions quotidiennes et celles des week-ends. Vous avez la possibilit\u00e9 de s&rsquo;inscrire \u00e0 n&rsquo;importe quelle\u00a0comp\u00e9tition que vous le souhaitez et de cette fa\u00e7on vous pouvez augmenter vos chances de gagner des XFC.<\/p>\n<p>Si vous jouez dans une comp\u00e9tition FootballCoin avec des frais d&rsquo;inscription, vous devrez avoir des fonds disponibles sur votre compte avant de soumettre votre inscription.<\/p>\n<p>Le syst\u00e8me FootballCoin vise \u00e0 offrir de nombreuses options dans lesquelles le jeu peut \u00eatre jou\u00e9. De cette fa\u00e7on, les joueurs peuvent apprendre \u00e0 d\u00e9velopper leurs propres strat\u00e9gies et \u00e0 devenir plus efficaces.<\/p>\n<ul>\n<li>Vous avez la possibilit\u00e9 de d\u00e9fier un ami ou de rejoindre une comp\u00e9tition ancienne, officiel ou priv\u00e9, afin de prouver que vous \u00eates le meilleur football manager.<\/li>\n<li>Vous pouvez choisir parmi diff\u00e9rentes ligues de football (par exemple Serie A, Premier League, La Liga, etc.)<\/li>\n<li>Vous pouvez choisir via le filtrage pour les frais d&rsquo;inscription, le paiement du prix, la dur\u00e9e (un jour, la journ\u00e9e du match, etc.)<\/li>\n<li>Vous pouvez choisir en fonction du nombre de participants: H2H (t\u00eate-\u00e0-t\u00eate); Double-Up (la moiti\u00e9 des participants partageront le prix \u00e9galement) et les tournois.<\/li>\n<\/ul>\n<p><strong><small>Notez que si vous souhaitez cr\u00e9er votre comp\u00e9tition priv\u00e9e, vous devez d&rsquo;abord poss\u00e9der une carte de stade. Les cartes class\u00e9es 3 *** ou plus devront \u00eatre achet\u00e9es afin d&rsquo;\u00eatre utilis\u00e9es (par example pour les comp\u00e9titions priv\u00e9es).<\/small><\/strong><\/p>\n<h3>Construisez votre \u00e9quipe<\/h3>\n<p>Pour construire votre \u00e9quipe, vous devrez choisir des joueurs de football professionnels issus des diff\u00e9rentes ligues list\u00e9es dans FootballCoin. Vous pouvez choisir n&rsquo;importe lequel des joueurs de football, sans restrictions, aussi longtemps que vous maintenez les tactiques de votre \u00e9quipe (par exemple la formation 1-4-4-2). Utilisez toute votre expertise pour pr\u00e9dire les r\u00e9sultats et les performances, afin de choisir les meilleurs joueurs. Agir comme un vrai football manager !<\/p>\n<p>Les points gagn\u00e9s par les joueurs seront bas\u00e9s sur leurs performances dans leurs vrais matchs. Notre syst\u00e8me de notation innovant prend en compte plus de 30 \u00e9l\u00e9ments, y compris les positions des joueurs. Ce syst\u00e8me d\u00e9termine un large \u00e9ventail de sources positives et n\u00e9gatives pour les points.<\/p>\n<p>Apr\u00e8s avoir choisi votre comp\u00e9tition, vous devrez choisir la composition de votre \u00e9quipe pour ce jour-l\u00e0 ou pour les matchs de la semaine. Vous devrez choisir votre tactique (par exemple, 1-4-4-2, 1-4-3-3, etc.). Consultez les statistiques de la performance des joueurs pour bien comprendre ce que vos joueurs sont capables de faire.<\/p>\n<p>Ensuite, choisissez les joueurs disponibles (\u00e0 partir des cartes de joueur gratuites \/ poss\u00e9d\u00e9es) pour la liste de votre \u00e9quipe :<\/p>\n<ul>\n<li>Choisissez 11 joueurs en fonction de votre tactique, pour chaque position sur le terrain.<\/li>\n<li>Choisissez votre banc de r\u00e9serve &#8211; 1 Manager adjoint (Assistant Manager) ; 1 Gardien de but (not\u00e9 GK) ; 1 D\u00e9fenseur (DF) ; 1 Milieu de terrain (MF) et 1 Attaquant (FW).<\/li>\n<li>Soyez original, s\u00e9lectionnez les joueurs judicieusement, et rappelez-vous que \u00ab l&rsquo;\u00e9quipe d&rsquo;\u00e9toiles \u00bb n&rsquo;est pas toujours la meilleure option. En fonction de leurs performances r\u00e9elles, les joueurs les moins bien cot\u00e9s peuvent gagner autant de points que les joueurs les mieux cot\u00e9s.<\/li>\n<\/ul>\n<p>[redbox]<\/p>\n<h3>Accumulez des points et gagnez<\/h3>\n<p>Bas\u00e9 sur la performance des joueurs s\u00e9lectionn\u00e9s, votre \u00e9quipe accumulera des points ou perdra des points. Des \u00e9v\u00e9nements positifs (comme marquer des buts, donner des passes de but, garder une feuille blanche) ajouteront des points \u00e0 votre \u00e9quipe. Les \u00e9v\u00e9nements n\u00e9gatifs (comme recevoir des cartes jaunes \/ rouges, encaisser des buts, manquer des tirs au but) se transformeront en points perdus pour les joueurs. De plus, les positions des joueurs sont pertinentes car elles ont un impact direct sur la fa\u00e7on dont elles marquent dans le jeu. Construisez une \u00e9quipe avec des joueurs efficaces, qui vont marquer un but et vous faire gagner !<\/p>\n<p>N&rsquo;oubliez pas de prendre en compte la dur\u00e9e de la comp\u00e9tition et d&rsquo;essayer d&rsquo;anticiper au mieux de vos capacit\u00e9s la forme des joueurs pendant cette p\u00e9riode. Rappelez-vous que toute information que vous avez sur les joueurs vous offre un avantage dans la cr\u00e9ation d&rsquo;une \u00e9quipe efficace dans FootballCoin.<\/p>\n<p>[\/redbox]<\/p>\n","protected":false},"excerpt":{"rendered":"<p>Voici une br\u00e8ve description des \u00e9tapes n\u00e9cessaires pour vous inscrire et jouer dans les comp\u00e9titions list\u00e9es sur FootballCoin. Cela vous donnera une meilleure compr\u00e9hension de la fa\u00e7on dont le syst\u00e8me de jeu FootballCoin fonctionne. Connexion Le jeu FootballCoin est con\u00e7u pour \u00eatre facile \u00e0 jouer ind\u00e9pendamment de l&rsquo;exp\u00e9rience avec le football. Il n&rsquo;y a que [&hellip;]<\/p>\n","protected":false},"author":15,"featured_media":0,"parent":0,"menu_order":0,"comment_status":"closed","ping_status":"closed","template":"","meta":{"footnotes":""},"class_list":["post-44767","page","type-page","status-publish","hentry"],"yoast_head":"<!-- This site is optimized with the Yoast SEO plugin v27.2 - https:\/\/yoast.com\/product\/yoast-seo-wordpress\/ -->\n<title>Le jeu FootballCoin - Comment le jeu de football fonctionne<\/title>\n<meta name=\"description\" content=\"Ceci est une description de la fa\u00e7on dont le syst\u00e8me FootballCoin fonctionne, y compris la fa\u00e7on de cr\u00e9er votre \u00e9quipe de football pour chaque comp\u00e9tition.\" \/>\n<meta name=\"robots\" content=\"index, follow, max-snippet:-1, max-image-preview:large, max-video-preview:-1\" \/>\n<link rel=\"canonical\" href=\"https:\/\/www.footballcoin.io\/fr\/how-it-works\/\" \/>\n<meta property=\"og:locale\" content=\"fr_FR\" \/>\n<meta property=\"og:type\" content=\"article\" \/>\n<meta property=\"og:title\" content=\"Le jeu FootballCoin - Comment le jeu de football fonctionne\" \/>\n<meta property=\"og:description\" content=\"Ceci est une description de la fa\u00e7on dont le syst\u00e8me FootballCoin fonctionne, y compris la fa\u00e7on de cr\u00e9er votre \u00e9quipe de football pour chaque comp\u00e9tition.\" \/>\n<meta property=\"og:url\" content=\"https:\/\/www.footballcoin.io\/fr\/how-it-works\/\" \/>\n<meta property=\"og:site_name\" content=\"FootballCoin France\" \/>\n<meta property=\"article:modified_time\" content=\"2018-08-22T09:46:08+00:00\" \/>\n<meta property=\"og:image\" content=\"https:\/\/cdn.footballcoin.io\/wp-content\/uploads\/sites\/21\/2021\/06\/Banner_Share_Euro-2.png\" \/>\n\t<meta property=\"og:image:width\" content=\"1200\" \/>\n\t<meta property=\"og:image:height\" content=\"628\" \/>\n\t<meta property=\"og:image:type\" content=\"image\/png\" \/>\n<meta name=\"twitter:card\" content=\"summary_large_image\" \/>\n<meta name=\"twitter:label1\" content=\"Dur\u00e9e de lecture estim\u00e9e\" \/>\n\t<meta name=\"twitter:data1\" content=\"5 minutes\" \/>\n<script type=\"application\/ld+json\" class=\"yoast-schema-graph\">{\"@context\":\"https:\/\/schema.org\",\"@graph\":[{\"@type\":\"WebPage\",\"@id\":\"https:\/\/www.footballcoin.io\/fr\/how-it-works\/\",\"url\":\"https:\/\/www.footballcoin.io\/fr\/how-it-works\/\",\"name\":\"Le jeu FootballCoin - Comment le jeu de football fonctionne\",\"isPartOf\":{\"@id\":\"https:\/\/www.footballcoin.io\/fr\/#website\"},\"datePublished\":\"2017-12-11T08:17:35+00:00\",\"dateModified\":\"2018-08-22T09:46:08+00:00\",\"description\":\"Ceci est une description de la fa\u00e7on dont le syst\u00e8me FootballCoin fonctionne, y compris la fa\u00e7on de cr\u00e9er votre \u00e9quipe de football pour chaque comp\u00e9tition.\",\"breadcrumb\":{\"@id\":\"https:\/\/www.footballcoin.io\/fr\/how-it-works\/#breadcrumb\"},\"inLanguage\":\"fr-FR\",\"potentialAction\":[{\"@type\":\"ReadAction\",\"target\":[\"https:\/\/www.footballcoin.io\/fr\/how-it-works\/\"]}]},{\"@type\":\"BreadcrumbList\",\"@id\":\"https:\/\/www.footballcoin.io\/fr\/how-it-works\/#breadcrumb\",\"itemListElement\":[{\"@type\":\"ListItem\",\"position\":1,\"name\":\"Home\",\"item\":\"https:\/\/www.footballcoin.io\/fr\/\"},{\"@type\":\"ListItem\",\"position\":2,\"name\":\"Comment il fonctionne\"}]},{\"@type\":\"WebSite\",\"@id\":\"https:\/\/www.footballcoin.io\/fr\/#website\",\"url\":\"https:\/\/www.footballcoin.io\/fr\/\",\"name\":\"FootballCoin France\",\"description\":\"Just another FootballCoin.io site\",\"potentialAction\":[{\"@type\":\"SearchAction\",\"target\":{\"@type\":\"EntryPoint\",\"urlTemplate\":\"https:\/\/www.footballcoin.io\/fr\/?s={search_term_string}\"},\"query-input\":{\"@type\":\"PropertyValueSpecification\",\"valueRequired\":true,\"valueName\":\"search_term_string\"}}],\"inLanguage\":\"fr-FR\"}]}<\/script>\n<!-- \/ Yoast SEO plugin. -->","yoast_head_json":{"title":"Le jeu FootballCoin - Comment le jeu de football fonctionne","description":"Ceci est une description de la fa\u00e7on dont le syst\u00e8me FootballCoin fonctionne, y compris la fa\u00e7on de cr\u00e9er votre \u00e9quipe de football pour chaque comp\u00e9tition.","robots":{"index":"index","follow":"follow","max-snippet":"max-snippet:-1","max-image-preview":"max-image-preview:large","max-video-preview":"max-video-preview:-1"},"canonical":"https:\/\/www.footballcoin.io\/fr\/how-it-works\/","og_locale":"fr_FR","og_type":"article","og_title":"Le jeu FootballCoin - Comment le jeu de football fonctionne","og_description":"Ceci est une description de la fa\u00e7on dont le syst\u00e8me FootballCoin fonctionne, y compris la fa\u00e7on de cr\u00e9er votre \u00e9quipe de football pour chaque comp\u00e9tition.","og_url":"https:\/\/www.footballcoin.io\/fr\/how-it-works\/","og_site_name":"FootballCoin France","article_modified_time":"2018-08-22T09:46:08+00:00","og_image":[{"width":1200,"height":628,"url":"https:\/\/cdn.footballcoin.io\/wp-content\/uploads\/sites\/21\/2021\/06\/Banner_Share_Euro-2.png","type":"image\/png"}],"twitter_card":"summary_large_image","twitter_misc":{"Dur\u00e9e de lecture estim\u00e9e":"5 minutes"},"schema":{"@context":"https:\/\/schema.org","@graph":[{"@type":"WebPage","@id":"https:\/\/www.footballcoin.io\/fr\/how-it-works\/","url":"https:\/\/www.footballcoin.io\/fr\/how-it-works\/","name":"Le jeu FootballCoin - Comment le jeu de football fonctionne","isPartOf":{"@id":"https:\/\/www.footballcoin.io\/fr\/#website"},"datePublished":"2017-12-11T08:17:35+00:00","dateModified":"2018-08-22T09:46:08+00:00","description":"Ceci est une description de la fa\u00e7on dont le syst\u00e8me FootballCoin fonctionne, y compris la fa\u00e7on de cr\u00e9er votre \u00e9quipe de football pour chaque comp\u00e9tition.","breadcrumb":{"@id":"https:\/\/www.footballcoin.io\/fr\/how-it-works\/#breadcrumb"},"inLanguage":"fr-FR","potentialAction":[{"@type":"ReadAction","target":["https:\/\/www.footballcoin.io\/fr\/how-it-works\/"]}]},{"@type":"BreadcrumbList","@id":"https:\/\/www.footballcoin.io\/fr\/how-it-works\/#breadcrumb","itemListElement":[{"@type":"ListItem","position":1,"name":"Home","item":"https:\/\/www.footballcoin.io\/fr\/"},{"@type":"ListItem","position":2,"name":"Comment il fonctionne"}]},{"@type":"WebSite","@id":"https:\/\/www.footballcoin.io\/fr\/#website","url":"https:\/\/www.footballcoin.io\/fr\/","name":"FootballCoin France","description":"Just another FootballCoin.io site","potentialAction":[{"@type":"SearchAction","target":{"@type":"EntryPoint","urlTemplate":"https:\/\/www.footballcoin.io\/fr\/?s={search_term_string}"},"query-input":{"@type":"PropertyValueSpecification","valueRequired":true,"valueName":"search_term_string"}}],"inLanguage":"fr-FR"}]}},"_links":{"self":[{"href":"https:\/\/www.footballcoin.io\/fr\/wp-json\/wp\/v2\/pages\/44767","targetHints":{"allow":["GET"]}}],"collection":[{"href":"https:\/\/www.footballcoin.io\/fr\/wp-json\/wp\/v2\/pages"}],"about":[{"href":"https:\/\/www.footballcoin.io\/fr\/wp-json\/wp\/v2\/types\/page"}],"author":[{"embeddable":true,"href":"https:\/\/www.footballcoin.io\/fr\/wp-json\/wp\/v2\/users\/15"}],"replies":[{"embeddable":true,"href":"https:\/\/www.footballcoin.io\/fr\/wp-json\/wp\/v2\/comments?post=44767"}],"version-history":[{"count":4,"href":"https:\/\/www.footballcoin.io\/fr\/wp-json\/wp\/v2\/pages\/44767\/revisions"}],"predecessor-version":[{"id":75827,"href":"https:\/\/www.footballcoin.io\/fr\/wp-json\/wp\/v2\/pages\/44767\/revisions\/75827"}],"wp:attachment":[{"href":"https:\/\/www.footballcoin.io\/fr\/wp-json\/wp\/v2\/media?parent=44767"}],"curies":[{"name":"wp","href":"https:\/\/api.w.org\/{rel}","templated":true}]}}