{"id":76503,"date":"2018-04-12T12:22:28","date_gmt":"2018-04-12T12:22:28","guid":{"rendered":"https:\/\/www.footballcoin.io\/es\/?page_id=76503"},"modified":"2019-04-04T13:56:12","modified_gmt":"2019-04-04T13:56:12","slug":"terminos-y-condiciones","status":"publish","type":"page","link":"https:\/\/www.footballcoin.io\/es\/terminos-y-condiciones\/","title":{"rendered":"T\u00e9rminos y condiciones"},"content":{"rendered":"<p>Bienvenido a nuestro sitio web. Si contin\u00faas navegando y utilizando este sitio web, aceptas cumplir y estar sujeto a los siguientes t\u00e9rminos y condiciones de uso, que junto con nuestra pol\u00edtica de privacidad rigen la relaci\u00f3n de FootballCoin contigo en relaci\u00f3n con este sitio web. Si no est\u00e1s de acuerdo con alguna parte de estos t\u00e9rminos y condiciones, no uses nuestro sitio web.<\/p>\n<p>El t\u00e9rmino &#8216;FootballCoin&#8217; o &#8216;nosotros&#8217; o &#8216;nuetsro&#8217; se refiere al propietario del sitio web. El uso de este sitio web est\u00e1 sujeto a los siguientes t\u00e9rminos de uso:<\/p>\n<p>El contenido de las p\u00e1ginas de este sitio web es solo para tu informaci\u00f3n y uso general. Est\u00e1 sujeto a cambios sin previo aviso.<\/p>\n<p>Este sitio web utiliza cookies para monitorear las preferencias de navegaci\u00f3n. Si permites que se utilicen cookies, nosotros podemos guardar la siguiente informaci\u00f3n personal para tu uso por parte de terceros: nombre, direcci\u00f3n de correo electr\u00f3nico y otros datos que nos hayas enviado.<\/p>\n<p>Ni nosotros ni ning\u00fan tercero ofrecemos ninguna garant\u00eda en cuanto a la precisi\u00f3n, puntualidad, rendimiento, integridad o adecuaci\u00f3n de la informaci\u00f3n y los materiales encontrados u ofrecidos en este sitio web para un prop\u00f3sito particular. T\u00fa decides que informaci\u00f3n y materiales pueden contener imprecisiones o errores y expresamente excluimos la responsabilidad por tales imprecisiones o errores en la m\u00e1xima medida permitida por la ley.<\/p>\n<p>El uso de cualquier informaci\u00f3n o material en este sitio web es bajo tu propio riesgo, por lo que no seremos responsables. Ser\u00e1 tu responsabilidad garantizar que cualquier producto, servicio o informaci\u00f3n disponible a trav\u00e9s de este sitio web cumpla con tus requisitos espec\u00edficos.<\/p>\n<p>Este sitio web contiene material que nos pertenece o tiene licencia. Este material incluye, entre otros, el dise\u00f1o, el aspecto y los gr\u00e1ficos. Se proh\u00edbe la reproducci\u00f3n que no est\u00e9 de acuerdo con el aviso de copyright, que forma parte de estos t\u00e9rminos y condiciones.<\/p>\n<p>Todas las marcas comerciales reproducidas en este sitio web que no son propiedad de o con licencia son reconocidas en el sitio web.<\/p>\n<p>El uso no autorizado de este sitio web puede dar lugar a un reclamo por da\u00f1os y\/o puede ser un delito.<\/p>\n<p>Este sitio web tambi\u00e9n puede incluir enlaces a otros sitios web. Estos enlaces se proporcionan para tu conveniencia para proporcionar m\u00e1s informaci\u00f3n. No significan que aprobamos los sitios web. No tenemos responsabilidad por el contenido de los sitios web vinculados.<\/p>\n<p>El uso de este sitio web y cualquier disputa que surja en conexi\u00f3n con este sitio web est\u00e1 sujeto a la ley internacional.<\/p>\n","protected":false},"excerpt":{"rendered":"<p>Bienvenido a nuestro sitio web. Si contin\u00faas navegando y utilizando este sitio web, aceptas cumplir y estar sujeto a los siguientes t\u00e9rminos y condiciones de uso, que junto con nuestra pol\u00edtica de privacidad rigen la relaci\u00f3n de FootballCoin contigo en relaci\u00f3n con este sitio web. Si no est\u00e1s de acuerdo con alguna parte de estos [&hellip;]<\/p>\n","protected":false},"author":15,"featured_media":0,"parent":0,"menu_order":0,"comment_status":"closed","ping_status":"closed","template":"","meta":{"footnotes":""},"class_list":["post-76503","page","type-page","status-publish","hentry"],"yoast_head":"<!-- This site is optimized with the Yoast SEO plugin v27.2 - https:\/\/yoast.com\/product\/yoast-seo-wordpress\/ -->\n<title>T\u00e9rminos y condiciones - FootballCoin Spain<\/title>\n<meta name=\"robots\" content=\"index, follow, max-snippet:-1, max-image-preview:large, max-video-preview:-1\" \/>\n<link rel=\"canonical\" href=\"https:\/\/www.footballcoin.io\/es\/terminos-y-condiciones\/\" \/>\n<meta property=\"og:locale\" content=\"es_ES\" \/>\n<meta property=\"og:type\" content=\"article\" \/>\n<meta property=\"og:title\" content=\"T\u00e9rminos y condiciones - FootballCoin Spain\" \/>\n<meta property=\"og:description\" content=\"Bienvenido a nuestro sitio web. Si contin\u00faas navegando y utilizando este sitio web, aceptas cumplir y estar sujeto a los siguientes t\u00e9rminos y condiciones de uso, que junto con nuestra pol\u00edtica de privacidad rigen la relaci\u00f3n de FootballCoin contigo en relaci\u00f3n con este sitio web. Si no est\u00e1s de acuerdo con alguna parte de estos [&hellip;]\" \/>\n<meta property=\"og:url\" content=\"https:\/\/www.footballcoin.io\/es\/terminos-y-condiciones\/\" \/>\n<meta property=\"og:site_name\" content=\"FootballCoin Spain\" \/>\n<meta property=\"article:publisher\" content=\"https:\/\/www.facebook.com\/xfcfootballcoin\" \/>\n<meta property=\"article:modified_time\" content=\"2019-04-04T13:56:12+00:00\" \/>\n<meta property=\"og:image\" content=\"https:\/\/cdn.footballcoin.io\/wp-content\/uploads\/sites\/15\/2021\/06\/Banner_Share_Euro-2.png\" \/>\n\t<meta property=\"og:image:width\" content=\"1200\" \/>\n\t<meta property=\"og:image:height\" content=\"628\" \/>\n\t<meta property=\"og:image:type\" content=\"image\/png\" \/>\n<meta name=\"twitter:card\" content=\"summary_large_image\" \/>\n<meta name=\"twitter:label1\" content=\"Tiempo de lectura\" \/>\n\t<meta name=\"twitter:data1\" content=\"2 minutes\" \/>\n<script type=\"application\/ld+json\" class=\"yoast-schema-graph\">{\"@context\":\"https:\/\/schema.org\",\"@graph\":[{\"@type\":\"WebPage\",\"@id\":\"https:\/\/www.footballcoin.io\/es\/terminos-y-condiciones\/\",\"url\":\"https:\/\/www.footballcoin.io\/es\/terminos-y-condiciones\/\",\"name\":\"T\u00e9rminos y condiciones - FootballCoin Spain\",\"isPartOf\":{\"@id\":\"https:\/\/www.footballcoin.io\/es\/#website\"},\"datePublished\":\"2018-04-12T12:22:28+00:00\",\"dateModified\":\"2019-04-04T13:56:12+00:00\",\"breadcrumb\":{\"@id\":\"https:\/\/www.footballcoin.io\/es\/terminos-y-condiciones\/#breadcrumb\"},\"inLanguage\":\"es-ES\",\"potentialAction\":[{\"@type\":\"ReadAction\",\"target\":[\"https:\/\/www.footballcoin.io\/es\/terminos-y-condiciones\/\"]}]},{\"@type\":\"BreadcrumbList\",\"@id\":\"https:\/\/www.footballcoin.io\/es\/terminos-y-condiciones\/#breadcrumb\",\"itemListElement\":[{\"@type\":\"ListItem\",\"position\":1,\"name\":\"Home\",\"item\":\"https:\/\/www.footballcoin.io\/es\/\"},{\"@type\":\"ListItem\",\"position\":2,\"name\":\"T\u00e9rminos y condiciones\"}]},{\"@type\":\"WebSite\",\"@id\":\"https:\/\/www.footballcoin.io\/es\/#website\",\"url\":\"https:\/\/www.footballcoin.io\/es\/\",\"name\":\"FootballCoin Spain\",\"description\":\"VIVE LA EMOCI\u00d3N DEL JUEGO\",\"publisher\":{\"@id\":\"https:\/\/www.footballcoin.io\/es\/#organization\"},\"potentialAction\":[{\"@type\":\"SearchAction\",\"target\":{\"@type\":\"EntryPoint\",\"urlTemplate\":\"https:\/\/www.footballcoin.io\/es\/?s={search_term_string}\"},\"query-input\":{\"@type\":\"PropertyValueSpecification\",\"valueRequired\":true,\"valueName\":\"search_term_string\"}}],\"inLanguage\":\"es-ES\"},{\"@type\":\"Organization\",\"@id\":\"https:\/\/www.footballcoin.io\/es\/#organization\",\"name\":\"FootballCoin\",\"url\":\"https:\/\/www.footballcoin.io\/es\/\",\"logo\":{\"@type\":\"ImageObject\",\"inLanguage\":\"es-ES\",\"@id\":\"https:\/\/www.footballcoin.io\/es\/#\/schema\/logo\/image\/\",\"url\":\"https:\/\/cdn.footballcoin.io\/wp-content\/uploads\/sites\/15\/2019\/11\/xfc-horizontal-black.png\",\"contentUrl\":\"https:\/\/cdn.footballcoin.io\/wp-content\/uploads\/sites\/15\/2019\/11\/xfc-horizontal-black.png\",\"width\":200,\"height\":34,\"caption\":\"FootballCoin\"},\"image\":{\"@id\":\"https:\/\/www.footballcoin.io\/es\/#\/schema\/logo\/image\/\"},\"sameAs\":[\"https:\/\/www.facebook.com\/xfcfootballcoin\"]}]}<\/script>\n<!-- \/ Yoast SEO plugin. -->","yoast_head_json":{"title":"T\u00e9rminos y condiciones - FootballCoin Spain","robots":{"index":"index","follow":"follow","max-snippet":"max-snippet:-1","max-image-preview":"max-image-preview:large","max-video-preview":"max-video-preview:-1"},"canonical":"https:\/\/www.footballcoin.io\/es\/terminos-y-condiciones\/","og_locale":"es_ES","og_type":"article","og_title":"T\u00e9rminos y condiciones - FootballCoin Spain","og_description":"Bienvenido a nuestro sitio web. Si contin\u00faas navegando y utilizando este sitio web, aceptas cumplir y estar sujeto a los siguientes t\u00e9rminos y condiciones de uso, que junto con nuestra pol\u00edtica de privacidad rigen la relaci\u00f3n de FootballCoin contigo en relaci\u00f3n con este sitio web. Si no est\u00e1s de acuerdo con alguna parte de estos [&hellip;]","og_url":"https:\/\/www.footballcoin.io\/es\/terminos-y-condiciones\/","og_site_name":"FootballCoin Spain","article_publisher":"https:\/\/www.facebook.com\/xfcfootballcoin","article_modified_time":"2019-04-04T13:56:12+00:00","og_image":[{"width":1200,"height":628,"url":"https:\/\/cdn.footballcoin.io\/wp-content\/uploads\/sites\/15\/2021\/06\/Banner_Share_Euro-2.png","type":"image\/png"}],"twitter_card":"summary_large_image","twitter_misc":{"Tiempo de lectura":"2 minutes"},"schema":{"@context":"https:\/\/schema.org","@graph":[{"@type":"WebPage","@id":"https:\/\/www.footballcoin.io\/es\/terminos-y-condiciones\/","url":"https:\/\/www.footballcoin.io\/es\/terminos-y-condiciones\/","name":"T\u00e9rminos y condiciones - FootballCoin Spain","isPartOf":{"@id":"https:\/\/www.footballcoin.io\/es\/#website"},"datePublished":"2018-04-12T12:22:28+00:00","dateModified":"2019-04-04T13:56:12+00:00","breadcrumb":{"@id":"https:\/\/www.footballcoin.io\/es\/terminos-y-condiciones\/#breadcrumb"},"inLanguage":"es-ES","potentialAction":[{"@type":"ReadAction","target":["https:\/\/www.footballcoin.io\/es\/terminos-y-condiciones\/"]}]},{"@type":"BreadcrumbList","@id":"https:\/\/www.footballcoin.io\/es\/terminos-y-condiciones\/#breadcrumb","itemListElement":[{"@type":"ListItem","position":1,"name":"Home","item":"https:\/\/www.footballcoin.io\/es\/"},{"@type":"ListItem","position":2,"name":"T\u00e9rminos y condiciones"}]},{"@type":"WebSite","@id":"https:\/\/www.footballcoin.io\/es\/#website","url":"https:\/\/www.footballcoin.io\/es\/","name":"FootballCoin Spain","description":"VIVE LA EMOCI\u00d3N DEL JUEGO","publisher":{"@id":"https:\/\/www.footballcoin.io\/es\/#organization"},"potentialAction":[{"@type":"SearchAction","target":{"@type":"EntryPoint","urlTemplate":"https:\/\/www.footballcoin.io\/es\/?s={search_term_string}"},"query-input":{"@type":"PropertyValueSpecification","valueRequired":true,"valueName":"search_term_string"}}],"inLanguage":"es-ES"},{"@type":"Organization","@id":"https:\/\/www.footballcoin.io\/es\/#organization","name":"FootballCoin","url":"https:\/\/www.footballcoin.io\/es\/","logo":{"@type":"ImageObject","inLanguage":"es-ES","@id":"https:\/\/www.footballcoin.io\/es\/#\/schema\/logo\/image\/","url":"https:\/\/cdn.footballcoin.io\/wp-content\/uploads\/sites\/15\/2019\/11\/xfc-horizontal-black.png","contentUrl":"https:\/\/cdn.footballcoin.io\/wp-content\/uploads\/sites\/15\/2019\/11\/xfc-horizontal-black.png","width":200,"height":34,"caption":"FootballCoin"},"image":{"@id":"https:\/\/www.footballcoin.io\/es\/#\/schema\/logo\/image\/"},"sameAs":["https:\/\/www.facebook.com\/xfcfootballcoin"]}]}},"_links":{"self":[{"href":"https:\/\/www.footballcoin.io\/es\/wp-json\/wp\/v2\/pages\/76503","targetHints":{"allow":["GET"]}}],"collection":[{"href":"https:\/\/www.footballcoin.io\/es\/wp-json\/wp\/v2\/pages"}],"about":[{"href":"https:\/\/www.footballcoin.io\/es\/wp-json\/wp\/v2\/types\/page"}],"author":[{"embeddable":true,"href":"https:\/\/www.footballcoin.io\/es\/wp-json\/wp\/v2\/users\/15"}],"replies":[{"embeddable":true,"href":"https:\/\/www.footballcoin.io\/es\/wp-json\/wp\/v2\/comments?post=76503"}],"version-history":[{"count":2,"href":"https:\/\/www.footballcoin.io\/es\/wp-json\/wp\/v2\/pages\/76503\/revisions"}],"predecessor-version":[{"id":76509,"href":"https:\/\/www.footballcoin.io\/es\/wp-json\/wp\/v2\/pages\/76503\/revisions\/76509"}],"wp:attachment":[{"href":"https:\/\/www.footballcoin.io\/es\/wp-json\/wp\/v2\/media?parent=76503"}],"curies":[{"name":"wp","href":"https:\/\/api.w.org\/{rel}","templated":true}]}}