{"id":44915,"date":"2017-12-11T12:40:56","date_gmt":"2017-12-11T12:40:56","guid":{"rendered":"https:\/\/www.footballcoin.io\/?page_id=44915"},"modified":"2018-09-26T08:46:24","modified_gmt":"2018-09-26T08:46:24","slug":"assistant-manager-cards-distribution","status":"publish","type":"page","link":"https:\/\/www.footballcoin.io\/es\/assistant-manager-cards-distribution\/","title":{"rendered":"La Distribuci\u00f3n de Cromos de Asistente de Entrenador"},"content":{"rendered":"<p><img loading=\"lazy\" decoding=\"async\" class=\"aligncenter size-full wp-image-44917\" src=\"https:\/\/cdn.footballcoin.io\/wp-content\/uploads\/2017\/12\/buffon-AM-1-205x300.png\" alt=\"\" width=\"205\" height=\"300\" \/><\/p>\n<p><strong>En la econom\u00eda de FootballCoin, los Asistentes de entrenadores son elegidos de uno de los siguientes:<\/strong><\/p>\n<ul>\n<li>ex jugadores que se han retirado del f\u00fatbol;<\/li>\n<li>jugadores de f\u00fatbol que se mudaron a una liga que no figura en el juego FootballCoin;<\/li>\n<li>jugadores que todav\u00eda est\u00e1n activos, mayores de 35 a\u00f1os y que tienen un ranking de un m\u00ednimo de 3 ***;<\/li>\n<\/ul>\n<p>Hay dos tipos principales de tarjetas de asistente de entrenador, basadas en estas clasificaciones:<\/p>\n<h3>Los cromos de asistente de entrenador sin pago<\/h3>\n<p>Estos son cromos generados para jugadores de f\u00fatbol con una clasificaci\u00f3n inferior a: 1 * o 2 **. Estos cromos son gratuitos, en cantidad ilimitada y se generan como fichas digitales en Bitcoin blockchain.<\/p>\n<p>Los cromos AE (jugadores) gratuitos pueden ser utilizados por cualquier usuario en una cantidad ilimitada de equipos y competiciones.<\/p>\n<p>En FootballCoin, aproximadamente el 75% de todos los cromos de jugador incluidos en la base de datos del juego son gratuitos.<\/p>\n<h3>Cromos de asistente de entrenador (jugadores) con un valor destacado<\/h3>\n<p>Los cromos de asistente de entrenador con un valor destacado\u00a0son los cromos generados de los jugadores de f\u00fatbol con una calificaci\u00f3n m\u00e1s alta en el juego: 3 ***; 4 **** y 5 *****.<\/p>\n<p>Estos cromos tienen un valor de mercado expresado en XFC COIN y pueden ser comprados por cualquier usuario, en servicios de intercambio, a un valor XFC COIN determinado por la oferta y la demanda.<\/p>\n<p>Los cromos AE (jugadores) con valor destacado son digital tokens emitidos en Bitcoin blockchain en una cantidad limitada. Pueden ser utilizados en el juego por cualquier usuario que los haya comprado y los tenga en su monedero digital.<br \/>\nPara empezar, las posiciones de Asistente de Entrenador dentro del juego FootballCoin ser\u00e1n ocupadas por jugadores mayores de 35 a\u00f1os. Los cromos se pueden usar con un doble rol dentro del equipo:<\/p>\n<ul>\n<li>La del jugador de f\u00fatbol, jugando en su posici\u00f3n regular y registrado en la liga en la que juega actualmente<\/li>\n<li>Asistente de entrenador en cualquier equipo\/liga\/competici\u00f3n<\/li>\n<\/ul>\n<p>[redbox]\u00a1LA POSICI\u00d3N DEL ASISTENTE DE ENTRENADOR VER\u00c1 AL JUGADOR MANTENIENDO SU CLASIFICACI\u00d3N![\/redbox]<\/p>\n<p>El puesto de aistente de entrenador existe en FootballGame por una serie de razones. En primer lugar, esto agregar\u00e1 un elemento adicional que podr\u00e1 ser utilizado por los entrenadores para desarollar la estrategia de construir tu equipo, ya que el asistente de entrenador puede aportar los puntos del equipo desde la banca.<\/p>\n<p>Lo m\u00e1s importante es que la creaci\u00f3n del puesto de asistente de entrenador ayudar\u00e1 a los jugadores de FootballCoin a obtener lo mejor de tu inversi\u00f3n inicial, ya que podr\u00e1s usar un jugador incluso despu\u00e9s de la jubilaci\u00f3n. Tambi\u00e9n ayudar\u00e1 a crear un equilibrio entre la compra de jugadores j\u00f3venes y mayores.<\/p>\n","protected":false},"excerpt":{"rendered":"<p>En la econom\u00eda de FootballCoin, los Asistentes de entrenadores son elegidos de uno de los siguientes: ex jugadores que se han retirado del f\u00fatbol; jugadores de f\u00fatbol que se mudaron a una liga que no figura en el juego FootballCoin; jugadores que todav\u00eda est\u00e1n activos, mayores de 35 a\u00f1os y que tienen un ranking de [&hellip;]<\/p>\n","protected":false},"author":15,"featured_media":0,"parent":0,"menu_order":0,"comment_status":"closed","ping_status":"closed","template":"","meta":{"footnotes":""},"class_list":["post-44915","page","type-page","status-publish","hentry"],"yoast_head":"<!-- This site is optimized with the Yoast SEO plugin v27.2 - https:\/\/yoast.com\/product\/yoast-seo-wordpress\/ -->\n<title>La Distribuci\u00f3n de Cromos de Asistente de Entrenador - FootballCoin Spain<\/title>\n<meta name=\"robots\" content=\"index, follow, max-snippet:-1, max-image-preview:large, max-video-preview:-1\" \/>\n<link rel=\"canonical\" href=\"https:\/\/www.footballcoin.io\/es\/assistant-manager-cards-distribution\/\" \/>\n<meta property=\"og:locale\" content=\"es_ES\" \/>\n<meta property=\"og:type\" content=\"article\" \/>\n<meta property=\"og:title\" content=\"La Distribuci\u00f3n de Cromos de Asistente de Entrenador - FootballCoin Spain\" \/>\n<meta property=\"og:description\" content=\"En la econom\u00eda de FootballCoin, los Asistentes de entrenadores son elegidos de uno de los siguientes: ex jugadores que se han retirado del f\u00fatbol; jugadores de f\u00fatbol que se mudaron a una liga que no figura en el juego FootballCoin; jugadores que todav\u00eda est\u00e1n activos, mayores de 35 a\u00f1os y que tienen un ranking de [&hellip;]\" \/>\n<meta property=\"og:url\" content=\"https:\/\/www.footballcoin.io\/es\/assistant-manager-cards-distribution\/\" \/>\n<meta property=\"og:site_name\" content=\"FootballCoin Spain\" \/>\n<meta property=\"article:publisher\" content=\"https:\/\/www.facebook.com\/xfcfootballcoin\" \/>\n<meta property=\"article:modified_time\" content=\"2018-09-26T08:46:24+00:00\" \/>\n<meta property=\"og:image\" content=\"https:\/\/cdn.footballcoin.io\/wp-content\/uploads\/2017\/12\/buffon-AM-1-205x300.png\" \/>\n<meta name=\"twitter:card\" content=\"summary_large_image\" \/>\n<meta name=\"twitter:label1\" content=\"Tiempo de lectura\" \/>\n\t<meta name=\"twitter:data1\" content=\"2 minutes\" \/>\n<script type=\"application\/ld+json\" class=\"yoast-schema-graph\">{\"@context\":\"https:\/\/schema.org\",\"@graph\":[{\"@type\":\"WebPage\",\"@id\":\"https:\/\/www.footballcoin.io\/es\/assistant-manager-cards-distribution\/\",\"url\":\"https:\/\/www.footballcoin.io\/es\/assistant-manager-cards-distribution\/\",\"name\":\"La Distribuci\u00f3n de Cromos de Asistente de Entrenador - FootballCoin Spain\",\"isPartOf\":{\"@id\":\"https:\/\/www.footballcoin.io\/es\/#website\"},\"primaryImageOfPage\":{\"@id\":\"https:\/\/www.footballcoin.io\/es\/assistant-manager-cards-distribution\/#primaryimage\"},\"image\":{\"@id\":\"https:\/\/www.footballcoin.io\/es\/assistant-manager-cards-distribution\/#primaryimage\"},\"thumbnailUrl\":\"https:\/\/cdn.footballcoin.io\/wp-content\/uploads\/2017\/12\/buffon-AM-1-205x300.png\",\"datePublished\":\"2017-12-11T12:40:56+00:00\",\"dateModified\":\"2018-09-26T08:46:24+00:00\",\"breadcrumb\":{\"@id\":\"https:\/\/www.footballcoin.io\/es\/assistant-manager-cards-distribution\/#breadcrumb\"},\"inLanguage\":\"es-ES\",\"potentialAction\":[{\"@type\":\"ReadAction\",\"target\":[\"https:\/\/www.footballcoin.io\/es\/assistant-manager-cards-distribution\/\"]}]},{\"@type\":\"ImageObject\",\"inLanguage\":\"es-ES\",\"@id\":\"https:\/\/www.footballcoin.io\/es\/assistant-manager-cards-distribution\/#primaryimage\",\"url\":\"https:\/\/cdn.footballcoin.io\/wp-content\/uploads\/2017\/12\/buffon-AM-1-205x300.png\",\"contentUrl\":\"https:\/\/cdn.footballcoin.io\/wp-content\/uploads\/2017\/12\/buffon-AM-1-205x300.png\"},{\"@type\":\"BreadcrumbList\",\"@id\":\"https:\/\/www.footballcoin.io\/es\/assistant-manager-cards-distribution\/#breadcrumb\",\"itemListElement\":[{\"@type\":\"ListItem\",\"position\":1,\"name\":\"Home\",\"item\":\"https:\/\/www.footballcoin.io\/es\/\"},{\"@type\":\"ListItem\",\"position\":2,\"name\":\"La Distribuci\u00f3n de Cromos de Asistente de Entrenador\"}]},{\"@type\":\"WebSite\",\"@id\":\"https:\/\/www.footballcoin.io\/es\/#website\",\"url\":\"https:\/\/www.footballcoin.io\/es\/\",\"name\":\"FootballCoin Spain\",\"description\":\"VIVE LA EMOCI\u00d3N DEL JUEGO\",\"publisher\":{\"@id\":\"https:\/\/www.footballcoin.io\/es\/#organization\"},\"potentialAction\":[{\"@type\":\"SearchAction\",\"target\":{\"@type\":\"EntryPoint\",\"urlTemplate\":\"https:\/\/www.footballcoin.io\/es\/?s={search_term_string}\"},\"query-input\":{\"@type\":\"PropertyValueSpecification\",\"valueRequired\":true,\"valueName\":\"search_term_string\"}}],\"inLanguage\":\"es-ES\"},{\"@type\":\"Organization\",\"@id\":\"https:\/\/www.footballcoin.io\/es\/#organization\",\"name\":\"FootballCoin\",\"url\":\"https:\/\/www.footballcoin.io\/es\/\",\"logo\":{\"@type\":\"ImageObject\",\"inLanguage\":\"es-ES\",\"@id\":\"https:\/\/www.footballcoin.io\/es\/#\/schema\/logo\/image\/\",\"url\":\"https:\/\/cdn.footballcoin.io\/wp-content\/uploads\/sites\/15\/2019\/11\/xfc-horizontal-black.png\",\"contentUrl\":\"https:\/\/cdn.footballcoin.io\/wp-content\/uploads\/sites\/15\/2019\/11\/xfc-horizontal-black.png\",\"width\":200,\"height\":34,\"caption\":\"FootballCoin\"},\"image\":{\"@id\":\"https:\/\/www.footballcoin.io\/es\/#\/schema\/logo\/image\/\"},\"sameAs\":[\"https:\/\/www.facebook.com\/xfcfootballcoin\"]}]}<\/script>\n<!-- \/ Yoast SEO plugin. -->","yoast_head_json":{"title":"La Distribuci\u00f3n de Cromos de Asistente de Entrenador - FootballCoin Spain","robots":{"index":"index","follow":"follow","max-snippet":"max-snippet:-1","max-image-preview":"max-image-preview:large","max-video-preview":"max-video-preview:-1"},"canonical":"https:\/\/www.footballcoin.io\/es\/assistant-manager-cards-distribution\/","og_locale":"es_ES","og_type":"article","og_title":"La Distribuci\u00f3n de Cromos de Asistente de Entrenador - FootballCoin Spain","og_description":"En la econom\u00eda de FootballCoin, los Asistentes de entrenadores son elegidos de uno de los siguientes: ex jugadores que se han retirado del f\u00fatbol; jugadores de f\u00fatbol que se mudaron a una liga que no figura en el juego FootballCoin; jugadores que todav\u00eda est\u00e1n activos, mayores de 35 a\u00f1os y que tienen un ranking de [&hellip;]","og_url":"https:\/\/www.footballcoin.io\/es\/assistant-manager-cards-distribution\/","og_site_name":"FootballCoin Spain","article_publisher":"https:\/\/www.facebook.com\/xfcfootballcoin","article_modified_time":"2018-09-26T08:46:24+00:00","og_image":[{"url":"https:\/\/cdn.footballcoin.io\/wp-content\/uploads\/2017\/12\/buffon-AM-1-205x300.png","type":"","width":"","height":""}],"twitter_card":"summary_large_image","twitter_misc":{"Tiempo de lectura":"2 minutes"},"schema":{"@context":"https:\/\/schema.org","@graph":[{"@type":"WebPage","@id":"https:\/\/www.footballcoin.io\/es\/assistant-manager-cards-distribution\/","url":"https:\/\/www.footballcoin.io\/es\/assistant-manager-cards-distribution\/","name":"La Distribuci\u00f3n de Cromos de Asistente de Entrenador - FootballCoin Spain","isPartOf":{"@id":"https:\/\/www.footballcoin.io\/es\/#website"},"primaryImageOfPage":{"@id":"https:\/\/www.footballcoin.io\/es\/assistant-manager-cards-distribution\/#primaryimage"},"image":{"@id":"https:\/\/www.footballcoin.io\/es\/assistant-manager-cards-distribution\/#primaryimage"},"thumbnailUrl":"https:\/\/cdn.footballcoin.io\/wp-content\/uploads\/2017\/12\/buffon-AM-1-205x300.png","datePublished":"2017-12-11T12:40:56+00:00","dateModified":"2018-09-26T08:46:24+00:00","breadcrumb":{"@id":"https:\/\/www.footballcoin.io\/es\/assistant-manager-cards-distribution\/#breadcrumb"},"inLanguage":"es-ES","potentialAction":[{"@type":"ReadAction","target":["https:\/\/www.footballcoin.io\/es\/assistant-manager-cards-distribution\/"]}]},{"@type":"ImageObject","inLanguage":"es-ES","@id":"https:\/\/www.footballcoin.io\/es\/assistant-manager-cards-distribution\/#primaryimage","url":"https:\/\/cdn.footballcoin.io\/wp-content\/uploads\/2017\/12\/buffon-AM-1-205x300.png","contentUrl":"https:\/\/cdn.footballcoin.io\/wp-content\/uploads\/2017\/12\/buffon-AM-1-205x300.png"},{"@type":"BreadcrumbList","@id":"https:\/\/www.footballcoin.io\/es\/assistant-manager-cards-distribution\/#breadcrumb","itemListElement":[{"@type":"ListItem","position":1,"name":"Home","item":"https:\/\/www.footballcoin.io\/es\/"},{"@type":"ListItem","position":2,"name":"La Distribuci\u00f3n de Cromos de Asistente de Entrenador"}]},{"@type":"WebSite","@id":"https:\/\/www.footballcoin.io\/es\/#website","url":"https:\/\/www.footballcoin.io\/es\/","name":"FootballCoin Spain","description":"VIVE LA EMOCI\u00d3N DEL JUEGO","publisher":{"@id":"https:\/\/www.footballcoin.io\/es\/#organization"},"potentialAction":[{"@type":"SearchAction","target":{"@type":"EntryPoint","urlTemplate":"https:\/\/www.footballcoin.io\/es\/?s={search_term_string}"},"query-input":{"@type":"PropertyValueSpecification","valueRequired":true,"valueName":"search_term_string"}}],"inLanguage":"es-ES"},{"@type":"Organization","@id":"https:\/\/www.footballcoin.io\/es\/#organization","name":"FootballCoin","url":"https:\/\/www.footballcoin.io\/es\/","logo":{"@type":"ImageObject","inLanguage":"es-ES","@id":"https:\/\/www.footballcoin.io\/es\/#\/schema\/logo\/image\/","url":"https:\/\/cdn.footballcoin.io\/wp-content\/uploads\/sites\/15\/2019\/11\/xfc-horizontal-black.png","contentUrl":"https:\/\/cdn.footballcoin.io\/wp-content\/uploads\/sites\/15\/2019\/11\/xfc-horizontal-black.png","width":200,"height":34,"caption":"FootballCoin"},"image":{"@id":"https:\/\/www.footballcoin.io\/es\/#\/schema\/logo\/image\/"},"sameAs":["https:\/\/www.facebook.com\/xfcfootballcoin"]}]}},"_links":{"self":[{"href":"https:\/\/www.footballcoin.io\/es\/wp-json\/wp\/v2\/pages\/44915","targetHints":{"allow":["GET"]}}],"collection":[{"href":"https:\/\/www.footballcoin.io\/es\/wp-json\/wp\/v2\/pages"}],"about":[{"href":"https:\/\/www.footballcoin.io\/es\/wp-json\/wp\/v2\/types\/page"}],"author":[{"embeddable":true,"href":"https:\/\/www.footballcoin.io\/es\/wp-json\/wp\/v2\/users\/15"}],"replies":[{"embeddable":true,"href":"https:\/\/www.footballcoin.io\/es\/wp-json\/wp\/v2\/comments?post=44915"}],"version-history":[{"count":6,"href":"https:\/\/www.footballcoin.io\/es\/wp-json\/wp\/v2\/pages\/44915\/revisions"}],"predecessor-version":[{"id":77641,"href":"https:\/\/www.footballcoin.io\/es\/wp-json\/wp\/v2\/pages\/44915\/revisions\/77641"}],"wp:attachment":[{"href":"https:\/\/www.footballcoin.io\/es\/wp-json\/wp\/v2\/media?parent=44915"}],"curies":[{"name":"wp","href":"https:\/\/api.w.org\/{rel}","templated":true}]}}