{"id":44879,"date":"2017-12-11T11:55:47","date_gmt":"2017-12-11T11:55:47","guid":{"rendered":"https:\/\/www.footballcoin.io\/?page_id=44879"},"modified":"2018-09-26T09:04:33","modified_gmt":"2018-09-26T09:04:33","slug":"stadium-cards-distribution","status":"publish","type":"page","link":"https:\/\/www.footballcoin.io\/es\/stadium-cards-distribution\/","title":{"rendered":"La Distribuci\u00f3n de Cromos de Estadio"},"content":{"rendered":"<p style=\"text-align: center\"><img loading=\"lazy\" decoding=\"async\" class=\"aligncenter size-full wp-image-44881\" src=\"https:\/\/cdn.footballcoin.io\/wp-content\/uploads\/2017\/12\/stadium__d549fd-205x300.png\" alt=\"\" width=\"205\" height=\"300\" \/><\/p>\n<p style=\"text-align: center\"><strong>En la econom\u00eda de FootballCoin, los propietarios de cromos de estadio desempe\u00f1an el papel de Managers de Competici\u00f3n y pueden organizar sus propias competencias de acuerdo con la clasificaci\u00f3n del estadio que poseen.<\/strong><\/p>\n<p>Hay dos tipos principales de cromos de estadio, basados en el sistema de clasificaci\u00f3n del estadio:<\/p>\n<h4>Cromos de estadio gratis<\/h4>\n<p>Estos son cromos generados para estadios con clasificaci\u00f3n m\u00e1s baja: 1 * y 2 **. Estos cromos son gratuitos, en una cantidad ilimitada y no se generan a trav\u00e9s de Digital Tokens en el Bitcoin-blockchain.<\/p>\n<p><strong>Los cromos de estadio gratis pueden ser utilizados por cualquier usuario para organizar una cantidad ilimitada de competencias de la siguiente manera:<\/strong><\/p>\n<h3>Estadio clasificado con 1 *<\/h3>\n<p>capacidad &lt; 20.000 asientos. Estos estadios pueden organizar competencias H2H (Head-to-Head) de 2 usuarios que est\u00e1n registrados en esa competencia;<\/p>\n<h3>Estadio clasificado con 2**<\/h3>\n<p>capacidad entre 20.000 \u2013 30.000 asientos. Estos estadios pueden organizar competencia H2H (Head-to-Head), Double-Up o Torneos.<\/p>\n<p>La cantidad m\u00e1xima de usuarios que pueden registrarse para estas competencias es 11.<\/p>\n<p>Los cromos del estadio se pueden utilizar para organizar competencias en la liga en la que se presenta el estadio o en esa liga m\u00e1s las otras ligas disponibles en el juego.<\/p>\n<h4>Cromos de estadio con un valor destacado<\/h4>\n<p><strong>Estos son cromos generados para estadios de mayor rango: 3 ***, 4 **** y 5 *****.<\/strong><\/p>\n<p>Estos cromos tienen un valor de mercado expresado en XFCCOIN y pueden ser comprados por cualquier usuario, en los servicios de intercambio, a un valor XFC determinado por la oferta y la demanda.<\/p>\n<p>Los cromos de estadio con un valor destacado son fichas digitales emitidas en Bitcoin blockchain. Est\u00e1n disponibles en una cantidad limitada. Solo pueden ser utilizados en el juego por los usuarios que los compraron y los tienen en su monedero digital.<\/p>\n<p>La regla para usar los cromos de estadio es un estadio\/una competencia. Esto significa que si deseas utilizar el mismo estadio (por ejemplo, Santiago Bernab\u00e9u) en m\u00e1s competencias simult\u00e1neamente, deber\u00e1s comprar m\u00e1s tarjetas de ese estadio. La cantidad de competencias que puedes organizar de manera simult\u00e1nea depender\u00e1 de la cantidad de cromos de estadio que posees.<\/p>\n<p>[redbox]LA CLASIFICACI\u00d3N DEL ESTADIO SE DETERMINA BAS\u00c1NDOTE EN LA CAPACIDAD DE ASIENTOS REALES DE ESOS ESTADIOS.[\/redbox]<\/p>\n<p>Los propietarios de cromos de estadio con un valor destacado pueden organizar competiciones H2H (Head-to-Head), competiciones Double-Up o Torneos, seg\u00fan lo deseen.<br \/>\nEl n\u00famero de usuarios que pueden unirse a estas competencias estar\u00e1 determinado por la clasificaci\u00f3n del estadio de la siguiente manera:<\/p>\n<p><strong>Estadio clasificado con 3 ***<\/strong><\/p>\n<ul>\n<li>una capacidad de 30.001 &#8211; 45.000 asientos puede tener un m\u00e1ximo de 55 usuarios registrados en la competencia<\/li>\n<\/ul>\n<p><strong>Estadio clasificado con 4 ***<\/strong><\/p>\n<ul>\n<li>una capacidad de 40.001 &#8211; 60.000 asientos puede tener un m\u00e1ximo de 110 usuarios registrados en la competencia;<\/li>\n<\/ul>\n<p><strong>Estadio clasificado con 5*****<\/strong><\/p>\n<ul>\n<li>una capacidad de &gt; 60.001 los asientos pueden tener un n\u00famero ilimitado de usuarios registrados en la competencia.<\/li>\n<\/ul>\n<p><strong>Las ganancias de los Managers de Competencia se basan en la clasificaci\u00f3n del estadio de la siguiente manera:<\/strong><\/p>\n<p>[one_third]<br \/>\nEstadio clasificado con<\/p>\n<h3>5*****<\/h3>\n<p>genera ganancias de 5% del valor total de las tarifas de entrada pagadas por los usuarios al unirse a la competencia;<br \/>\n[\/one_third]<br \/>\n[one_third]<br \/>\nEstadio clasificado con<\/p>\n<h3>4****<\/h3>\n<p>genera ganancias de 4% del valor total de las tarifas de entrada pagadas por los usuarios al unirse a la competencia;<br \/>\n[\/one_third]<br \/>\n[one_third_last]<br \/>\nEstadio clasificado con<\/p>\n<h3>3***<\/h3>\n<p>genera ganancias de 3% del valor total de las tarifas de entrada pagadas por los usuarios al unirse a la competencia;<br \/>\n[\/one_third_last]<\/p>\n<p><em>Por ejemplo, si el manager de competencia posee un estadio clasificado de 5 *****, organiza una competencia donde la cuota de entrada es de 100 XFC COIN y 1,000 usuarios se registran para la competencia, el valor acumulado de las ganancias de las tarifas de registro ser\u00e1 de 100 veces 1.000 = 100.000 MONEDA XFC. De este 5% = 5.000 XFCCOIN se otorgar\u00e1 al gerente de la competici\u00f3n.<\/em><\/p>\n<p><strong>El n\u00famero total de cromos (tokens) emitidas para cada estadio de f\u00fatbol se determina en la econom\u00eda de FootballCoin de la siguiente manera:<\/strong><\/p>\n<p>[one_third]<br \/>\nEstadio clasificado con 3***<\/p>\n<h3>500<\/h3>\n<p>cromos emitidos en total;<br \/>\n[\/one_third]<br \/>\n[one_third]<br \/>\nEstadio clasificado con 4****<\/p>\n<h3>300<\/h3>\n<p>cromos emitidos en total;<br \/>\n[\/one_third]<br \/>\n[one_third_last]<br \/>\nEstadio clasificado con 5*****<\/p>\n<h3>150<\/h3>\n<p>cromos emitidos en total;<br \/>\n[\/one_third_last]<\/p>\n<p><strong>La distribuci\u00f3n de los cromos del estadio se har\u00e1 de las siguientes maneras (del total de cromos emitidos para cada estadio):<\/strong><\/p>\n<p>[one_third]<\/p>\n<h3>20<\/h3>\n<p>reservado para los partidarios iniciales;<br \/>\n[\/one_third]<br \/>\n[one_third]<\/p>\n<h3>5%<\/h3>\n<p>reservado para los socios;<br \/>\n[\/one_third]<br \/>\n[one_third_last]<\/p>\n<h3>75%<\/h3>\n<p>puesto en venta progresivamente en las ventanas de transferencia regulares.<br \/>\n[\/one_third_last]<\/p>\n<p><strong>El n\u00famero total de cromos de estadio puestas a la venta en cada ventana de transferencia se ajustar\u00e1 estrictamente a la clasificaci\u00f3n del estadio y al n\u00famero total de usuarios presentados en el juego, de la siguiente manera:<\/strong><\/p>\n<p>[one_third]<\/p>\n<h5>3***<\/h5>\n<p>&#8211; un m\u00e1ximo del 2.5% del n\u00famero total de usuarios;<br \/>\n[\/one_third]<br \/>\n[one_third]<\/p>\n<h5>4****<\/h5>\n<p>&#8211; un m\u00e1ximo del 1% del n\u00famero total de usuarios;<br \/>\n[\/one_third]<br \/>\n[one_third_last]<\/p>\n<h5>5*****<\/h5>\n<p>&#8211; un m\u00e1ximo del 0.5% del n\u00famero total de usuarios;<br \/>\n[\/one_third_last]<\/p>\n<p><em>Por ejemplo, si para un estadio clasificado con 5 ***** se han emitido 150 cromos, se distribuir\u00e1n progresivamente hasta que el n\u00famero de usuarios del juego haya llegado a 30,000. Cuando el n\u00famero de usuarios del juego supere los 30,000, entonces el cromos ser\u00e1 m\u00e1s rara que el margen inicial de 0.5%.<\/em><\/p>\n<p>Las ganancias por la venta de cromos de estadio se usar\u00e1n de la siguiente manera:<\/p>\n<p>[one_third]<\/p>\n<h5>50%<\/h5>\n<p>utilizado en el desarrollo del juego;<br \/>\n[\/one_third]<br \/>\n[one_third]<\/p>\n<h5>25%<\/h5>\n<p>para promociones y marketing;<br \/>\n[\/one_third]<br \/>\n[one_third_last]<\/p>\n<h5>25%<\/h5>\n<p>para premios y bonificaciones garantizados por el juego.<br \/>\n[\/one_third_last]<\/p>\n","protected":false},"excerpt":{"rendered":"<p>En la econom\u00eda de FootballCoin, los propietarios de cromos de estadio desempe\u00f1an el papel de Managers de Competici\u00f3n y pueden organizar sus propias competencias de acuerdo con la clasificaci\u00f3n del estadio que poseen. Hay dos tipos principales de cromos de estadio, basados en el sistema de clasificaci\u00f3n del estadio: Cromos de estadio gratis Estos son [&hellip;]<\/p>\n","protected":false},"author":15,"featured_media":0,"parent":0,"menu_order":0,"comment_status":"closed","ping_status":"closed","template":"","meta":{"footnotes":""},"class_list":["post-44879","page","type-page","status-publish","hentry"],"yoast_head":"<!-- This site is optimized with the Yoast SEO plugin v27.2 - https:\/\/yoast.com\/product\/yoast-seo-wordpress\/ -->\n<title>La Distribuci\u00f3n de Cromos de Estadio - FootballCoin Spain<\/title>\n<meta name=\"robots\" content=\"index, follow, max-snippet:-1, max-image-preview:large, max-video-preview:-1\" \/>\n<link rel=\"canonical\" href=\"https:\/\/www.footballcoin.io\/es\/stadium-cards-distribution\/\" \/>\n<meta property=\"og:locale\" content=\"es_ES\" \/>\n<meta property=\"og:type\" content=\"article\" \/>\n<meta property=\"og:title\" content=\"La Distribuci\u00f3n de Cromos de Estadio - FootballCoin Spain\" \/>\n<meta property=\"og:description\" content=\"En la econom\u00eda de FootballCoin, los propietarios de cromos de estadio desempe\u00f1an el papel de Managers de Competici\u00f3n y pueden organizar sus propias competencias de acuerdo con la clasificaci\u00f3n del estadio que poseen. Hay dos tipos principales de cromos de estadio, basados en el sistema de clasificaci\u00f3n del estadio: Cromos de estadio gratis Estos son [&hellip;]\" \/>\n<meta property=\"og:url\" content=\"https:\/\/www.footballcoin.io\/es\/stadium-cards-distribution\/\" \/>\n<meta property=\"og:site_name\" content=\"FootballCoin Spain\" \/>\n<meta property=\"article:publisher\" content=\"https:\/\/www.facebook.com\/xfcfootballcoin\" \/>\n<meta property=\"article:modified_time\" content=\"2018-09-26T09:04:33+00:00\" \/>\n<meta property=\"og:image\" content=\"https:\/\/cdn.footballcoin.io\/wp-content\/uploads\/2017\/12\/stadium__d549fd-205x300.png\" \/>\n<meta name=\"twitter:card\" content=\"summary_large_image\" \/>\n<meta name=\"twitter:label1\" content=\"Tiempo de lectura\" \/>\n\t<meta name=\"twitter:data1\" content=\"5 minutes\" \/>\n<script type=\"application\/ld+json\" class=\"yoast-schema-graph\">{\"@context\":\"https:\/\/schema.org\",\"@graph\":[{\"@type\":\"WebPage\",\"@id\":\"https:\/\/www.footballcoin.io\/es\/stadium-cards-distribution\/\",\"url\":\"https:\/\/www.footballcoin.io\/es\/stadium-cards-distribution\/\",\"name\":\"La Distribuci\u00f3n de Cromos de Estadio - FootballCoin Spain\",\"isPartOf\":{\"@id\":\"https:\/\/www.footballcoin.io\/es\/#website\"},\"primaryImageOfPage\":{\"@id\":\"https:\/\/www.footballcoin.io\/es\/stadium-cards-distribution\/#primaryimage\"},\"image\":{\"@id\":\"https:\/\/www.footballcoin.io\/es\/stadium-cards-distribution\/#primaryimage\"},\"thumbnailUrl\":\"https:\/\/cdn.footballcoin.io\/wp-content\/uploads\/2017\/12\/stadium__d549fd-205x300.png\",\"datePublished\":\"2017-12-11T11:55:47+00:00\",\"dateModified\":\"2018-09-26T09:04:33+00:00\",\"breadcrumb\":{\"@id\":\"https:\/\/www.footballcoin.io\/es\/stadium-cards-distribution\/#breadcrumb\"},\"inLanguage\":\"es-ES\",\"potentialAction\":[{\"@type\":\"ReadAction\",\"target\":[\"https:\/\/www.footballcoin.io\/es\/stadium-cards-distribution\/\"]}]},{\"@type\":\"ImageObject\",\"inLanguage\":\"es-ES\",\"@id\":\"https:\/\/www.footballcoin.io\/es\/stadium-cards-distribution\/#primaryimage\",\"url\":\"https:\/\/cdn.footballcoin.io\/wp-content\/uploads\/2017\/12\/stadium__d549fd-205x300.png\",\"contentUrl\":\"https:\/\/cdn.footballcoin.io\/wp-content\/uploads\/2017\/12\/stadium__d549fd-205x300.png\"},{\"@type\":\"BreadcrumbList\",\"@id\":\"https:\/\/www.footballcoin.io\/es\/stadium-cards-distribution\/#breadcrumb\",\"itemListElement\":[{\"@type\":\"ListItem\",\"position\":1,\"name\":\"Home\",\"item\":\"https:\/\/www.footballcoin.io\/es\/\"},{\"@type\":\"ListItem\",\"position\":2,\"name\":\"La Distribuci\u00f3n de Cromos de Estadio\"}]},{\"@type\":\"WebSite\",\"@id\":\"https:\/\/www.footballcoin.io\/es\/#website\",\"url\":\"https:\/\/www.footballcoin.io\/es\/\",\"name\":\"FootballCoin Spain\",\"description\":\"VIVE LA EMOCI\u00d3N DEL JUEGO\",\"publisher\":{\"@id\":\"https:\/\/www.footballcoin.io\/es\/#organization\"},\"potentialAction\":[{\"@type\":\"SearchAction\",\"target\":{\"@type\":\"EntryPoint\",\"urlTemplate\":\"https:\/\/www.footballcoin.io\/es\/?s={search_term_string}\"},\"query-input\":{\"@type\":\"PropertyValueSpecification\",\"valueRequired\":true,\"valueName\":\"search_term_string\"}}],\"inLanguage\":\"es-ES\"},{\"@type\":\"Organization\",\"@id\":\"https:\/\/www.footballcoin.io\/es\/#organization\",\"name\":\"FootballCoin\",\"url\":\"https:\/\/www.footballcoin.io\/es\/\",\"logo\":{\"@type\":\"ImageObject\",\"inLanguage\":\"es-ES\",\"@id\":\"https:\/\/www.footballcoin.io\/es\/#\/schema\/logo\/image\/\",\"url\":\"https:\/\/cdn.footballcoin.io\/wp-content\/uploads\/sites\/15\/2019\/11\/xfc-horizontal-black.png\",\"contentUrl\":\"https:\/\/cdn.footballcoin.io\/wp-content\/uploads\/sites\/15\/2019\/11\/xfc-horizontal-black.png\",\"width\":200,\"height\":34,\"caption\":\"FootballCoin\"},\"image\":{\"@id\":\"https:\/\/www.footballcoin.io\/es\/#\/schema\/logo\/image\/\"},\"sameAs\":[\"https:\/\/www.facebook.com\/xfcfootballcoin\"]}]}<\/script>\n<!-- \/ Yoast SEO plugin. -->","yoast_head_json":{"title":"La Distribuci\u00f3n de Cromos de Estadio - FootballCoin Spain","robots":{"index":"index","follow":"follow","max-snippet":"max-snippet:-1","max-image-preview":"max-image-preview:large","max-video-preview":"max-video-preview:-1"},"canonical":"https:\/\/www.footballcoin.io\/es\/stadium-cards-distribution\/","og_locale":"es_ES","og_type":"article","og_title":"La Distribuci\u00f3n de Cromos de Estadio - FootballCoin Spain","og_description":"En la econom\u00eda de FootballCoin, los propietarios de cromos de estadio desempe\u00f1an el papel de Managers de Competici\u00f3n y pueden organizar sus propias competencias de acuerdo con la clasificaci\u00f3n del estadio que poseen. Hay dos tipos principales de cromos de estadio, basados en el sistema de clasificaci\u00f3n del estadio: Cromos de estadio gratis Estos son [&hellip;]","og_url":"https:\/\/www.footballcoin.io\/es\/stadium-cards-distribution\/","og_site_name":"FootballCoin Spain","article_publisher":"https:\/\/www.facebook.com\/xfcfootballcoin","article_modified_time":"2018-09-26T09:04:33+00:00","og_image":[{"url":"https:\/\/cdn.footballcoin.io\/wp-content\/uploads\/2017\/12\/stadium__d549fd-205x300.png","type":"","width":"","height":""}],"twitter_card":"summary_large_image","twitter_misc":{"Tiempo de lectura":"5 minutes"},"schema":{"@context":"https:\/\/schema.org","@graph":[{"@type":"WebPage","@id":"https:\/\/www.footballcoin.io\/es\/stadium-cards-distribution\/","url":"https:\/\/www.footballcoin.io\/es\/stadium-cards-distribution\/","name":"La Distribuci\u00f3n de Cromos de Estadio - FootballCoin Spain","isPartOf":{"@id":"https:\/\/www.footballcoin.io\/es\/#website"},"primaryImageOfPage":{"@id":"https:\/\/www.footballcoin.io\/es\/stadium-cards-distribution\/#primaryimage"},"image":{"@id":"https:\/\/www.footballcoin.io\/es\/stadium-cards-distribution\/#primaryimage"},"thumbnailUrl":"https:\/\/cdn.footballcoin.io\/wp-content\/uploads\/2017\/12\/stadium__d549fd-205x300.png","datePublished":"2017-12-11T11:55:47+00:00","dateModified":"2018-09-26T09:04:33+00:00","breadcrumb":{"@id":"https:\/\/www.footballcoin.io\/es\/stadium-cards-distribution\/#breadcrumb"},"inLanguage":"es-ES","potentialAction":[{"@type":"ReadAction","target":["https:\/\/www.footballcoin.io\/es\/stadium-cards-distribution\/"]}]},{"@type":"ImageObject","inLanguage":"es-ES","@id":"https:\/\/www.footballcoin.io\/es\/stadium-cards-distribution\/#primaryimage","url":"https:\/\/cdn.footballcoin.io\/wp-content\/uploads\/2017\/12\/stadium__d549fd-205x300.png","contentUrl":"https:\/\/cdn.footballcoin.io\/wp-content\/uploads\/2017\/12\/stadium__d549fd-205x300.png"},{"@type":"BreadcrumbList","@id":"https:\/\/www.footballcoin.io\/es\/stadium-cards-distribution\/#breadcrumb","itemListElement":[{"@type":"ListItem","position":1,"name":"Home","item":"https:\/\/www.footballcoin.io\/es\/"},{"@type":"ListItem","position":2,"name":"La Distribuci\u00f3n de Cromos de Estadio"}]},{"@type":"WebSite","@id":"https:\/\/www.footballcoin.io\/es\/#website","url":"https:\/\/www.footballcoin.io\/es\/","name":"FootballCoin Spain","description":"VIVE LA EMOCI\u00d3N DEL JUEGO","publisher":{"@id":"https:\/\/www.footballcoin.io\/es\/#organization"},"potentialAction":[{"@type":"SearchAction","target":{"@type":"EntryPoint","urlTemplate":"https:\/\/www.footballcoin.io\/es\/?s={search_term_string}"},"query-input":{"@type":"PropertyValueSpecification","valueRequired":true,"valueName":"search_term_string"}}],"inLanguage":"es-ES"},{"@type":"Organization","@id":"https:\/\/www.footballcoin.io\/es\/#organization","name":"FootballCoin","url":"https:\/\/www.footballcoin.io\/es\/","logo":{"@type":"ImageObject","inLanguage":"es-ES","@id":"https:\/\/www.footballcoin.io\/es\/#\/schema\/logo\/image\/","url":"https:\/\/cdn.footballcoin.io\/wp-content\/uploads\/sites\/15\/2019\/11\/xfc-horizontal-black.png","contentUrl":"https:\/\/cdn.footballcoin.io\/wp-content\/uploads\/sites\/15\/2019\/11\/xfc-horizontal-black.png","width":200,"height":34,"caption":"FootballCoin"},"image":{"@id":"https:\/\/www.footballcoin.io\/es\/#\/schema\/logo\/image\/"},"sameAs":["https:\/\/www.facebook.com\/xfcfootballcoin"]}]}},"_links":{"self":[{"href":"https:\/\/www.footballcoin.io\/es\/wp-json\/wp\/v2\/pages\/44879","targetHints":{"allow":["GET"]}}],"collection":[{"href":"https:\/\/www.footballcoin.io\/es\/wp-json\/wp\/v2\/pages"}],"about":[{"href":"https:\/\/www.footballcoin.io\/es\/wp-json\/wp\/v2\/types\/page"}],"author":[{"embeddable":true,"href":"https:\/\/www.footballcoin.io\/es\/wp-json\/wp\/v2\/users\/15"}],"replies":[{"embeddable":true,"href":"https:\/\/www.footballcoin.io\/es\/wp-json\/wp\/v2\/comments?post=44879"}],"version-history":[{"count":6,"href":"https:\/\/www.footballcoin.io\/es\/wp-json\/wp\/v2\/pages\/44879\/revisions"}],"predecessor-version":[{"id":77643,"href":"https:\/\/www.footballcoin.io\/es\/wp-json\/wp\/v2\/pages\/44879\/revisions\/77643"}],"wp:attachment":[{"href":"https:\/\/www.footballcoin.io\/es\/wp-json\/wp\/v2\/media?parent=44879"}],"curies":[{"name":"wp","href":"https:\/\/api.w.org\/{rel}","templated":true}]}}