{"id":44859,"date":"2017-12-11T11:35:47","date_gmt":"2017-12-11T11:35:47","guid":{"rendered":"https:\/\/www.footballcoin.io\/?page_id=44859"},"modified":"2021-04-20T12:09:06","modified_gmt":"2021-04-20T12:09:06","slug":"player-cards-distribution","status":"publish","type":"page","link":"https:\/\/www.footballcoin.io\/es\/player-cards-distribution\/","title":{"rendered":"La Distribuci\u00f3n de Cromos de Jugador"},"content":{"rendered":"<p><img loading=\"lazy\" decoding=\"async\" class=\"aligncenter size-full wp-image-44861\" src=\"https:\/\/cdn.footballcoin.io\/wp-content\/uploads\/2017\/12\/messi_hwn2th-205x300.png\" alt=\"\" width=\"205\" height=\"300\" \/><\/p>\n<p style=\"text-align: center;\"><strong>En la econom\u00eda de FootballCoin, hay dos tipos principales de cromos de f\u00fatbol, seg\u00fan la clasificaci\u00f3n de los jugadores.<\/strong><\/p>\n<p><strong>Cromos de jugador gratis<\/strong><\/p>\n<p>Estos son cromos de jugador generados para jugadores de f\u00fatbol con una clasificaci\u00f3n m\u00e1s baja: <strong>1*<\/strong> y <strong>2**<\/strong>.<br \/>\nEstos cromos de f\u00fatbol son gratuitas, ilimitadas y no se generan como fichas digitales en Bitcoin blockchain.<\/p>\n<p><strong>Los cromos gratis de jugador pueden ser utilizados por cualquier usuario, en un n\u00famero ilimitado de equipos y competencias.<\/strong><\/p>\n<p><strong>En el juego FootballCoin, aproximadamente el 75% de todos los cromos de jugador son gratuitas.<\/strong><\/p>\n<h4><strong>Cromos de jugador con un valor destacado<\/strong><\/h4>\n<p>Estos son los cromos de f\u00fatbol generadas para los jugadores clasificados m\u00e1s alto <strong>3***<\/strong>, <strong>4****<\/strong> y <strong>5*****<\/strong>.<\/p>\n<p>Estos cromos de f\u00fatbol tienen un valor expresado en XFCCOIN y pueden ser comprados por cualquier usuario, en el mercado, al valor XFC determinado por la oferta y la demanda.<\/p>\n<p>Los cromos de jugador con un valor destacado son fichas digitales emitidas en una cantidad limitada en el Bitcoin blockchain. Estos cromos solo pueden ser utilizadas en el juego por los usuarios que los han comprado y los poseen en tu monedero digital.<\/p>\n<p>Estos usuarios pueden tener los siguientes papeles en el juego:<\/p>\n<h4><strong>Mister Profesional<\/strong><\/h4>\n<p>(cuando los cromos de jugador se usan para crear la lista del equipo utilizada en el juego);<\/p>\n<p><strong>Agente<\/strong><\/p>\n<p>(cuando los cromos de jugador se mantienen en el monedero digital y pueden venderse a un precio mayor en el futuro);<\/p>\n<p><strong>Ambos papeles al mismo tiempo.<\/strong><\/p>\n<p>La regla para usar los cromos de jugador es un jugador \/ un equipo \/ una competencia. Esto significa que si deseas utilizar el mismo jugador (por ejemplo, Cristiano Ronaldo) en m\u00e1s equipos o competencias simult\u00e1neamente, deber\u00e1s comprar m\u00e1s cromos de este jugador. La cantidad de cromos de f\u00fatbol que poseas para un jugador representar\u00e1 la cantidad de equipos en los que podr\u00e1s incluir a ese jugador.<\/p>\n<p>[redbox]<br \/>\nEN EL JUEGO DE FOOTBALLCOIN SOLO APROXIMADAMENTE EL 25% DEL N\u00daMERO TOTAL DE CROMOS SON CROMOS DE JUGADOR CON VALOR DESTACADO.<\/p>\n<p>[\/redbox]<\/p>\n<ul>\n<li>En cuanto a las clasificaciones de los jugadores de f\u00fatbol<\/li>\n<li>La clasificaci\u00f3n de jugadores en la econom\u00eda de FootballCoin se basa en un complejo algoritmo que tiene en cuenta lo siguiente:<\/li>\n<li>El valor de mercado real del jugador (seg\u00fan lo indica Transfermarkt);<\/li>\n<li>La notoriedad nacional e internacional de jugador;<\/li>\n<li>La cantidad de logros y trofeos acumulados en su carrera;<\/li>\n<li>La edad del jugador.<\/li>\n<\/ul>\n<p>La clasificaci\u00f3n del jugador de f\u00fatbol puede actualizarse en el tiempo en funci\u00f3n de un aumento en el valor de mercado, los logros de f\u00fatbol o un aumento en la notoriedad. Por ejemplo, si compras un jugador con una clasificaci\u00f3n de 3 *** y ese jugador disfruta de un per\u00edodo de grandes actuaciones en el campo, lo que lleva a un aumento en el valor de mercado y notoriedad, tu clasificaci\u00f3n se actualizar\u00e1 en la ventana de transferencia. Ese jugador puede incluso ser clasificado como un jugador de <strong>4****<\/strong> o <strong>5*****<\/strong>. De esta forma, el valor de tu inversi\u00f3n tambi\u00e9n puede aumentar proporcionalmente al aumento en el valor del jugador.<\/p>\n<p><strong>\u00a1La clasificaci\u00f3n de un jugador de f\u00fatbol nunca puede disminuir en el juego!<\/strong><\/p>\n<p>Si un jugador ha alcanzado una cierta clasificaci\u00f3n en el juego, esto nunca ser\u00e1 degradado, independientemente de una disminuci\u00f3n en la forma del jugador o en el valor de mercado. \u00c9l siempre mantendr\u00e1 la clasificaci\u00f3n m\u00e1s alta que ha tenido. Por ejemplo, Cristiano Ronaldo en este momento tiene el puntaje m\u00e1s alto en el juego de 5 *****. Incluso si su forma y valor de mercado disminuyen repentinamente, siempre mantendr\u00e1 la clasificaci\u00f3n que ha ganado.<\/p>\n<p>Los jugadores que se retiran del f\u00fatbol profesional o cambian de ligas (en el sentido de que son transferidos a una liga que no figura en el juego FootballCoin) se convertir\u00e1n en Asistentes de Entrenador en el juego.<\/p>\n<p>Como Asistente de Entrenador conservar\u00e1n la clasificaci\u00f3n m\u00e1s alta que hayan obtenido como jugador.<\/p>\n<p>El valor inicial de los cromos de jugador se determina en la econom\u00eda de FootballCoin bas\u00e1ndose en un algoritmo que tiene en cuenta lo siguiente:<\/p>\n<ul>\n<li>La clasificaci\u00f3n de un jugador;<\/li>\n<li>El valor de mercado del jugador (como figura en Transfermarkt);<\/li>\n<li>La notoriedad del jugador;<\/li>\n<li>La edad del jugador;<\/li>\n<li>El n\u00famero inicial de cromos emitidos para el jugador.<\/li>\n<\/ul>\n<p>Teniendo en cuenta el hecho de que la distribuci\u00f3n de los cromos de jugador va a aumentar con el tiempo, en las ventanas de transferencias regulares, los cromos de jugadores jovenes se emitir\u00e1n en un n\u00famero mayor que las de los jugadores mayores.<\/p>\n<p>El n\u00famero total de cromos (tokens) emitidas para cada jugador variar\u00e1 entre 250- 1000 cromos por jugador.<\/p>\n<p><strong>La distribuci\u00f3n del n\u00famero total de cromos emitidos para cada jugador se dividir\u00e1 de la siguiente manera:<\/strong><\/p>\n<h4>20%<\/h4>\n<p>reservado para los primeros partidarios;<\/p>\n<h4><strong>5%<\/strong><\/h4>\n<p>reservado para los socios;<\/p>\n<h4><strong>5%<\/strong><\/h4>\n<p>reservado para premios en el juego y en la comunidad;<\/p>\n<h4><strong>70%<\/strong><\/h4>\n<p>ponerlo progresivamente a la venta en las ventanas de transferencia.<br \/>\n<strong>El n\u00famero de cromos de jugador puestos a la venta en cada ventana de transferencia estar\u00e1 estrictamente determinado por la clasificaci\u00f3n del jugador y el n\u00famero de usuarios en el juego, de la siguiente manera:<\/strong><\/p>\n<p>Clasificaci\u00f3n de m\u00e1ximo 5*****<\/p>\n<h4>2.5%<\/h4>\n<p>del n\u00famero total de usuarios;<\/p>\n<p>Clasificaci\u00f3n de 4*****<\/p>\n<h4>5%<\/h4>\n<p>del n\u00famero total de usuarios;<\/p>\n<p>Clasificaci\u00f3n de 3*****<\/p>\n<h4>10%<\/h4>\n<p>del n\u00famero total de usuarios;<\/p>\n<p><small>Por ejemplo, si para un jugador clasificado con 5 ***** se han emitido 2.500 cromos, se distribuir\u00e1n progresivamente hasta que el n\u00famero de usuarios del juego llegue a 100.000. Cuando el n\u00famero de usuarios del juego ha superado los 100.000, el cromos ser\u00e1 m\u00e1s raro que el valor inicial de 2.5%.<\/small><\/p>\n<p>Los valores obtenidos al vender cromos de jugador se usar\u00e1n de las siguientes maneras:<\/p>\n<h4><strong>50%<\/strong><\/h4>\n<p>utilizado en el desarrollo del juego;<\/p>\n<h4><strong>25%<\/strong><\/h4>\n<p>para promociones y marketing;<\/p>\n<h4><strong>25%<\/strong><\/h4>\n<p>para premios y bonificaciones garantizados en el juego.<\/p>\n<p>[redbox]\u00a1SI EL RENDIMIENTO DEL JUGADOR DISMINUYE CONSIDERABLEMENTE Y SUS PLUMAS DE VALOR TAMBI\u00c9N, LOS CROMOS NO DISTRIBUIDAS SE QUEMAR\u00c1N (SE DESECHAR\u00c1N)![\/redbox]<\/p>\n","protected":false},"excerpt":{"rendered":"<p>En la econom\u00eda de FootballCoin, hay dos tipos principales de cromos de f\u00fatbol, seg\u00fan la clasificaci\u00f3n de los jugadores. Cromos de jugador gratis Estos son cromos de jugador generados para jugadores de f\u00fatbol con una clasificaci\u00f3n m\u00e1s baja: 1* y 2**. Estos cromos de f\u00fatbol son gratuitas, ilimitadas y no se generan como fichas digitales [&hellip;]<\/p>\n","protected":false},"author":15,"featured_media":0,"parent":0,"menu_order":0,"comment_status":"closed","ping_status":"closed","template":"","meta":{"footnotes":""},"class_list":["post-44859","page","type-page","status-publish","hentry"],"yoast_head":"<!-- This site is optimized with the Yoast SEO plugin v27.2 - https:\/\/yoast.com\/product\/yoast-seo-wordpress\/ -->\n<title>La Distribuci\u00f3n de Cromos de Jugador - FootballCoin Spain<\/title>\n<meta name=\"robots\" content=\"index, follow, max-snippet:-1, max-image-preview:large, max-video-preview:-1\" \/>\n<link rel=\"canonical\" href=\"https:\/\/www.footballcoin.io\/es\/player-cards-distribution\/\" \/>\n<meta property=\"og:locale\" content=\"es_ES\" \/>\n<meta property=\"og:type\" content=\"article\" \/>\n<meta property=\"og:title\" content=\"La Distribuci\u00f3n de Cromos de Jugador - FootballCoin Spain\" \/>\n<meta property=\"og:description\" content=\"En la econom\u00eda de FootballCoin, hay dos tipos principales de cromos de f\u00fatbol, seg\u00fan la clasificaci\u00f3n de los jugadores. Cromos de jugador gratis Estos son cromos de jugador generados para jugadores de f\u00fatbol con una clasificaci\u00f3n m\u00e1s baja: 1* y 2**. Estos cromos de f\u00fatbol son gratuitas, ilimitadas y no se generan como fichas digitales [&hellip;]\" \/>\n<meta property=\"og:url\" content=\"https:\/\/www.footballcoin.io\/es\/player-cards-distribution\/\" \/>\n<meta property=\"og:site_name\" content=\"FootballCoin Spain\" \/>\n<meta property=\"article:publisher\" content=\"https:\/\/www.facebook.com\/xfcfootballcoin\" \/>\n<meta property=\"article:modified_time\" content=\"2021-04-20T12:09:06+00:00\" \/>\n<meta property=\"og:image\" content=\"https:\/\/cdn.footballcoin.io\/wp-content\/uploads\/2017\/12\/messi_hwn2th-205x300.png\" \/>\n<meta name=\"twitter:card\" content=\"summary_large_image\" \/>\n<meta name=\"twitter:label1\" content=\"Tiempo de lectura\" \/>\n\t<meta name=\"twitter:data1\" content=\"5 minutes\" \/>\n<script type=\"application\/ld+json\" class=\"yoast-schema-graph\">{\"@context\":\"https:\/\/schema.org\",\"@graph\":[{\"@type\":\"WebPage\",\"@id\":\"https:\/\/www.footballcoin.io\/es\/player-cards-distribution\/\",\"url\":\"https:\/\/www.footballcoin.io\/es\/player-cards-distribution\/\",\"name\":\"La Distribuci\u00f3n de Cromos de Jugador - FootballCoin Spain\",\"isPartOf\":{\"@id\":\"https:\/\/www.footballcoin.io\/es\/#website\"},\"primaryImageOfPage\":{\"@id\":\"https:\/\/www.footballcoin.io\/es\/player-cards-distribution\/#primaryimage\"},\"image\":{\"@id\":\"https:\/\/www.footballcoin.io\/es\/player-cards-distribution\/#primaryimage\"},\"thumbnailUrl\":\"https:\/\/cdn.footballcoin.io\/wp-content\/uploads\/2017\/12\/messi_hwn2th-205x300.png\",\"datePublished\":\"2017-12-11T11:35:47+00:00\",\"dateModified\":\"2021-04-20T12:09:06+00:00\",\"breadcrumb\":{\"@id\":\"https:\/\/www.footballcoin.io\/es\/player-cards-distribution\/#breadcrumb\"},\"inLanguage\":\"es-ES\",\"potentialAction\":[{\"@type\":\"ReadAction\",\"target\":[\"https:\/\/www.footballcoin.io\/es\/player-cards-distribution\/\"]}]},{\"@type\":\"ImageObject\",\"inLanguage\":\"es-ES\",\"@id\":\"https:\/\/www.footballcoin.io\/es\/player-cards-distribution\/#primaryimage\",\"url\":\"https:\/\/cdn.footballcoin.io\/wp-content\/uploads\/2017\/12\/messi_hwn2th-205x300.png\",\"contentUrl\":\"https:\/\/cdn.footballcoin.io\/wp-content\/uploads\/2017\/12\/messi_hwn2th-205x300.png\"},{\"@type\":\"BreadcrumbList\",\"@id\":\"https:\/\/www.footballcoin.io\/es\/player-cards-distribution\/#breadcrumb\",\"itemListElement\":[{\"@type\":\"ListItem\",\"position\":1,\"name\":\"Home\",\"item\":\"https:\/\/www.footballcoin.io\/es\/\"},{\"@type\":\"ListItem\",\"position\":2,\"name\":\"La Distribuci\u00f3n de Cromos de Jugador\"}]},{\"@type\":\"WebSite\",\"@id\":\"https:\/\/www.footballcoin.io\/es\/#website\",\"url\":\"https:\/\/www.footballcoin.io\/es\/\",\"name\":\"FootballCoin Spain\",\"description\":\"VIVE LA EMOCI\u00d3N DEL JUEGO\",\"publisher\":{\"@id\":\"https:\/\/www.footballcoin.io\/es\/#organization\"},\"potentialAction\":[{\"@type\":\"SearchAction\",\"target\":{\"@type\":\"EntryPoint\",\"urlTemplate\":\"https:\/\/www.footballcoin.io\/es\/?s={search_term_string}\"},\"query-input\":{\"@type\":\"PropertyValueSpecification\",\"valueRequired\":true,\"valueName\":\"search_term_string\"}}],\"inLanguage\":\"es-ES\"},{\"@type\":\"Organization\",\"@id\":\"https:\/\/www.footballcoin.io\/es\/#organization\",\"name\":\"FootballCoin\",\"url\":\"https:\/\/www.footballcoin.io\/es\/\",\"logo\":{\"@type\":\"ImageObject\",\"inLanguage\":\"es-ES\",\"@id\":\"https:\/\/www.footballcoin.io\/es\/#\/schema\/logo\/image\/\",\"url\":\"https:\/\/cdn.footballcoin.io\/wp-content\/uploads\/sites\/15\/2019\/11\/xfc-horizontal-black.png\",\"contentUrl\":\"https:\/\/cdn.footballcoin.io\/wp-content\/uploads\/sites\/15\/2019\/11\/xfc-horizontal-black.png\",\"width\":200,\"height\":34,\"caption\":\"FootballCoin\"},\"image\":{\"@id\":\"https:\/\/www.footballcoin.io\/es\/#\/schema\/logo\/image\/\"},\"sameAs\":[\"https:\/\/www.facebook.com\/xfcfootballcoin\"]}]}<\/script>\n<!-- \/ Yoast SEO plugin. -->","yoast_head_json":{"title":"La Distribuci\u00f3n de Cromos de Jugador - FootballCoin Spain","robots":{"index":"index","follow":"follow","max-snippet":"max-snippet:-1","max-image-preview":"max-image-preview:large","max-video-preview":"max-video-preview:-1"},"canonical":"https:\/\/www.footballcoin.io\/es\/player-cards-distribution\/","og_locale":"es_ES","og_type":"article","og_title":"La Distribuci\u00f3n de Cromos de Jugador - FootballCoin Spain","og_description":"En la econom\u00eda de FootballCoin, hay dos tipos principales de cromos de f\u00fatbol, seg\u00fan la clasificaci\u00f3n de los jugadores. Cromos de jugador gratis Estos son cromos de jugador generados para jugadores de f\u00fatbol con una clasificaci\u00f3n m\u00e1s baja: 1* y 2**. Estos cromos de f\u00fatbol son gratuitas, ilimitadas y no se generan como fichas digitales [&hellip;]","og_url":"https:\/\/www.footballcoin.io\/es\/player-cards-distribution\/","og_site_name":"FootballCoin Spain","article_publisher":"https:\/\/www.facebook.com\/xfcfootballcoin","article_modified_time":"2021-04-20T12:09:06+00:00","og_image":[{"url":"https:\/\/cdn.footballcoin.io\/wp-content\/uploads\/2017\/12\/messi_hwn2th-205x300.png","type":"","width":"","height":""}],"twitter_card":"summary_large_image","twitter_misc":{"Tiempo de lectura":"5 minutes"},"schema":{"@context":"https:\/\/schema.org","@graph":[{"@type":"WebPage","@id":"https:\/\/www.footballcoin.io\/es\/player-cards-distribution\/","url":"https:\/\/www.footballcoin.io\/es\/player-cards-distribution\/","name":"La Distribuci\u00f3n de Cromos de Jugador - FootballCoin Spain","isPartOf":{"@id":"https:\/\/www.footballcoin.io\/es\/#website"},"primaryImageOfPage":{"@id":"https:\/\/www.footballcoin.io\/es\/player-cards-distribution\/#primaryimage"},"image":{"@id":"https:\/\/www.footballcoin.io\/es\/player-cards-distribution\/#primaryimage"},"thumbnailUrl":"https:\/\/cdn.footballcoin.io\/wp-content\/uploads\/2017\/12\/messi_hwn2th-205x300.png","datePublished":"2017-12-11T11:35:47+00:00","dateModified":"2021-04-20T12:09:06+00:00","breadcrumb":{"@id":"https:\/\/www.footballcoin.io\/es\/player-cards-distribution\/#breadcrumb"},"inLanguage":"es-ES","potentialAction":[{"@type":"ReadAction","target":["https:\/\/www.footballcoin.io\/es\/player-cards-distribution\/"]}]},{"@type":"ImageObject","inLanguage":"es-ES","@id":"https:\/\/www.footballcoin.io\/es\/player-cards-distribution\/#primaryimage","url":"https:\/\/cdn.footballcoin.io\/wp-content\/uploads\/2017\/12\/messi_hwn2th-205x300.png","contentUrl":"https:\/\/cdn.footballcoin.io\/wp-content\/uploads\/2017\/12\/messi_hwn2th-205x300.png"},{"@type":"BreadcrumbList","@id":"https:\/\/www.footballcoin.io\/es\/player-cards-distribution\/#breadcrumb","itemListElement":[{"@type":"ListItem","position":1,"name":"Home","item":"https:\/\/www.footballcoin.io\/es\/"},{"@type":"ListItem","position":2,"name":"La Distribuci\u00f3n de Cromos de Jugador"}]},{"@type":"WebSite","@id":"https:\/\/www.footballcoin.io\/es\/#website","url":"https:\/\/www.footballcoin.io\/es\/","name":"FootballCoin Spain","description":"VIVE LA EMOCI\u00d3N DEL JUEGO","publisher":{"@id":"https:\/\/www.footballcoin.io\/es\/#organization"},"potentialAction":[{"@type":"SearchAction","target":{"@type":"EntryPoint","urlTemplate":"https:\/\/www.footballcoin.io\/es\/?s={search_term_string}"},"query-input":{"@type":"PropertyValueSpecification","valueRequired":true,"valueName":"search_term_string"}}],"inLanguage":"es-ES"},{"@type":"Organization","@id":"https:\/\/www.footballcoin.io\/es\/#organization","name":"FootballCoin","url":"https:\/\/www.footballcoin.io\/es\/","logo":{"@type":"ImageObject","inLanguage":"es-ES","@id":"https:\/\/www.footballcoin.io\/es\/#\/schema\/logo\/image\/","url":"https:\/\/cdn.footballcoin.io\/wp-content\/uploads\/sites\/15\/2019\/11\/xfc-horizontal-black.png","contentUrl":"https:\/\/cdn.footballcoin.io\/wp-content\/uploads\/sites\/15\/2019\/11\/xfc-horizontal-black.png","width":200,"height":34,"caption":"FootballCoin"},"image":{"@id":"https:\/\/www.footballcoin.io\/es\/#\/schema\/logo\/image\/"},"sameAs":["https:\/\/www.facebook.com\/xfcfootballcoin"]}]}},"_links":{"self":[{"href":"https:\/\/www.footballcoin.io\/es\/wp-json\/wp\/v2\/pages\/44859","targetHints":{"allow":["GET"]}}],"collection":[{"href":"https:\/\/www.footballcoin.io\/es\/wp-json\/wp\/v2\/pages"}],"about":[{"href":"https:\/\/www.footballcoin.io\/es\/wp-json\/wp\/v2\/types\/page"}],"author":[{"embeddable":true,"href":"https:\/\/www.footballcoin.io\/es\/wp-json\/wp\/v2\/users\/15"}],"replies":[{"embeddable":true,"href":"https:\/\/www.footballcoin.io\/es\/wp-json\/wp\/v2\/comments?post=44859"}],"version-history":[{"count":5,"href":"https:\/\/www.footballcoin.io\/es\/wp-json\/wp\/v2\/pages\/44859\/revisions"}],"predecessor-version":[{"id":78766,"href":"https:\/\/www.footballcoin.io\/es\/wp-json\/wp\/v2\/pages\/44859\/revisions\/78766"}],"wp:attachment":[{"href":"https:\/\/www.footballcoin.io\/es\/wp-json\/wp\/v2\/media?parent=44859"}],"curies":[{"name":"wp","href":"https:\/\/api.w.org\/{rel}","templated":true}]}}