{"id":44805,"date":"2017-12-11T10:11:07","date_gmt":"2017-12-11T10:11:07","guid":{"rendered":"https:\/\/www.footballcoin.io\/?page_id=44805"},"modified":"2019-07-23T11:17:02","modified_gmt":"2019-07-23T11:17:02","slug":"what-is-xfc","status":"publish","type":"page","link":"https:\/\/www.footballcoin.io\/es\/what-is-xfc\/","title":{"rendered":"\u00bfQu\u00e9 es XFC?"},"content":{"rendered":"<p><img loading=\"lazy\" decoding=\"async\" class=\"aligncenter wp-image-76473 \" src=\"https:\/\/cdn.footballcoin.io\/wp-content\/uploads\/sites\/15\/2018\/04\/What-is-XFC.png\" alt=\"\" width=\"849\" height=\"611\" srcset=\"https:\/\/cdn.footballcoin.io\/wp-content\/uploads\/sites\/15\/2018\/04\/What-is-XFC.png 1000w, https:\/\/cdn.footballcoin.io\/wp-content\/uploads\/sites\/15\/2018\/04\/What-is-XFC-300x216.png 300w, https:\/\/cdn.footballcoin.io\/wp-content\/uploads\/sites\/15\/2018\/04\/What-is-XFC-768x553.png 768w\" sizes=\"auto, (max-width: 849px) 100vw, 849px\" \/><\/p>\n<p><strong>XFC (FootballCoin) es un activo digital (token) que act\u00faa como moneda del juego.<\/strong><\/p>\n<p>XFC fue emitido en una cantidad limitada de 1 bili\u00f3n en la plataforma Counterparty (una plataforma basada en Bitcoin-blockchain).\u00a0 Una emisi\u00f3n limitada de monedas ofrece la premisa de una econom\u00eda de juego saludable sin inflaci\u00f3n artificial.<\/p>\n<p><strong>XFC es libremente transferible entre jugadores dentro y fuera del juego.<\/strong><\/p>\n<p>XFC puede ser:<\/p>\n<ul>\n<li>intercambiado en Bitcoin en los servicios de intercambio <strong><a href=\"https:\/\/coindeal.com\/?utm_source=footballcoin\">CoinDeal<\/a><\/strong>, <strong><a href=\"https:\/\/www.livecoin.net\/en\/trade\/index?currencyPair=XFC%2FBTC&amp;utm_source=footballcoin\">LiveCoin<\/a><\/strong>, <strong><a href=\"https:\/\/exrates.me\/dashboard?utm_source=footballcoin\">Exrates<\/a><\/strong>;<\/li>\n<li>utilizado en el juego para pagar la cuota de entrada en las competiciones;<\/li>\n<li>usado para comprar tarjetas basadas en blockchain: cromos de jugadores y cromos de estadio;<\/li>\n<\/ul>\n<p>Visita <a href=\"https:\/\/www.xfccoin.io\/\">XFCcoin.io<\/a> para m\u00e1s detalles<\/p>\n","protected":false},"excerpt":{"rendered":"<p>XFC (FootballCoin) es un activo digital (token) que act\u00faa como moneda del juego. XFC fue emitido en una cantidad limitada de 1 bili\u00f3n en la plataforma Counterparty (una plataforma basada en Bitcoin-blockchain).\u00a0 Una emisi\u00f3n limitada de monedas ofrece la premisa de una econom\u00eda de juego saludable sin inflaci\u00f3n artificial. XFC es libremente transferible entre jugadores [&hellip;]<\/p>\n","protected":false},"author":15,"featured_media":0,"parent":0,"menu_order":0,"comment_status":"closed","ping_status":"closed","template":"","meta":{"footnotes":""},"class_list":["post-44805","page","type-page","status-publish","hentry"],"yoast_head":"<!-- This site is optimized with the Yoast SEO plugin v27.2 - https:\/\/yoast.com\/product\/yoast-seo-wordpress\/ -->\n<title>\u00bfQu\u00e9 es XFC? - FootballCoin Spain<\/title>\n<meta name=\"robots\" content=\"index, follow, max-snippet:-1, max-image-preview:large, max-video-preview:-1\" \/>\n<link rel=\"canonical\" href=\"https:\/\/www.footballcoin.io\/es\/what-is-xfc\/\" \/>\n<meta property=\"og:locale\" content=\"es_ES\" \/>\n<meta property=\"og:type\" content=\"article\" \/>\n<meta property=\"og:title\" content=\"\u00bfQu\u00e9 es XFC? - FootballCoin Spain\" \/>\n<meta property=\"og:description\" content=\"XFC (FootballCoin) es un activo digital (token) que act\u00faa como moneda del juego. XFC fue emitido en una cantidad limitada de 1 bili\u00f3n en la plataforma Counterparty (una plataforma basada en Bitcoin-blockchain).\u00a0 Una emisi\u00f3n limitada de monedas ofrece la premisa de una econom\u00eda de juego saludable sin inflaci\u00f3n artificial. XFC es libremente transferible entre jugadores [&hellip;]\" \/>\n<meta property=\"og:url\" content=\"https:\/\/www.footballcoin.io\/es\/what-is-xfc\/\" \/>\n<meta property=\"og:site_name\" content=\"FootballCoin Spain\" \/>\n<meta property=\"article:publisher\" content=\"https:\/\/www.facebook.com\/xfcfootballcoin\" \/>\n<meta property=\"article:modified_time\" content=\"2019-07-23T11:17:02+00:00\" \/>\n<meta property=\"og:image\" content=\"https:\/\/cdn.footballcoin.io\/wp-content\/uploads\/sites\/15\/2018\/04\/What-is-XFC.png\" \/>\n<meta name=\"twitter:card\" content=\"summary_large_image\" \/>\n<meta name=\"twitter:label1\" content=\"Tiempo de lectura\" \/>\n\t<meta name=\"twitter:data1\" content=\"1 minute\" \/>\n<script type=\"application\/ld+json\" class=\"yoast-schema-graph\">{\"@context\":\"https:\/\/schema.org\",\"@graph\":[{\"@type\":\"WebPage\",\"@id\":\"https:\/\/www.footballcoin.io\/es\/what-is-xfc\/\",\"url\":\"https:\/\/www.footballcoin.io\/es\/what-is-xfc\/\",\"name\":\"\u00bfQu\u00e9 es XFC? - FootballCoin Spain\",\"isPartOf\":{\"@id\":\"https:\/\/www.footballcoin.io\/es\/#website\"},\"primaryImageOfPage\":{\"@id\":\"https:\/\/www.footballcoin.io\/es\/what-is-xfc\/#primaryimage\"},\"image\":{\"@id\":\"https:\/\/www.footballcoin.io\/es\/what-is-xfc\/#primaryimage\"},\"thumbnailUrl\":\"https:\/\/cdn.footballcoin.io\/wp-content\/uploads\/sites\/15\/2018\/04\/What-is-XFC.png\",\"datePublished\":\"2017-12-11T10:11:07+00:00\",\"dateModified\":\"2019-07-23T11:17:02+00:00\",\"breadcrumb\":{\"@id\":\"https:\/\/www.footballcoin.io\/es\/what-is-xfc\/#breadcrumb\"},\"inLanguage\":\"es-ES\",\"potentialAction\":[{\"@type\":\"ReadAction\",\"target\":[\"https:\/\/www.footballcoin.io\/es\/what-is-xfc\/\"]}]},{\"@type\":\"ImageObject\",\"inLanguage\":\"es-ES\",\"@id\":\"https:\/\/www.footballcoin.io\/es\/what-is-xfc\/#primaryimage\",\"url\":\"https:\/\/cdn.footballcoin.io\/wp-content\/uploads\/sites\/15\/2018\/04\/What-is-XFC.png\",\"contentUrl\":\"https:\/\/cdn.footballcoin.io\/wp-content\/uploads\/sites\/15\/2018\/04\/What-is-XFC.png\"},{\"@type\":\"BreadcrumbList\",\"@id\":\"https:\/\/www.footballcoin.io\/es\/what-is-xfc\/#breadcrumb\",\"itemListElement\":[{\"@type\":\"ListItem\",\"position\":1,\"name\":\"Home\",\"item\":\"https:\/\/www.footballcoin.io\/es\/\"},{\"@type\":\"ListItem\",\"position\":2,\"name\":\"\u00bfQu\u00e9 es XFC?\"}]},{\"@type\":\"WebSite\",\"@id\":\"https:\/\/www.footballcoin.io\/es\/#website\",\"url\":\"https:\/\/www.footballcoin.io\/es\/\",\"name\":\"FootballCoin Spain\",\"description\":\"VIVE LA EMOCI\u00d3N DEL JUEGO\",\"publisher\":{\"@id\":\"https:\/\/www.footballcoin.io\/es\/#organization\"},\"potentialAction\":[{\"@type\":\"SearchAction\",\"target\":{\"@type\":\"EntryPoint\",\"urlTemplate\":\"https:\/\/www.footballcoin.io\/es\/?s={search_term_string}\"},\"query-input\":{\"@type\":\"PropertyValueSpecification\",\"valueRequired\":true,\"valueName\":\"search_term_string\"}}],\"inLanguage\":\"es-ES\"},{\"@type\":\"Organization\",\"@id\":\"https:\/\/www.footballcoin.io\/es\/#organization\",\"name\":\"FootballCoin\",\"url\":\"https:\/\/www.footballcoin.io\/es\/\",\"logo\":{\"@type\":\"ImageObject\",\"inLanguage\":\"es-ES\",\"@id\":\"https:\/\/www.footballcoin.io\/es\/#\/schema\/logo\/image\/\",\"url\":\"https:\/\/cdn.footballcoin.io\/wp-content\/uploads\/sites\/15\/2019\/11\/xfc-horizontal-black.png\",\"contentUrl\":\"https:\/\/cdn.footballcoin.io\/wp-content\/uploads\/sites\/15\/2019\/11\/xfc-horizontal-black.png\",\"width\":200,\"height\":34,\"caption\":\"FootballCoin\"},\"image\":{\"@id\":\"https:\/\/www.footballcoin.io\/es\/#\/schema\/logo\/image\/\"},\"sameAs\":[\"https:\/\/www.facebook.com\/xfcfootballcoin\"]}]}<\/script>\n<!-- \/ Yoast SEO plugin. -->","yoast_head_json":{"title":"\u00bfQu\u00e9 es XFC? - FootballCoin Spain","robots":{"index":"index","follow":"follow","max-snippet":"max-snippet:-1","max-image-preview":"max-image-preview:large","max-video-preview":"max-video-preview:-1"},"canonical":"https:\/\/www.footballcoin.io\/es\/what-is-xfc\/","og_locale":"es_ES","og_type":"article","og_title":"\u00bfQu\u00e9 es XFC? - FootballCoin Spain","og_description":"XFC (FootballCoin) es un activo digital (token) que act\u00faa como moneda del juego. XFC fue emitido en una cantidad limitada de 1 bili\u00f3n en la plataforma Counterparty (una plataforma basada en Bitcoin-blockchain).\u00a0 Una emisi\u00f3n limitada de monedas ofrece la premisa de una econom\u00eda de juego saludable sin inflaci\u00f3n artificial. XFC es libremente transferible entre jugadores [&hellip;]","og_url":"https:\/\/www.footballcoin.io\/es\/what-is-xfc\/","og_site_name":"FootballCoin Spain","article_publisher":"https:\/\/www.facebook.com\/xfcfootballcoin","article_modified_time":"2019-07-23T11:17:02+00:00","og_image":[{"url":"https:\/\/cdn.footballcoin.io\/wp-content\/uploads\/sites\/15\/2018\/04\/What-is-XFC.png","type":"","width":"","height":""}],"twitter_card":"summary_large_image","twitter_misc":{"Tiempo de lectura":"1 minute"},"schema":{"@context":"https:\/\/schema.org","@graph":[{"@type":"WebPage","@id":"https:\/\/www.footballcoin.io\/es\/what-is-xfc\/","url":"https:\/\/www.footballcoin.io\/es\/what-is-xfc\/","name":"\u00bfQu\u00e9 es XFC? - FootballCoin Spain","isPartOf":{"@id":"https:\/\/www.footballcoin.io\/es\/#website"},"primaryImageOfPage":{"@id":"https:\/\/www.footballcoin.io\/es\/what-is-xfc\/#primaryimage"},"image":{"@id":"https:\/\/www.footballcoin.io\/es\/what-is-xfc\/#primaryimage"},"thumbnailUrl":"https:\/\/cdn.footballcoin.io\/wp-content\/uploads\/sites\/15\/2018\/04\/What-is-XFC.png","datePublished":"2017-12-11T10:11:07+00:00","dateModified":"2019-07-23T11:17:02+00:00","breadcrumb":{"@id":"https:\/\/www.footballcoin.io\/es\/what-is-xfc\/#breadcrumb"},"inLanguage":"es-ES","potentialAction":[{"@type":"ReadAction","target":["https:\/\/www.footballcoin.io\/es\/what-is-xfc\/"]}]},{"@type":"ImageObject","inLanguage":"es-ES","@id":"https:\/\/www.footballcoin.io\/es\/what-is-xfc\/#primaryimage","url":"https:\/\/cdn.footballcoin.io\/wp-content\/uploads\/sites\/15\/2018\/04\/What-is-XFC.png","contentUrl":"https:\/\/cdn.footballcoin.io\/wp-content\/uploads\/sites\/15\/2018\/04\/What-is-XFC.png"},{"@type":"BreadcrumbList","@id":"https:\/\/www.footballcoin.io\/es\/what-is-xfc\/#breadcrumb","itemListElement":[{"@type":"ListItem","position":1,"name":"Home","item":"https:\/\/www.footballcoin.io\/es\/"},{"@type":"ListItem","position":2,"name":"\u00bfQu\u00e9 es XFC?"}]},{"@type":"WebSite","@id":"https:\/\/www.footballcoin.io\/es\/#website","url":"https:\/\/www.footballcoin.io\/es\/","name":"FootballCoin Spain","description":"VIVE LA EMOCI\u00d3N DEL JUEGO","publisher":{"@id":"https:\/\/www.footballcoin.io\/es\/#organization"},"potentialAction":[{"@type":"SearchAction","target":{"@type":"EntryPoint","urlTemplate":"https:\/\/www.footballcoin.io\/es\/?s={search_term_string}"},"query-input":{"@type":"PropertyValueSpecification","valueRequired":true,"valueName":"search_term_string"}}],"inLanguage":"es-ES"},{"@type":"Organization","@id":"https:\/\/www.footballcoin.io\/es\/#organization","name":"FootballCoin","url":"https:\/\/www.footballcoin.io\/es\/","logo":{"@type":"ImageObject","inLanguage":"es-ES","@id":"https:\/\/www.footballcoin.io\/es\/#\/schema\/logo\/image\/","url":"https:\/\/cdn.footballcoin.io\/wp-content\/uploads\/sites\/15\/2019\/11\/xfc-horizontal-black.png","contentUrl":"https:\/\/cdn.footballcoin.io\/wp-content\/uploads\/sites\/15\/2019\/11\/xfc-horizontal-black.png","width":200,"height":34,"caption":"FootballCoin"},"image":{"@id":"https:\/\/www.footballcoin.io\/es\/#\/schema\/logo\/image\/"},"sameAs":["https:\/\/www.facebook.com\/xfcfootballcoin"]}]}},"_links":{"self":[{"href":"https:\/\/www.footballcoin.io\/es\/wp-json\/wp\/v2\/pages\/44805","targetHints":{"allow":["GET"]}}],"collection":[{"href":"https:\/\/www.footballcoin.io\/es\/wp-json\/wp\/v2\/pages"}],"about":[{"href":"https:\/\/www.footballcoin.io\/es\/wp-json\/wp\/v2\/types\/page"}],"author":[{"embeddable":true,"href":"https:\/\/www.footballcoin.io\/es\/wp-json\/wp\/v2\/users\/15"}],"replies":[{"embeddable":true,"href":"https:\/\/www.footballcoin.io\/es\/wp-json\/wp\/v2\/comments?post=44805"}],"version-history":[{"count":5,"href":"https:\/\/www.footballcoin.io\/es\/wp-json\/wp\/v2\/pages\/44805\/revisions"}],"predecessor-version":[{"id":78245,"href":"https:\/\/www.footballcoin.io\/es\/wp-json\/wp\/v2\/pages\/44805\/revisions\/78245"}],"wp:attachment":[{"href":"https:\/\/www.footballcoin.io\/es\/wp-json\/wp\/v2\/media?parent=44805"}],"curies":[{"name":"wp","href":"https:\/\/api.w.org\/{rel}","templated":true}]}}