{"id":79048,"date":"2019-09-11T08:49:20","date_gmt":"2019-09-11T08:49:20","guid":{"rendered":"https:\/\/www.footballcoin.io\/de\/?page_id=79048"},"modified":"2019-09-16T12:35:40","modified_gmt":"2019-09-16T12:35:40","slug":"alles-was-du-wissen-musst-bevor-du-das-footballcoin-spiel-betrittst","status":"publish","type":"page","link":"https:\/\/www.footballcoin.io\/de\/alles-was-du-wissen-musst-bevor-du-das-footballcoin-spiel-betrittst\/","title":{"rendered":"Alles, was du wissen musst, bevor du an den FootballCoin Wettbewerben teilnimmst. Registriere dich, spiele und gewinne!"},"content":{"rendered":"<p>Bist du neu bei FootballCoin.io? Hier wirst du von deiner Leidenschaft f\u00fcr Fu\u00dfball und deinen Verwaltungsqualit\u00e4ten belohnt. Hier kannst du an der Geschichte der gr\u00f6\u00dften Fu\u00dfballligen der Welt teilnehmen, basierend auf deinem Wissen und deiner eigenen Art, \u00fcber Fu\u00dfball nachzudenken. Hier kannst du deine Trainerjacke tragen und aus den elf internationalen Ligen, die dir zur Verf\u00fcgung stehen, ein Wunderteam konstruieren. Du machst deine eigene Taktik und w\u00e4hlst dann aus unseren Spielern aus.<\/p>\n<p>Komm und nimm an unserer Plattform-Tour teil. Du wirst sehen, wie einfach es ist, mit FootballCoin zu gewinnen und wie interaktiv dieses Spiel ist.<\/p>\n<p><strong>SCHRITT 1: Registrier dich!<\/strong><\/p>\n<p>Nimm deine Manager-Rolle ernsthaft, direkt nachdem du auf &#8222;<strong>Sign up<\/strong>&#8220; klickst. Registrier dich im folgenden Fenster; halte es f\u00fcr ein Aufw\u00e4rmen vor den gro\u00dfen Spielen.<\/p>\n<p><img loading=\"lazy\" decoding=\"async\" class=\"aligncenter size-full wp-image-84175\" src=\"https:\/\/cdn.footballcoin.io\/wp-content\/uploads\/2019\/07\/Register.png\" alt=\"\" width=\"633\" height=\"1087\" \/><\/p>\n<p>Sobald du die Details von oben eingerichtet hast, kannst du jedes Mal, wenn du auf die Website zugreifst, auf &#8222;<strong>Login<\/strong>&#8220; klicken und dein Fu\u00dfballabenteuer, das von der Bank aus gesehen und gesteuert wird, beginnt!<\/p>\n<p>Beachte, dass du f\u00fcr die Anmeldung nichts bezahlen musst und keine Mitgliedsbeitrag anf\u00e4llt. Das liegt daran, dass FootballCoin so gebaut ist, dass es f\u00fcr Fantasy-Football-Fans einfacher zu spielen ist.<\/p>\n<p><strong>STEP 2: Enter the FootballCoin contest<\/strong><\/p>\n<p>Unter der Rubrik &#8222;<strong>Wettbewerbe<\/strong>&#8220; findest du stundenweise alle verf\u00fcgbaren Wettbewerbe auf unserer Plattform. Sie alle haben einen Einsatz, so dass du Preise gewinnen kannst, die aus der Kryptow\u00e4hrung des Spiels, XFC, bestehen. Die Wettbewerbe werden von anderen Benutzern erstellt und du kannst mit deinem Team teilnehmen. Du kannst die Wettbewerbe, an denen du teilnehmen m\u00f6chtest, nach verschiedenen Kriterien ausw\u00e4hlen.<\/p>\n<p>Du kannst an folgenden Wettbewerben teilnehmen:<\/p>\n<ul>\n<li style=\"font-weight: 400;\">Free oder Private\/Bezahlt (Wenn du Private w\u00e4hlst, musst du \u00fcber das erforderliche Guthaben in der Spielw\u00e4hrung XFC verf\u00fcgen.)<\/li>\n<li style=\"font-weight: 400;\">Easy oder Pro (der Unterschied zwischen diesen beiden besteht im Punktesystem der Spieler. Wir werden uns demn\u00e4chst darum k\u00fcmmern.)<\/li>\n<li style=\"font-weight: 400;\">Abh\u00e4ngig von gew\u00fcnschter Liga<\/li>\n<li style=\"font-weight: 400;\">Abh\u00e4ngig von L\u00e4nge (du kannst einen Wettbewerb ausw\u00e4hlen, der einen Tag oder eine Spielwoche dauert, also mehr als einen Tag)<\/li>\n<li style=\"font-weight: 400;\">Abh\u00e4ngig von Teilnehmerzahl: H2H (Head-to-Head); Double-Up (45% der Spieler teilen die Belohnungen gleichm\u00e4\u00dfig auf, verdoppeln ihr Startgeld) und Tournament<\/li>\n<\/ul>\n<p>Hier ist ein Beispiel f\u00fcr ein kostenloses Turnier mit einer unbegrenzten Anzahl von Managern. Bis zur Erstellung des Screenshots nahmen 878 Manager am Wettbewerb teil, die Belohnung stieg auf 10.800 XFC.<\/p>\n<p><img loading=\"lazy\" decoding=\"async\" class=\"aligncenter size-full wp-image-84135\" src=\"https:\/\/cdn.footballcoin.io\/wp-content\/uploads\/2019\/07\/image3.png\" alt=\"\" width=\"936\" height=\"189\" \/><\/p>\n<p>Einer der Vorteile des Spiels besteht darin, dass du an mehreren Wettbewerben gleichzeitig teilnehmen und so deine Gewinnchancen verbessern kannst.<\/p>\n<p>Ein weiterer Vorteil ist, dass du an kostenlosen Wettbewerben teilnehmen und diese gewinnen kannst, sodass du XFC ansammelst. Mit diesen kannst du wertvolle Spieler kaufen oder an privaten Wettbewerben teilnehmen, wo es noch h\u00f6here Preise auf dem Spiel geben.<\/p>\n<p><strong>SCHRITT 3: Bau dein Team auf<\/strong><\/p>\n<ul>\n<li><strong>W\u00e4hle dein Spielsystem<\/strong><\/li>\n<\/ul>\n<p>W\u00e4hle dein Lieblingsspielsystem f\u00fcr dein Team und dr\u00fccke auf jede rote, gr\u00fcne, blaue und violette Karte auf dem Spielfeld das Pluszeichen. Jede Farbe repr\u00e4sentiert einen anderen Bereich deines Teams. Nachdem du auf ein Pluszeichen klickst, wird eine Liste mit allen verf\u00fcgbaren Spielern f\u00fcr diese Position aus dem aktuellen Wettbewerb angezeigt.<\/p>\n<p><img loading=\"lazy\" decoding=\"async\" class=\"aligncenter size-full wp-image-84189\" src=\"https:\/\/cdn.footballcoin.io\/wp-content\/uploads\/2019\/07\/Create-Team-1.png\" alt=\"\" width=\"562\" height=\"780\" \/><\/p>\n<p>&nbsp;<\/p>\n<ul>\n<li><strong>W\u00e4hle deine Startelf<\/strong><\/li>\n<\/ul>\n<p>Nachdem du den gew\u00fcnschten Wettbewerb ausgew\u00e4hlt hast, kannst du deinen Kader auf der Grundlage deiner Fu\u00dfballkenntnisse und -erfahrungen aus den Ligen, Vereinen und Spielern auf den FootballCoin-Listen zusammenstellen. Du kannst jederzeit \u00fcberpr\u00fcfen, ob die Spieler, die du verwenden m\u00f6chtest, fit und frei sind, oder du kannst ihre Punkte von der letzten Spielwoche oder insgesamt \u00fcberpr\u00fcfen. Sie finden diese Einstellungen ganz einfach auf der linken Seite der Plattform im Bereich &#8222;Live &amp; Stats&#8220;. Die Punkte f\u00fcr jeden Spieler basieren auf seinen tats\u00e4chlichen Leistungen.<\/p>\n<p><img loading=\"lazy\" decoding=\"async\" class=\"aligncenter size-full wp-image-84183\" src=\"https:\/\/cdn.footballcoin.io\/wp-content\/uploads\/2019\/07\/Lewa-1.png\" alt=\"\" width=\"1152\" height=\"235\" \/><\/p>\n<ul>\n<li><strong>W\u00e4hle deine Reservespieler<\/strong><\/li>\n<\/ul>\n<p>Neben der Startelf kannst du einen weiteren Torh\u00fcter, einen Verteidiger, einen Mittelfeldspieler, einen Angreifer und einen stellvertretenden <a href=\"https:\/\/www.footballcoin.io\/assistant-manager-cards-distribution\/\">Manager hinzuf\u00fcgen<\/a>. Der stellvertretende Manager ist ein pensionierter Spieler, der basierend auf seiner Bewertung Punkte erh\u00e4lt. Wenn du dich einen 5-Sterne-Assistenten in deinem Kader leistest, bringt er dir bei diesem Wettbewerb 15 Punkte. F\u00fcr einen 4-Sterne-Assistenten werden 10 Punkte vergeben, f\u00fcr einen 3-Sterne-Assistenten 6 Punkte und f\u00fcr einen 2-Sterne-Assistenten 3 Punkte.<\/p>\n<p>Was die Reservespieler betrifft, sie werden 50% ihrer Punkte zur Gesamtpunktzahl deines Kaders beitragen.<\/p>\n<p><strong>W\u00e4hle einen stellvertretenden Manager, der dir Punkte von au\u00dferhalb des Spielfeldes bringt!<\/strong><\/p>\n<p>Wenn du deinen Kader aufbaust, um an einem Wettbewerb teilzunehmen, kannst du einen stellvertretenden Manager aus einer Liste ausw\u00e4hlen, in der du Folgende findest:<\/p>\n<ul>\n<li style=\"font-weight: 400;\">Ehemalige Spieler, die sich vom Fu\u00dfball zur\u00fcckzogen<\/li>\n<li style=\"font-weight: 400;\">Spieler, die in einer Liga spielen, die nicht in FootballCoin ist<\/li>\n<li style=\"font-weight: 400;\">Spieler, die noch aktiv sind, \u00fcber 35 Jahre alt sind und mindestens 3 Sterne haben.<\/li>\n<\/ul>\n<p>Der stellvertretende Manager ist ein sehr wichtiger Spieler im Kader, weil er dir Punkten gibt, unabh\u00e4ngig von den Spielergebnissen. Sobald er in den Ruhestand geht oder in eine andere Liga au\u00dferhalb des FootballCoin-Universums wechselt, kann er mit maximaler Kapazit\u00e4t eingesetzt werden. Auf seiner Karte wird die h\u00f6chste Bewertung angezeigt, die er seit seiner Spielzeit erhalten hat.<\/p>\n<p><strong>Punktesystem der Spieler<\/strong><\/p>\n<p>Die Wettbewerbe, an denen du teilnehmen kannst, geh\u00f6ren zwei Modi an: Easy und Pro. Abh\u00e4ngig von diesen Kategorien ber\u00fccksichtigt das Spielerpunktesystem bestimmte Kriterien, die f\u00fcr jeden der beiden Modi verf\u00fcgbar sind.<\/p>\n<p>Es gibt bestimmte Aspekte des Spiels, die bei der Easy-Spielart wichtiger sind als bei der Pro-Spielart. Wie du in der folgenden Tabelle sehen kannst, wird nach einigen der aufgelisteten Kriterien ein Buchstabe &#8222;E&#8220; angezeigt. Bei der Berechnung der Gesamtpunktzahl eines Spielers wird jedes Element in der Liste mit dem Buchstaben &#8222;E&#8220; ber\u00fccksichtigt, wenn der Wettbewerb zur Kategorie &#8222;Easy&#8220; geh\u00f6rt. Zum Beispiel sind die folgenden Details von entscheidender Bedeutung, wenn du an einem Easy-Wettbewerb teilnimmst:<\/p>\n<ul>\n<li style=\"font-weight: 400;\">Ob der Spieler auf dem Spielfeld in der Startelf war<\/li>\n<li style=\"font-weight: 400;\">Minuten gespielt<\/li>\n<li style=\"font-weight: 400;\">Tore geschossen<\/li>\n<li style=\"font-weight: 400;\">Torvorlagen<\/li>\n<li style=\"font-weight: 400;\">Kopfballtore<\/li>\n<li style=\"font-weight: 400;\">Eigentore<\/li>\n<li style=\"font-weight: 400;\">Gelb-rote Karten<\/li>\n<\/ul>\n<p>Bei den Pro-Wettbewerben werden alle in der folgenden Tabelle aufgef\u00fchrten Kriterien ber\u00fccksichtigt. Wie du siehst, gibt es neben den Kriterien des Easy-Modus noch einige andere Kriterien, die bei der Berechnung der Punkte deines Teams ber\u00fccksichtigt werden. Dies sind einige von ihnen:<\/p>\n<ul>\n<li style=\"font-weight: 400;\">Fouls begangen<\/li>\n<li style=\"font-weight: 400;\">Gefoult<\/li>\n<li style=\"font-weight: 400;\">Torlinienabschl\u00e4ge<\/li>\n<li style=\"font-weight: 400;\">Chancen erschafft<\/li>\n<li style=\"font-weight: 400;\">P\u00e4sse abgefangen<\/li>\n<li style=\"font-weight: 400;\">Sch\u00fc\u00dfe blockiert<\/li>\n<\/ul>\n<p>Was du beachten musst, ist, dass bei der Teilnahme an einem Pro-Wettbewerb alle Parameter aus der Tabelle ber\u00fccksichtigt werden. Wenn du an einem Easy-Wettbewerb teilnimmst, z\u00e4hlen nur die mit &#8222;E&#8220; gekennzeichneten Kriterien.<\/p>\n<p>Dieses Zeige-System wurde speziell entwickelt, um das Gleichgewicht zwischen verschiedenen Positionen auf dem Spielfeld zu f\u00f6rdern. Daher kann ein defensiverer Spieler, der selten Tore schie\u00dft, im Pro-Modus immer noch eine h\u00f6here Punktzahl erzielen.<\/p>\n<p><iframe style=\"height: 2050px; width: 600px; border: none;\" src=\"https:\/\/game.footballcoin.io\/scoring-system\/de\"><\/iframe><\/p>\n<p><strong>Erstelle deinen eigenen Wettbewerb!<\/strong><\/p>\n<p>Wir wissen, dass du dich f\u00fcr eine Vielzahl von Wettbewerben auf FootballCoin.io anmelden wirst. Aber wie w\u00e4re es, deine eigene Wettbewerbe organisieren zu k\u00f6nnen? Besonders wenn das sehr einfach und intuitiv ist. W\u00e4hle links im Dashboard die Option &#8222;Wettbewerb erstellen&#8220; und w\u00e4hle dann die Details f\u00fcr das Spiel aus: den Namen deines Wettbewerbs, die Kategorie Easy oder Pro, die Liga, die Spiele, den Wettbewerbstyp und die Preisstruktur. Eine der Entscheidungen, die du treffen muss, ist das Stadion, dessen Gastgeber du sein wirst. Der Vorteil ist, dass du freie <a href=\"https:\/\/www.footballcoin.io\/de\/stadium-cards-distribution\/\">Stadien<\/a> f\u00fcr Wettbewerbe mit bis zu 11 Teilnehmern finden kannst. Lade deine Freunde ein und probiere es aus!<\/p>\n<p><img loading=\"lazy\" decoding=\"async\" class=\"aligncenter size-full wp-image-84185\" src=\"https:\/\/cdn.footballcoin.io\/wp-content\/uploads\/2019\/07\/Create-Contest.png\" alt=\"\" width=\"1582\" height=\"881\" \/><\/p>\n<p>&nbsp;<\/p>\n<p><strong>Beobachte die Rangliste der Manager!<\/strong><\/p>\n<p>Um zu wissen, wie viele Punkte du noch brauchst, um an die Tabellenspitze zu gelangen, kannst du jederzeit die Liste aller Fantasy-Football-Manager einsehen, die auf der FootballCoin-Plattform neben dir spielen. Du kannst herausfinden, wie viele Punkte deine Rivalen erzielt haben, wie viele Wettbewerbe sie gewonnen haben und wie viele Spieler sie besitzen, aber auch welche XFC-Preise sie gewonnen haben.<\/p>\n<p><img loading=\"lazy\" decoding=\"async\" class=\"aligncenter size-full wp-image-84151\" src=\"https:\/\/cdn.footballcoin.io\/wp-content\/uploads\/2019\/07\/image6.png\" alt=\"\" width=\"712\" height=\"459\" \/><\/p>\n<p><strong>FootballCoin-Spieler: Einige sind kostenlos, andere haben einen Wert!<\/strong><\/p>\n<p><a href=\"https:\/\/www.footballcoin.io\/de\/player-cards-distribution\/\">Spielerkarten<\/a> lassen sich in zwei Kategorien einteilen: Freikarten und Wertkarten.<\/p>\n<p>Die kostenlosen Karten sind kostenlos und unbegrenzt und werden f\u00fcr 1-Stern- und 2-Stern-Spieler generiert. Sie k\u00f6nnen von jedem Manager in einer unbegrenzten Anzahl von Teams und Wettbewerben eingesetzt werden. Im FootballCoin-Spiel sind ungef\u00e4hr 75% aller Karten kostenlos.<\/p>\n<p>Die vorgegebenen Wertkarten werden f\u00fcr h\u00f6her bewertete Spieler generiert: 3, 4 und 5 Sterne. Diese Karten k\u00f6nnen von den FootballCoin-Managern gegen XFC gekauft werden, wobei der Preis von Angebot und Nachfrage abh\u00e4ngt.<\/p>\n<p>&nbsp;<\/p>\n<p><strong>Wie wird die Bewertung eines Spielers ermittelt?<\/strong><\/p>\n<p>Im FootballCoin-Spiel erhalten die Spieler ihre Bewertungen anhand der folgenden Kriterien:<\/p>\n<ul>\n<li style=\"font-weight: 400;\">Der reale Marktwert des Spielers (wie gelistet bei Transfermarkt)<\/li>\n<li style=\"font-weight: 400;\">Der nationale und internationale Ruf des Spielers<\/li>\n<li style=\"font-weight: 400;\">Die Troph\u00e4en und Auszeichnungen, die der Spieler gewonnen hat<\/li>\n<li style=\"font-weight: 400;\">Das Alter des Spielers<\/li>\n<\/ul>\n<p><span style=\"font-weight: 400;\">\u00a0<\/span><\/p>\n<p><strong>Wie wird der Anfangswert des Spielers ermittelt?<\/strong><\/p>\n<p>Die anf\u00e4ngliche Anzahl der Karten, die f\u00fcr den jeweiligen Spieler generiert wurden *<\/p>\n<ul>\n<li style=\"font-weight: 400;\">Die Bewertung des Spielers<\/li>\n<li style=\"font-weight: 400;\">Der Wert des Spielers (basierend auf Transfermarkt)<\/li>\n<li style=\"font-weight: 400;\">Der Ruf des Spielers<\/li>\n<li style=\"font-weight: 400;\">Alter der Spieler<\/li>\n<li style=\"font-weight: 400;\">Die anf\u00e4ngliche Anzahl der Karten, die f\u00fcr den jeweiligen Spieler generiert wurden *<\/li>\n<\/ul>\n<p>* Die Gesamtzahl der Karten f\u00fcr einen bestimmten Spieler kann zwischen 1000 und 6000 variieren<\/p>\n<p>Nach all dem ist das Fazit da: Es ist sehr einfach, diesen Schritten zu folgen und dann ein vollwertiger Fu\u00dfball-Fantasy-Manager zu werden. Nimm die Herausforderung an, melde dich an, spiele und erlebe das Abenteuer des Fu\u00dfballbegeisterten, der die F\u00fchrung seiner Lieblingsteams \u00fcbernimmt. Zumal du hier auf der <a href=\"http:\/\/www.footballcoin.io\">Footballcoin.io<\/a>-Plattform deinen perfekten Kader zusammenstellen kannst!<\/p>\n","protected":false},"excerpt":{"rendered":"<p>Bist du neu bei FootballCoin.io? Hier wirst du von deiner Leidenschaft f\u00fcr Fu\u00dfball und deinen Verwaltungsqualit\u00e4ten belohnt. Hier kannst du an der Geschichte der gr\u00f6\u00dften Fu\u00dfballligen der Welt teilnehmen, basierend auf deinem Wissen und deiner eigenen Art, \u00fcber Fu\u00dfball nachzudenken. Hier kannst du deine Trainerjacke tragen und aus den elf internationalen Ligen, die dir zur [&hellip;]<\/p>\n","protected":false},"author":3,"featured_media":79049,"parent":0,"menu_order":0,"comment_status":"closed","ping_status":"closed","template":"","meta":{"footnotes":""},"class_list":["post-79048","page","type-page","status-publish","has-post-thumbnail","hentry"],"yoast_head":"<!-- This site is optimized with the Yoast SEO plugin v27.2 - https:\/\/yoast.com\/product\/yoast-seo-wordpress\/ -->\n<title>Alles, was du wissen musst, bevor du an den FootballCoin Wettbewerben teilnimmst. Registriere dich, spiele und gewinne! - FootballCoin Germany<\/title>\n<meta name=\"description\" content=\"Es ist sehr einfach, diesen Schritten zu folgen und dann ein vollwertiger Fu\u00dfball-Fantasy-Manager zu werden. Nimm die Herausforderung an, melde dich an, spiele und erlebe das Abenteuer des Fu\u00dfballbegeisterten, der die F\u00fchrung seiner Lieblingsteams \u00fcbernimmt. Zumal du hier auf der Footballcoin.io-Plattform deinen perfekten Kader zusammenstellen kannst!\" \/>\n<meta name=\"robots\" content=\"index, follow, max-snippet:-1, max-image-preview:large, max-video-preview:-1\" \/>\n<link rel=\"canonical\" href=\"https:\/\/www.footballcoin.io\/de\/alles-was-du-wissen-musst-bevor-du-das-footballcoin-spiel-betrittst\/\" \/>\n<meta property=\"og:locale\" content=\"de_DE\" \/>\n<meta property=\"og:type\" content=\"article\" \/>\n<meta property=\"og:title\" content=\"Alles, was du wissen musst, bevor du an den FootballCoin Wettbewerben teilnimmst. Registriere dich, spiele und gewinne! - FootballCoin Germany\" \/>\n<meta property=\"og:description\" content=\"Es ist sehr einfach, diesen Schritten zu folgen und dann ein vollwertiger Fu\u00dfball-Fantasy-Manager zu werden. Nimm die Herausforderung an, melde dich an, spiele und erlebe das Abenteuer des Fu\u00dfballbegeisterten, der die F\u00fchrung seiner Lieblingsteams \u00fcbernimmt. Zumal du hier auf der Footballcoin.io-Plattform deinen perfekten Kader zusammenstellen kannst!\" \/>\n<meta property=\"og:url\" content=\"https:\/\/www.footballcoin.io\/de\/alles-was-du-wissen-musst-bevor-du-das-footballcoin-spiel-betrittst\/\" \/>\n<meta property=\"og:site_name\" content=\"FootballCoin Germany\" \/>\n<meta property=\"article:modified_time\" content=\"2019-09-16T12:35:40+00:00\" \/>\n<meta property=\"og:image\" content=\"https:\/\/cdn.footballcoin.io\/wp-content\/uploads\/sites\/25\/2019\/09\/Ronaldo.jpg\" \/>\n\t<meta property=\"og:image:width\" content=\"1920\" \/>\n\t<meta property=\"og:image:height\" content=\"1080\" \/>\n\t<meta property=\"og:image:type\" content=\"image\/jpeg\" \/>\n<meta name=\"twitter:card\" content=\"summary_large_image\" \/>\n<meta name=\"twitter:label1\" content=\"Gesch\u00e4tzte Lesezeit\" \/>\n\t<meta name=\"twitter:data1\" content=\"8 minutes\" \/>\n<script type=\"application\/ld+json\" class=\"yoast-schema-graph\">{\"@context\":\"https:\/\/schema.org\",\"@graph\":[{\"@type\":\"WebPage\",\"@id\":\"https:\/\/www.footballcoin.io\/de\/alles-was-du-wissen-musst-bevor-du-das-footballcoin-spiel-betrittst\/\",\"url\":\"https:\/\/www.footballcoin.io\/de\/alles-was-du-wissen-musst-bevor-du-das-footballcoin-spiel-betrittst\/\",\"name\":\"Alles, was du wissen musst, bevor du an den FootballCoin Wettbewerben teilnimmst. Registriere dich, spiele und gewinne! - FootballCoin Germany\",\"isPartOf\":{\"@id\":\"https:\/\/www.footballcoin.io\/de\/#website\"},\"primaryImageOfPage\":{\"@id\":\"https:\/\/www.footballcoin.io\/de\/alles-was-du-wissen-musst-bevor-du-das-footballcoin-spiel-betrittst\/#primaryimage\"},\"image\":{\"@id\":\"https:\/\/www.footballcoin.io\/de\/alles-was-du-wissen-musst-bevor-du-das-footballcoin-spiel-betrittst\/#primaryimage\"},\"thumbnailUrl\":\"https:\/\/cdn.footballcoin.io\/wp-content\/uploads\/sites\/25\/2019\/09\/Ronaldo.jpg\",\"datePublished\":\"2019-09-11T08:49:20+00:00\",\"dateModified\":\"2019-09-16T12:35:40+00:00\",\"description\":\"Es ist sehr einfach, diesen Schritten zu folgen und dann ein vollwertiger Fu\u00dfball-Fantasy-Manager zu werden. Nimm die Herausforderung an, melde dich an, spiele und erlebe das Abenteuer des Fu\u00dfballbegeisterten, der die F\u00fchrung seiner Lieblingsteams \u00fcbernimmt. Zumal du hier auf der Footballcoin.io-Plattform deinen perfekten Kader zusammenstellen kannst!\",\"breadcrumb\":{\"@id\":\"https:\/\/www.footballcoin.io\/de\/alles-was-du-wissen-musst-bevor-du-das-footballcoin-spiel-betrittst\/#breadcrumb\"},\"inLanguage\":\"de-DE\",\"potentialAction\":[{\"@type\":\"ReadAction\",\"target\":[\"https:\/\/www.footballcoin.io\/de\/alles-was-du-wissen-musst-bevor-du-das-footballcoin-spiel-betrittst\/\"]}]},{\"@type\":\"ImageObject\",\"inLanguage\":\"de-DE\",\"@id\":\"https:\/\/www.footballcoin.io\/de\/alles-was-du-wissen-musst-bevor-du-das-footballcoin-spiel-betrittst\/#primaryimage\",\"url\":\"https:\/\/cdn.footballcoin.io\/wp-content\/uploads\/sites\/25\/2019\/09\/Ronaldo.jpg\",\"contentUrl\":\"https:\/\/cdn.footballcoin.io\/wp-content\/uploads\/sites\/25\/2019\/09\/Ronaldo.jpg\",\"width\":1920,\"height\":1080},{\"@type\":\"BreadcrumbList\",\"@id\":\"https:\/\/www.footballcoin.io\/de\/alles-was-du-wissen-musst-bevor-du-das-footballcoin-spiel-betrittst\/#breadcrumb\",\"itemListElement\":[{\"@type\":\"ListItem\",\"position\":1,\"name\":\"Home\",\"item\":\"https:\/\/www.footballcoin.io\/de\/\"},{\"@type\":\"ListItem\",\"position\":2,\"name\":\"Alles, was du wissen musst, bevor du an den FootballCoin Wettbewerben teilnimmst. Registriere dich, spiele und gewinne!\"}]},{\"@type\":\"WebSite\",\"@id\":\"https:\/\/www.footballcoin.io\/de\/#website\",\"url\":\"https:\/\/www.footballcoin.io\/de\/\",\"name\":\"FootballCoin Germany\",\"description\":\"Just another FootballCoin.io site\",\"potentialAction\":[{\"@type\":\"SearchAction\",\"target\":{\"@type\":\"EntryPoint\",\"urlTemplate\":\"https:\/\/www.footballcoin.io\/de\/?s={search_term_string}\"},\"query-input\":{\"@type\":\"PropertyValueSpecification\",\"valueRequired\":true,\"valueName\":\"search_term_string\"}}],\"inLanguage\":\"de-DE\"}]}<\/script>\n<!-- \/ Yoast SEO plugin. -->","yoast_head_json":{"title":"Alles, was du wissen musst, bevor du an den FootballCoin Wettbewerben teilnimmst. Registriere dich, spiele und gewinne! - FootballCoin Germany","description":"Es ist sehr einfach, diesen Schritten zu folgen und dann ein vollwertiger Fu\u00dfball-Fantasy-Manager zu werden. Nimm die Herausforderung an, melde dich an, spiele und erlebe das Abenteuer des Fu\u00dfballbegeisterten, der die F\u00fchrung seiner Lieblingsteams \u00fcbernimmt. Zumal du hier auf der Footballcoin.io-Plattform deinen perfekten Kader zusammenstellen kannst!","robots":{"index":"index","follow":"follow","max-snippet":"max-snippet:-1","max-image-preview":"max-image-preview:large","max-video-preview":"max-video-preview:-1"},"canonical":"https:\/\/www.footballcoin.io\/de\/alles-was-du-wissen-musst-bevor-du-das-footballcoin-spiel-betrittst\/","og_locale":"de_DE","og_type":"article","og_title":"Alles, was du wissen musst, bevor du an den FootballCoin Wettbewerben teilnimmst. Registriere dich, spiele und gewinne! - FootballCoin Germany","og_description":"Es ist sehr einfach, diesen Schritten zu folgen und dann ein vollwertiger Fu\u00dfball-Fantasy-Manager zu werden. Nimm die Herausforderung an, melde dich an, spiele und erlebe das Abenteuer des Fu\u00dfballbegeisterten, der die F\u00fchrung seiner Lieblingsteams \u00fcbernimmt. Zumal du hier auf der Footballcoin.io-Plattform deinen perfekten Kader zusammenstellen kannst!","og_url":"https:\/\/www.footballcoin.io\/de\/alles-was-du-wissen-musst-bevor-du-das-footballcoin-spiel-betrittst\/","og_site_name":"FootballCoin Germany","article_modified_time":"2019-09-16T12:35:40+00:00","og_image":[{"width":1920,"height":1080,"url":"https:\/\/cdn.footballcoin.io\/wp-content\/uploads\/sites\/25\/2019\/09\/Ronaldo.jpg","type":"image\/jpeg"}],"twitter_card":"summary_large_image","twitter_misc":{"Gesch\u00e4tzte Lesezeit":"8 minutes"},"schema":{"@context":"https:\/\/schema.org","@graph":[{"@type":"WebPage","@id":"https:\/\/www.footballcoin.io\/de\/alles-was-du-wissen-musst-bevor-du-das-footballcoin-spiel-betrittst\/","url":"https:\/\/www.footballcoin.io\/de\/alles-was-du-wissen-musst-bevor-du-das-footballcoin-spiel-betrittst\/","name":"Alles, was du wissen musst, bevor du an den FootballCoin Wettbewerben teilnimmst. Registriere dich, spiele und gewinne! - FootballCoin Germany","isPartOf":{"@id":"https:\/\/www.footballcoin.io\/de\/#website"},"primaryImageOfPage":{"@id":"https:\/\/www.footballcoin.io\/de\/alles-was-du-wissen-musst-bevor-du-das-footballcoin-spiel-betrittst\/#primaryimage"},"image":{"@id":"https:\/\/www.footballcoin.io\/de\/alles-was-du-wissen-musst-bevor-du-das-footballcoin-spiel-betrittst\/#primaryimage"},"thumbnailUrl":"https:\/\/cdn.footballcoin.io\/wp-content\/uploads\/sites\/25\/2019\/09\/Ronaldo.jpg","datePublished":"2019-09-11T08:49:20+00:00","dateModified":"2019-09-16T12:35:40+00:00","description":"Es ist sehr einfach, diesen Schritten zu folgen und dann ein vollwertiger Fu\u00dfball-Fantasy-Manager zu werden. Nimm die Herausforderung an, melde dich an, spiele und erlebe das Abenteuer des Fu\u00dfballbegeisterten, der die F\u00fchrung seiner Lieblingsteams \u00fcbernimmt. Zumal du hier auf der Footballcoin.io-Plattform deinen perfekten Kader zusammenstellen kannst!","breadcrumb":{"@id":"https:\/\/www.footballcoin.io\/de\/alles-was-du-wissen-musst-bevor-du-das-footballcoin-spiel-betrittst\/#breadcrumb"},"inLanguage":"de-DE","potentialAction":[{"@type":"ReadAction","target":["https:\/\/www.footballcoin.io\/de\/alles-was-du-wissen-musst-bevor-du-das-footballcoin-spiel-betrittst\/"]}]},{"@type":"ImageObject","inLanguage":"de-DE","@id":"https:\/\/www.footballcoin.io\/de\/alles-was-du-wissen-musst-bevor-du-das-footballcoin-spiel-betrittst\/#primaryimage","url":"https:\/\/cdn.footballcoin.io\/wp-content\/uploads\/sites\/25\/2019\/09\/Ronaldo.jpg","contentUrl":"https:\/\/cdn.footballcoin.io\/wp-content\/uploads\/sites\/25\/2019\/09\/Ronaldo.jpg","width":1920,"height":1080},{"@type":"BreadcrumbList","@id":"https:\/\/www.footballcoin.io\/de\/alles-was-du-wissen-musst-bevor-du-das-footballcoin-spiel-betrittst\/#breadcrumb","itemListElement":[{"@type":"ListItem","position":1,"name":"Home","item":"https:\/\/www.footballcoin.io\/de\/"},{"@type":"ListItem","position":2,"name":"Alles, was du wissen musst, bevor du an den FootballCoin Wettbewerben teilnimmst. Registriere dich, spiele und gewinne!"}]},{"@type":"WebSite","@id":"https:\/\/www.footballcoin.io\/de\/#website","url":"https:\/\/www.footballcoin.io\/de\/","name":"FootballCoin Germany","description":"Just another FootballCoin.io site","potentialAction":[{"@type":"SearchAction","target":{"@type":"EntryPoint","urlTemplate":"https:\/\/www.footballcoin.io\/de\/?s={search_term_string}"},"query-input":{"@type":"PropertyValueSpecification","valueRequired":true,"valueName":"search_term_string"}}],"inLanguage":"de-DE"}]}},"_links":{"self":[{"href":"https:\/\/www.footballcoin.io\/de\/wp-json\/wp\/v2\/pages\/79048","targetHints":{"allow":["GET"]}}],"collection":[{"href":"https:\/\/www.footballcoin.io\/de\/wp-json\/wp\/v2\/pages"}],"about":[{"href":"https:\/\/www.footballcoin.io\/de\/wp-json\/wp\/v2\/types\/page"}],"author":[{"embeddable":true,"href":"https:\/\/www.footballcoin.io\/de\/wp-json\/wp\/v2\/users\/3"}],"replies":[{"embeddable":true,"href":"https:\/\/www.footballcoin.io\/de\/wp-json\/wp\/v2\/comments?post=79048"}],"version-history":[{"count":9,"href":"https:\/\/www.footballcoin.io\/de\/wp-json\/wp\/v2\/pages\/79048\/revisions"}],"predecessor-version":[{"id":79059,"href":"https:\/\/www.footballcoin.io\/de\/wp-json\/wp\/v2\/pages\/79048\/revisions\/79059"}],"wp:featuredmedia":[{"embeddable":true,"href":"https:\/\/www.footballcoin.io\/de\/wp-json\/wp\/v2\/media\/79049"}],"wp:attachment":[{"href":"https:\/\/www.footballcoin.io\/de\/wp-json\/wp\/v2\/media?parent=79048"}],"curies":[{"name":"wp","href":"https:\/\/api.w.org\/{rel}","templated":true}]}}