{"id":44915,"date":"2017-12-11T12:40:56","date_gmt":"2017-12-11T12:40:56","guid":{"rendered":"https:\/\/www.footballcoin.io\/?page_id=44915"},"modified":"2018-06-06T07:15:32","modified_gmt":"2018-06-06T07:15:32","slug":"assistant-manager-cards-distribution","status":"publish","type":"page","link":"https:\/\/www.footballcoin.io\/de\/assistant-manager-cards-distribution\/","title":{"rendered":"Assistant Manager Kartenverteilung"},"content":{"rendered":"<p><strong>In der FootballCoin Economy werden die stellvertretenden Manager aus einem der folgenden Gr\u00fcnde ausgew\u00e4hlt:<\/strong><\/p>\n<p><strong>\u00a0<\/strong><\/p>\n<ul>\n<li>ehemalige Spieler, die sich vom Fu\u00dfball zur\u00fcckgezogen haben.<\/li>\n<li>Fu\u00dfballspieler, die in eine Liga gewechselt sind, die nicht im FootballCoin-Spiel vertreten ist.<\/li>\n<li>Spieler, die noch aktiv sind, \u00e4lter als 35 Jahre sind und ein Ranking von mindestens 3 Sternen haben.<\/li>\n<\/ul>\n<p>&nbsp;<\/p>\n<p>Es gibt zwei Haupttypen von Assistant Manager Karten, basierend auf diesen Rankings:<\/p>\n<p><strong>\u00a0<\/strong><\/p>\n<p><strong>Kostenlose Assistant Manager Karten<\/strong><\/p>\n<p>Dies sind Karten, die f\u00fcr Fu\u00dfballspieler mit einem Rang von 1 * oder 2 * erstellt wurden. Die Karten sind kostenlos und k\u00f6nnen von jedem Benutzer in einer unbegrenzten Anzahl von Teams und Wettbewerben verwendet werden. Freie Karten werden nicht als Token auf der Blockchain ausgegeben.<\/p>\n<p>&nbsp;<\/p>\n<p><strong>Assistant Manager Karten mit einem vorgestellten Wert<\/strong><\/p>\n<p>Dies sind Karten, die f\u00fcr h\u00f6here Assistant Manager generiert wurden: 3 , 4\u00a0 und 5 Sterne. Diese Assistant-Managerkarten haben einen Wert und k\u00f6nnen von Benutzern (gegen XFC Coin) auf dem In-Game-Markt gehandelt werden. Der Preis wird durch Angebot und Nachfrage bestimmt.<\/p>\n<p>Assistant-Manager-Karten mit einem vorgestellten Wert sind digitale Token, die in begrenzter und fester Menge auf der Blockchain ausgegeben werden. Diese Karten k\u00f6nnen im Spiel nur von Benutzern verwendet werden, die sie in ihrem Spielkonto haben.<\/p>\n<p>Zun\u00e4chst werden die Assistant Manager Positionen innerhalb des FootballCoin Spiels von Spielern ab dem Alter von 35 Jahren besetzt.<\/p>\n<p>Die Karten k\u00f6nnen mit einer Doppelrolle innerhalb des Teams genutzt werden:<\/p>\n<p>&nbsp;<\/p>\n<ul>\n<li>Das des Fu\u00dfballspielers, der auf seiner regul\u00e4ren Position spielt und in der Liga registriert ist, in der er in Wirklichkeit spielt.<\/li>\n<li>Als Assistant Manager in jeder Mannschaft \/ Liga \/ Wettbewerb<\/li>\n<\/ul>\n<p>[redbox]DIE ASSISTANT MANAGER POSITION WIRD DAZU BEITRAGEN DASS DER SPIELER SEIN RANG BEIBEHALTEN WIRD! [\/redbox]<\/p>\n<p>Die Position des Assistant Managers besteht aus verschiedenen Gr\u00fcnden im Spiel. Erstens wird dem ein zus\u00e4tzliches Element hinzugef\u00fcgt, das von Managern bei der Erstellung ihrer Teamstrategie verwendet werden kann, da der Assistent Manager die Teampunkte von der Bank holen kann.<\/p>\n<p>Am wichtigsten ist, dass die Schaffung der Position des Assistant Managers den FootballCoin-Spielern helfen wird, das Beste aus ihrer anf\u00e4nglichen Investition herauszuholen, da sie in der Lage sein werden, einen Spieler auch nach dem Ruhestand zu nutzen. Es wird auch dazu beitragen, ein Gleichgewicht zwischen dem Kauf von Jugendlichen und \u00e4lteren Spielern zu schaffen.<\/p>\n","protected":false},"excerpt":{"rendered":"<p>In der FootballCoin Economy werden die stellvertretenden Manager aus einem der folgenden Gr\u00fcnde ausgew\u00e4hlt: \u00a0 ehemalige Spieler, die sich vom Fu\u00dfball zur\u00fcckgezogen haben. Fu\u00dfballspieler, die in eine Liga gewechselt sind, die nicht im FootballCoin-Spiel vertreten ist. Spieler, die noch aktiv sind, \u00e4lter als 35 Jahre sind und ein Ranking von mindestens 3 Sternen haben. &nbsp; [&hellip;]<\/p>\n","protected":false},"author":31,"featured_media":0,"parent":0,"menu_order":0,"comment_status":"closed","ping_status":"closed","template":"","meta":{"footnotes":""},"class_list":["post-44915","page","type-page","status-publish","hentry"],"yoast_head":"<!-- This site is optimized with the Yoast SEO plugin v27.2 - https:\/\/yoast.com\/product\/yoast-seo-wordpress\/ -->\n<title>Assistant Manager Kartenverteilung - FootballCoin Germany<\/title>\n<meta name=\"robots\" content=\"index, follow, max-snippet:-1, max-image-preview:large, max-video-preview:-1\" \/>\n<link rel=\"canonical\" href=\"https:\/\/www.footballcoin.io\/de\/assistant-manager-cards-distribution\/\" \/>\n<meta property=\"og:locale\" content=\"de_DE\" \/>\n<meta property=\"og:type\" content=\"article\" \/>\n<meta property=\"og:title\" content=\"Assistant Manager Kartenverteilung - FootballCoin Germany\" \/>\n<meta property=\"og:description\" content=\"In der FootballCoin Economy werden die stellvertretenden Manager aus einem der folgenden Gr\u00fcnde ausgew\u00e4hlt: \u00a0 ehemalige Spieler, die sich vom Fu\u00dfball zur\u00fcckgezogen haben. Fu\u00dfballspieler, die in eine Liga gewechselt sind, die nicht im FootballCoin-Spiel vertreten ist. Spieler, die noch aktiv sind, \u00e4lter als 35 Jahre sind und ein Ranking von mindestens 3 Sternen haben. &nbsp; [&hellip;]\" \/>\n<meta property=\"og:url\" content=\"https:\/\/www.footballcoin.io\/de\/assistant-manager-cards-distribution\/\" \/>\n<meta property=\"og:site_name\" content=\"FootballCoin Germany\" \/>\n<meta property=\"article:modified_time\" content=\"2018-06-06T07:15:32+00:00\" \/>\n<meta name=\"twitter:card\" content=\"summary_large_image\" \/>\n<meta name=\"twitter:label1\" content=\"Gesch\u00e4tzte Lesezeit\" \/>\n\t<meta name=\"twitter:data1\" content=\"2 minutes\" \/>\n<script type=\"application\/ld+json\" class=\"yoast-schema-graph\">{\"@context\":\"https:\/\/schema.org\",\"@graph\":[{\"@type\":\"WebPage\",\"@id\":\"https:\/\/www.footballcoin.io\/de\/assistant-manager-cards-distribution\/\",\"url\":\"https:\/\/www.footballcoin.io\/de\/assistant-manager-cards-distribution\/\",\"name\":\"Assistant Manager Kartenverteilung - FootballCoin Germany\",\"isPartOf\":{\"@id\":\"https:\/\/www.footballcoin.io\/de\/#website\"},\"datePublished\":\"2017-12-11T12:40:56+00:00\",\"dateModified\":\"2018-06-06T07:15:32+00:00\",\"breadcrumb\":{\"@id\":\"https:\/\/www.footballcoin.io\/de\/assistant-manager-cards-distribution\/#breadcrumb\"},\"inLanguage\":\"de-DE\",\"potentialAction\":[{\"@type\":\"ReadAction\",\"target\":[\"https:\/\/www.footballcoin.io\/de\/assistant-manager-cards-distribution\/\"]}]},{\"@type\":\"BreadcrumbList\",\"@id\":\"https:\/\/www.footballcoin.io\/de\/assistant-manager-cards-distribution\/#breadcrumb\",\"itemListElement\":[{\"@type\":\"ListItem\",\"position\":1,\"name\":\"Home\",\"item\":\"https:\/\/www.footballcoin.io\/de\/\"},{\"@type\":\"ListItem\",\"position\":2,\"name\":\"Assistant Manager Kartenverteilung\"}]},{\"@type\":\"WebSite\",\"@id\":\"https:\/\/www.footballcoin.io\/de\/#website\",\"url\":\"https:\/\/www.footballcoin.io\/de\/\",\"name\":\"FootballCoin Germany\",\"description\":\"Just another FootballCoin.io site\",\"potentialAction\":[{\"@type\":\"SearchAction\",\"target\":{\"@type\":\"EntryPoint\",\"urlTemplate\":\"https:\/\/www.footballcoin.io\/de\/?s={search_term_string}\"},\"query-input\":{\"@type\":\"PropertyValueSpecification\",\"valueRequired\":true,\"valueName\":\"search_term_string\"}}],\"inLanguage\":\"de-DE\"}]}<\/script>\n<!-- \/ Yoast SEO plugin. -->","yoast_head_json":{"title":"Assistant Manager Kartenverteilung - FootballCoin Germany","robots":{"index":"index","follow":"follow","max-snippet":"max-snippet:-1","max-image-preview":"max-image-preview:large","max-video-preview":"max-video-preview:-1"},"canonical":"https:\/\/www.footballcoin.io\/de\/assistant-manager-cards-distribution\/","og_locale":"de_DE","og_type":"article","og_title":"Assistant Manager Kartenverteilung - FootballCoin Germany","og_description":"In der FootballCoin Economy werden die stellvertretenden Manager aus einem der folgenden Gr\u00fcnde ausgew\u00e4hlt: \u00a0 ehemalige Spieler, die sich vom Fu\u00dfball zur\u00fcckgezogen haben. Fu\u00dfballspieler, die in eine Liga gewechselt sind, die nicht im FootballCoin-Spiel vertreten ist. Spieler, die noch aktiv sind, \u00e4lter als 35 Jahre sind und ein Ranking von mindestens 3 Sternen haben. &nbsp; [&hellip;]","og_url":"https:\/\/www.footballcoin.io\/de\/assistant-manager-cards-distribution\/","og_site_name":"FootballCoin Germany","article_modified_time":"2018-06-06T07:15:32+00:00","twitter_card":"summary_large_image","twitter_misc":{"Gesch\u00e4tzte Lesezeit":"2 minutes"},"schema":{"@context":"https:\/\/schema.org","@graph":[{"@type":"WebPage","@id":"https:\/\/www.footballcoin.io\/de\/assistant-manager-cards-distribution\/","url":"https:\/\/www.footballcoin.io\/de\/assistant-manager-cards-distribution\/","name":"Assistant Manager Kartenverteilung - FootballCoin Germany","isPartOf":{"@id":"https:\/\/www.footballcoin.io\/de\/#website"},"datePublished":"2017-12-11T12:40:56+00:00","dateModified":"2018-06-06T07:15:32+00:00","breadcrumb":{"@id":"https:\/\/www.footballcoin.io\/de\/assistant-manager-cards-distribution\/#breadcrumb"},"inLanguage":"de-DE","potentialAction":[{"@type":"ReadAction","target":["https:\/\/www.footballcoin.io\/de\/assistant-manager-cards-distribution\/"]}]},{"@type":"BreadcrumbList","@id":"https:\/\/www.footballcoin.io\/de\/assistant-manager-cards-distribution\/#breadcrumb","itemListElement":[{"@type":"ListItem","position":1,"name":"Home","item":"https:\/\/www.footballcoin.io\/de\/"},{"@type":"ListItem","position":2,"name":"Assistant Manager Kartenverteilung"}]},{"@type":"WebSite","@id":"https:\/\/www.footballcoin.io\/de\/#website","url":"https:\/\/www.footballcoin.io\/de\/","name":"FootballCoin Germany","description":"Just another FootballCoin.io site","potentialAction":[{"@type":"SearchAction","target":{"@type":"EntryPoint","urlTemplate":"https:\/\/www.footballcoin.io\/de\/?s={search_term_string}"},"query-input":{"@type":"PropertyValueSpecification","valueRequired":true,"valueName":"search_term_string"}}],"inLanguage":"de-DE"}]}},"_links":{"self":[{"href":"https:\/\/www.footballcoin.io\/de\/wp-json\/wp\/v2\/pages\/44915","targetHints":{"allow":["GET"]}}],"collection":[{"href":"https:\/\/www.footballcoin.io\/de\/wp-json\/wp\/v2\/pages"}],"about":[{"href":"https:\/\/www.footballcoin.io\/de\/wp-json\/wp\/v2\/types\/page"}],"author":[{"embeddable":true,"href":"https:\/\/www.footballcoin.io\/de\/wp-json\/wp\/v2\/users\/31"}],"replies":[{"embeddable":true,"href":"https:\/\/www.footballcoin.io\/de\/wp-json\/wp\/v2\/comments?post=44915"}],"version-history":[{"count":2,"href":"https:\/\/www.footballcoin.io\/de\/wp-json\/wp\/v2\/pages\/44915\/revisions"}],"predecessor-version":[{"id":78945,"href":"https:\/\/www.footballcoin.io\/de\/wp-json\/wp\/v2\/pages\/44915\/revisions\/78945"}],"wp:attachment":[{"href":"https:\/\/www.footballcoin.io\/de\/wp-json\/wp\/v2\/media?parent=44915"}],"curies":[{"name":"wp","href":"https:\/\/api.w.org\/{rel}","templated":true}]}}