{"id":44879,"date":"2017-12-11T11:55:47","date_gmt":"2017-12-11T11:55:47","guid":{"rendered":"https:\/\/www.footballcoin.io\/?page_id=44879"},"modified":"2018-06-05T13:32:31","modified_gmt":"2018-06-05T13:32:31","slug":"stadium-cards-distribution","status":"publish","type":"page","link":"https:\/\/www.footballcoin.io\/de\/stadium-cards-distribution\/","title":{"rendered":"Stadionkarten Verteilung und Belohnungen"},"content":{"rendered":"<p style=\"text-align: center;\"><img loading=\"lazy\" decoding=\"async\" class=\"aligncenter size-full wp-image-44881\" src=\"https:\/\/cdn.footballcoin.io\/wp-content\/uploads\/2017\/12\/stadium__d549fd-205x300.png\" alt=\"\" width=\"205\" height=\"300\" \/><\/p>\n<p style=\"text-align: center;\"><strong>In der\u00a0 FootballCoin Economy\u00a0 haben Stadion Kartenbesitzer die Rolle des Wettbewerbsleiters und k\u00f6nnen ihre eigenen Wettbewerbe nach dem Ranking des eigenen Stadions organisieren.<\/strong><\/p>\n<p>Es gibt zwei Haupttypen von Stadionkarten, basierend auf dem Stadion Ranking-System:<\/p>\n<p>&nbsp;<\/p>\n<p><strong>Kostenlose Stadionkarten<\/strong><\/p>\n<p>&nbsp;<\/p>\n<p>Dies sind Karten, die f\u00fcr untergeordnete Stadien erstellt wurden: 1 Stern und 2 Sterne. Diese Karten sind kostenlos, unbegrenzt verf\u00fcgbar und werden nicht als digitale Token auf der Blockchain generiert.<\/p>\n<p>Kostenlose Stadionkarten k\u00f6nnen von jedem Benutzer verwendet werden, um eine unbegrenzte Anzahl von Wettbewerben auf folgende Weise zu organisieren:<\/p>\n<p>&nbsp;<\/p>\n<p>Stadion Rang 1 Stern<\/p>\n<p>Kapazit\u00e4t &lt;20.000 Sitzpl\u00e4tze. Diese Stadien k\u00f6nnen H2H (Head-to-Head) Wettbewerbe von 2 Benutzern organisieren, die an diesem Wettbewerb teilnehmen.<\/p>\n<p>&nbsp;<\/p>\n<p>Stadion Rang 2 Sterne<\/p>\n<p>Kapazit\u00e4t zwischen 20.000 &#8211; 30.000 Sitzpl\u00e4tzen. Diese Stadien k\u00f6nnen H2H (Head-to-Head) und Double-Up (verdoppeln) Wettbewerbe oder Turniere organisieren.<\/p>\n<p>&nbsp;<\/p>\n<p>Die maximale Anzahl von Benutzern sind 11 , die an jedem Wettbewerb teilnehmen k\u00f6nnen.<\/p>\n<p>&nbsp;<\/p>\n<p><strong>Stadionkarten mit einem vorgestellten Wert<\/strong><\/p>\n<p><strong>Dies sind Karten, die f\u00fcr Stadien mit h\u00f6herem Rang erstellt wurden: 3 , 4 und 5 Sterne.<\/strong><\/p>\n<p>Diese Stadionkarten haben einen Wert und k\u00f6nnen von Benutzern (gegen XFC Coin) auf dem In-Game-Markt gehandelt werden. Der Preis wird durch Angebot und Nachfrage bestimmt.<\/p>\n<p>Die Stadionkarten mit einem vorgestellten Wert sind digitale Token, die in begrenzter und fester Menge auf der Blockchain ausgegeben werden. Diese Karten k\u00f6nnen im Spiel nur von Benutzern verwendet werden, die sie in ihrem Spielkonto haben.<\/p>\n<p>Die Regel f\u00fcr die Verwendung der Stadionkarten ist ein Stadion pro Wettbewerb. Das hei\u00dft, wenn Du dasselbe Stadion (z. B. Santiago Bernabeu) in mehreren Wettbewerben gleichzeitig nutzen m\u00f6chtest, musst Du mehr Karten dieses Stadions besitzen. Die Anzahl der Wettbewerbe, die Du gleichzeitig organisieren kannst, h\u00e4ngt von der Anzahl der Stadionkarten ab, die Du besitzt.<\/p>\n<p>[redbox]DER STADION RANG WIRD NACH SITZPLATZKAPAZIT\u00c4T DER STADIEN FESTGELEGT.[\/redbox]<\/p>\n<p>Owners of stadium cards with a featured value can organize H2H (Head-to-Head) contests, Double-Up contest or Tournaments, as they wish.<\/p>\n<p>The number of users that can join to these contests will be determined by the stadium ranking in the following way:<\/p>\n<p><strong>Stadium ranked 3 *<\/strong><\/p>\n<ul>\n<li>capacity of 30.001 \u2013 45.000 seats can have a maximum of 55 participants in the contest;<\/li>\n<\/ul>\n<p><strong>Stadium ranked 4 *<\/strong><\/p>\n<ul>\n<li>capacity of 40.001 \u2013 60.000 seats can have a maximum of 110 participants in the contest;<\/li>\n<\/ul>\n<p><strong>Stadium ranked 5 *<\/strong><\/p>\n<ul>\n<li>capacity &gt; 60.001 seats can have an unlimited number of participants in the contest.<\/li>\n<\/ul>\n<p>&nbsp;<\/p>\n<h3><strong>Verdienst der Wettbewerbsleiter<\/strong><\/h3>\n<p><strong>Die Verdienste der Wettbewerbsleiter basieren auf dem Rang des Stadions wie folgt:<\/strong><\/p>\n<ul>\n<li>5% des gesamten Preispools f\u00fcr 5 Sterne Stadien<\/li>\n<li>4% des gesamten Preispools f\u00fcr 4 Sterne Stadien<\/li>\n<li>3% des gesamten Preispools f\u00fcr 3 Sterne Stadien<\/li>\n<\/ul>\n<p><em>Wenn zum Beispiel der Wettbewerbsleiter ein 5 Sterne Stadion besitzt, einen Wettbewerb organisiert, bei dem die Teilnahmegeb\u00fchr 100 XFC COIN betr\u00e4gt und 1.000 Benutzer dem Wettbewerb beitreten, betr\u00e4gt der kumulative Wert der Einnahmen aus den Registrierungsgeb\u00fchren 100 x 1.000 = 100.000 XFC COIN . Davon werden 5% = 5.000 XFC COIN an den Wettbewerbsleiter vergeben.<\/em><\/p>\n<p><strong>Die Gesamtzahl der ausgegebenen Karten (Token) f\u00fcr jedes Fu\u00dfballstadion wird in der FootballCoin Economy wie folgt festgelegt:<\/strong><\/p>\n<p>Stadion Rang 3 Sterne<\/p>\n<p><u>500<\/u> Karten insgesamt ausgestellt.<\/p>\n<p>&nbsp;<\/p>\n<p>Stadion Rang 4 Sterne<\/p>\n<p><u>300<\/u> Karten insgesamt ausgestellt.<\/p>\n<p>&nbsp;<\/p>\n<p>Stadion Rang 5 Sterne<\/p>\n<p><u>150<\/u> Karten insgesamt ausgestellt.<\/p>\n<p>&nbsp;<\/p>\n<p><strong>Die Verteilung der Stadionkarten erfolgt wie folgt:<\/strong><\/p>\n<p>(von der Gesamtzahl der ausgegebenen Karten pro Stadion)<\/p>\n<p>20% reserviert f\u00fcr Gr\u00fcnder;<\/p>\n<p>5%\u00a0\u00a0 reserviert f\u00fcr Partner;<\/p>\n<p>75%\u00a0 stufenweise in den regul\u00e4ren Transferfenstern zum Verkauf angeboten werden.<\/p>\n<p>&nbsp;<\/p>\n<p>&nbsp;<\/p>\n<p><strong>Die Gesamtanzahl der Stadionkarten, die in jedem Transferfenster zum Verkauf angeboten werden, richtet sich strikt nach der Stadionrangliste und der Gesamtzahl der im Spiel gezeigten Nutzer wie folgt:<\/strong><\/p>\n<p>3 Sterne Rang\u00a0 &#8211; maximal 2,5% der Gesamtzahl der Nutzer.<\/p>\n<p>4 Sterne Rang\u00a0 &#8211; maximal 1% der Gesamtzahl der Nutzer.<\/p>\n<p>5 Sterne Rang\u00a0 &#8211; maximal 0,5% der Gesamtzahl der Nutzer.<\/p>\n<p><em>Wenn zum Beispiel f\u00fcr das 5 Sterne-Stadion 150 Karten ausgegeben wurden, werden sie progressiv verteilt, bis die Anzahl der Spielbenutzer 30.000 erreicht hat. Wenn die Anzahl der Spielbenutzer 30.000 \u00fcberschreitet, wird die Karte seltener als die anf\u00e4ngliche 0,5% -Marge.<\/em><\/p>\n<p><em>\u00a0<\/em><\/p>\n<p>Einnahmen durch den Verkauf von Stadionkarten werden wie folgt verwendet:<\/p>\n<p><u>50%<\/u> verwendet in der Entwicklung des Spiels;<\/p>\n<p><u>25%<\/u> f\u00fcr Werbung und Marketing;<\/p>\n<p><u>25%<\/u> f\u00fcr vom Spiel garantierte Preise und Boni.<\/p>\n","protected":false},"excerpt":{"rendered":"<p>In der\u00a0 FootballCoin Economy\u00a0 haben Stadion Kartenbesitzer die Rolle des Wettbewerbsleiters und k\u00f6nnen ihre eigenen Wettbewerbe nach dem Ranking des eigenen Stadions organisieren. Es gibt zwei Haupttypen von Stadionkarten, basierend auf dem Stadion Ranking-System: &nbsp; Kostenlose Stadionkarten &nbsp; Dies sind Karten, die f\u00fcr untergeordnete Stadien erstellt wurden: 1 Stern und 2 Sterne. Diese Karten sind [&hellip;]<\/p>\n","protected":false},"author":31,"featured_media":0,"parent":0,"menu_order":0,"comment_status":"closed","ping_status":"closed","template":"","meta":{"footnotes":""},"class_list":["post-44879","page","type-page","status-publish","hentry"],"yoast_head":"<!-- This site is optimized with the Yoast SEO plugin v27.2 - https:\/\/yoast.com\/product\/yoast-seo-wordpress\/ -->\n<title>Stadionkarten Verteilung und Belohnungen - FootballCoin Germany<\/title>\n<meta name=\"robots\" content=\"index, follow, max-snippet:-1, max-image-preview:large, max-video-preview:-1\" \/>\n<link rel=\"canonical\" href=\"https:\/\/www.footballcoin.io\/de\/stadium-cards-distribution\/\" \/>\n<meta property=\"og:locale\" content=\"de_DE\" \/>\n<meta property=\"og:type\" content=\"article\" \/>\n<meta property=\"og:title\" content=\"Stadionkarten Verteilung und Belohnungen - FootballCoin Germany\" \/>\n<meta property=\"og:description\" content=\"In der\u00a0 FootballCoin Economy\u00a0 haben Stadion Kartenbesitzer die Rolle des Wettbewerbsleiters und k\u00f6nnen ihre eigenen Wettbewerbe nach dem Ranking des eigenen Stadions organisieren. Es gibt zwei Haupttypen von Stadionkarten, basierend auf dem Stadion Ranking-System: &nbsp; Kostenlose Stadionkarten &nbsp; Dies sind Karten, die f\u00fcr untergeordnete Stadien erstellt wurden: 1 Stern und 2 Sterne. Diese Karten sind [&hellip;]\" \/>\n<meta property=\"og:url\" content=\"https:\/\/www.footballcoin.io\/de\/stadium-cards-distribution\/\" \/>\n<meta property=\"og:site_name\" content=\"FootballCoin Germany\" \/>\n<meta property=\"article:modified_time\" content=\"2018-06-05T13:32:31+00:00\" \/>\n<meta property=\"og:image\" content=\"https:\/\/cdn.footballcoin.io\/wp-content\/uploads\/2017\/12\/stadium__d549fd-205x300.png\" \/>\n<meta name=\"twitter:card\" content=\"summary_large_image\" \/>\n<meta name=\"twitter:label1\" content=\"Gesch\u00e4tzte Lesezeit\" \/>\n\t<meta name=\"twitter:data1\" content=\"3 minutes\" \/>\n<script type=\"application\/ld+json\" class=\"yoast-schema-graph\">{\"@context\":\"https:\/\/schema.org\",\"@graph\":[{\"@type\":\"WebPage\",\"@id\":\"https:\/\/www.footballcoin.io\/de\/stadium-cards-distribution\/\",\"url\":\"https:\/\/www.footballcoin.io\/de\/stadium-cards-distribution\/\",\"name\":\"Stadionkarten Verteilung und Belohnungen - FootballCoin Germany\",\"isPartOf\":{\"@id\":\"https:\/\/www.footballcoin.io\/de\/#website\"},\"primaryImageOfPage\":{\"@id\":\"https:\/\/www.footballcoin.io\/de\/stadium-cards-distribution\/#primaryimage\"},\"image\":{\"@id\":\"https:\/\/www.footballcoin.io\/de\/stadium-cards-distribution\/#primaryimage\"},\"thumbnailUrl\":\"https:\/\/cdn.footballcoin.io\/wp-content\/uploads\/2017\/12\/stadium__d549fd-205x300.png\",\"datePublished\":\"2017-12-11T11:55:47+00:00\",\"dateModified\":\"2018-06-05T13:32:31+00:00\",\"breadcrumb\":{\"@id\":\"https:\/\/www.footballcoin.io\/de\/stadium-cards-distribution\/#breadcrumb\"},\"inLanguage\":\"de-DE\",\"potentialAction\":[{\"@type\":\"ReadAction\",\"target\":[\"https:\/\/www.footballcoin.io\/de\/stadium-cards-distribution\/\"]}]},{\"@type\":\"ImageObject\",\"inLanguage\":\"de-DE\",\"@id\":\"https:\/\/www.footballcoin.io\/de\/stadium-cards-distribution\/#primaryimage\",\"url\":\"https:\/\/cdn.footballcoin.io\/wp-content\/uploads\/2017\/12\/stadium__d549fd-205x300.png\",\"contentUrl\":\"https:\/\/cdn.footballcoin.io\/wp-content\/uploads\/2017\/12\/stadium__d549fd-205x300.png\"},{\"@type\":\"BreadcrumbList\",\"@id\":\"https:\/\/www.footballcoin.io\/de\/stadium-cards-distribution\/#breadcrumb\",\"itemListElement\":[{\"@type\":\"ListItem\",\"position\":1,\"name\":\"Home\",\"item\":\"https:\/\/www.footballcoin.io\/de\/\"},{\"@type\":\"ListItem\",\"position\":2,\"name\":\"Stadionkarten Verteilung und Belohnungen\"}]},{\"@type\":\"WebSite\",\"@id\":\"https:\/\/www.footballcoin.io\/de\/#website\",\"url\":\"https:\/\/www.footballcoin.io\/de\/\",\"name\":\"FootballCoin Germany\",\"description\":\"Just another FootballCoin.io site\",\"potentialAction\":[{\"@type\":\"SearchAction\",\"target\":{\"@type\":\"EntryPoint\",\"urlTemplate\":\"https:\/\/www.footballcoin.io\/de\/?s={search_term_string}\"},\"query-input\":{\"@type\":\"PropertyValueSpecification\",\"valueRequired\":true,\"valueName\":\"search_term_string\"}}],\"inLanguage\":\"de-DE\"}]}<\/script>\n<!-- \/ Yoast SEO plugin. -->","yoast_head_json":{"title":"Stadionkarten Verteilung und Belohnungen - FootballCoin Germany","robots":{"index":"index","follow":"follow","max-snippet":"max-snippet:-1","max-image-preview":"max-image-preview:large","max-video-preview":"max-video-preview:-1"},"canonical":"https:\/\/www.footballcoin.io\/de\/stadium-cards-distribution\/","og_locale":"de_DE","og_type":"article","og_title":"Stadionkarten Verteilung und Belohnungen - FootballCoin Germany","og_description":"In der\u00a0 FootballCoin Economy\u00a0 haben Stadion Kartenbesitzer die Rolle des Wettbewerbsleiters und k\u00f6nnen ihre eigenen Wettbewerbe nach dem Ranking des eigenen Stadions organisieren. Es gibt zwei Haupttypen von Stadionkarten, basierend auf dem Stadion Ranking-System: &nbsp; Kostenlose Stadionkarten &nbsp; Dies sind Karten, die f\u00fcr untergeordnete Stadien erstellt wurden: 1 Stern und 2 Sterne. Diese Karten sind [&hellip;]","og_url":"https:\/\/www.footballcoin.io\/de\/stadium-cards-distribution\/","og_site_name":"FootballCoin Germany","article_modified_time":"2018-06-05T13:32:31+00:00","og_image":[{"url":"https:\/\/cdn.footballcoin.io\/wp-content\/uploads\/2017\/12\/stadium__d549fd-205x300.png","type":"","width":"","height":""}],"twitter_card":"summary_large_image","twitter_misc":{"Gesch\u00e4tzte Lesezeit":"3 minutes"},"schema":{"@context":"https:\/\/schema.org","@graph":[{"@type":"WebPage","@id":"https:\/\/www.footballcoin.io\/de\/stadium-cards-distribution\/","url":"https:\/\/www.footballcoin.io\/de\/stadium-cards-distribution\/","name":"Stadionkarten Verteilung und Belohnungen - FootballCoin Germany","isPartOf":{"@id":"https:\/\/www.footballcoin.io\/de\/#website"},"primaryImageOfPage":{"@id":"https:\/\/www.footballcoin.io\/de\/stadium-cards-distribution\/#primaryimage"},"image":{"@id":"https:\/\/www.footballcoin.io\/de\/stadium-cards-distribution\/#primaryimage"},"thumbnailUrl":"https:\/\/cdn.footballcoin.io\/wp-content\/uploads\/2017\/12\/stadium__d549fd-205x300.png","datePublished":"2017-12-11T11:55:47+00:00","dateModified":"2018-06-05T13:32:31+00:00","breadcrumb":{"@id":"https:\/\/www.footballcoin.io\/de\/stadium-cards-distribution\/#breadcrumb"},"inLanguage":"de-DE","potentialAction":[{"@type":"ReadAction","target":["https:\/\/www.footballcoin.io\/de\/stadium-cards-distribution\/"]}]},{"@type":"ImageObject","inLanguage":"de-DE","@id":"https:\/\/www.footballcoin.io\/de\/stadium-cards-distribution\/#primaryimage","url":"https:\/\/cdn.footballcoin.io\/wp-content\/uploads\/2017\/12\/stadium__d549fd-205x300.png","contentUrl":"https:\/\/cdn.footballcoin.io\/wp-content\/uploads\/2017\/12\/stadium__d549fd-205x300.png"},{"@type":"BreadcrumbList","@id":"https:\/\/www.footballcoin.io\/de\/stadium-cards-distribution\/#breadcrumb","itemListElement":[{"@type":"ListItem","position":1,"name":"Home","item":"https:\/\/www.footballcoin.io\/de\/"},{"@type":"ListItem","position":2,"name":"Stadionkarten Verteilung und Belohnungen"}]},{"@type":"WebSite","@id":"https:\/\/www.footballcoin.io\/de\/#website","url":"https:\/\/www.footballcoin.io\/de\/","name":"FootballCoin Germany","description":"Just another FootballCoin.io site","potentialAction":[{"@type":"SearchAction","target":{"@type":"EntryPoint","urlTemplate":"https:\/\/www.footballcoin.io\/de\/?s={search_term_string}"},"query-input":{"@type":"PropertyValueSpecification","valueRequired":true,"valueName":"search_term_string"}}],"inLanguage":"de-DE"}]}},"_links":{"self":[{"href":"https:\/\/www.footballcoin.io\/de\/wp-json\/wp\/v2\/pages\/44879","targetHints":{"allow":["GET"]}}],"collection":[{"href":"https:\/\/www.footballcoin.io\/de\/wp-json\/wp\/v2\/pages"}],"about":[{"href":"https:\/\/www.footballcoin.io\/de\/wp-json\/wp\/v2\/types\/page"}],"author":[{"embeddable":true,"href":"https:\/\/www.footballcoin.io\/de\/wp-json\/wp\/v2\/users\/31"}],"replies":[{"embeddable":true,"href":"https:\/\/www.footballcoin.io\/de\/wp-json\/wp\/v2\/comments?post=44879"}],"version-history":[{"count":3,"href":"https:\/\/www.footballcoin.io\/de\/wp-json\/wp\/v2\/pages\/44879\/revisions"}],"predecessor-version":[{"id":79054,"href":"https:\/\/www.footballcoin.io\/de\/wp-json\/wp\/v2\/pages\/44879\/revisions\/79054"}],"wp:attachment":[{"href":"https:\/\/www.footballcoin.io\/de\/wp-json\/wp\/v2\/media?parent=44879"}],"curies":[{"name":"wp","href":"https:\/\/api.w.org\/{rel}","templated":true}]}}