{"id":44859,"date":"2017-12-11T11:35:47","date_gmt":"2017-12-11T11:35:47","guid":{"rendered":"https:\/\/www.footballcoin.io\/?page_id=44859"},"modified":"2018-06-05T12:33:15","modified_gmt":"2018-06-05T12:33:15","slug":"player-cards-distribution","status":"publish","type":"page","link":"https:\/\/www.footballcoin.io\/de\/player-cards-distribution\/","title":{"rendered":"Spieler Karten Verteilung"},"content":{"rendered":"<p>In der FootballCoin Economy(Wirtschaft) gibt es zwei Haupttypen von Fu\u00dfballspielerkarten, basierend auf dem Spielerrang.<\/p>\n<p><strong>\u00a0<\/strong><\/p>\n<p><strong>Kostenlose Spielerkarten<\/strong><\/p>\n<p>Dies sind Spielerkarten f\u00fcr Fu\u00dfballspieler mit einem niedrigeren Rang: 1 Stern und 2 Sterne.<\/p>\n<p>Diese Fu\u00dfballkarten sind frei, unbegrenzt und werden nicht als digitale Token auf der Blockchain generiert.<\/p>\n<p><strong>Kostenlose Spielerkarten k\u00f6nnen von jedem Benutzer in einer unbegrenzten Anzahl von Mannschaften und Wettbewerben verwendet werden. Im FootballCoin-Spiel sind ungef\u00e4hr 75% aller Spielerkarten frei<\/strong>.<\/p>\n<p><strong>\u00a0<\/strong><\/p>\n<p><strong>Spieler Karten mit einem vorgestellten Wert<\/strong><\/p>\n<p>Dies sind Karten, die f\u00fcr h\u00f6herrangige Fu\u00dfballspieler mit 3 Sternen, 4 Sternen und 5 Sternen erstellt wurden. Diese Spielerkarten haben einen Wert und k\u00f6nnen von Spielern (gegen XFC Coin) auf dem In-Game-Markt gehandelt werden. Der Preis wird durch Angebot und Nachfrage bestimmt.<\/p>\n<p>Spielerkarten mit einem vorgestellten Wert sind digitale Token, die in begrenzter und fester Menge auf der Blockchain ausgegeben werden. Diese Karten k\u00f6nnen im Spiel nur von Benutzern verwendet werden, die sie in ihrem Spielkonto haben.<\/p>\n<p>&nbsp;<\/p>\n<p>[redbox]<\/p>\n<p><strong>IM FOOTBALLCOIN-SPIEL SIND NUR CA. 25% DER GESAMTZAHL DER\u00a0<\/strong><strong>SPIELKARTEN MIT BESONDEREM WERT.<\/strong>[\/redbox]<\/p>\n<p><strong>Rangliste der Fu\u00dfballspieler<\/strong><\/p>\n<p>Das Fussballspieler-Ranking in der FootballCoin Economy basiert auf einem komplexen Algorithmus, der Folgendes ber\u00fccksichtigt:<\/p>\n<ul>\n<li>Der tats\u00e4chliche Marktwert des Spielers (wie von Transfermarkt aufgef\u00fchrt);<\/li>\n<li>Die nationale und internationale Bekanntheit des genannten Spielers;<\/li>\n<li>Die Anzahl der Errungenschaften und Troph\u00e4en, die sich in ihrer Karriere angesammelt haben;<\/li>\n<li>Das Alter des Spielers<\/li>\n<\/ul>\n<p>Die Rangliste des Fu\u00dfballspielers kann auf der Grundlage eines Anstiegs des Marktwerts, von Fu\u00dfballergebnissen oder eines Anstiegs der Bekanntheit rechtzeitig aktualisiert werden.<\/p>\n<p>Wenn Sie beispielsweise einen Spieler mit einer Bewertung von 3 Sternen kaufen.<\/p>\n<p>Genie\u00dft dieser Spieler eine Zeit gro\u00dfer Leistungen auf dem Spielfeld, was zu einem Anstieg des Marktwerts und der Bekanntheit f\u00fchrt, wird sein Ranking im Transferfenster verbessert. Dieser Spieler kann dann sogar als 4-Sterne- oder 5-Sterne-Spieler eingestuft werden.<\/p>\n<p><strong>Das Ranking eines Fu\u00dfballspielers kann niemals im Spiel herabgestuft werden!<\/strong><\/p>\n<p>Wenn ein Spieler eine bestimmte Platzierung im Spiel erreicht hat, wird diese niemals herabgestuft, unabh\u00e4ngig von einer Verringerung der Spielerform oder des Marktwerts. Er wird immer die h\u00f6chste Platzierung halten, die er innehatte. Zum Beispiel hat Cristiano Ronaldo im Moment die h\u00f6chste, im Spiele Ranking von 5 Sternen.<\/p>\n<p>Selbst wenn seine Form und sein Marktwert pl\u00f6tzlich sinken sollten, wird er immer das Ranking beibehalten, das er sich verdient hat.<\/p>\n<p>Spieler, die sich aus dem Profifu\u00dfball zur\u00fcckziehen oder in andere Ligen wechseln (insofern sie in eine Liga versetzt werden, die nicht im FootballCoin-Spiel vertreten ist), werden zu Assistant Manager im Spiel!<\/p>\n<p>&nbsp;<\/p>\n<p>Als Assistant Manager behalten sie die h\u00f6chste Platzierung, die sie als Spieler verdient haben.<\/p>\n<p>&nbsp;<\/p>\n<p><strong>Der Anfangswert der Spielerkarten wird in der FootballCoin Economy basierend auf einem Algorithmus bestimmt, der Folgendes ber\u00fccksichtigt:<\/strong><\/p>\n<p><strong>\u00a0<\/strong><\/p>\n<ol>\n<li>Spieler-Ranking;<\/li>\n<\/ol>\n<p>2.Der Marktwert des Spielers (wie von Transfermarkt angegeben);<\/p>\n<ol start=\"3\">\n<li>Spieler Bekanntheit;<\/li>\n<\/ol>\n<p>4.Alter des Spielers;<\/p>\n<p>5.Die anf\u00e4ngliche Anzahl von Karten, die f\u00fcr den genannten Spieler ausgegeben wurden.<\/p>\n<p><strong>\u00a0<\/strong><\/p>\n<p>Unter Ber\u00fccksichtigung der Tatsache, dass die Verteilung von Spielerkarten mit der Zeit zunimmt, werden in den regul\u00e4ren Transferfenstern Jugendspielerkarten in einer gr\u00f6\u00dferen Anzahl ausgegeben als f\u00fcr \u00e4ltere Spieler.<\/p>\n<p>&nbsp;<\/p>\n<p>Die Gesamtzahl der f\u00fcr jeden Spieler ausgegebenen Karten (Token) variiert zwischen 1.000 &#8211; 6.000 Karten pro Fu\u00dfballspieler.<\/p>\n<p><strong>\u00a0<\/strong><\/p>\n<p><strong>\u00a0<\/strong><\/p>\n<p><strong>Die Verteilung der Gesamtzahl der f\u00fcr jeden Fu\u00dfballspieler ausgegebenen Karten wird folgenderma\u00dfen aufgeteilt:<\/strong><\/p>\n<p><u>20%<\/u>\u00a0 reserviert f\u00fcr Gr\u00fcnder;<\/p>\n<p><u>5%<\/u>\u00a0\u00a0\u00a0 reserviert f\u00fcr Partner;<\/p>\n<p><u>5%<\/u>\u00a0\u00a0\u00a0 reserviert f\u00fcr Preise im Spiel und in der Gemeinschaft;<\/p>\n<p><u>70%<\/u>\u00a0 stufenweise in den Transferfenstern zum Verkauf angeboten.<\/p>\n<p><strong>\u00a0<\/strong><\/p>\n<p><strong>Die Anzahl der Spielerkarten, die in jedem Transferfenster zum Verkauf freigegeben werden, wird durch das Ranking des Spielers und die Anzahl der Manager(User) im Spiel wie folgt bestimmt:<\/strong><\/p>\n<p><strong>\u00a0<\/strong><\/p>\n<p>Ranking von 5 Sternen maximal<\/p>\n<p><u>2,5%<\/u> der Gesamtzahl der Benutzer;<\/p>\n<p>&nbsp;<\/p>\n<p>Ranking von 4 Sternen<\/p>\n<p><u>5%<\/u> der Gesamtzahl der Benutzer;<\/p>\n<p>&nbsp;<\/p>\n<p>Ranking von 3 Sternen<\/p>\n<p><u>10%<\/u> der Gesamtzahl der Benutzer;<\/p>\n<p><strong>\u00a0<\/strong><\/p>\n<p>Wenn zum Beispiel f\u00fcr einen Spieler mit 5 Sternen 2.500 Karten ausgegeben wurden, werden diese progressiv verteilt, bis die Anzahl der Manager(User) 100.000 erreicht. Wenn die Anzahl der Manager 100.000 \u00fcberschritten hat, wird die Karte seltener als der Anfangswert von 2,5%.<\/p>\n<p><strong>\u00a0<\/strong><\/p>\n<p>Die Werte, die durch den Verkauf von Spielerkarten erzielt werden, werden folgenderma\u00dfen verwendet:<\/p>\n<p><u>50%<\/u>\u00a0 verwendet in der Entwicklung des Spiels;<\/p>\n<p><u>25%<\/u>\u00a0 f\u00fcr Werbung und Marketing;<\/p>\n<p><u>25%<\/u> f\u00fcr vom Spiel garantierte Preise und Boni.<\/p>\n<p>[redbox]<strong>WENN DIE LEISTUNG DES SPIELERS DEUTLICH ABNIMMT UND SEINE WERT ABST\u00dcRZT , WERDEN DIE NICHT AUSGESTELLTEN KARTEN VERBRANNT!(VERWORFEN)<\/strong>[\/redbox]<\/p>\n","protected":false},"excerpt":{"rendered":"<p>In der FootballCoin Economy(Wirtschaft) gibt es zwei Haupttypen von Fu\u00dfballspielerkarten, basierend auf dem Spielerrang. \u00a0 Kostenlose Spielerkarten Dies sind Spielerkarten f\u00fcr Fu\u00dfballspieler mit einem niedrigeren Rang: 1 Stern und 2 Sterne. Diese Fu\u00dfballkarten sind frei, unbegrenzt und werden nicht als digitale Token auf der Blockchain generiert. Kostenlose Spielerkarten k\u00f6nnen von jedem Benutzer in einer unbegrenzten [&hellip;]<\/p>\n","protected":false},"author":31,"featured_media":0,"parent":0,"menu_order":0,"comment_status":"closed","ping_status":"closed","template":"","meta":{"footnotes":""},"class_list":["post-44859","page","type-page","status-publish","hentry"],"yoast_head":"<!-- This site is optimized with the Yoast SEO plugin v27.2 - https:\/\/yoast.com\/product\/yoast-seo-wordpress\/ -->\n<title>Spieler Karten Verteilung - FootballCoin Germany<\/title>\n<meta name=\"robots\" content=\"index, follow, max-snippet:-1, max-image-preview:large, max-video-preview:-1\" \/>\n<link rel=\"canonical\" href=\"https:\/\/www.footballcoin.io\/de\/player-cards-distribution\/\" \/>\n<meta property=\"og:locale\" content=\"de_DE\" \/>\n<meta property=\"og:type\" content=\"article\" \/>\n<meta property=\"og:title\" content=\"Spieler Karten Verteilung - FootballCoin Germany\" \/>\n<meta property=\"og:description\" content=\"In der FootballCoin Economy(Wirtschaft) gibt es zwei Haupttypen von Fu\u00dfballspielerkarten, basierend auf dem Spielerrang. \u00a0 Kostenlose Spielerkarten Dies sind Spielerkarten f\u00fcr Fu\u00dfballspieler mit einem niedrigeren Rang: 1 Stern und 2 Sterne. Diese Fu\u00dfballkarten sind frei, unbegrenzt und werden nicht als digitale Token auf der Blockchain generiert. Kostenlose Spielerkarten k\u00f6nnen von jedem Benutzer in einer unbegrenzten [&hellip;]\" \/>\n<meta property=\"og:url\" content=\"https:\/\/www.footballcoin.io\/de\/player-cards-distribution\/\" \/>\n<meta property=\"og:site_name\" content=\"FootballCoin Germany\" \/>\n<meta property=\"article:modified_time\" content=\"2018-06-05T12:33:15+00:00\" \/>\n<meta name=\"twitter:card\" content=\"summary_large_image\" \/>\n<meta name=\"twitter:label1\" content=\"Gesch\u00e4tzte Lesezeit\" \/>\n\t<meta name=\"twitter:data1\" content=\"4 minutes\" \/>\n<script type=\"application\/ld+json\" class=\"yoast-schema-graph\">{\"@context\":\"https:\/\/schema.org\",\"@graph\":[{\"@type\":\"WebPage\",\"@id\":\"https:\/\/www.footballcoin.io\/de\/player-cards-distribution\/\",\"url\":\"https:\/\/www.footballcoin.io\/de\/player-cards-distribution\/\",\"name\":\"Spieler Karten Verteilung - FootballCoin Germany\",\"isPartOf\":{\"@id\":\"https:\/\/www.footballcoin.io\/de\/#website\"},\"datePublished\":\"2017-12-11T11:35:47+00:00\",\"dateModified\":\"2018-06-05T12:33:15+00:00\",\"breadcrumb\":{\"@id\":\"https:\/\/www.footballcoin.io\/de\/player-cards-distribution\/#breadcrumb\"},\"inLanguage\":\"de-DE\",\"potentialAction\":[{\"@type\":\"ReadAction\",\"target\":[\"https:\/\/www.footballcoin.io\/de\/player-cards-distribution\/\"]}]},{\"@type\":\"BreadcrumbList\",\"@id\":\"https:\/\/www.footballcoin.io\/de\/player-cards-distribution\/#breadcrumb\",\"itemListElement\":[{\"@type\":\"ListItem\",\"position\":1,\"name\":\"Home\",\"item\":\"https:\/\/www.footballcoin.io\/de\/\"},{\"@type\":\"ListItem\",\"position\":2,\"name\":\"Spieler Karten Verteilung\"}]},{\"@type\":\"WebSite\",\"@id\":\"https:\/\/www.footballcoin.io\/de\/#website\",\"url\":\"https:\/\/www.footballcoin.io\/de\/\",\"name\":\"FootballCoin Germany\",\"description\":\"Just another FootballCoin.io site\",\"potentialAction\":[{\"@type\":\"SearchAction\",\"target\":{\"@type\":\"EntryPoint\",\"urlTemplate\":\"https:\/\/www.footballcoin.io\/de\/?s={search_term_string}\"},\"query-input\":{\"@type\":\"PropertyValueSpecification\",\"valueRequired\":true,\"valueName\":\"search_term_string\"}}],\"inLanguage\":\"de-DE\"}]}<\/script>\n<!-- \/ Yoast SEO plugin. -->","yoast_head_json":{"title":"Spieler Karten Verteilung - FootballCoin Germany","robots":{"index":"index","follow":"follow","max-snippet":"max-snippet:-1","max-image-preview":"max-image-preview:large","max-video-preview":"max-video-preview:-1"},"canonical":"https:\/\/www.footballcoin.io\/de\/player-cards-distribution\/","og_locale":"de_DE","og_type":"article","og_title":"Spieler Karten Verteilung - FootballCoin Germany","og_description":"In der FootballCoin Economy(Wirtschaft) gibt es zwei Haupttypen von Fu\u00dfballspielerkarten, basierend auf dem Spielerrang. \u00a0 Kostenlose Spielerkarten Dies sind Spielerkarten f\u00fcr Fu\u00dfballspieler mit einem niedrigeren Rang: 1 Stern und 2 Sterne. Diese Fu\u00dfballkarten sind frei, unbegrenzt und werden nicht als digitale Token auf der Blockchain generiert. Kostenlose Spielerkarten k\u00f6nnen von jedem Benutzer in einer unbegrenzten [&hellip;]","og_url":"https:\/\/www.footballcoin.io\/de\/player-cards-distribution\/","og_site_name":"FootballCoin Germany","article_modified_time":"2018-06-05T12:33:15+00:00","twitter_card":"summary_large_image","twitter_misc":{"Gesch\u00e4tzte Lesezeit":"4 minutes"},"schema":{"@context":"https:\/\/schema.org","@graph":[{"@type":"WebPage","@id":"https:\/\/www.footballcoin.io\/de\/player-cards-distribution\/","url":"https:\/\/www.footballcoin.io\/de\/player-cards-distribution\/","name":"Spieler Karten Verteilung - FootballCoin Germany","isPartOf":{"@id":"https:\/\/www.footballcoin.io\/de\/#website"},"datePublished":"2017-12-11T11:35:47+00:00","dateModified":"2018-06-05T12:33:15+00:00","breadcrumb":{"@id":"https:\/\/www.footballcoin.io\/de\/player-cards-distribution\/#breadcrumb"},"inLanguage":"de-DE","potentialAction":[{"@type":"ReadAction","target":["https:\/\/www.footballcoin.io\/de\/player-cards-distribution\/"]}]},{"@type":"BreadcrumbList","@id":"https:\/\/www.footballcoin.io\/de\/player-cards-distribution\/#breadcrumb","itemListElement":[{"@type":"ListItem","position":1,"name":"Home","item":"https:\/\/www.footballcoin.io\/de\/"},{"@type":"ListItem","position":2,"name":"Spieler Karten Verteilung"}]},{"@type":"WebSite","@id":"https:\/\/www.footballcoin.io\/de\/#website","url":"https:\/\/www.footballcoin.io\/de\/","name":"FootballCoin Germany","description":"Just another FootballCoin.io site","potentialAction":[{"@type":"SearchAction","target":{"@type":"EntryPoint","urlTemplate":"https:\/\/www.footballcoin.io\/de\/?s={search_term_string}"},"query-input":{"@type":"PropertyValueSpecification","valueRequired":true,"valueName":"search_term_string"}}],"inLanguage":"de-DE"}]}},"_links":{"self":[{"href":"https:\/\/www.footballcoin.io\/de\/wp-json\/wp\/v2\/pages\/44859","targetHints":{"allow":["GET"]}}],"collection":[{"href":"https:\/\/www.footballcoin.io\/de\/wp-json\/wp\/v2\/pages"}],"about":[{"href":"https:\/\/www.footballcoin.io\/de\/wp-json\/wp\/v2\/types\/page"}],"author":[{"embeddable":true,"href":"https:\/\/www.footballcoin.io\/de\/wp-json\/wp\/v2\/users\/31"}],"replies":[{"embeddable":true,"href":"https:\/\/www.footballcoin.io\/de\/wp-json\/wp\/v2\/comments?post=44859"}],"version-history":[{"count":2,"href":"https:\/\/www.footballcoin.io\/de\/wp-json\/wp\/v2\/pages\/44859\/revisions"}],"predecessor-version":[{"id":78915,"href":"https:\/\/www.footballcoin.io\/de\/wp-json\/wp\/v2\/pages\/44859\/revisions\/78915"}],"wp:attachment":[{"href":"https:\/\/www.footballcoin.io\/de\/wp-json\/wp\/v2\/media?parent=44859"}],"curies":[{"name":"wp","href":"https:\/\/api.w.org\/{rel}","templated":true}]}}